{"id":867,"date":"2009-08-03T07:46:40","date_gmt":"2009-08-03T07:46:40","guid":{"rendered":"http:\/\/staging.verztec.com\/verztec\/multilingual-brand-management\/"},"modified":"2025-01-22T02:00:23","modified_gmt":"2025-01-22T02:00:23","slug":"multilingual-brand-management","status":"publish","type":"page","link":"https:\/\/www.verztec.com\/multilingual-brand-management","title":{"rendered":"Gesti\u00f3n de marca multiling\u00fce"},"content":{"rendered":"<p>En el mercado globalizado de hoy, las empresas enfrentan desaf\u00edos \u00fanicos para navegar las sutilezas ling\u00fc\u00edsticas y culturales mientras mantienen una presencia de marca coherente. Verztec es su socio de confianza para superar estos obst\u00e1culos, ofreciendo servicios integrales de gesti\u00f3n de marca multiling\u00fce dise\u00f1ados para mejorar la eficacia de la comunicaci\u00f3n y conectar con audiencias diversas en todo el mundo.<\/p>\r\n<br \/>\r\n<h3>Estrategias de localizaci\u00f3n personalizadas<\/h3>\r\n<br \/>\r\n<p>Verztec comprende la importancia cr\u00edtica del contenido localizado para construir la credibilidad de la marca y comprometer efectivamente a los mercados objetivo. Nuestros servicios de gesti\u00f3n de marca multiling\u00fce est\u00e1n dise\u00f1ados para garantizar que su mensaje de marca se adapte con precisi\u00f3n y resuene culturalmente en m\u00e1s de 100 idiomas. Empleamos herramientas de gesti\u00f3n ling\u00fc\u00edstica flexibles que facilitan el control centralizado mientras acomodan variaciones regionales, logrando el equilibrio perfecto para una consistencia global de la marca.<\/p>\r\n<br \/>\r\n<h3>Oferta de servicios integrales<\/h3>\r\n<br \/>\r\n<p>Desde la traducci\u00f3n y localizaci\u00f3n hasta el an\u00e1lisis y la adaptaci\u00f3n intercultural, Verztec proporciona soluciones de extremo a extremo para respaldar el crecimiento internacional de su marca. Nuestro equipo de expertos colabora estrechamente con sus equipos internos o agencias externas para alinear la voz y el mensaje de la marca sin problemas en diferentes mercados. Realizamos evaluaciones exhaustivas de las particularidades pol\u00edticas, sociales, religiosas, educativas, ling\u00fc\u00edsticas y tecnol\u00f3gicas para garantizar el \u00e9xito de su marca en diversos contextos globales.<\/p>\r\n<br \/>\r\n<h3>Potenciando a sus equipos<\/h3>\r\n<br \/>\r\n<p>Adem\u00e1s de ofrecer servicios de localizaci\u00f3n de alta calidad, Verztec empodera a sus equipos de desarrollo de contenido a trav\u00e9s de formaci\u00f3n y educaci\u00f3n personalizada. Equipamos a su personal con las habilidades y conocimientos necesarios para gestionar eficazmente contenido multiling\u00fce, mejorando la eficiencia y asegurando la integridad constante de la marca en todas las comunicaciones.<\/p>\r\n<br \/>\r\n<h3>Asociaci\u00f3n estrat\u00e9gica para el \u00e9xito<\/h3>\r\n<br \/>\r\n<p>Verztec opera con el mismo nivel de diligencia y compromiso con la excelencia que su agencia de publicidad. Colaboramos estrechamente con su agencia para adaptar y amplificar la voz de su marca en los mercados objetivo, asegurando una representaci\u00f3n coherente de la marca y un impacto m\u00e1ximo.<\/p>\r\n<br \/>\r\n<h3>Soluciones inteligentes de comunicaci\u00f3n<\/h3>\r\n<br \/>\r\n<p>En Verztec, nos especializamos en soluciones de comunicaci\u00f3n inteligentes que generan resultados medibles. Ya sea que est\u00e9 lanzando un nuevo producto, expandi\u00e9ndose a nuevos mercados o mejorando su estrategia global de marca, nuestros servicios de gesti\u00f3n de marca multiling\u00fce brindan la experiencia y los recursos necesarios para alcanzar sus objetivos de manera efectiva.<\/p>\r\n<br \/>\r\n<h3>As\u00f3ciese con Verztec<\/h3>\r\n<br \/>\r\n<p><strong>Descubra el poder de la comunicaci\u00f3n multiling\u00fce efectiva con Verztec. Cont\u00e1ctenos hoy en <a href=\"mailto:enquiry@verztec.com\">enquiry@verztec.com<\/a> para explorar c\u00f3mo nuestros servicios personalizados de gesti\u00f3n de marca multiling\u00fce pueden fortalecer la presencia global de su marca y garantizar el \u00e9xito m\u00e1s all\u00e1 de las fronteras.<\/strong><\/p>\r\n\r\n<hr style=\"margin-top: 20px; margin-bottom: 20px; border: 0; border-top: 1px solid #eee;\" \/>\n<p style=\"margin-bottom: 0;\">\n  <img decoding=\"async\" src=\"https:\/\/www.verztec.com\/wp-content\/images\/home\/more.png\" alt=\"\" \/>\n  &nbsp;<a href=\"https:\/\/www.verztec.com\/es\/language-services\/\" target=\"_blank\" rel=\"noopener\">Ver todos los &#8220;Servicios de idiomas&#8221;<\/a>\n<\/p>\r\n","protected":false},"excerpt":{"rendered":"<p>En el mercado globalizado de hoy, las empresas enfrentan desaf\u00edos \u00fanicos para navegar las sutilezas ling\u00fc\u00edsticas y culturales mientras mantienen una presencia de marca coherente. Verztec es su socio de&hellip;<\/p>\n","protected":false},"author":1,"featured_media":2018,"parent":0,"menu_order":14,"comment_status":"closed","ping_status":"closed","template":"","meta":{"footnotes":""},"class_list":["post-867","page","type-page","status-publish","has-post-thumbnail","hentry"],"_links":{"self":[{"href":"https:\/\/www.verztec.com\/wp-json\/wp\/v2\/pages\/867"}],"collection":[{"href":"https:\/\/www.verztec.com\/wp-json\/wp\/v2\/pages"}],"about":[{"href":"https:\/\/www.verztec.com\/wp-json\/wp\/v2\/types\/page"}],"author":[{"embeddable":true,"href":"https:\/\/www.verztec.com\/wp-json\/wp\/v2\/users\/1"}],"replies":[{"embeddable":true,"href":"https:\/\/www.verztec.com\/wp-json\/wp\/v2\/comments?post=867"}],"version-history":[{"count":4,"href":"https:\/\/www.verztec.com\/wp-json\/wp\/v2\/pages\/867\/revisions"}],"predecessor-version":[{"id":4008,"href":"https:\/\/www.verztec.com\/wp-json\/wp\/v2\/pages\/867\/revisions\/4008"}],"wp:featuredmedia":[{"embeddable":true,"href":"https:\/\/www.verztec.com\/wp-json\/wp\/v2\/media\/2018"}],"wp:attachment":[{"href":"https:\/\/www.verztec.com\/wp-json\/wp\/v2\/media?parent=867"}],"curies":[{"name":"wp","href":"https:\/\/api.w.org\/{rel}","templated":true}]}}