{"id":868,"date":"2009-08-03T07:49:57","date_gmt":"2009-08-03T07:49:57","guid":{"rendered":"http:\/\/staging.verztec.com\/verztec\/multilingual-content-development\/"},"modified":"2025-01-22T01:28:22","modified_gmt":"2025-01-22T01:28:22","slug":"multilingual-content-development","status":"publish","type":"page","link":"https:\/\/www.verztec.com\/multilingual-content-development","title":{"rendered":"Desarrollo y Edici\u00f3n de Contenidos"},"content":{"rendered":"<p>Al expandirse a nuevos mercados, la comunicaci\u00f3n efectiva en el idioma nativo de su p\u00fablico objetivo es primordial. \u00bfResuenan sus mensajes de manera aut\u00e9ntica? \u00bfO est\u00e1 arriesgando malentendidos culturales que podr\u00edan da\u00f1ar la reputaci\u00f3n de su marca?<\/p>\r\n<p>Verztec ofrece servicios de redacci\u00f3n y edici\u00f3n multiling\u00fce respaldados por un equipo global de m\u00e1s de 10,000 redactores y traductores nativos locales. Nuestros expertos se dedican a crear contenido atractivo y culturalmente apropiado que conecte con su audiencia, ya sea refinando sus guiones existentes o creando nuevos desde cero.<\/p>\r\n<br \/>\r\n<h3>\u00bfPor qu\u00e9 elegir Verztec?<\/h3>\r\n<br \/>\r\n<ol>\r\n<li>Expertise y Localizaci\u00f3n: Nuestro equipo experimentado garantiza que su contenido no solo cumpla con los est\u00e1ndares ling\u00fc\u00edsticos, sino que tambi\u00e9n resuene profundamente con las culturas locales. Le ayudamos a evitar errores comunes de comunicaci\u00f3n mientras mejoramos la efectividad de sus mensajes.<\/li>\r\n<li>Soluciones Personalizadas: Desde la edici\u00f3n hasta la creaci\u00f3n completa de contenido, adaptamos nuestros servicios a sus necesidades espec\u00edficas y requisitos de la industria. Ya sea que est\u00e9 lanzando una campa\u00f1a global o localizando contenido para mercados regionales, garantizamos que su mensaje sea claro, impactante y culturalmente relevante.<\/li>\r\n<li>Eficiencia y Puntualidad: Con nuestros procesos optimizados y nuestra extensa red global, entregamos soluciones de contenido r\u00e1pidas y eficientes sin comprometer la calidad. Mant\u00e9ngase por delante en su industria con estrategias de comunicaci\u00f3n oportunas y efectivas.<\/li>\r\n<\/ol>\r\n<br \/>\r\n<h3>Nuestros Servicios Incluyen:<\/h3>\r\n<br \/>\r\n<ol>\r\n<li>Redacci\u00f3n: Creaci\u00f3n de textos persuasivos y atractivos que resuenen con su p\u00fablico objetivo.<\/li>\r\n<li>Edici\u00f3n de Contenido: Mejora de la claridad, coherencia y sensibilidad cultural de su contenido existente.<\/li>\r\n<li>Localizaci\u00f3n: Adaptaci\u00f3n de su contenido para que se comunique directamente con los mercados locales mientras se preserva la integridad de su marca.<\/li>\r\n<\/ol>\r\n<br \/>\r\n<h3>Colabore con Verztec<\/h3>\r\n<br \/>\r\n<p><strong>Dondequiera que lleve su negocio, Verztec es su socio de confianza para superar las barreras ling\u00fc\u00edsticas y los matices culturales. Perm\u00edtanos ayudarlo a hablar con fluidez en cada mercado al que ingrese, asegurando que sus mensajes no solo sean entendidos, sino tambi\u00e9n aceptados. Cont\u00e1ctenos en <a href=\"mailto:enquiry@verztec.com\" target=\"_blank\" rel=\"noopener\">enquiry@verztec.com<\/a> para discutir m\u00e1s detalles.<\/strong><\/p>\r\n\r\n<hr style=\"margin-top: 20px; margin-bottom: 20px; border: 0; border-top: 1px solid #eee;\" \/>\n<p style=\"margin-bottom: 0;\">\n  <img decoding=\"async\" src=\"https:\/\/www.verztec.com\/wp-content\/images\/home\/more.png\" alt=\"\" \/>\n  &nbsp;<a href=\"https:\/\/www.verztec.com\/es\/language-services\/\" target=\"_blank\" rel=\"noopener\">Ver todos los &#8220;Servicios de idiomas&#8221;<\/a>\n<\/p>\r\n","protected":false},"excerpt":{"rendered":"<p>Al expandirse a nuevos mercados, la comunicaci\u00f3n efectiva en el idioma nativo de su p\u00fablico objetivo es primordial. \u00bfResuenan sus mensajes de manera aut\u00e9ntica? \u00bfO est\u00e1 arriesgando malentendidos culturales que&hellip;<\/p>\n","protected":false},"author":1,"featured_media":2018,"parent":0,"menu_order":17,"comment_status":"closed","ping_status":"closed","template":"","meta":{"footnotes":""},"class_list":["post-868","page","type-page","status-publish","has-post-thumbnail","hentry"],"_links":{"self":[{"href":"https:\/\/www.verztec.com\/wp-json\/wp\/v2\/pages\/868"}],"collection":[{"href":"https:\/\/www.verztec.com\/wp-json\/wp\/v2\/pages"}],"about":[{"href":"https:\/\/www.verztec.com\/wp-json\/wp\/v2\/types\/page"}],"author":[{"embeddable":true,"href":"https:\/\/www.verztec.com\/wp-json\/wp\/v2\/users\/1"}],"replies":[{"embeddable":true,"href":"https:\/\/www.verztec.com\/wp-json\/wp\/v2\/comments?post=868"}],"version-history":[{"count":3,"href":"https:\/\/www.verztec.com\/wp-json\/wp\/v2\/pages\/868\/revisions"}],"predecessor-version":[{"id":3998,"href":"https:\/\/www.verztec.com\/wp-json\/wp\/v2\/pages\/868\/revisions\/3998"}],"wp:featuredmedia":[{"embeddable":true,"href":"https:\/\/www.verztec.com\/wp-json\/wp\/v2\/media\/2018"}],"wp:attachment":[{"href":"https:\/\/www.verztec.com\/wp-json\/wp\/v2\/media?parent=868"}],"curies":[{"name":"wp","href":"https:\/\/api.w.org\/{rel}","templated":true}]}}