{"id":870,"date":"2009-08-03T07:50:40","date_gmt":"2009-08-03T07:50:40","guid":{"rendered":"http:\/\/staging.verztec.com\/verztec\/software-testing\/"},"modified":"2025-01-22T01:54:00","modified_gmt":"2025-01-22T01:54:00","slug":"software-testing","status":"publish","type":"page","link":"https:\/\/www.verztec.com\/software-testing","title":{"rendered":"Localizaci\u00f3n de software y aplicaciones m\u00f3viles"},"content":{"rendered":"<div class=\"mobile_img\" style=\"float: right; margin-left: 5px;\"><img loading=\"lazy\" decoding=\"async\" class=\" size-full wp-image-869\" src=\"https:\/\/www.verztec.com\/wp-content\/uploads\/2009\/08\/quotes7.jpg\" alt=\"\" width=\"180\" height=\"356\" border=\"0\" srcset=\"https:\/\/www.verztec.com\/wp-content\/uploads\/2009\/08\/quotes7.jpg 180w, https:\/\/www.verztec.com\/wp-content\/uploads\/2009\/08\/quotes7-152x300.jpg 152w\" sizes=\"(max-width: 180px) 100vw, 180px\" \/><\/div>\r\n<p>En el mundo digitalmente conectado de hoy, alcanzar mercados no angloparlantes requiere m\u00e1s que solo traducir software. Demanda una localizaci\u00f3n precisa que resuene ling\u00fc\u00edstica y culturalmente con su p\u00fablico objetivo. La localizaci\u00f3n de software va m\u00e1s all\u00e1 de la simple traducci\u00f3n de idiomas para adaptar gr\u00e1ficos, interfaces de usuario, mensajes de error y m\u00e1s, asegurando una experiencia de usuario fluida en diferentes regiones e idiomas.<\/p>\r\n<br \/>\r\n<h3>\u00bfPor qu\u00e9 elegir Verztec para la localizaci\u00f3n de software y aplicaciones m\u00f3viles?<\/h3>\r\n<br \/>\r\n<p>Verztec se dedica a proporcionar soluciones personalizadas de principio a fin para sus necesidades de localizaci\u00f3n de software y aplicaciones m\u00f3viles. Con una s\u00f3lida combinaci\u00f3n de experiencia en ingenier\u00eda de software y recursos ling\u00fc\u00edsticos completos, simplificamos el complejo proceso de localizaci\u00f3n, garantizando precisi\u00f3n y relevancia cultural en cada paso.<\/p>\r\n<br \/>\r\n<h3>Proceso de localizaci\u00f3n integral<\/h3>\r\n<br \/>\r\n<p>Nuestro enfoque comienza con una planificaci\u00f3n minuciosa y protocolos de prueba antes de que comience la localizaci\u00f3n. Integramos procedimientos de prueba desde el inicio del ciclo de desarrollo para identificar posibles problemas y optimizar la funcionalidad del producto. Durante todo el proceso de localizaci\u00f3n, realizamos verificaciones detalladas para mantener los est\u00e1ndares de calidad y mejorar la satisfacci\u00f3n del usuario.<\/p>\r\n<br \/>\r\n<h3>Protocolos de prueba<\/h3>\r\n<br \/>\r\n<p>Nuestros protocolos de prueba abarcan una amplia gama de elementos cr\u00edticos para garantizar que su software funcione perfectamente en diferentes idiomas y regiones:<\/p>\r\n<ul>\r\n<li>Formato de texto y contenido: Desde idiomas de izquierda a derecha y de derecha a izquierda hasta la visualizaci\u00f3n correcta de s\u00edmbolos de moneda, fechas y direcciones.<\/li>\r\n<li>Conversi\u00f3n de may\u00fasculas y manejo de decimales: Verificamos la conversi\u00f3n de may\u00fasculas y el manejo de decimales para mantener la integridad de los datos y la consistencia en la experiencia del usuario.<\/li>\r\n<li>Soporte de caracteres: Garantizamos la compatibilidad con alfabetos complejos como los utilizados en idiomas asi\u00e1ticos, incluyendo el soporte para caracteres de 16 bits.<\/li>\r\n<\/ul>\r\n<br \/>\r\n<h3>Experiencia de usuario mejorada<\/h3>\r\n<br \/>\r\n<p>M\u00e1s all\u00e1 de las pruebas funcionales, priorizamos la integridad est\u00e9tica. Por ejemplo, nuestro enfoque meticuloso asegura que las palabras m\u00e1s largas en idiomas como el alem\u00e1n se muestren correctamente y de manera est\u00e9tica, manteniendo la legibilidad y el compromiso del usuario.<\/p>\r\n<br \/>\r\n<h3>Aseguramiento de la calidad y satisfacci\u00f3n del cliente<\/h3>\r\n<br \/>\r\n<p>Los procesos proactivos de aseguramiento de la calidad de Verztec est\u00e1n dise\u00f1ados para cumplir con est\u00e1ndares estrictos de funcionalidad y est\u00e9tica. Nuestro objetivo es entregar software y aplicaciones m\u00f3viles bien localizados que no solo cumplan, sino que superen las expectativas de los usuarios, fomentando la confianza y la lealtad entre su base global de clientes.<\/p>\r\n<br \/>\r\n<h3>Colabore con Verztec<\/h3>\r\n<p><strong>\u00danase a los desarrolladores de software l\u00edderes que conf\u00edan en Verztec para sus necesidades de localizaci\u00f3n de software y aplicaciones m\u00f3viles. Ya sea que est\u00e9 expandi\u00e9ndose a nuevos mercados o mejorando la participaci\u00f3n de los usuarios en los existentes, nuestra experiencia garantiza que su software funcione perfectamente entre idiomas y culturas. Para m\u00e1s informaci\u00f3n, cont\u00e1ctenos en <a href=\"mailto:enquiry@verztec.com\" target=\"_blank\" rel=\"noopener\">enquiry@verztec.com<\/a>.<\/strong><\/p>\r\n\r\n<hr style=\"margin-top: 20px; margin-bottom: 20px; border: 0; border-top: 1px solid #eee;\" \/>\n<p style=\"margin-bottom: 0;\">\n  <img decoding=\"async\" src=\"https:\/\/www.verztec.com\/wp-content\/images\/home\/more.png\" alt=\"\" \/>\n  &nbsp;<a href=\"https:\/\/www.verztec.com\/es\/language-services\/\" target=\"_blank\" rel=\"noopener\">Ver todos los &#8220;Servicios de idiomas&#8221;<\/a>\n<\/p>\r\n","protected":false},"excerpt":{"rendered":"<p>En el mundo digitalmente conectado de hoy, alcanzar mercados no angloparlantes requiere m\u00e1s que solo traducir software. Demanda una localizaci\u00f3n precisa que resuene ling\u00fc\u00edstica y culturalmente con su p\u00fablico objetivo.&hellip;<\/p>\n","protected":false},"author":1,"featured_media":2018,"parent":0,"menu_order":19,"comment_status":"closed","ping_status":"closed","template":"","meta":{"footnotes":""},"class_list":["post-870","page","type-page","status-publish","has-post-thumbnail","hentry"],"_links":{"self":[{"href":"https:\/\/www.verztec.com\/wp-json\/wp\/v2\/pages\/870"}],"collection":[{"href":"https:\/\/www.verztec.com\/wp-json\/wp\/v2\/pages"}],"about":[{"href":"https:\/\/www.verztec.com\/wp-json\/wp\/v2\/types\/page"}],"author":[{"embeddable":true,"href":"https:\/\/www.verztec.com\/wp-json\/wp\/v2\/users\/1"}],"replies":[{"embeddable":true,"href":"https:\/\/www.verztec.com\/wp-json\/wp\/v2\/comments?post=870"}],"version-history":[{"count":4,"href":"https:\/\/www.verztec.com\/wp-json\/wp\/v2\/pages\/870\/revisions"}],"predecessor-version":[{"id":4004,"href":"https:\/\/www.verztec.com\/wp-json\/wp\/v2\/pages\/870\/revisions\/4004"}],"wp:featuredmedia":[{"embeddable":true,"href":"https:\/\/www.verztec.com\/wp-json\/wp\/v2\/media\/2018"}],"wp:attachment":[{"href":"https:\/\/www.verztec.com\/wp-json\/wp\/v2\/media?parent=870"}],"curies":[{"name":"wp","href":"https:\/\/api.w.org\/{rel}","templated":true}]}}