{"id":871,"date":"2009-08-03T07:51:17","date_gmt":"2009-08-03T07:51:17","guid":{"rendered":"http:\/\/staging.verztec.com\/verztec\/multilingual-voice-over\/"},"modified":"2025-01-21T01:38:16","modified_gmt":"2025-01-21T01:38:16","slug":"multilingual-voice-over","status":"publish","type":"page","link":"https:\/\/www.verztec.com\/multilingual-voice-over","title":{"rendered":"Locuciones Profesionales y de IA"},"content":{"rendered":"<p>\r\n  En Verztec, nos especializamos en ofrecer servicios de locuci\u00f3n de alta calidad,\r\n  dise\u00f1ados para mejorar sus esfuerzos de comunicaci\u00f3n global.\r\n  Ya sea que est\u00e9 creando campa\u00f1as de marketing, desarrollando videos de capacitaci\u00f3n\r\n  o presentando contenido corporativo, nuestras soluciones integrales en m\u00e1s de 100 idiomas garantizan\r\n  claridad, relevancia cultural y una entrega impactante.\r\n<\/p>\r\n<br>\r\n<h3>\u00bfPor qu\u00e9 elegir los servicios de locuci\u00f3n de Verztec?<\/h3>\r\n<br>\r\n<h4 class=\"title-normal\">Opciones variadas de locuci\u00f3n:<\/h4>\r\n<p>Ofrecemos dos enfoques distintos para satisfacer las necesidades de su proyecto:<\/p>\r\n<ul>\r\n  <li>\r\n    <p><strong>Talento de voz:<\/strong><\/p>\r\n    <p>\r\n      Nuestra red global de artistas de voz aporta profundidad y autenticidad a su contenido.\r\n      Con a\u00f1os de experiencia, aseguran una entrega matizada que resuena con su audiencia.\r\n    <\/p>\r\n  <\/li>\r\n  <li>\r\n    <p><strong>Tecnolog\u00eda de voz IA:<\/strong><\/p>\r\n    <p>\r\n      Aprovechando la tecnolog\u00eda IA de vanguardia, ofrecemos soluciones rentables con tiempos de entrega r\u00e1pidos.\r\n      Nuestras locuciones con IA mantienen alta calidad mediante revisiones y ediciones meticulosas,\r\n      ideales para proyectos que requieren eficiencia sin comprometer la excelencia.\r\n    <\/p>\r\n  <\/li>\r\n<\/ul>\r\n<h4 class=\"title-normal\">Garant\u00eda de calidad para pronunciaci\u00f3n precisa:<\/h4>\r\n<p>\r\n  Tanto para nuestras locuciones profesionales humanas como para las locuciones con IA,\r\n  realizamos controles exhaustivos de calidad para garantizar la pronunciaci\u00f3n correcta en m\u00e1s de 100 idiomas.\r\n<\/p>\r\n<ul>\r\n  <li>\r\n    <p><strong>Expertos nativos:<\/strong><\/p>\r\n    <p>\r\n      Todas las grabaciones son revisadas minuciosamente por expertos ling\u00fc\u00edsticos nativos en cada pa\u00eds.\r\n      Este proceso asegura que las palabras en idiomas extranjeros se pronuncien correctamente.\r\n    <\/p>\r\n  <\/li>\r\n  <li>\r\n    <p><strong>Correcciones y finalizaci\u00f3n:<\/strong><\/p>\r\n    <p>\r\n      Las palabras que requieren regrabaci\u00f3n debido a errores de pronunciaci\u00f3n se corrigen y regraban r\u00e1pidamente.\r\n      Una vez finalizado, el archivo de audio pasa por una revisi\u00f3n adicional por parte de nuestros clientes para su aprobaci\u00f3n.\r\n    <\/p>\r\n  <\/li>\r\n  <li>\r\n    <p><strong>Revisiones espec\u00edficas para IA:<\/strong><\/p>\r\n    <p>\r\n      Las locuciones con IA, aunque eficientes, pueden tener errores de pronunciaci\u00f3n debido a acentos o matices ling\u00fc\u00edsticos.\r\n      Para resolver esto, contamos con especialistas nativos que verifican y corrigen cualquier problema.\r\n    <\/p>\r\n  <\/li>\r\n<\/ul>\r\n<h4 class=\"title-normal\">Dominio multiling\u00fce:<\/h4>\r\n<p>\r\n  Con experiencia en m\u00e1s de 100 idiomas y dialectos, facilitamos el alcance global sin complicaciones.\r\n  Nuestros servicios de locuci\u00f3n superan las barreras ling\u00fc\u00edsticas, permiti\u00e9ndole conectar con audiencias diversas en todo el mundo.\r\n<\/p>\r\n<br>\r\n<h3>Aplicaciones de los servicios de locuci\u00f3n de Verztec<\/h3>\r\n<br>\r\n<ul>\r\n  <li>\r\n    <p><strong>Marketing y publicidad:<\/strong><\/p>\r\n    <p>\r\n      Mejore el mensaje de su marca con locuciones atractivas para anuncios, videos promocionales y campa\u00f1as digitales.\r\n    <\/p>\r\n  <\/li>\r\n  <li>\r\n    <p><strong>Capacitaci\u00f3n y eLearning:<\/strong><\/p>\r\n    <p>\r\n      Cree entornos de aprendizaje efectivos con locuciones claras y atractivas para m\u00f3dulos de capacitaci\u00f3n y contenidos educativos.\r\n    <\/p>\r\n  <\/li>\r\n  <li>\r\n    <p><strong>Narraci\u00f3n corporativa:<\/strong><\/p>\r\n    <p>\r\n      Transmita profesionalismo en presentaciones corporativas, demostraciones de productos y comunicaciones internas\r\n      con locuciones dise\u00f1adas cuidadosamente.\r\n    <\/p>\r\n  <\/li>\r\n<\/ul>\r\n<br>\r\n<h3>\u00bfPor qu\u00e9 importa la locuci\u00f3n multiling\u00fce?<\/h3>\r\n<br>\r\n<p>\r\n  Al ofrecer servicios de locuci\u00f3n en m\u00e1s de 100 idiomas, Verztec le permite:\r\n<\/p>\r\n<ul>\r\n  <li>\r\n    <p><strong>Expandir su alcance global:<\/strong><\/p>\r\n    <p>\r\n      Transmita su mensaje sin fronteras y aseg\u00farese de que resuene aut\u00e9nticamente con audiencias internacionales.\r\n    <\/p>\r\n  <\/li>\r\n  <li>\r\n    <p><strong>Asegurar relevancia cultural:<\/strong><\/p>\r\n    <p>\r\n      Adapte su contenido a contextos culturales diversos, mejorando el compromiso y la comprensi\u00f3n.\r\n    <\/p>\r\n  <\/li>\r\n  <li>\r\n    <p><strong>Mejorar la eficiencia:<\/strong><\/p>\r\n    <p>\r\n      Elija entre nuestros talentos de voz profesionales y la tecnolog\u00eda de IA para optimizar costos y tiempos\r\n      seg\u00fan las necesidades de su proyecto.\r\n    <\/p>\r\n  <\/li>\r\n  <li>\r\n    <p><strong>Incrementar la accesibilidad:<\/strong><\/p>\r\n    <p>\r\n      Haga que su contenido sea accesible para mercados globales, promoviendo la inclusi\u00f3n y conect\u00e1ndose con su audiencia.\r\n    <\/p>\r\n  <\/li>\r\n<\/ul>\r\n<br>\r\n<h3>As\u00f3ciese con Verztec<\/h3>\r\n<br>\r\n<p>\r\n  <strong>\r\n    \u00danase a los l\u00edderes globales que conf\u00edan en Verztec para entregar soluciones excepcionales de locuci\u00f3n.\r\n    Cont\u00e1ctenos hoy mismo en:\r\n    <a href=\"mailto:enquiry@verztec.com\" target=\"_blank\" rel=\"noopener\">enquiry@verztec.com<\/a>\r\n    para descubrir c\u00f3mo nuestros vers\u00e1tiles servicios de locuci\u00f3n pueden potenciar su estrategia de contenido.\r\n  <\/strong>\r\n<\/p>\r\n\r\n\r\n<hr style=\"margin-top: 20px; margin-bottom: 20px; border: 0; border-top: 1px solid #eee;\" \/>\n<p style=\"margin-bottom: 0;\">\n  <img decoding=\"async\" src=\"https:\/\/www.verztec.com\/wp-content\/images\/home\/more.png\" alt=\"\" \/>\n  &nbsp;<a href=\"https:\/\/www.verztec.com\/es\/language-services\/\" target=\"_blank\" rel=\"noopener\">Ver todos los &#8220;Servicios de idiomas&#8221;<\/a>\n<\/p>\r\n","protected":false},"excerpt":{"rendered":"<p>En Verztec, nos especializamos en ofrecer servicios de locuci\u00f3n de alta calidad, dise\u00f1ados para mejorar sus esfuerzos de comunicaci\u00f3n global. Ya sea que est\u00e9 creando campa\u00f1as de marketing, desarrollando videos&hellip;<\/p>\n","protected":false},"author":1,"featured_media":2018,"parent":0,"menu_order":12,"comment_status":"closed","ping_status":"closed","template":"","meta":{"footnotes":""},"class_list":["post-871","page","type-page","status-publish","has-post-thumbnail","hentry"],"_links":{"self":[{"href":"https:\/\/www.verztec.com\/wp-json\/wp\/v2\/pages\/871"}],"collection":[{"href":"https:\/\/www.verztec.com\/wp-json\/wp\/v2\/pages"}],"about":[{"href":"https:\/\/www.verztec.com\/wp-json\/wp\/v2\/types\/page"}],"author":[{"embeddable":true,"href":"https:\/\/www.verztec.com\/wp-json\/wp\/v2\/users\/1"}],"replies":[{"embeddable":true,"href":"https:\/\/www.verztec.com\/wp-json\/wp\/v2\/comments?post=871"}],"version-history":[{"count":12,"href":"https:\/\/www.verztec.com\/wp-json\/wp\/v2\/pages\/871\/revisions"}],"predecessor-version":[{"id":3992,"href":"https:\/\/www.verztec.com\/wp-json\/wp\/v2\/pages\/871\/revisions\/3992"}],"wp:featuredmedia":[{"embeddable":true,"href":"https:\/\/www.verztec.com\/wp-json\/wp\/v2\/media\/2018"}],"wp:attachment":[{"href":"https:\/\/www.verztec.com\/wp-json\/wp\/v2\/media?parent=871"}],"curies":[{"name":"wp","href":"https:\/\/api.w.org\/{rel}","templated":true}]}}