{"id":872,"date":"2009-08-03T07:53:04","date_gmt":"2009-08-03T07:53:04","guid":{"rendered":"http:\/\/staging.verztec.com\/verztec\/multilingual-desktop-publishing\/"},"modified":"2025-01-22T01:48:45","modified_gmt":"2025-01-22T01:48:45","slug":"multilingual-desktop-publishing","status":"publish","type":"page","link":"https:\/\/www.verztec.com\/multilingual-desktop-publishing","title":{"rendered":"Publicaci\u00f3n Digital (DTP), Impresi\u00f3n y Distribuci\u00f3n"},"content":{"rendered":"<p>En Verztec, comprendemos la importancia de comunicarse de manera efectiva con un p\u00fablico internacional a trav\u00e9s de sus boletines corporativos, libros blancos, informes anuales y otras publicaciones peri\u00f3dicas. Estas publicaciones no solo representan su marca, sino que tambi\u00e9n transmiten mensajes cruciales que deben ser comunicados con precisi\u00f3n en diferentes idiomas y culturas.<\/p>\r\n<br \/>\r\n<h3>\u00bfPor qu\u00e9 elegir Verztec para la publicaci\u00f3n digital?<\/h3>\r\n<br \/>\r\n<p>Con nuestro equipo dedicado a la publicaci\u00f3n digital multiling\u00fce, equipado con las aplicaciones de software m\u00e1s avanzadas, garantizamos la producci\u00f3n de publicaciones claras, precisas y visualmente atractivas en m\u00e1s de 100 idiomas. Ya sea que necesite formatos impresos o digitales, gestionamos todo, desde el dise\u00f1o de maquetaci\u00f3n hasta la producci\u00f3n final.<\/p>\r\n<br \/>\r\n<h3>Proceso de garant\u00eda de calidad<\/h3>\r\n<br \/>\r\n<p>Todos nuestros proyectos de publicaci\u00f3n digital multiling\u00fce pasan por un riguroso proceso de garant\u00eda de calidad:<\/p>\r\n<ol>\r\n<li>Revisi\u00f3n l\u00f3gica: Garantizar que el contenido fluya de manera l\u00f3gica y coherente en diferentes idiomas.<\/li>\r\n<li>Validaci\u00f3n ling\u00fc\u00edstica: Verificar la precisi\u00f3n ling\u00fc\u00edstica y la adecuaci\u00f3n cultural con hablantes nativos de los respectivos idiomas.<\/li>\r\n<li>Revisi\u00f3n del dise\u00f1o: Revisar y optimizar el dise\u00f1o gr\u00e1fico y la maquetaci\u00f3n para mejorar el atractivo visual y la legibilidad.<\/li>\r\n<\/ol>\r\n<br \/>\r\n<h3>Experiencia y servicios<\/h3>\r\n<br \/>\r\n<p>Nuestra experiencia en publicaci\u00f3n digital incluye dominio de Adobe InDesign y otros programas est\u00e1ndar de la industria. Ya sea que necesite maquetaciones complejas, PDFs interactivos o archivos listos para imprimir, adaptamos nuestros servicios a sus requisitos espec\u00edficos.<\/p>\r\n<br \/>\r\n<h3>Capacidades globales de impresi\u00f3n y distribuci\u00f3n<\/h3>\r\n<br \/>\r\n<p>Adem\u00e1s del dise\u00f1o y la maquetaci\u00f3n, Verztec ofrece servicios integrales de impresi\u00f3n y distribuci\u00f3n a nivel mundial. Desde la gesti\u00f3n log\u00edstica de impresi\u00f3n hasta garantizar la entrega puntual en ubicaciones internacionales, optimizamos el proceso para ahorrar tiempo y recursos.<\/p>\r\n<br \/>\r\n<h3>Colabore con Verztec<\/h3>\r\n<br \/>\r\n<p>\u00danase a las principales marcas globales que conf\u00edan en Verztec para servicios impecables de publicaci\u00f3n digital multiling\u00fce. Le ayudamos a comunicar su mensaje de manera efectiva a audiencias diversas en todo el mundo, manteniendo la integridad de su marca.<\/p>\r\n<br \/>\r\n<h3>Inicie su proyecto hoy mismo<\/h3>\r\n<br \/>\r\n<p><strong>\u00bfListo para mejorar sus publicaciones? Contacte a Verztec en <a href=\"mailto:enquiry@verztec.com\" target=\"_blank\" rel=\"noopener\">enquiry@verztec.com<\/a> para hablar sobre sus necesidades de publicaci\u00f3n digital y descubra c\u00f3mo nuestra experiencia puede apoyar su estrategia de comunicaci\u00f3n global. Conf\u00ede en Verztec para publicaciones precisas, profesionales y visualmente atractivas en m\u00e1s de 100 idiomas.<\/strong><\/p>\r\n\r\n<hr style=\"margin-top: 20px; margin-bottom: 20px; border: 0; border-top: 1px solid #eee;\" \/>\n<p style=\"margin-bottom: 0;\">\n  <img decoding=\"async\" src=\"https:\/\/www.verztec.com\/wp-content\/images\/home\/more.png\" alt=\"\" \/>\n  &nbsp;<a href=\"https:\/\/www.verztec.com\/es\/language-services\/\" target=\"_blank\" rel=\"noopener\">Ver todos los &#8220;Servicios de idiomas&#8221;<\/a>\n<\/p>\r\n","protected":false},"excerpt":{"rendered":"<p>En Verztec, comprendemos la importancia de comunicarse de manera efectiva con un p\u00fablico internacional a trav\u00e9s de sus boletines corporativos, libros blancos, informes anuales y otras publicaciones peri\u00f3dicas. Estas publicaciones&hellip;<\/p>\n","protected":false},"author":1,"featured_media":2018,"parent":0,"menu_order":15,"comment_status":"closed","ping_status":"closed","template":"","meta":{"footnotes":""},"class_list":["post-872","page","type-page","status-publish","has-post-thumbnail","hentry"],"_links":{"self":[{"href":"https:\/\/www.verztec.com\/wp-json\/wp\/v2\/pages\/872"}],"collection":[{"href":"https:\/\/www.verztec.com\/wp-json\/wp\/v2\/pages"}],"about":[{"href":"https:\/\/www.verztec.com\/wp-json\/wp\/v2\/types\/page"}],"author":[{"embeddable":true,"href":"https:\/\/www.verztec.com\/wp-json\/wp\/v2\/users\/1"}],"replies":[{"embeddable":true,"href":"https:\/\/www.verztec.com\/wp-json\/wp\/v2\/comments?post=872"}],"version-history":[{"count":5,"href":"https:\/\/www.verztec.com\/wp-json\/wp\/v2\/pages\/872\/revisions"}],"predecessor-version":[{"id":4001,"href":"https:\/\/www.verztec.com\/wp-json\/wp\/v2\/pages\/872\/revisions\/4001"}],"wp:featuredmedia":[{"embeddable":true,"href":"https:\/\/www.verztec.com\/wp-json\/wp\/v2\/media\/2018"}],"wp:attachment":[{"href":"https:\/\/www.verztec.com\/wp-json\/wp\/v2\/media?parent=872"}],"curies":[{"name":"wp","href":"https:\/\/api.w.org\/{rel}","templated":true}]}}