{"id":873,"date":"2009-08-03T07:53:41","date_gmt":"2009-08-03T07:53:41","guid":{"rendered":"http:\/\/staging.verztec.com\/verztec\/transcription\/"},"modified":"2025-01-22T01:26:25","modified_gmt":"2025-01-22T01:26:25","slug":"transcription","status":"publish","type":"page","link":"https:\/\/www.verztec.com\/transcription","title":{"rendered":"Transcripci\u00f3n de Audio y Video"},"content":{"rendered":"<p>En un mundo donde la conectividad no tiene l\u00edmites, la comunicaci\u00f3n efectiva entre diversos idiomas es crucial. Ya sea que se trate de una empresa multinacional, una compa\u00f1\u00eda de eventos, una instituci\u00f3n educativa o un bufete de abogados global, nuestros servicios de transcripci\u00f3n de audio y video multiling\u00fces est\u00e1n dise\u00f1ados para satisfacer sus necesidades de comunicaci\u00f3n global al transcribir contenido en m\u00e1s de 100 idiomas.<\/p>\r\n<br \/>\r\n<h3>Por qu\u00e9 destacar nuestros servicios<\/h3>\r\n<br \/>\r\n<h4 class=\"title-normal\">Experiencia ling\u00fc\u00edstica incomparable:<\/h4>\r\n<p>Nuestra red incluye hablantes nativos y ling\u00fcistas profesionales que dominan m\u00e1s de 100 idiomas, asegurando transcripciones precisas y culturalmente matizadas.<\/p>\r\n<h4 class=\"title-normal\">Alta precisi\u00f3n y calidad:<\/h4>\r\n<p>Nos enorgullece entregar transcripciones de alta calidad y precisi\u00f3n. Nuestros rigurosos procesos de control de calidad garantizan que su contenido sea transcrito con el m\u00e1ximo cuidado.<\/p>\r\n<h4 class=\"title-normal\">Tiempos de entrega r\u00e1pidos:<\/h4>\r\n<p>Entendemos que el tiempo es crucial. Nuestros flujos de trabajo eficientes y tecnolog\u00eda avanzada nos permiten ofrecer servicios de transcripci\u00f3n r\u00e1pidos sin sacrificar la calidad.<\/p>\r\n<h4 class=\"title-normal\">Seguridad y confidencialidad de los datos:<\/h4>\r\n<p>Proteger su informaci\u00f3n confidencial es primordial. Implementamos estrictos protocolos de confidencialidad para garantizar que sus datos permanezcan seguros durante todo el proceso de transcripci\u00f3n.<\/p>\r\n<h4 class=\"title-normal\">Soluciones integrales para diversas necesidades:<\/h4>\r\n<p>Atendemos una amplia gama de industrias, incluidos los sectores corporativo, legal, educativo y de medios, manejando desde proyectos peque\u00f1os hasta grandes y complejos.<\/p>\r\n<p><strong>Nuestra amplia gama de servicios<\/strong><\/p>\r\n<ul>\r\n<li>Transcripci\u00f3n de audio: Transcripci\u00f3n precisa de entrevistas, podcasts, reuniones, y m\u00e1s.<\/li>\r\n<li>Transcripci\u00f3n de video: Servicios detallados de transcripci\u00f3n para pel\u00edculas, seminarios web, videos de formaci\u00f3n y contenido en l\u00ednea.<\/li>\r\n<li>Subtitulaci\u00f3n: Mejore el alcance y la accesibilidad de sus videos con subt\u00edtulos profesionales en varios idiomas.<\/li>\r\n<li>Traducci\u00f3n: Complete sus transcripciones con servicios de traducci\u00f3n expertos para garantizar que su contenido sea accesible en todo el mundo.<\/li>\r\n<\/ul>\r\n<p><strong>Opciones personalizadas de transcripci\u00f3n<\/strong><\/p>\r\n<p>Para satisfacer sus necesidades espec\u00edficas, ofrecemos dos opciones principales de transcripci\u00f3n:<\/p>\r\n<h4 class=\"title-normal\">Transcripci\u00f3n humana profesional:<\/h4>\r\n<p>Nuestro equipo de transcriptores experimentados, cada uno con m\u00e1s de 8 a\u00f1os de experiencia, proporciona transcripciones de la m\u00e1s alta calidad, garantizando precisi\u00f3n meticulosa y relevancia cultural.<\/p>\r\n<h4 class=\"title-normal\">Servicios de transcripci\u00f3n por IA:<\/h4>\r\n<p>Para tiempos de entrega m\u00e1s r\u00e1pidos y soluciones m\u00e1s rentables, nuestros servicios de transcripci\u00f3n por IA se complementan con verificaciones y ediciones exhaustivas realizadas por nuestro equipo capacitado. Esta opci\u00f3n equilibra la velocidad y la calidad, ideal para empresas que buscan soluciones de transcripci\u00f3n eficientes y confiables.<\/p>\r\n<br \/>\r\n<h3>\u00danase a nuestra clientela global<\/h3>\r\n<br \/>\r\n<p>Nuestra clientela incluye empresas de Fortune 500, universidades prestigiosas, empresas de medios reconocidas y bufetes de abogados l\u00edderes. Conf\u00edan en nosotros para proporcionar servicios de transcripci\u00f3n multiling\u00fces confiables y de alta calidad que mejoren sus esfuerzos de comunicaci\u00f3n global.<\/p>\r\n<br \/>\r\n<h3>Comience hoy<\/h3>\r\n<br \/>\r\n<p><strong>\u00bfListo para elevar su estrategia de comunicaci\u00f3n? Cont\u00e1ctenos en <a href=\"mailto:enquiry@verztec.com\" target=\"_blank\" rel=\"noopener\">enquiry@verztec.com<\/a> para obtener una cotizaci\u00f3n personalizada y descubra c\u00f3mo nuestros servicios de transcripci\u00f3n multiling\u00fces pueden ayudarle a conectarse con el mundo.<\/strong><\/p>\r\n\r\n<hr style=\"margin-top: 20px; margin-bottom: 20px; border: 0; border-top: 1px solid #eee;\" \/>\n<p style=\"margin-bottom: 0;\">\n  <img decoding=\"async\" src=\"https:\/\/www.verztec.com\/wp-content\/images\/home\/more.png\" alt=\"\" \/>\n  &nbsp;<a href=\"https:\/\/www.verztec.com\/es\/language-services\/\" target=\"_blank\" rel=\"noopener\">Ver todos los &#8220;Servicios de idiomas&#8221;<\/a>\n<\/p>","protected":false},"excerpt":{"rendered":"<p>En un mundo donde la conectividad no tiene l\u00edmites, la comunicaci\u00f3n efectiva entre diversos idiomas es crucial. Ya sea que se trate de una empresa multinacional, una compa\u00f1\u00eda de eventos,&hellip;<\/p>\n","protected":false},"author":1,"featured_media":2018,"parent":0,"menu_order":16,"comment_status":"closed","ping_status":"closed","template":"","meta":{"footnotes":""},"class_list":["post-873","page","type-page","status-publish","has-post-thumbnail","hentry"],"_links":{"self":[{"href":"https:\/\/www.verztec.com\/wp-json\/wp\/v2\/pages\/873"}],"collection":[{"href":"https:\/\/www.verztec.com\/wp-json\/wp\/v2\/pages"}],"about":[{"href":"https:\/\/www.verztec.com\/wp-json\/wp\/v2\/types\/page"}],"author":[{"embeddable":true,"href":"https:\/\/www.verztec.com\/wp-json\/wp\/v2\/users\/1"}],"replies":[{"embeddable":true,"href":"https:\/\/www.verztec.com\/wp-json\/wp\/v2\/comments?post=873"}],"version-history":[{"count":5,"href":"https:\/\/www.verztec.com\/wp-json\/wp\/v2\/pages\/873\/revisions"}],"predecessor-version":[{"id":3997,"href":"https:\/\/www.verztec.com\/wp-json\/wp\/v2\/pages\/873\/revisions\/3997"}],"wp:featuredmedia":[{"embeddable":true,"href":"https:\/\/www.verztec.com\/wp-json\/wp\/v2\/media\/2018"}],"wp:attachment":[{"href":"https:\/\/www.verztec.com\/wp-json\/wp\/v2\/media?parent=873"}],"curies":[{"name":"wp","href":"https:\/\/api.w.org\/{rel}","templated":true}]}}