{"id":874,"date":"2009-08-03T07:54:16","date_gmt":"2009-08-03T07:54:16","guid":{"rendered":"http:\/\/staging.verztec.com\/verztec\/technology\/"},"modified":"2025-02-03T08:34:00","modified_gmt":"2025-02-03T08:34:00","slug":"technology","status":"publish","type":"page","link":"https:\/\/www.verztec.com\/technology","title":{"rendered":"Tecnolog\u00eda"},"content":{"rendered":"<p>Las empresas tecnol\u00f3gicas est\u00e1n a la vanguardia de la innovaci\u00f3n global, impulsando una intensa competencia mediante la evoluci\u00f3n continua de sus metodolog\u00edas y soluciones creativas. Las empresas se enfrentan cada vez m\u00e1s al desaf\u00edo de diferenciar sus productos y fomentar bases de clientes leales en este entorno de r\u00e1pido cambio.<\/p>\r\n<p>En este entorno de ritmo r\u00e1pido, la demanda de enfoques de marketing estrat\u00e9gicos y oportunos nunca ha sido mayor. Las estrategias de ventas y las campa\u00f1as de marketing deben ejecutarse ahora a nivel global para aprovechar nuevas oportunidades y adelantarse a los competidores.<\/p>\r\n<p>Expandirse a nuevos mercados trae el desaf\u00edo adicional de personalizar los entregables para satisfacer diversas preferencias regionales y regulaciones. La comunicaci\u00f3n efectiva adaptada a estas audiencias diversas es crucial para el \u00e9xito sostenido.<\/p>\r\n<p>Descubra c\u00f3mo Verztec capacita a las principales organizaciones tecnol\u00f3gicas para lograr sus objetivos de globalizaci\u00f3n con soluciones integradas de aprendizaje digital en nuestros servicios. Desde la localizaci\u00f3n de software y bases de conocimientos en l\u00ednea hasta cursos interactivos de eLearning y videos de capacitaci\u00f3n, ofrecemos soluciones flexibles que mejoran el aprendizaje y el compromiso de los equipos globales.<\/p>\r\n<p>Nuestro enfoque no solo asegura una comunicaci\u00f3n fluida a trav\u00e9s de las fronteras, sino que tambi\u00e9n mejora la eficiencia operativa y acelera la transferencia de conocimientos. Al aprovechar las tecnolog\u00edas de aprendizaje digital, las empresas pueden optimizar los procesos de capacitaci\u00f3n, mejorar el rendimiento de los empleados y garantizar el cumplimiento de los requisitos regulatorios a escala global.<\/p>\r\n<p>As\u00f3ciese con Verztec para optimizar sus estrategias de comunicaci\u00f3n global y desbloquear nuevas oportunidades de crecimiento en el competitivo mundo de la tecnolog\u00eda. Cont\u00e1ctenos hoy mismo para conocer m\u00e1s sobre c\u00f3mo nuestras soluciones personalizadas pueden impulsar su negocio a nivel internacional.<\/p>\r\n<p>Las capacidades integrales de Verztec incluyen:<\/p>\r\n<ul>\r\n<li>Localizaci\u00f3n de software<\/li>\r\n<li>Base de conocimientos en l\u00ednea<\/li>\r\n<li>Gu\u00edas para usuarios y administradores<\/li>\r\n<li>Componentes de software<\/li>\r\n<li>Juegos educativos<\/li>\r\n<li>Videos de capacitaci\u00f3n<\/li>\r\n<li>Capacitaci\u00f3n en l\u00ednea \/ cursos de eLearning<\/li>\r\n<li>Comunicaciones de marketing<\/li>\r\n<li>Sitios web, extranet e intranet<\/li>\r\n<li>Documentaci\u00f3n de capacitaci\u00f3n<\/li>\r\n<li>Gu\u00edas de usuario<\/li>\r\n<li>Fichas t\u00e9cnicas de productos \/ hojas de referencia de productos<\/li>\r\n<li>Gu\u00edas de referencia r\u00e1pida \/ gu\u00edas de instalaci\u00f3n r\u00e1pida \/ gu\u00edas de inicio r\u00e1pido<\/li>\r\n<li>Puntos de venta, empaques y etiquetado<\/li>\r\n<li>Documentaci\u00f3n \u00e9tica, de cumplimiento y regulatoria<\/li>\r\n<\/ul>\r\n<p>Eleve su presencia global con la experiencia de Verztec en aprendizaje digital y localizaci\u00f3n. D\u00e9jenos ayudarle a navegar por las complejidades de los mercados internacionales mientras entrega contenido impactante que resuene con su audiencia global.<\/p>\r\n\r\n<hr style=\"margin-top: 20px; margin-bottom: 20px; border: 0; border-top: 1px solid #eee;\" \/>\n<p style=\"margin-bottom: 0;\"><a href=\"https:\/\/www.verztec.com\/es\/testimonials\/\" target=\"_blank\" rel=\"noopener\">Testimonios de Clientes<\/a> &nbsp; : \u00a1Lea lo que nuestros clientes dicen sobre nosotros!<\/p>\n<p><a href=\"https:\/\/www.verztec.com\/es\/clients\/\" target=\"_blank\" rel=\"noopener\">Nuestros Valiosos Clientes<\/a> &nbsp; : Vea la lista de nuestros estimados clientes.<\/p>\n\r\n","protected":false},"excerpt":{"rendered":"<p>Las empresas tecnol\u00f3gicas est\u00e1n a la vanguardia de la innovaci\u00f3n global, impulsando una intensa competencia mediante la evoluci\u00f3n continua de sus metodolog\u00edas y soluciones creativas. Las empresas se enfrentan cada&hellip;<\/p>\n","protected":false},"author":1,"featured_media":4027,"parent":0,"menu_order":24,"comment_status":"closed","ping_status":"closed","template":"","meta":{"footnotes":""},"class_list":["post-874","page","type-page","status-publish","has-post-thumbnail","hentry"],"_links":{"self":[{"href":"https:\/\/www.verztec.com\/wp-json\/wp\/v2\/pages\/874"}],"collection":[{"href":"https:\/\/www.verztec.com\/wp-json\/wp\/v2\/pages"}],"about":[{"href":"https:\/\/www.verztec.com\/wp-json\/wp\/v2\/types\/page"}],"author":[{"embeddable":true,"href":"https:\/\/www.verztec.com\/wp-json\/wp\/v2\/users\/1"}],"replies":[{"embeddable":true,"href":"https:\/\/www.verztec.com\/wp-json\/wp\/v2\/comments?post=874"}],"version-history":[{"count":3,"href":"https:\/\/www.verztec.com\/wp-json\/wp\/v2\/pages\/874\/revisions"}],"predecessor-version":[{"id":3152,"href":"https:\/\/www.verztec.com\/wp-json\/wp\/v2\/pages\/874\/revisions\/3152"}],"wp:featuredmedia":[{"embeddable":true,"href":"https:\/\/www.verztec.com\/wp-json\/wp\/v2\/media\/4027"}],"wp:attachment":[{"href":"https:\/\/www.verztec.com\/wp-json\/wp\/v2\/media?parent=874"}],"curies":[{"name":"wp","href":"https:\/\/api.w.org\/{rel}","templated":true}]}}