{"id":877,"date":"2009-08-03T08:04:34","date_gmt":"2009-08-03T08:04:34","guid":{"rendered":"http:\/\/staging.verztec.com\/verztec\/legal\/"},"modified":"2025-02-03T08:49:23","modified_gmt":"2025-02-03T08:49:23","slug":"legal","status":"publish","type":"page","link":"https:\/\/www.verztec.com\/legal","title":{"rendered":"Legal"},"content":{"rendered":"<p>El sector legal est\u00e1 experimentando un panorama positivo impulsado por las medidas regulatorias cada vez m\u00e1s complejas, lo que ha aumentado la actividad en los bufetes de abogados y en los departamentos legales corporativos.<\/p>\r\n<p>A medida que los mercados emergentes se expanden, las entidades legales enfrentan una creciente demanda de traducci\u00f3n y localizaci\u00f3n de documentos. Las agencias legales y ministerios globales est\u00e1n obligados a proporcionar informaci\u00f3n y asesoramiento preciso a trav\u00e9s de diversas comunidades, destacando la necesidad cr\u00edtica de una comunicaci\u00f3n eficiente.<\/p>\r\n<p>Para satisfacer las necesidades multiculturales de sus poblaciones, las agencias de servicios p\u00fablicos, incluidos los proveedores de atenci\u00f3n m\u00e9dica, deben ofrecer servicios en varios idiomas. Verztec se especializa en ofrecer soluciones ling\u00fc\u00edsticas completas y servicios de aprendizaje digital adaptados para la industria legal.<\/p>\r\n<p>Verztec apoya los procedimientos legales con un conocimiento experto en el gobierno, capacidades de localizaci\u00f3n integradas y servicios de interpretaci\u00f3n en tiempo real, lo que permite que el personal interno se concentre en las funciones legislativas clave.<\/p>\r\n<p>Las capacidades de Verztec abarcan una amplia gama de documentos legales, incluidos:<\/p>\r\n<ul>\r\n<li>\r\n<p><b>Contratos y acuerdos:<\/b><\/p>\r\n<ul>\r\n<li>Contratos de pr\u00e9stamo<\/li>\r\n<li>Contratos comerciales para diversas industrias<\/li>\r\n<li>Contratos de distribuci\u00f3n<\/li>\r\n<li>Contratos de licencia<\/li>\r\n<li>Acuerdos de compra de acciones<\/li>\r\n<li>Acuerdos de confidencialidad<\/li>\r\n<li>Contratos financieros<\/li>\r\n<li>Contratos de seguros<\/li>\r\n<li>Art\u00edculos de asociaci\u00f3n<\/li>\r\n<li>Poderes notariales<\/li>\r\n<li>Acuerdos de servicios de soporte<\/li>\r\n<\/ul>\r\n<\/li>\r\n<\/ul>\r\n<ul>\r\n<li>\r\n<p><b>Propiedad intelectual:<\/b><\/p>\r\n<ul>\r\n<li>Patentes<\/li>\r\n<li>Derechos de autor<\/li>\r\n<li>Certificados de renovaci\u00f3n de marcas<\/li>\r\n<li>Certificados de registro de marcas<\/li>\r\n<\/ul>\r\n<\/li>\r\n<\/ul>\r\n<ul>\r\n<li>\r\n<p><b>Procedimientos judiciales:<\/b><\/p>\r\n<ul>\r\n<li>Acciones judiciales y decisiones<\/li>\r\n<li>Ex\u00e1menes de patentes<\/li>\r\n<li>Archivos de audio para procedimientos judiciales<\/li>\r\n<\/ul>\r\n<\/li>\r\n<\/ul>\r\n<ul>\r\n<li>\r\n<p><b>Cumplimiento y formaci\u00f3n:<\/b><\/p>\r\n<ul>\r\n<li>Manual de c\u00f3digo de conducta para empleados<\/li>\r\n<li>Formaci\u00f3n en \u00e9tica y cumplimiento<\/li>\r\n<li>Certificados de educaci\u00f3n<\/li>\r\n<li>Certificados de nacimiento<\/li>\r\n<\/ul>\r\n<\/li>\r\n<\/ul>\r\n<p>Adem\u00e1s de la traducci\u00f3n de documentos, Verztec ofrece soluciones de aprendizaje digital para mejorar la educaci\u00f3n legal y la formaci\u00f3n en cumplimiento. Nuestros servicios incluyen el desarrollo y la localizaci\u00f3n de m\u00f3dulos de formaci\u00f3n en l\u00ednea, materiales audiovisuales para procedimientos judiciales y contenido multiling\u00fce para programas de educaci\u00f3n legal.<\/p>\r\n<p>As\u00f3ciese con Verztec para optimizar sus estrategias de comunicaci\u00f3n legal, agilizar las operaciones y garantizar el cumplimiento de las normas regulatorias. Cont\u00e1ctenos hoy para explorar c\u00f3mo nuestros servicios especializados pueden apoyar su pr\u00e1ctica legal en un entorno globalmente interconectado.<\/p>\r\n\r\n<hr style=\"margin-top: 20px; margin-bottom: 20px; border: 0; border-top: 1px solid #eee;\" \/>\n<p style=\"margin-bottom: 0;\"><a href=\"https:\/\/www.verztec.com\/es\/testimonials\/\" target=\"_blank\" rel=\"noopener\">Testimonios de Clientes<\/a> &nbsp; : \u00a1Lea lo que nuestros clientes dicen sobre nosotros!<\/p>\n<p><a href=\"https:\/\/www.verztec.com\/es\/clients\/\" target=\"_blank\" rel=\"noopener\">Nuestros Valiosos Clientes<\/a> &nbsp; : Vea la lista de nuestros estimados clientes.<\/p>\n\r\n","protected":false},"excerpt":{"rendered":"<p>El sector legal est\u00e1 experimentando un panorama positivo impulsado por las medidas regulatorias cada vez m\u00e1s complejas, lo que ha aumentado la actividad en los bufetes de abogados y en&hellip;<\/p>\n","protected":false},"author":1,"featured_media":4027,"parent":0,"menu_order":27,"comment_status":"closed","ping_status":"closed","template":"","meta":{"footnotes":""},"class_list":["post-877","page","type-page","status-publish","has-post-thumbnail","hentry"],"_links":{"self":[{"href":"https:\/\/www.verztec.com\/wp-json\/wp\/v2\/pages\/877"}],"collection":[{"href":"https:\/\/www.verztec.com\/wp-json\/wp\/v2\/pages"}],"about":[{"href":"https:\/\/www.verztec.com\/wp-json\/wp\/v2\/types\/page"}],"author":[{"embeddable":true,"href":"https:\/\/www.verztec.com\/wp-json\/wp\/v2\/users\/1"}],"replies":[{"embeddable":true,"href":"https:\/\/www.verztec.com\/wp-json\/wp\/v2\/comments?post=877"}],"version-history":[{"count":3,"href":"https:\/\/www.verztec.com\/wp-json\/wp\/v2\/pages\/877\/revisions"}],"predecessor-version":[{"id":3153,"href":"https:\/\/www.verztec.com\/wp-json\/wp\/v2\/pages\/877\/revisions\/3153"}],"wp:featuredmedia":[{"embeddable":true,"href":"https:\/\/www.verztec.com\/wp-json\/wp\/v2\/media\/4027"}],"wp:attachment":[{"href":"https:\/\/www.verztec.com\/wp-json\/wp\/v2\/media?parent=877"}],"curies":[{"name":"wp","href":"https:\/\/api.w.org\/{rel}","templated":true}]}}