{"id":878,"date":"2009-08-03T08:05:05","date_gmt":"2009-08-03T08:05:05","guid":{"rendered":"http:\/\/staging.verztec.com\/verztec\/medical-a-life-sciences\/"},"modified":"2025-02-03T08:08:21","modified_gmt":"2025-02-03T08:08:21","slug":"medical-a-life-sciences","status":"publish","type":"page","link":"https:\/\/www.verztec.com\/medical-a-life-sciences","title":{"rendered":"Dispositivos m\u00e9dicos"},"content":{"rendered":"<p>La industria de dispositivos m\u00e9dicos est\u00e1 evolucionando r\u00e1pidamente, impulsada por los avances en tecnolog\u00eda y la creciente demanda mundial de soluciones innovadoras de atenci\u00f3n m\u00e9dica. A medida que los requisitos regulatorios se vuelven m\u00e1s estrictos, aumenta la necesidad de comunicaci\u00f3n precisa y cumplimiento en los mercados internacionales.<\/p>\r\n<p>Los fabricantes de dispositivos m\u00e9dicos y los proveedores de atenci\u00f3n m\u00e9dica deben navegar por paisajes regulatorios complejos y garantizar la traducci\u00f3n precisa de documentos cr\u00edticos para satisfacer las diversas necesidades ling\u00fc\u00edsticas y culturales. Verztec entiende estos desaf\u00edos y ofrece servicios ling\u00fc\u00edsticos especializados y soluciones de aprendizaje digital adaptadas a la industria de dispositivos m\u00e9dicos.<\/p>\r\n<p>Nuestras soluciones ling\u00fc\u00edsticas completas incluyen:<\/p>\r\n<ul>\r\n<li>\r\n<p><b>Documentaci\u00f3n regulatoria:<\/b><\/p>\r\n<ul>\r\n<li>Env\u00edos a la FDA<\/li>\r\n<li>Documentaci\u00f3n de marcado CE<\/li>\r\n<li>Documentos de cumplimiento ISO<\/li>\r\n<li>Materiales de ensayos cl\u00ednicos<\/li>\r\n<li>Etiquetas de productos y empaques<\/li>\r\n<\/ul>\r\n<\/li>\r\n<\/ul>\r\n<ul>\r\n<li>\r\n<p><b>Materiales de marketing y ventas:<\/b><\/p>\r\n<ul>\r\n<li>Folletos y cat\u00e1logos de productos<\/li>\r\n<li>Campa\u00f1as de marketing<\/li>\r\n<li>Presentaciones de ventas<\/li>\r\n<li>Materiales de ferias comerciales<\/li>\r\n<\/ul>\r\n<\/li>\r\n<\/ul>\r\n<ul>\r\n<li>\r\n<p><b>Documentaci\u00f3n t\u00e9cnica:<\/b><\/p>\r\n<ul>\r\n<li>Manuales de usuario<\/li>\r\n<li>Instrucciones de uso (IFUs)<\/li>\r\n<li>Manuales de servicio<\/li>\r\n<li>Materiales de capacitaci\u00f3n<\/li>\r\n<\/ul>\r\n<\/li>\r\n<\/ul>\r\n<ul>\r\n<li>\r\n<p><b>Legal y cumplimiento:<\/b><\/p>\r\n<ul>\r\n<li>Contratos y acuerdos<\/li>\r\n<li>Patentes y documentos de propiedad intelectual<\/li>\r\n<li>Capacitaci\u00f3n en \u00e9tica y cumplimiento<\/li>\r\n<\/ul>\r\n<\/li>\r\n<\/ul>\r\n<p>Adem\u00e1s de la traducci\u00f3n y localizaci\u00f3n, Verztec ofrece soluciones de aprendizaje digital adaptadas a la industria de dispositivos m\u00e9dicos. Nuestros servicios incluyen:<\/p>\r\n<ul>\r\n<li>\r\n<p><b> M\u00f3dulos de formaci\u00f3n en l\u00ednea:<\/b><\/p>\r\n<ul>\r\n<li>Desarrollo y localizaci\u00f3n de cursos de e-learning sobre el manejo de dispositivos, protocolos de seguridad y cumplimiento.<\/li>\r\n<\/ul>\r\n<\/li>\r\n<\/ul>\r\n<ul>\r\n<li>\r\n<p><b>Herramientas de aprendizaje interactivas:<\/b><\/p>\r\n<ul>\r\n<li>Presentaciones multimedia y animaciones para la capacitaci\u00f3n sobre el uso y mantenimiento de dispositivos.<\/li>\r\n<\/ul>\r\n<\/li>\r\n<\/ul>\r\n<ul>\r\n<li>\r\n<p><b>Aplicaciones de Realidad Virtual (VR) y Realidad Aumentada (AR):<\/b><\/p>\r\n<ul>\r\n<li>M\u00f3dulos de simulaci\u00f3n para la capacitaci\u00f3n quir\u00fargica y la resoluci\u00f3n de problemas de dispositivos.<\/li>\r\n<\/ul>\r\n<\/li>\r\n<\/ul>\r\n<ul>\r\n<li>\r\n<p><b>Aplicaciones de aprendizaje m\u00f3vil:<\/b><\/p>\r\n<ul>\r\n<li>Plataformas compatibles con dispositivos m\u00f3viles para capacitaci\u00f3n en movimiento y actualizaciones de cumplimiento.<\/li>\r\n<\/ul>\r\n<\/li>\r\n<\/ul>\r\n<p>La experiencia de Verztec va m\u00e1s all\u00e1 de los servicios ling\u00fc\u00edsticos tradicionales, ofreciendo soluciones digitales innovadoras que mejoran la eficiencia operativa, garantizan el cumplimiento regulatorio y mejoran la competencia de los usuarios con dispositivos m\u00e9dicos en todo el mundo.<\/p>\r\n<p>As\u00f3ciate con Verztec para optimizar tus estrategias de comunicaci\u00f3n, agilizar el cumplimiento regulatorio y acelerar la entrada al mercado de tus dispositivos m\u00e9dicos. Cont\u00e1ctanos hoy mismo para descubrir c\u00f3mo nuestros servicios especializados pueden apoyar tu crecimiento y \u00e9xito en el mercado global de la salud.<\/p>\r\n\r\n<hr style=\"margin-top: 20px; margin-bottom: 20px; border: 0; border-top: 1px solid #eee;\" \/>\n<p style=\"margin-bottom: 0;\"><a href=\"https:\/\/www.verztec.com\/es\/testimonials\/\" target=\"_blank\" rel=\"noopener\">Testimonios de Clientes<\/a> &nbsp; : \u00a1Lea lo que nuestros clientes dicen sobre nosotros!<\/p>\n<p><a href=\"https:\/\/www.verztec.com\/es\/clients\/\" target=\"_blank\" rel=\"noopener\">Nuestros Valiosos Clientes<\/a> &nbsp; : Vea la lista de nuestros estimados clientes.<\/p>\n\r\n","protected":false},"excerpt":{"rendered":"<p>La industria de dispositivos m\u00e9dicos est\u00e1 evolucionando r\u00e1pidamente, impulsada por los avances en tecnolog\u00eda y la creciente demanda mundial de soluciones innovadoras de atenci\u00f3n m\u00e9dica. A medida que los requisitos&hellip;<\/p>\n","protected":false},"author":1,"featured_media":4027,"parent":0,"menu_order":26,"comment_status":"closed","ping_status":"closed","template":"","meta":{"footnotes":""},"class_list":["post-878","page","type-page","status-publish","has-post-thumbnail","hentry"],"_links":{"self":[{"href":"https:\/\/www.verztec.com\/wp-json\/wp\/v2\/pages\/878"}],"collection":[{"href":"https:\/\/www.verztec.com\/wp-json\/wp\/v2\/pages"}],"about":[{"href":"https:\/\/www.verztec.com\/wp-json\/wp\/v2\/types\/page"}],"author":[{"embeddable":true,"href":"https:\/\/www.verztec.com\/wp-json\/wp\/v2\/users\/1"}],"replies":[{"embeddable":true,"href":"https:\/\/www.verztec.com\/wp-json\/wp\/v2\/comments?post=878"}],"version-history":[{"count":2,"href":"https:\/\/www.verztec.com\/wp-json\/wp\/v2\/pages\/878\/revisions"}],"predecessor-version":[{"id":2863,"href":"https:\/\/www.verztec.com\/wp-json\/wp\/v2\/pages\/878\/revisions\/2863"}],"wp:featuredmedia":[{"embeddable":true,"href":"https:\/\/www.verztec.com\/wp-json\/wp\/v2\/media\/4027"}],"wp:attachment":[{"href":"https:\/\/www.verztec.com\/wp-json\/wp\/v2\/media?parent=878"}],"curies":[{"name":"wp","href":"https:\/\/api.w.org\/{rel}","templated":true}]}}