{"id":879,"date":"2009-08-03T08:34:21","date_gmt":"2009-08-03T08:34:21","guid":{"rendered":"http:\/\/staging.verztec.com\/verztec\/customer-promise\/"},"modified":"2024-10-02T02:13:44","modified_gmt":"2024-10-02T02:13:44","slug":"customer-promise","status":"publish","type":"page","link":"https:\/\/www.verztec.com\/customer-promise","title":{"rendered":"Nuestra Promesa a los Clientes"},"content":{"rendered":"<p>En el panorama global actual, una internacionalizaci\u00f3n exitosa requiere una atenci\u00f3n cuidadosa a diversos factores sociales, econ\u00f3micos y pol\u00edticos. En Verztec, entendemos que nuestros clientes son el centro de nuestra misi\u00f3n, por lo que nos dedicamos a brindar experiencias de localizaci\u00f3n excepcionales, adaptadas a sus necesidades.<\/p>\n<p>Verztec empodera a las empresas para que se expandan globalmente con soluciones de aprendizaje digital de primer nivel y servicios de traducci\u00f3n profesional. Ofrecemos tanto traducciones humanas como asistidas por IA, siempre acompa\u00f1adas de revisiones profesionales para garantizar precisi\u00f3n y claridad. Nuestro enfoque se gu\u00eda por tres principios fundamentales:<\/p>\n<ul>\n<li><strong>Planificaci\u00f3n Estrat\u00e9gica<\/strong>: Trabajamos estrechamente con usted para comprender los objetivos de su organizaci\u00f3n, lo que nos permite personalizar nuestros servicios y formar un equipo capacitado que ofrezca resultados efectivos adaptados a sus requerimientos.<\/li>\n<li><strong>Preparaci\u00f3n para Contingencias<\/strong>: Con una amplia experiencia y una s\u00f3lida red de equipos internos calificados y socios externos, estamos listos para adaptarnos r\u00e1pidamente a cualquier desaf\u00edo que surja durante el ciclo de vida del proyecto. Esto garantiza que su proyecto se mantenga en curso, incluso ante obst\u00e1culos inesperados.<\/li>\n<li><strong>Eficiencia<\/strong>: Valoramos su tiempo y nos esforzamos por entregar los proyectos con la m\u00e1xima eficiencia, manteniendo los m\u00e1s altos est\u00e1ndares de calidad. Ya sea que necesite traducciones especializadas para documentos t\u00e9cnicos o la localizaci\u00f3n completa de cursos eLearning, Verztec posee la experiencia y los recursos para satisfacer sus necesidades.<\/li>\n<\/ul>\n<p>Adem\u00e1s, ofrecemos una amplia gama de servicios, que incluyen desarrollo de eLearning personalizado, soluciones de Sistema de Gesti\u00f3n del Aprendizaje (LMS), servicios de dise\u00f1o, autoedici\u00f3n, pruebas de aseguramiento de calidad y consultor\u00eda profesional para facilitar una expansi\u00f3n global sin problemas.<\/p>\n<p>En Verztec, nos comprometemos a la excelencia en los servicios de localizaci\u00f3n y a fomentar relaciones duraderas con nuestros clientes. Su \u00e9xito es nuestra prioridad, y estamos aqu\u00ed para apoyarlo mientras navega por las complejidades de los mercados internacionales.<\/p>\n","protected":false},"excerpt":{"rendered":"<p>En el panorama global actual, una internacionalizaci\u00f3n exitosa requiere una atenci\u00f3n cuidadosa a diversos factores sociales, econ\u00f3micos y pol\u00edticos. En Verztec, entendemos que nuestros clientes son el centro de nuestra&hellip;<\/p>\n","protected":false},"author":1,"featured_media":2024,"parent":0,"menu_order":14,"comment_status":"closed","ping_status":"closed","template":"","meta":{"footnotes":""},"class_list":["post-879","page","type-page","status-publish","has-post-thumbnail","hentry"],"_links":{"self":[{"href":"https:\/\/www.verztec.com\/wp-json\/wp\/v2\/pages\/879"}],"collection":[{"href":"https:\/\/www.verztec.com\/wp-json\/wp\/v2\/pages"}],"about":[{"href":"https:\/\/www.verztec.com\/wp-json\/wp\/v2\/types\/page"}],"author":[{"embeddable":true,"href":"https:\/\/www.verztec.com\/wp-json\/wp\/v2\/users\/1"}],"replies":[{"embeddable":true,"href":"https:\/\/www.verztec.com\/wp-json\/wp\/v2\/comments?post=879"}],"version-history":[{"count":1,"href":"https:\/\/www.verztec.com\/wp-json\/wp\/v2\/pages\/879\/revisions"}],"predecessor-version":[{"id":2076,"href":"https:\/\/www.verztec.com\/wp-json\/wp\/v2\/pages\/879\/revisions\/2076"}],"wp:featuredmedia":[{"embeddable":true,"href":"https:\/\/www.verztec.com\/wp-json\/wp\/v2\/media\/2024"}],"wp:attachment":[{"href":"https:\/\/www.verztec.com\/wp-json\/wp\/v2\/media?parent=879"}],"curies":[{"name":"wp","href":"https:\/\/api.w.org\/{rel}","templated":true}]}}