{"id":880,"date":"2009-08-03T08:55:17","date_gmt":"2009-08-03T08:55:17","guid":{"rendered":"http:\/\/staging.verztec.com\/verztec\/vendor-management\/"},"modified":"2024-11-01T01:36:14","modified_gmt":"2024-11-01T01:36:14","slug":"vendor-management","status":"publish","type":"page","link":"https:\/\/www.verztec.com\/vendor-management","title":{"rendered":"Gesti\u00f3n de proveedores"},"content":{"rendered":"\r\n<p>Verztec ha invertido en un equipo dedicado a tiempo completo enfocado exclusivamente en la gesti\u00f3n de proveedores. Este equipo desempe\u00f1a un papel crucial en el reclutamiento, la certificaci\u00f3n y el mantenimiento de relaciones a largo plazo con los proveedores, asegurando precios competitivos basados en nuestros vol\u00famenes de proyectos l\u00edderes en la industria.<\/p>\r\n\r\n\r\n\r\n<p>Para alcanzar el estatus de certificado por Verztec, los traductores deben superar estrictas evaluaciones ling\u00fc\u00edsticas realizadas por un comit\u00e9 ling\u00fc\u00edstico s\u00e9nior. Esta evaluaci\u00f3n incluye gram\u00e1tica, ortograf\u00eda, puntuaci\u00f3n, estilo de escritura, precisi\u00f3n en la traducci\u00f3n y uso de terminolog\u00eda. Los traductores se clasifican seg\u00fan su desempe\u00f1o, y solo el 20% superior obtiene la certificaci\u00f3n, lo que garantiza traducciones de alta calidad de manera constante.<\/p>\r\n\r\n\r\n\r\n<p>Los traductores certificados son monitoreados continuamente para garantizar su capacidad de cumplir con los plazos y ofrecer resultados de alta calidad, asegurando una excelencia constante en la ejecuci\u00f3n de proyectos.<\/p>\r\n\r\n\r\n\r\n<p>Adem\u00e1s de gestionar a nuestro equipo interno, Verztec mantiene relaciones s\u00f3lidas con recursos freelance. Priorizamos pr\u00e1cticas de gesti\u00f3n justas, cronogramas de pago confiables y flujos de trabajo consistentes para garantizar la coherencia ling\u00fc\u00edstica en todos los proyectos de los clientes.<\/p>\r\n\r\n\r\n\r\n<p>Nuestra estrategia de gesti\u00f3n de proveedores tambi\u00e9n se enfoca en asegurar tarifas competitivas, lo que nos permite ofrecer a los clientes los mejores precios sin comprometer la calidad. Este enfoque garantiza que Verztec siga siendo un l\u00edder en la entrega de soluciones ling\u00fc\u00edsticas de alto valor y calidad en diversos sectores.<\/p>\r\n\r\n\r\n\r\n<p>Para proyectos de aprendizaje digital, Verztec utiliza sus equipos internos para personalizar e integrar plataformas LMS. Colaboramos con socios de contenido para ofrecer contenido con licencia listo para usar adem\u00e1s de nuestras propias ofertas. Tambi\u00e9n trabajamos estrechamente con socios de traducci\u00f3n especializados que poseen experiencia en terminolog\u00eda de diferentes industrias, garantizando una localizaci\u00f3n precisa de eLearning, videos y materiales de capacitaci\u00f3n en varios idiomas.<\/p>\r\n\r\n\r\n\r\n<p>Los aspectos t\u00e9cnicos de la mayor\u00eda de los proyectos de eLearning son manejados internamente por nuestros equipos especializados. Cada proyecto pasa por controles y pruebas exhaustivas antes de la revisi\u00f3n e implementaci\u00f3n por parte del cliente, asegurando un control de calidad robusto durante todo el proceso.<\/p>\r\n\r\n\r\n\r\n<p>Colabore con Verztec para obtener una experiencia integral en gesti\u00f3n de proveedores y soluciones ling\u00fc\u00edsticas superiores. Cont\u00e1ctenos en <a href=\"mailto:enquiry@verztec.com\">enquiry@verztec.com<\/a> para explorar c\u00f3mo podemos apoyar eficazmente sus iniciativas de comunicaci\u00f3n global y aprendizaje digital.<\/p>\r\n\r\n","protected":false},"excerpt":{"rendered":"<p>Verztec ha invertido en un equipo dedicado a tiempo completo enfocado exclusivamente en la gesti\u00f3n de proveedores. Este equipo desempe\u00f1a un papel crucial en el reclutamiento, la certificaci\u00f3n y el&hellip;<\/p>\n","protected":false},"author":1,"featured_media":2031,"parent":0,"menu_order":2,"comment_status":"closed","ping_status":"closed","template":"","meta":{"footnotes":""},"class_list":["post-880","page","type-page","status-publish","has-post-thumbnail","hentry"],"_links":{"self":[{"href":"https:\/\/www.verztec.com\/wp-json\/wp\/v2\/pages\/880"}],"collection":[{"href":"https:\/\/www.verztec.com\/wp-json\/wp\/v2\/pages"}],"about":[{"href":"https:\/\/www.verztec.com\/wp-json\/wp\/v2\/types\/page"}],"author":[{"embeddable":true,"href":"https:\/\/www.verztec.com\/wp-json\/wp\/v2\/users\/1"}],"replies":[{"embeddable":true,"href":"https:\/\/www.verztec.com\/wp-json\/wp\/v2\/comments?post=880"}],"version-history":[{"count":2,"href":"https:\/\/www.verztec.com\/wp-json\/wp\/v2\/pages\/880\/revisions"}],"predecessor-version":[{"id":2885,"href":"https:\/\/www.verztec.com\/wp-json\/wp\/v2\/pages\/880\/revisions\/2885"}],"wp:featuredmedia":[{"embeddable":true,"href":"https:\/\/www.verztec.com\/wp-json\/wp\/v2\/media\/2031"}],"wp:attachment":[{"href":"https:\/\/www.verztec.com\/wp-json\/wp\/v2\/media?parent=880"}],"curies":[{"name":"wp","href":"https:\/\/api.w.org\/{rel}","templated":true}]}}