{"id":881,"date":"2009-08-03T08:55:53","date_gmt":"2009-08-03T08:55:53","guid":{"rendered":"http:\/\/staging.verztec.com\/verztec\/on-demand-scalability\/"},"modified":"2024-10-02T01:48:13","modified_gmt":"2024-10-02T01:48:13","slug":"on-demand-scalability","status":"publish","type":"page","link":"https:\/\/www.verztec.com\/on-demand-scalability","title":{"rendered":"Escalabilidad bajo demanda"},"content":{"rendered":"<p>Los recursos humanos son fundamentales para establecer la base de conocimientos necesaria para el \u00e9xito de los proyectos de localizaci\u00f3n. Verztec comprende la importancia cr\u00edtica de contar con un equipo talentoso y capacitado en diversas disciplinas para cumplir consistentemente con los rigurosos est\u00e1ndares de los proyectos.<\/p>\n<p>Verztec combina pr\u00e1cticas innovadoras de gesti\u00f3n de proyectos globales con un equipo de profesionales altamente calificados, expertos en garantizar el \u00e9xito de los proyectos de localizaci\u00f3n dentro de los plazos establecidos. Nuestra ventaja competitiva radica en nuestra capacidad para seleccionar a los mejores talentos adaptados a sus objetivos de localizaci\u00f3n.<\/p>\n<p>El equipo multidisciplinario de Verztec incluye profesionales experimentados, como:<\/p>\n<ol>\n<li>\n<p><strong>Gestores de proyectos de localizaci\u00f3n formados por Verztec:<\/strong><br \/> Expertos en supervisar y coordinar proyectos complejos de localizaci\u00f3n, asegurando flujos de trabajo eficientes y entregas puntuales.<\/p>\n<\/li>\n<li>\n<p><strong>Traductores nativos en el pa\u00eds:<\/strong><br \/> Especialistas ling\u00fc\u00edsticos fluidos en sus idiomas nativos, equipados para captar matices culturales y ofrecer traducciones precisas que conecten con los p\u00fablicos objetivo.<\/p>\n<\/li>\n<li>\n<p><strong>Expertos en aprendizaje digital:<\/strong><br \/> Especialistas en soluciones de formaci\u00f3n digital y e-learning, con experiencia en la personalizaci\u00f3n de sistemas de gesti\u00f3n de aprendizaje (LMS) e integraci\u00f3n de tecnolog\u00edas innovadoras para mejorar las experiencias de aprendizaje a nivel global.<\/p>\n<\/li>\n<li>\n<p><strong>Dise\u00f1adores instruccionales:<\/strong><br \/> Profesionales creativos que dise\u00f1an experiencias de aprendizaje atractivas y efectivas, asegurando la alineaci\u00f3n del contenido con los objetivos de aprendizaje y las necesidades del p\u00fablico.<\/p>\n<\/li>\n<li>\n<p><strong>Editores:<\/strong><br \/> Expertos en perfeccionar y revisar contenidos para garantizar precisi\u00f3n ling\u00fc\u00edstica, coherencia y claridad en todos los materiales.<\/p>\n<\/li>\n<li>\n<p><strong>Expertos en la materia:<\/strong><br \/> Especialistas en \u00e1reas como ciencias de la vida, tecnolog\u00eda, finanzas y derecho, con profundo conocimiento del sector, garantizando una localizaci\u00f3n precisa y cumplimiento de est\u00e1ndares de la industria.<\/p>\n<\/li>\n<li>\n<p><strong>Ingenieros de software expertos:<\/strong><br \/> Innovadores tecnol\u00f3gicos que desarrollan e integran herramientas y soluciones avanzadas para optimizar los procesos de localizaci\u00f3n y mejorar la eficiencia de los proyectos.<\/p>\n<\/li>\n<li>\n<p><strong>Ingenieros de contenido:<\/strong><br \/> Profesionales especializados en gestionar contenido digital, desde la localizaci\u00f3n multimedia hasta la publicaci\u00f3n de escritorio, garantizando una adaptaci\u00f3n fluida en varias plataformas.<\/p>\n<\/li>\n<li>\n<p><strong>Especialistas en procedimientos regulatorios:<\/strong><br \/> Profesionales bien informados sobre marcos regulatorios y est\u00e1ndares de cumplimiento, asegurando que el contenido localizado cumpla con las leyes y normativas locales.<\/p>\n<\/li>\n<li>\n<p><strong>Locutores:<\/strong><br \/> Talentos vocales capaces de proporcionar contenido de audio claro y atractivo en m\u00faltiples idiomas y dialectos, mejorando el impacto de los materiales multimedia localizados.<\/p>\n<\/li>\n<\/ol>\n<p>El compromiso de Verztec de reunir una fuerza laboral diversa y calificada nos permite abordar eficazmente las demandas \u00fanicas de cada proyecto de localizaci\u00f3n. Ya sea que necesite gesti\u00f3n de proyectos integral, experiencia ling\u00fc\u00edstica especializada, dise\u00f1o instruccional o innovaci\u00f3n tecnol\u00f3gica, Verztec garantiza un servicio inigualable para alcanzar sus objetivos de localizaci\u00f3n con precisi\u00f3n y excelencia.<\/p>\n<p>Colabore con Verztec hoy mismo para aprovechar nuestra experiencia y capacidades globales en la entrega de soluciones de localizaci\u00f3n personalizadas adaptadas a sus necesidades espec\u00edficas. Cont\u00e1ctenos en <a href=\"mailto:enquiry@verztec.com\">enquiry@verztec.com<\/a> para obtener m\u00e1s informaci\u00f3n sobre c\u00f3mo podemos apoyar sus iniciativas de localizaci\u00f3n y aprendizaje digital.<\/p>\n","protected":false},"excerpt":{"rendered":"<p>Los recursos humanos son fundamentales para establecer la base de conocimientos necesaria para el \u00e9xito de los proyectos de localizaci\u00f3n. Verztec comprende la importancia cr\u00edtica de contar con un equipo&hellip;<\/p>\n","protected":false},"author":1,"featured_media":2031,"parent":0,"menu_order":6,"comment_status":"closed","ping_status":"closed","template":"","meta":{"footnotes":""},"class_list":["post-881","page","type-page","status-publish","has-post-thumbnail","hentry"],"_links":{"self":[{"href":"https:\/\/www.verztec.com\/wp-json\/wp\/v2\/pages\/881"}],"collection":[{"href":"https:\/\/www.verztec.com\/wp-json\/wp\/v2\/pages"}],"about":[{"href":"https:\/\/www.verztec.com\/wp-json\/wp\/v2\/types\/page"}],"author":[{"embeddable":true,"href":"https:\/\/www.verztec.com\/wp-json\/wp\/v2\/users\/1"}],"replies":[{"embeddable":true,"href":"https:\/\/www.verztec.com\/wp-json\/wp\/v2\/comments?post=881"}],"version-history":[{"count":1,"href":"https:\/\/www.verztec.com\/wp-json\/wp\/v2\/pages\/881\/revisions"}],"predecessor-version":[{"id":2052,"href":"https:\/\/www.verztec.com\/wp-json\/wp\/v2\/pages\/881\/revisions\/2052"}],"wp:featuredmedia":[{"embeddable":true,"href":"https:\/\/www.verztec.com\/wp-json\/wp\/v2\/media\/2031"}],"wp:attachment":[{"href":"https:\/\/www.verztec.com\/wp-json\/wp\/v2\/media?parent=881"}],"curies":[{"name":"wp","href":"https:\/\/api.w.org\/{rel}","templated":true}]}}