{"id":882,"date":"2009-08-03T08:56:27","date_gmt":"2009-08-03T08:56:27","guid":{"rendered":"http:\/\/staging.verztec.com\/verztec\/flexibility\/"},"modified":"2024-10-02T01:45:21","modified_gmt":"2024-10-02T01:45:21","slug":"flexibility","status":"publish","type":"page","link":"https:\/\/www.verztec.com\/flexibility","title":{"rendered":"Flexibilidad"},"content":{"rendered":"<p>Verztec mantiene una firme creencia en la importancia de anticiparse y responder eficazmente a los cambios al gestionar los proyectos de sus clientes, particularmente en los \u00e1mbitos del aprendizaje digital, soluciones LMS personalizadas, traducci\u00f3n y localizaci\u00f3n.<\/p>\n<p>En el din\u00e1mico entorno empresarial actual, los sistemas de gesti\u00f3n de proyectos deben ser tanto flexibles como fiables para adaptarse a las necesidades en constante evoluci\u00f3n de los clientes. Entendemos que pueden surgir modificaciones en diversos aspectos de un proyecto, como los plazos previstos, los ajustes de alcance, los cambios en las fechas de entrega, las actualizaciones de productos o servicios, los cambios de enfoque tem\u00e1tico y la reestructuraci\u00f3n de prioridades globales. En Verztec, nos dedicamos a adaptar nuestro enfoque para enfrentar estos desaf\u00edos de manera efectiva, garantizando que ning\u00fan cambio comprometa la precisi\u00f3n o dedicaci\u00f3n que ponemos en su proyecto ni obstaculice nuestro compromiso de cumplir con los plazos establecidos.<\/p>\n<p>Nuestra trayectoria en flexibilidad y capacidad de respuesta ha sido reconocida por destacados clientes como Invensys, Philips Consumer Electronics e IBM. Estas recomendaciones destacan nuestra habilidad para manejar diversos requisitos de proyectos con agilidad y precisi\u00f3n, entregando resultados que superan las expectativas.<\/p>\n<p>En lo que respecta a iniciativas de aprendizaje digital, incluida la personalizaci\u00f3n de sistemas de gesti\u00f3n de aprendizaje (LMS), la traducci\u00f3n de contenido educativo y la localizaci\u00f3n integral en m\u00faltiples idiomas y contextos culturales, Verztec se destaca. Nuestro equipo dedicado de gestores de proyectos, ling\u00fcistas, expertos en aprendizaje digital y especialistas t\u00e9cnicos garantiza que podamos adaptarnos sin problemas a las demandas \u00fanicas de cada proyecto. Ya sea integrando plataformas LMS personalizadas, adaptando contenido de formaci\u00f3n para audiencias globales o asegurando la precisi\u00f3n ling\u00fc\u00edstica y cultural en materiales de e-learning, Verztec aprovecha su experiencia y sistemas avanzados de gesti\u00f3n de proyectos para ofrecer resultados superiores.<\/p>\n<p>Priorizamos la satisfacci\u00f3n del cliente a trav\u00e9s de una comunicaci\u00f3n proactiva, una planificaci\u00f3n meticulosa y medidas robustas de aseguramiento de la calidad. Este enfoque no solo respalda la ejecuci\u00f3n exitosa de sus proyectos, sino que tambi\u00e9n fomenta asociaciones a largo plazo basadas en la confianza y el \u00e9xito mutuo.<\/p>\n<p>Colabore con Verztec para experimentar un enfoque proactivo y receptivo a la gesti\u00f3n de proyectos, adaptado a sus necesidades espec\u00edficas de aprendizaje digital y localizaci\u00f3n. Cont\u00e1ctenos en <a href=\"mailto:enquiry@verztec.com\">enquiry@verztec.com<\/a> para explorar c\u00f3mo podemos apoyar y mejorar eficazmente sus proyectos.<\/p>\n","protected":false},"excerpt":{"rendered":"<p>Verztec mantiene una firme creencia en la importancia de anticiparse y responder eficazmente a los cambios al gestionar los proyectos de sus clientes, particularmente en los \u00e1mbitos del aprendizaje digital,&hellip;<\/p>\n","protected":false},"author":1,"featured_media":2031,"parent":0,"menu_order":5,"comment_status":"closed","ping_status":"closed","template":"","meta":{"footnotes":""},"class_list":["post-882","page","type-page","status-publish","has-post-thumbnail","hentry"],"_links":{"self":[{"href":"https:\/\/www.verztec.com\/wp-json\/wp\/v2\/pages\/882"}],"collection":[{"href":"https:\/\/www.verztec.com\/wp-json\/wp\/v2\/pages"}],"about":[{"href":"https:\/\/www.verztec.com\/wp-json\/wp\/v2\/types\/page"}],"author":[{"embeddable":true,"href":"https:\/\/www.verztec.com\/wp-json\/wp\/v2\/users\/1"}],"replies":[{"embeddable":true,"href":"https:\/\/www.verztec.com\/wp-json\/wp\/v2\/comments?post=882"}],"version-history":[{"count":1,"href":"https:\/\/www.verztec.com\/wp-json\/wp\/v2\/pages\/882\/revisions"}],"predecessor-version":[{"id":2047,"href":"https:\/\/www.verztec.com\/wp-json\/wp\/v2\/pages\/882\/revisions\/2047"}],"wp:featuredmedia":[{"embeddable":true,"href":"https:\/\/www.verztec.com\/wp-json\/wp\/v2\/media\/2031"}],"wp:attachment":[{"href":"https:\/\/www.verztec.com\/wp-json\/wp\/v2\/media?parent=882"}],"curies":[{"name":"wp","href":"https:\/\/api.w.org\/{rel}","templated":true}]}}