{"id":883,"date":"2009-08-03T08:56:54","date_gmt":"2009-08-03T08:56:54","guid":{"rendered":"http:\/\/staging.verztec.com\/verztec\/transparency-integrity\/"},"modified":"2024-11-01T01:37:24","modified_gmt":"2024-11-01T01:37:24","slug":"transparency-integrity","status":"publish","type":"page","link":"https:\/\/www.verztec.com\/transparency-integrity","title":{"rendered":"Transparencia e integridad"},"content":{"rendered":"<div class=\"page-header clearfix\">\n<p class=\"page-title\"><span style=\"font-size: revert; color: initial;\">El equipo de Verztec est\u00e1 profundamente comprometido con fomentar relaciones s\u00f3lidas y confiables con nuestros clientes. En el centro de este compromiso se encuentra una base construida sobre la transparencia y la integridad en cada aspecto de nuestras operaciones.<\/span><\/p>\n<\/div>\n<p>La transparencia es una piedra angular de nuestro enfoque. Creemos en brindar a nuestros clientes una visibilidad completa sobre los procedimientos, los plazos y los objetivos de los proyectos. Esto asegura que nuestros clientes est\u00e9n completamente informados e involucrados en cada etapa del proceso de localizaci\u00f3n.<\/p>\n<p>La confianza se refuerza a\u00fan m\u00e1s con nuestro compromiso de entregar trabajos de localizaci\u00f3n excepcionales. Abordamos cada proyecto con diligencia y responsabilidad, colaborando estrechamente con nuestros clientes para superar desaf\u00edos y lograr resultados exitosos juntos.<\/p>\n<p>La integridad es primordial en nuestras relaciones con los clientes. Mantenemos los m\u00e1s altos est\u00e1ndares de honestidad y profesionalismo, asegurando que nuestros clientes reciban informaci\u00f3n precisa y orientaci\u00f3n experta durante todo el ciclo de vida del proyecto.<\/p>\n<p>En Verztec, demostramos nuestro compromiso con nuestros clientes a trav\u00e9s de un conjunto de principios fundamentales:<\/p>\n<ol>\n<li><strong>Definici\u00f3n precisa del alcance del proyecto:<\/strong> Definimos meticulosamente el alcance del proyecto, los plazos de finalizaci\u00f3n, las consideraciones presupuestarias y los requisitos de recursos desde el principio, garantizando expectativas claras desde el inicio.<\/li>\n<li><strong>Asesoramiento experto:<\/strong> Aprovechando nuestra amplia experiencia, ofrecemos recomendaciones informadas para optimizar los procesos de localizaci\u00f3n y maximizar su eficiencia e impacto.<\/li>\n<li><strong>Comunicaci\u00f3n regular:<\/strong> Mantenemos canales de comunicaci\u00f3n abiertos, abordando r\u00e1pidamente cualquier novedad o inquietud para que nuestros clientes est\u00e9n siempre informados y empoderados.<\/li>\n<li><strong>Participaci\u00f3n de especialistas:<\/strong> Asignamos a los especialistas m\u00e1s cualificados para cada proyecto, asegurando que nuestros clientes se beneficien de conocimientos adaptados a sus necesidades espec\u00edficas y requisitos de la industria.<\/li>\n<li><strong>Entrega puntual:<\/strong> Independientemente del tama\u00f1o o la complejidad del proyecto, nos comprometemos a cumplir con todas las fechas de entrega y requisitos acordados sin compromiso.<\/li>\n<\/ol>\n<p>En Verztec, entendemos que hacer compromisos es f\u00e1cil, pero cumplirlos de manera constante requiere dedicaci\u00f3n y capacidad comprobada. Nos enorgullece no solo cumplir estos compromisos, sino tambi\u00e9n integrarlos en nuestros s\u00f3lidos sistemas de gesti\u00f3n de proyectos, asegurando resultados tangibles que superan las expectativas.<\/p>\n<p>Colabore con Verztec para experimentar de primera mano nuestro inquebrantable compromiso con la transparencia, la integridad y la satisfacci\u00f3n del cliente en cada proyecto de localizaci\u00f3n. Cont\u00e1ctenos en <a href=\"mailto:enquiry@verztec.com\">enquiry@verztec.com<\/a> para descubrir c\u00f3mo podemos apoyar eficazmente sus necesidades de comunicaci\u00f3n global.<\/p>\n","protected":false},"excerpt":{"rendered":"<p>El equipo de Verztec est\u00e1 profundamente comprometido con fomentar relaciones s\u00f3lidas y confiables con nuestros clientes. En el centro de este compromiso se encuentra una base construida sobre la transparencia&hellip;<\/p>\n","protected":false},"author":1,"featured_media":2031,"parent":0,"menu_order":3,"comment_status":"closed","ping_status":"closed","template":"","meta":{"footnotes":""},"class_list":["post-883","page","type-page","status-publish","has-post-thumbnail","hentry"],"_links":{"self":[{"href":"https:\/\/www.verztec.com\/wp-json\/wp\/v2\/pages\/883"}],"collection":[{"href":"https:\/\/www.verztec.com\/wp-json\/wp\/v2\/pages"}],"about":[{"href":"https:\/\/www.verztec.com\/wp-json\/wp\/v2\/types\/page"}],"author":[{"embeddable":true,"href":"https:\/\/www.verztec.com\/wp-json\/wp\/v2\/users\/1"}],"replies":[{"embeddable":true,"href":"https:\/\/www.verztec.com\/wp-json\/wp\/v2\/comments?post=883"}],"version-history":[{"count":2,"href":"https:\/\/www.verztec.com\/wp-json\/wp\/v2\/pages\/883\/revisions"}],"predecessor-version":[{"id":2886,"href":"https:\/\/www.verztec.com\/wp-json\/wp\/v2\/pages\/883\/revisions\/2886"}],"wp:featuredmedia":[{"embeddable":true,"href":"https:\/\/www.verztec.com\/wp-json\/wp\/v2\/media\/2031"}],"wp:attachment":[{"href":"https:\/\/www.verztec.com\/wp-json\/wp\/v2\/media?parent=883"}],"curies":[{"name":"wp","href":"https:\/\/api.w.org\/{rel}","templated":true}]}}