{"id":884,"date":"2009-08-03T08:57:37","date_gmt":"2009-08-03T08:57:37","guid":{"rendered":"http:\/\/staging.verztec.com\/verztec\/quality-assurance\/"},"modified":"2024-10-02T01:52:03","modified_gmt":"2024-10-02T01:52:03","slug":"quality-assurance","status":"publish","type":"page","link":"https:\/\/www.verztec.com\/quality-assurance","title":{"rendered":"Garant\u00eda de calidad"},"content":{"rendered":"<p>Verztec cuenta con s\u00f3lidas capacidades internas para digitalizar contenidos de aprendizaje, localizar contenidos e-learning y personalizar e implementar soluciones LMS para nuestros clientes. Antes del lanzamiento de estas soluciones, realizamos pruebas exhaustivas y procedimientos de garant\u00eda de calidad.<\/p>\n<h3 class=\"title-normal\">Proceso de Garant\u00eda de Calidad<\/h3>\n<p>El proceso de garant\u00eda de calidad de Verztec asegura una supervisi\u00f3n minuciosa, no solo para proyectos de traducci\u00f3n tradicionales, sino tambi\u00e9n para nuestros servicios especializados en aprendizaje digital. Cuando Verztec ayuda a los clientes a digitalizar contenidos de aprendizaje, localizar contenidos e-learning para formaci\u00f3n global y personalizar\/implementar sistemas LMS, damos prioridad a la comprensi\u00f3n de sus requisitos \u00fanicos desde el inicio hasta las fases de prueba y garant\u00eda de calidad antes de la implementaci\u00f3n.<\/p>\n<h3 class=\"title-normal\">Resumen<\/h3>\n<p>Tras la finalizaci\u00f3n del trabajo de traducci\u00f3n por traductores profesionales nativos, el equipo de QA de Verztec, compuesto por especialistas en herramientas CAT y ling\u00fcistas senior, examina rigurosamente cada proyecto. No solo aseguran la precisi\u00f3n, sino tambi\u00e9n el cumplimiento de un estilo, frases y vocabulario adecuados.<\/p>\n<p>Verztec mantiene una amplia biblioteca de referencia con m\u00e1s de 900 diccionarios y obras de referencia en m\u00e1s de 100 idiomas. Este recurso invaluable, junto con el acceso a terminolog\u00eda especializada y materiales acad\u00e9micos, permite a nuestros traductores y revisores internos lograr precisi\u00f3n en diversos campos especializados como medicina, aviaci\u00f3n y nanotecnolog\u00eda.<\/p>\n<h3 class=\"title-normal\">Revisi\u00f3n por un hablante nativo del idioma fuente<\/h3>\n<p>Inicialmente, las traducciones son revisadas por un revisor que es hablante nativo del idioma fuente. Por ejemplo, un texto traducido del ingl\u00e9s al coreano es revisado minuciosamente por un hablante nativo de ingl\u00e9s que domina el coreano y el ingl\u00e9s. El revisor garantiza la fidelidad al significado del texto original y resuelve cualquier consulta directamente con el traductor.<\/p>\n<h3 class=\"title-normal\">Segunda revisi\u00f3n por un hablante nativo del idioma destino<\/h3>\n<p>Despu\u00e9s de la revisi\u00f3n inicial y los ajustes necesarios, un segundo revisor, nativo del idioma destino, realiza un examen exhaustivo. Esta fase se enfoca en gram\u00e1tica, estilo de escritura, ortograf\u00eda, puntuaci\u00f3n y consistencia terminol\u00f3gica. En proyectos multiling\u00fces, se realiza una comparaci\u00f3n frase por frase para asegurar uniformidad entre todas las versiones. Para proyectos que incluyen dise\u00f1o o trabajos de publicaci\u00f3n digital (DTP), se realiza una revisi\u00f3n adicional para garantizar la precisi\u00f3n del producto final antes de la aprobaci\u00f3n.<\/p>\n<h3 class=\"title-normal\">Entrega<\/h3>\n<p>Antes de la entrega al cliente, el gestor del proyecto realiza una verificaci\u00f3n final para garantizar que se hayan seguido todas las instrucciones del cliente y que el proyecto est\u00e9 listo para su implementaci\u00f3n. Este proceso meticuloso asegura que cada proyecto cumpla con los altos est\u00e1ndares de Verztec y supere las expectativas del cliente.<\/p>\n<p>El compromiso de Verztec con la garant\u00eda de calidad abarca todas las fases de ejecuci\u00f3n del proyecto, entregando resultados precisos y bien elaborados que reflejan nuestra dedicaci\u00f3n a la excelencia en servicios ling\u00fc\u00edsticos y de localizaci\u00f3n. Colabore con Verztec para obtener soluciones ling\u00fc\u00edsticas fiables y gestionadas con experiencia, adaptadas a sus necesidades espec\u00edficas. Cont\u00e1ctenos en <a href=\"mailto:enquiry@verztec.com\">enquiry@verztec.com<\/a> para descubrir c\u00f3mo podemos apoyar eficazmente sus requisitos de comunicaci\u00f3n global.<\/p>\n","protected":false},"excerpt":{"rendered":"<p>Verztec cuenta con s\u00f3lidas capacidades internas para digitalizar contenidos de aprendizaje, localizar contenidos e-learning y personalizar e implementar soluciones LMS para nuestros clientes. Antes del lanzamiento de estas soluciones, realizamos&hellip;<\/p>\n","protected":false},"author":1,"featured_media":2031,"parent":0,"menu_order":8,"comment_status":"closed","ping_status":"closed","template":"","meta":{"footnotes":""},"class_list":["post-884","page","type-page","status-publish","has-post-thumbnail","hentry"],"_links":{"self":[{"href":"https:\/\/www.verztec.com\/wp-json\/wp\/v2\/pages\/884"}],"collection":[{"href":"https:\/\/www.verztec.com\/wp-json\/wp\/v2\/pages"}],"about":[{"href":"https:\/\/www.verztec.com\/wp-json\/wp\/v2\/types\/page"}],"author":[{"embeddable":true,"href":"https:\/\/www.verztec.com\/wp-json\/wp\/v2\/users\/1"}],"replies":[{"embeddable":true,"href":"https:\/\/www.verztec.com\/wp-json\/wp\/v2\/comments?post=884"}],"version-history":[{"count":1,"href":"https:\/\/www.verztec.com\/wp-json\/wp\/v2\/pages\/884\/revisions"}],"predecessor-version":[{"id":2060,"href":"https:\/\/www.verztec.com\/wp-json\/wp\/v2\/pages\/884\/revisions\/2060"}],"wp:featuredmedia":[{"embeddable":true,"href":"https:\/\/www.verztec.com\/wp-json\/wp\/v2\/media\/2031"}],"wp:attachment":[{"href":"https:\/\/www.verztec.com\/wp-json\/wp\/v2\/media?parent=884"}],"curies":[{"name":"wp","href":"https:\/\/api.w.org\/{rel}","templated":true}]}}