{"id":885,"date":"2009-08-03T08:58:18","date_gmt":"2009-08-03T08:58:18","guid":{"rendered":"http:\/\/staging.verztec.com\/verztec\/confidentiality\/"},"modified":"2024-10-02T01:42:41","modified_gmt":"2024-10-02T01:42:41","slug":"confidentiality","status":"publish","type":"page","link":"https:\/\/www.verztec.com\/confidentiality","title":{"rendered":"Confidencialidad"},"content":{"rendered":"<p>Verztec implementa medidas estrictas para proteger la confidencialidad y los derechos de autor de los datos de sus clientes. Damos prioridad a nuestra responsabilidad hacia la privacidad de los clientes y aplicamos protocolos rigurosos para garantizar la protecci\u00f3n de toda la informaci\u00f3n sensible.<\/p>\n<h3 class=\"title-normal\">Medidas de Confidencialidad<\/h3>\n<p>Verztec cumple estrictamente con los acuerdos de confidencialidad (NDAs) firmados con proveedores externos y ling\u00fcistas antes del inicio de cada proyecto. Estos acuerdos incluyen cl\u00e1usulas claras para garantizar que los miembros del equipo comprendan plenamente y cumplan con sus obligaciones de confidencialidad durante y despu\u00e9s de la finalizaci\u00f3n del proyecto.<\/p>\n<p>Cada uno de nuestros ling\u00fcistas trabaja en un ordenador de escritorio dedicado con una contrase\u00f1a de red privada, asegurando el acceso restringido a los archivos del proyecto. Los clientes pueden estar seguros de que solo el traductor y el corrector asignados manejar\u00e1n sus documentos.<\/p>\n<h3 class=\"title-normal\">Gesti\u00f3n Segura de Datos<\/h3>\n<p>Toda la informaci\u00f3n y datos de los clientes se almacenan de manera segura y solo el personal designado tiene acceso para fines autorizados. Nuestras operaciones en l\u00ednea se realizan a trav\u00e9s de un servidor seguro con cifrado SSL de 128 bits a trav\u00e9s de HTTPS, equivalente a los est\u00e1ndares de cifrado utilizados por las principales instituciones financieras globales. Esto garantiza que todos los detalles y archivos transmitidos a trav\u00e9s de nuestra plataforma permanezcan confidenciales y protegidos contra accesos no autorizados.<\/p>\n<h3 class=\"title-normal\">Compromiso con la Privacidad<\/h3>\n<p>Verztec mantiene una pol\u00edtica estricta contra la venta o el intercambio de listas de nombres o informaci\u00f3n personal con organizaciones de terceros. Tratamos la informaci\u00f3n de los clientes con la m\u00e1xima confidencialidad e integridad, asegurando el cumplimiento de los est\u00e1ndares y regulaciones internacionales de protecci\u00f3n de datos.<\/p>\n<p>En Verztec, priorizamos la confianza y la confidencialidad de nuestros clientes, implementando medidas de seguridad s\u00f3lidas y protocolos para proteger la informaci\u00f3n sensible en cada etapa de nuestra colaboraci\u00f3n.<\/p>\n<p>Colabore con Verztec para obtener soluciones ling\u00fc\u00edsticas que prioricen su privacidad y seguridad. Cont\u00e1ctenos en <a href=\"mailto:enquiry@verztec.com\">enquiry@verztec.com<\/a> para descubrir c\u00f3mo podemos satisfacer sus necesidades de lenguaje y localizaci\u00f3n de manera segura y efectiva.<\/p>\n","protected":false},"excerpt":{"rendered":"<p>Verztec implementa medidas estrictas para proteger la confidencialidad y los derechos de autor de los datos de sus clientes. Damos prioridad a nuestra responsabilidad hacia la privacidad de los clientes&hellip;<\/p>\n","protected":false},"author":1,"featured_media":2031,"parent":0,"menu_order":4,"comment_status":"closed","ping_status":"closed","template":"","meta":{"footnotes":""},"class_list":["post-885","page","type-page","status-publish","has-post-thumbnail","hentry"],"_links":{"self":[{"href":"https:\/\/www.verztec.com\/wp-json\/wp\/v2\/pages\/885"}],"collection":[{"href":"https:\/\/www.verztec.com\/wp-json\/wp\/v2\/pages"}],"about":[{"href":"https:\/\/www.verztec.com\/wp-json\/wp\/v2\/types\/page"}],"author":[{"embeddable":true,"href":"https:\/\/www.verztec.com\/wp-json\/wp\/v2\/users\/1"}],"replies":[{"embeddable":true,"href":"https:\/\/www.verztec.com\/wp-json\/wp\/v2\/comments?post=885"}],"version-history":[{"count":1,"href":"https:\/\/www.verztec.com\/wp-json\/wp\/v2\/pages\/885\/revisions"}],"predecessor-version":[{"id":2043,"href":"https:\/\/www.verztec.com\/wp-json\/wp\/v2\/pages\/885\/revisions\/2043"}],"wp:featuredmedia":[{"embeddable":true,"href":"https:\/\/www.verztec.com\/wp-json\/wp\/v2\/media\/2031"}],"wp:attachment":[{"href":"https:\/\/www.verztec.com\/wp-json\/wp\/v2\/media?parent=885"}],"curies":[{"name":"wp","href":"https:\/\/api.w.org\/{rel}","templated":true}]}}