{"id":897,"date":"2009-08-03T09:23:13","date_gmt":"2009-08-03T09:23:13","guid":{"rendered":"http:\/\/staging.verztec.com\/verztec\/video-localization-and-subtitling\/"},"modified":"2025-01-22T01:50:51","modified_gmt":"2025-01-22T01:50:51","slug":"video-localization-and-subtitling","status":"publish","type":"page","link":"https:\/\/www.verztec.com\/video-localization-and-subtitling","title":{"rendered":"Localizaci\u00f3n de Video y Subt\u00edtulos"},"content":{"rendered":"<p>En la era digital actual, aprovechar los videos para comunicarse eficazmente con audiencias diversas es esencial para las empresas globales. Los videos captan la atenci\u00f3n, transmiten mensajes con impacto y dejan impresiones duraderas. En Verztec, nos especializamos en servicios de Localizaci\u00f3n y Subtitulado de Videos dise\u00f1ados para ayudar a que su contenido resuene en diversas culturas e idiomas, asegurando que su marca mantenga su integridad y efectividad en todo el mundo.<\/p>\r\n<br \/>\r\n<h3>\u00bfPor qu\u00e9 elegir Verztec para Localizaci\u00f3n y Subtitulado de Videos?<\/h3>\r\n<br \/>\r\n<p>Expandirse a mercados internacionales requiere m\u00e1s que solo traducci\u00f3n de idiomas. Demanda adaptaci\u00f3n cultural y sensibilidad para garantizar que su mensaje sea recibido como se pretende. Nuestros servicios est\u00e1n dise\u00f1ados para:<\/p>\r\n<p>Mejorar la Comunicaci\u00f3n Global: Ya sea capacitando empleados multiculturales, involucrando patrocinadores globales o conect\u00e1ndose con clientes en todo el mundo, nuestros servicios de localizaci\u00f3n de videos aseguran que su contenido sea culturalmente relevante y ling\u00fc\u00edsticamente preciso.<\/p>\r\n<p>Servicios Profesionales de Doblaje: Elija entre una amplia selecci\u00f3n de m\u00e1s de 12,000 muestras de voz en m\u00e1s de 100 idiomas, proporcionadas por nuestros ling\u00fcistas nativos en el pa\u00eds. Alternativamente, opte por nuestros servicios de doblaje de alta calidad con IA para una soluci\u00f3n r\u00e1pida y rentable. Nuestros ingenieros de localizaci\u00f3n dedicados supervisan todo el proceso, asegurando una integraci\u00f3n perfecta de los elementos audiovisuales para entregar un producto final pulido.<\/p>\r\n<p>Soluciones Integrales de Subtitulado: Nuestros expertos nativos utilizan software de edici\u00f3n de video de \u00faltima generaci\u00f3n para agregar subt\u00edtulos cultural y ling\u00fc\u00edsticamente precisos. Rigurosos procesos de garant\u00eda de calidad garantizan un tiempo y colocaci\u00f3n precisos, mejorando la profesionalidad y accesibilidad de sus videos.<\/p>\r\n<h4 class=\"title-normal\">Excelencia en Doblaje<\/h4>\r\n<p>Desde la transcripci\u00f3n y traducci\u00f3n hasta la ingenier\u00eda de posproducci\u00f3n, nuestro enfoque meticuloso asegura que cada doblaje complemente sus videos de manera perfecta. Eliminamos distracciones como respiraciones y ruidos de fondo mientras mejoramos la claridad y el tono, entregando una experiencia de audio profesional que cautiva a los espectadores.<\/p>\r\n<p><strong>Cliente: Subway<\/strong><\/p>\r\n<div class=\"language-service-video\">\r\n    <div class=\"language-service-video-item\"><a href=\"\/media\/video\/subway1.html\" target=\"_blank\" rel=\"noopener\"><img loading=\"lazy\" decoding=\"async\" src=\"https:\/\/www.verztec.com\/wp-content\/uploads\/2009\/08\/subway_eng.gif\" alt=\"Project Subway\" width=\"140\" height=\"117\" border=\"0\" \/><\/a><p>Original &#8211; Ingl\u00e9s<\/p><\/div>\r\n    <div class=\"language-service-video-item\"><a href=\"\/media\/video\/subway2.html\" target=\"_blank\" rel=\"noopener\"><img loading=\"lazy\" decoding=\"async\" src=\"https:\/\/www.verztec.com\/wp-content\/uploads\/2009\/08\/subway_SC.gif\" alt=\"Project Subway\" width=\"140\" height=\"117\" border=\"0\" \/><\/a><p>Doblaje en Chino<\/p><\/div>\r\n    <div class=\"language-service-video-item\"><a href=\"\/media\/video\/subway3.html\" target=\"_blank\" rel=\"noopener\"><img loading=\"lazy\" decoding=\"async\" src=\"https:\/\/www.verztec.com\/wp-content\/uploads\/2009\/08\/subway_KR.gif\" alt=\"Project Subway\" width=\"140\" height=\"117\" border=\"0\" \/><\/a><p>Doblaje en Coreano<\/p><\/div>\r\n<\/div>\r\n<p><strong>Cliente: Grayling<\/strong><\/p>\r\n<div class=\"language-service-video\">\r\n    <div class=\"language-service-video-item\"><a href=\"\/media\/video\/grayling.html\" target=\"_blank\" rel=\"noopener\"> <img loading=\"lazy\" decoding=\"async\" src=\"https:\/\/www.verztec.com\/wp-content\/uploads\/2009\/08\/grayling.jpg\" alt=\"Project grayling\" width=\"140\" height=\"117\" border=\"0\" \/><\/a><p>Doblaje en Ingl\u00e9s<\/p><\/div>\r\n<\/div>\r\n<h4 class=\"title-normal\">Precisi\u00f3n en Subtitulado<\/h4>\r\n<p>Ya sea que sus videos necesiten subt\u00edtulos para mayor claridad o para cumplir con est\u00e1ndares de accesibilidad, nuestros expertos aseguran que los subt\u00edtulos se agreguen de manera precisa y efectiva. Optimizamos la legibilidad y el compromiso del espectador, ya sea que su video est\u00e9 destinado a plataformas web o pantallas grandes.<\/p>\r\n<h4 class=\"title-normal\">Elegir entre Doblaje y Subtitulado<\/h4>\r\n<p>Considere su medio de distribuci\u00f3n y las preferencias de su audiencia al decidir entre doblaje y subtitulado. Mientras que el subtitulado es rentable e ideal para videos web, el doblaje mejora el compromiso del espectador, especialmente para formatos de alta resoluci\u00f3n y audiencias globales.<\/p>\r\n<p><strong>Cliente: Hadeed<\/strong><\/p>\r\n<div class=\"language-service-video\">\r\n    <div class=\"language-service-video-item\"><a href=\"\/media\/video\/EN-Hadeed.html\" target=\"_blank\" rel=\"noopener\"><img loading=\"lazy\" decoding=\"async\" src=\"https:\/\/www.verztec.com\/wp-content\/uploads\/2009\/08\/hadeed_Eng.gif\" alt=\"Project Hadeed \" width=\"140\" height=\"112\" border=\"0\" \/><\/a><p>Original &#8211; Ingl\u00e9s<\/p><\/div>\r\n    <div class=\"language-service-video-item\"><a href=\"\/media\/video\/CHI-Hadeed.html\" target=\"_blank\" rel=\"noopener\"><img loading=\"lazy\" decoding=\"async\" src=\"https:\/\/www.verztec.com\/wp-content\/uploads\/2009\/08\/hadeed_SC.gif\" alt=\"Project Hadeed\" width=\"140\" height=\"112\" border=\"0\" \/><\/a><p>Subt\u00edtulos en Chino<\/p><\/div>\r\n    <div class=\"language-service-video-item\"><a href=\"\/media\/video\/KR-Hadeed.html\" target=\"_blank\" rel=\"noopener\"><img loading=\"lazy\" decoding=\"async\" src=\"https:\/\/www.verztec.com\/wp-content\/uploads\/2009\/08\/hadeed_KR.gif\" alt=\"Project Hadeed\" width=\"140\" height=\"112\" border=\"0\" \/><\/a><p>Subt\u00edtulos en Coreano<\/p><\/div>\r\n<\/div>\r\n<p><strong>Cliente: ICSC<\/strong><\/p>\r\n<div class=\"language-service-video\">\r\n    <div class=\"language-service-video-item\"><a href=\"\/media\/video\/ICSC.html\" target=\"_blank\" rel=\"noopener\"> <img loading=\"lazy\" decoding=\"async\" src=\"https:\/\/www.verztec.com\/wp-content\/uploads\/2009\/08\/icsc_chi.gif\" alt=\"Project ICSC\" width=\"140\" height=\"117\" border=\"0\" \/><\/a><p>Subt\u00edtulos en Chino<\/p><\/div>\r\n<\/div>\r\n<p><strong>Cliente: IBM<\/strong><\/p>\r\n<div class=\"language-service-video\">\r\n    <div class=\"language-service-video-item\"><a href=\"\/media\/video\/IBM_jp.html\" target=\"_blank\" rel=\"noopener\"> <img loading=\"lazy\" decoding=\"async\" src=\"https:\/\/www.verztec.com\/wp-content\/uploads\/2009\/08\/ibm.jpg\" alt=\"Project IBM\" width=\"140\" height=\"117\" border=\"0\" \/><\/a><p>Subt\u00edtulos en Japon\u00e9s<\/p><\/div>\r\n    <div class=\"language-service-video-item\"><a href=\"\/media\/video\/IBM_chi.html\" target=\"_blank\" rel=\"noopener\"> <img loading=\"lazy\" decoding=\"async\" src=\"https:\/\/www.verztec.com\/wp-content\/uploads\/2009\/08\/ibm.jpg\" alt=\"Project IBM\" width=\"140\" height=\"117\" border=\"0\" \/><\/a><p>Subt\u00edtulos en Chino<\/p><\/div>\r\n    <div class=\"language-service-video-item\"><a href=\"\/media\/video\/IBM_de.html\" target=\"_blank\" rel=\"noopener\"> <img loading=\"lazy\" decoding=\"async\" src=\"https:\/\/www.verztec.com\/wp-content\/uploads\/2009\/08\/ibm.jpg\" alt=\"Project IBM\" width=\"140\" height=\"117\" border=\"0\" \/><\/a><p>Subt\u00edtulos en Alem\u00e1n<\/p><\/div>\r\n    <div class=\"language-service-video-item\"><a href=\"\/media\/video\/IBM_fr.html\" target=\"_blank\" rel=\"noopener\"> <img loading=\"lazy\" decoding=\"async\" src=\"https:\/\/www.verztec.com\/wp-content\/uploads\/2009\/08\/ibm.jpg\" alt=\"Project IBM\" width=\"140\" height=\"117\" border=\"0\" \/><\/a><p>Subt\u00edtulos en Franc\u00e9s<\/p><\/div>\r\n    <div class=\"language-service-video-item\"><a href=\"\/media\/video\/IBM_it.html\" target=\"_blank\" rel=\"noopener\"> <img loading=\"lazy\" decoding=\"async\" src=\"https:\/\/www.verztec.com\/wp-content\/uploads\/2009\/08\/ibm.jpg\" alt=\"Project IBM\" width=\"140\" height=\"117\" border=\"0\" \/><\/a><p>Subt\u00edtulos en Italiano<\/p><\/div>\r\n<\/div>\r\n<p><strong>Cliente: IHG<\/strong><\/p>\r\n<div class=\"language-service-video\">\r\n    <div class=\"language-service-video-item\"><a href=\"\/media\/video\/IHG_chi.html\" target=\"_blank\" rel=\"noopener\"> <img loading=\"lazy\" decoding=\"async\" src=\"https:\/\/www.verztec.com\/wp-content\/uploads\/2009\/08\/IHG.jpg\" alt=\"Project IHG\" width=\"140\" height=\"117\" border=\"0\" \/><\/a><p>Subt\u00edtulos en Chino<\/p><\/div>\r\n    <div class=\"language-service-video-item\"><a href=\"\/media\/video\/IHG_indo.html\" target=\"_blank\" rel=\"noopener\"> <img loading=\"lazy\" decoding=\"async\" src=\"https:\/\/www.verztec.com\/wp-content\/uploads\/2009\/08\/IHG.jpg\" alt=\"Project IHG\" width=\"140\" height=\"117\" border=\"0\" \/><\/a><p>Subt\u00edtulos en Indonesio<\/p><\/div>\r\n    <div class=\"language-service-video-item\"><a href=\"\/media\/video\/IHG_kr.html\" target=\"_blank\" rel=\"noopener\"> <img loading=\"lazy\" decoding=\"async\" src=\"https:\/\/www.verztec.com\/wp-content\/uploads\/2009\/08\/IHG.jpg\" alt=\"Project IHG\" width=\"140\" height=\"117\" border=\"0\" \/><\/a><p>Subt\u00edtulos en Coreano<\/p><\/div>\r\n    <div class=\"language-service-video-item\"><a href=\"\/media\/video\/IHG_jp.html\" target=\"_blank\" rel=\"noopener\"> <img loading=\"lazy\" decoding=\"async\" src=\"https:\/\/www.verztec.com\/wp-content\/uploads\/2009\/08\/IHG.jpg\" alt=\"Project IHG\" width=\"140\" height=\"117\" border=\"0\" \/><\/a><p>Subt\u00edtulos en Japon\u00e9s<\/p><\/div>\r\n    <div class=\"language-service-video-item\"><a href=\"\/media\/video\/IHG_malay.html\" target=\"_blank\" rel=\"noopener\"> <img loading=\"lazy\" decoding=\"async\" src=\"https:\/\/www.verztec.com\/wp-content\/uploads\/2009\/08\/IHG.jpg\" alt=\"Project IHG\" width=\"140\" height=\"117\" border=\"0\" \/><\/a><p>Subt\u00edtulos en Malayo<\/p><\/div>\r\n<\/div>\r\n<div class=\"language-service-video\">\r\n    <div class=\"language-service-video-item\"><a href=\"\/media\/video\/IHG_HongKong.html\" target=\"_blank\" rel=\"noopener\"> <img loading=\"lazy\" decoding=\"async\" src=\"https:\/\/www.verztec.com\/wp-content\/uploads\/2009\/08\/IHG.jpg\" alt=\"Project IHG\" width=\"140\" height=\"117\" border=\"0\" \/><\/a><p>Subt\u00edtulos en Canton\u00e9s (Hong Kong)<\/p><\/div>\r\n    <div class=\"language-service-video-item\"><a href=\"\/media\/video\/IHG_tagalog.html\" target=\"_blank\" rel=\"noopener\"> <img loading=\"lazy\" decoding=\"async\" src=\"https:\/\/www.verztec.com\/wp-content\/uploads\/2009\/08\/IHG.jpg\" alt=\"Project IHG\" width=\"140\" height=\"117\" border=\"0\" \/><\/a><p>Subt\u00edtulos en Tagalo<\/p><\/div>\r\n    <div class=\"language-service-video-item\"><a href=\"\/media\/video\/IHG_thai.html\" target=\"_blank\" rel=\"noopener\"> <img loading=\"lazy\" decoding=\"async\" src=\"https:\/\/www.verztec.com\/wp-content\/uploads\/2009\/08\/IHG.jpg\" alt=\"Project IHG\" width=\"140\" height=\"117\" border=\"0\" \/><\/a><p>Subt\u00edtulos en Tailand\u00e9s<\/p><\/div>\r\n    <div class=\"language-service-video-item\"><a href=\"\/media\/video\/IHG_taiwan.html\" target=\"_blank\" rel=\"noopener\"> <img loading=\"lazy\" decoding=\"async\" src=\"https:\/\/www.verztec.com\/wp-content\/uploads\/2009\/08\/IHG.jpg\" alt=\"Project IHG\" width=\"140\" height=\"117\" border=\"0\" \/><\/a><p>Subt\u00edtulos en Taiwan\u00e9s<\/p><\/div>\r\n    <div class=\"language-service-video-item\"><a href=\"\/media\/video\/IHG_Vietnamese.html\" target=\"_blank\" rel=\"noopener\"> <img loading=\"lazy\" decoding=\"async\" src=\"https:\/\/www.verztec.com\/wp-content\/uploads\/2009\/08\/IHG.jpg\" alt=\"Project IHG\" width=\"140\" height=\"117\" border=\"0\" \/><\/a><p>Subt\u00edtulos en Vietnamita<\/p><\/div>\r\n<\/div>\r\n<h4 class=\"title-normal\">Historias de \u00c9xito de Clientes<\/h4>\r\n<p>\u00danase a marcas l\u00edderes como Subway, IHG, IBM y Grayling que conf\u00edan en Verztec para sus necesidades de localizaci\u00f3n de videos. Experimente el valor de videos bien producidos que elevan la presencia y el impacto de su marca en cualquier mercado.<\/p>\r\n<br \/>\r\n<h3>Convi\u00e9rtase en Socio de Verztec<\/h3>\r\n<br \/>\r\n<p><strong>Lleve su estrategia de video global al siguiente nivel con la experiencia de Verztec en Localizaci\u00f3n y Subtitulado de Videos. Cont\u00e1ctenos hoy en <a href=\"mailto:enquiry@verztec.com\" target=\"_blank\" rel=\"noopener\">enquiry@verztec.com<\/a> para hablar sobre su proyecto y descubrir c\u00f3mo podemos ayudarle a informar, educar y comunicarse de manera efectiva a trav\u00e9s de idiomas y mercados.<\/strong><\/p>\r\n\r\n<hr style=\"margin-top: 20px; margin-bottom: 20px; border: 0; border-top: 1px solid #eee;\" \/>\n<p style=\"margin-bottom: 0;\">\n  <img decoding=\"async\" src=\"https:\/\/www.verztec.com\/wp-content\/images\/home\/more.png\" alt=\"\" \/>\n  &nbsp;<a href=\"https:\/\/www.verztec.com\/es\/language-services\/\" target=\"_blank\" rel=\"noopener\">Ver todos los &#8220;Servicios de idiomas&#8221;<\/a>\n<\/p>\r\n","protected":false},"excerpt":{"rendered":"<p>En la era digital actual, aprovechar los videos para comunicarse eficazmente con audiencias diversas es esencial para las empresas globales. Los videos captan la atenci\u00f3n, transmiten mensajes con impacto y&hellip;<\/p>\n","protected":false},"author":1,"featured_media":2018,"parent":0,"menu_order":18,"comment_status":"closed","ping_status":"closed","template":"","meta":{"footnotes":""},"class_list":["post-897","page","type-page","status-publish","has-post-thumbnail","hentry"],"_links":{"self":[{"href":"https:\/\/www.verztec.com\/wp-json\/wp\/v2\/pages\/897"}],"collection":[{"href":"https:\/\/www.verztec.com\/wp-json\/wp\/v2\/pages"}],"about":[{"href":"https:\/\/www.verztec.com\/wp-json\/wp\/v2\/types\/page"}],"author":[{"embeddable":true,"href":"https:\/\/www.verztec.com\/wp-json\/wp\/v2\/users\/1"}],"replies":[{"embeddable":true,"href":"https:\/\/www.verztec.com\/wp-json\/wp\/v2\/comments?post=897"}],"version-history":[{"count":6,"href":"https:\/\/www.verztec.com\/wp-json\/wp\/v2\/pages\/897\/revisions"}],"predecessor-version":[{"id":4002,"href":"https:\/\/www.verztec.com\/wp-json\/wp\/v2\/pages\/897\/revisions\/4002"}],"wp:featuredmedia":[{"embeddable":true,"href":"https:\/\/www.verztec.com\/wp-json\/wp\/v2\/media\/2018"}],"wp:attachment":[{"href":"https:\/\/www.verztec.com\/wp-json\/wp\/v2\/media?parent=897"}],"curies":[{"name":"wp","href":"https:\/\/api.w.org\/{rel}","templated":true}]}}