{"id":9,"date":"2009-06-15T02:30:27","date_gmt":"2009-06-15T02:30:27","guid":{"rendered":"http:\/\/staging.verztec.com\/verztec\/web-localization-and-testing\/"},"modified":"2025-01-22T01:52:37","modified_gmt":"2025-01-22T01:52:37","slug":"web-localization-and-testing","status":"publish","type":"page","link":"https:\/\/www.verztec.com\/web-localization-and-testing","title":{"rendered":"Localizaci\u00f3n de sitios web"},"content":{"rendered":"<div class=\"mobile_img\" style=\"float: right; margin-left: 5px;\"><img loading=\"lazy\" decoding=\"async\" class=\" size-full wp-image-8\" src=\"https:\/\/www.verztec.com\/wp-content\/uploads\/2009\/06\/quotesWLT.jpg\" alt=\"\" width=\"180\" height=\"346\" border=\"0\" srcset=\"https:\/\/www.verztec.com\/wp-content\/uploads\/2009\/06\/quotesWLT.jpg 180w, https:\/\/www.verztec.com\/wp-content\/uploads\/2009\/06\/quotesWLT-156x300.jpg 156w\" sizes=\"(max-width: 180px) 100vw, 180px\" \/><\/div>\r\n<p>En el mundo interconectado de hoy, establecer una fuerte presencia en l\u00ednea es crucial para las empresas que buscan llegar a una audiencia global. Los sitios web multiling\u00fces no solo ampl\u00edan su alcance en el mercado, sino que tambi\u00e9n transmiten credibilidad y accesibilidad a clientes internacionales.<\/p>\r\n<br \/>\r\n<h3>\u00bfPor qu\u00e9 elegir Verztec para la localizaci\u00f3n de su sitio web?<\/h3>\r\n<br \/>\r\n<p>Expandirse a nuevos mercados requiere m\u00e1s que simplemente traducir contenido. Exige experiencia en localizaci\u00f3n, tecnolog\u00eda web y dise\u00f1o para garantizar que su sitio web resuene eficazmente en diferentes contextos culturales.<\/p>\r\n<p>En Verztec, nos especializamos en servicios de localizaci\u00f3n de sitios web dise\u00f1ados para mejorar su presencia digital y fomentar el crecimiento empresarial. Colaboramos exclusivamente con ling\u00fcistas nativos locales que comprenden las sutilezas y preferencias culturales. Esto asegura que el contenido de su sitio web se lea de manera natural y aut\u00e9ntica en el idioma objetivo.<\/p>\r\n<p>Nuestro experimentado equipo de ingenieros web de localizaci\u00f3n maneja todos los aspectos del desarrollo de su portal web multiling\u00fce. Desde el dise\u00f1o inicial y la construcci\u00f3n hasta las pruebas, implementaci\u00f3n y mantenimiento, aplicamos metodolog\u00edas comprobadas para ofrecer sitios web robustos y f\u00e1ciles de usar.<\/p>\r\n<p>Mejore la visibilidad de su sitio web con contenido localizado optimizado para SEO. Integramos estrat\u00e9gicamente palabras clave meta para optimizar su sitio web en motores de b\u00fasqueda en idiomas extranjeros, garantizando altos rankings y un aumento en el tr\u00e1fico org\u00e1nico.<\/p>\r\n<br \/>\r\n<h3>Enfoque personalizado para la localizaci\u00f3n de sitios web<\/h3>\r\n<br \/>\r\n<p>A diferencia del contenido t\u00e9cnico o el marketing impreso, las traducciones de marketing web requieren una estrategia distinta. Verztec combina estrategias de contenido, estilo de redacci\u00f3n y rigurosos procesos de QA ling\u00fc\u00edstico para ofrecer contenido web atractivo y persuasivo que resuene con su audiencia global.<\/p>\r\n<br \/>\r\n<h3>Garant\u00eda de calidad y \u00e9xito del cliente<\/h3>\r\n<br \/>\r\n<p>Procesos de validaci\u00f3n rigurosos garantizan que su sitio web multiling\u00fce funcione a la perfecci\u00f3n. Realizamos pruebas detalladas despu\u00e9s de la localizaci\u00f3n para eliminar errores y asegurarnos de que todos los componentes, como gr\u00e1ficos, elementos ling\u00fc\u00edsticos y scripts, est\u00e9n integrados de manera impecable.<\/p>\r\n<p>\u00danase a las principales marcas que conf\u00edan en Verztec para sus necesidades de localizaci\u00f3n de sitios web. Nuestros clientes se benefician de un mayor compromiso del usuario, mayores conversiones y una ventaja competitiva en los mercados globales.<\/p>\r\n<br \/>\r\n<h3>Convi\u00e9rtase en socio de Verztec<\/h3>\r\n<br \/>\r\n<p><strong>Transforme su sitio web en una poderosa herramienta de marketing global con los servicios de localizaci\u00f3n de sitios web de Verztec. Cont\u00e1ctenos hoy en <a href=\"mailto:enquiry@verztec.com\" target=\"_blank\" rel=\"noopener\">enquiry@verztec.com<\/a> para discutir su proyecto y descubrir c\u00f3mo podemos ayudarlo a lograr una comunicaci\u00f3n fluida a trav\u00e9s de idiomas y culturas.<\/strong><\/p>\r\n\r\n<hr style=\"margin-top: 20px; margin-bottom: 20px; border: 0; border-top: 1px solid #eee;\" \/>\n<p style=\"margin-bottom: 0;\">\n  <img decoding=\"async\" src=\"https:\/\/www.verztec.com\/wp-content\/images\/home\/more.png\" alt=\"\" \/>\n  &nbsp;<a href=\"https:\/\/www.verztec.com\/es\/language-services\/\" target=\"_blank\" rel=\"noopener\">Ver todos los &#8220;Servicios de idiomas&#8221;<\/a>\n<\/p>\r\n","protected":false},"excerpt":{"rendered":"<p>En el mundo interconectado de hoy, establecer una fuerte presencia en l\u00ednea es crucial para las empresas que buscan llegar a una audiencia global. Los sitios web multiling\u00fces no solo&hellip;<\/p>\n","protected":false},"author":1,"featured_media":2018,"parent":0,"menu_order":13,"comment_status":"closed","ping_status":"closed","template":"","meta":{"footnotes":""},"class_list":["post-9","page","type-page","status-publish","has-post-thumbnail","hentry"],"_links":{"self":[{"href":"https:\/\/www.verztec.com\/wp-json\/wp\/v2\/pages\/9"}],"collection":[{"href":"https:\/\/www.verztec.com\/wp-json\/wp\/v2\/pages"}],"about":[{"href":"https:\/\/www.verztec.com\/wp-json\/wp\/v2\/types\/page"}],"author":[{"embeddable":true,"href":"https:\/\/www.verztec.com\/wp-json\/wp\/v2\/users\/1"}],"replies":[{"embeddable":true,"href":"https:\/\/www.verztec.com\/wp-json\/wp\/v2\/comments?post=9"}],"version-history":[{"count":3,"href":"https:\/\/www.verztec.com\/wp-json\/wp\/v2\/pages\/9\/revisions"}],"predecessor-version":[{"id":4003,"href":"https:\/\/www.verztec.com\/wp-json\/wp\/v2\/pages\/9\/revisions\/4003"}],"wp:featuredmedia":[{"embeddable":true,"href":"https:\/\/www.verztec.com\/wp-json\/wp\/v2\/media\/2018"}],"wp:attachment":[{"href":"https:\/\/www.verztec.com\/wp-json\/wp\/v2\/media?parent=9"}],"curies":[{"name":"wp","href":"https:\/\/api.w.org\/{rel}","templated":true}]}}