{"id":900,"date":"2009-08-03T09:32:16","date_gmt":"2009-08-03T09:32:16","guid":{"rendered":"http:\/\/staging.verztec.com\/verztec\/message-from-our-ceo\/"},"modified":"2025-01-22T00:54:57","modified_gmt":"2025-01-22T00:54:57","slug":"message-from-our-ceo","status":"publish","type":"page","link":"https:\/\/www.verztec.com\/message-from-our-ceo","title":{"rendered":"Mensaje de nuestro CEO del Grupo"},"content":{"rendered":"\r\n<style>.wp-block-image img {padding: 30px;}<\/style>\r\n\r\n\r\n<div class=\"wp-block-image\">\r\n<figure class=\"alignright nicholas\"><img loading=\"lazy\" decoding=\"async\" width=\"320\" height=\"480\" src=\"https:\/\/www.verztec.com\/wp-content\/uploads\/2009\/08\/ceo-1.jpg\" alt=\"Sr. Nicholas Goh, CEO\" class=\"wp-image-898\" title=\"Sr. Nicholas Goh, CEO\" srcset=\"https:\/\/www.verztec.com\/wp-content\/uploads\/2009\/08\/ceo-1.jpg 320w, https:\/\/www.verztec.com\/wp-content\/uploads\/2009\/08\/ceo-1-200x300.jpg 200w\" sizes=\"(max-width: 320px) 100vw, 320px\" \/><\/figure><\/div>\r\n\r\n\r\n<p>Hola, soy Nicholas Goh, CEO del Grupo Verztec, y estoy encantado de que se tome el tiempo para explorar nuestro sitio web.<\/p>\r\n\r\n\r\n\r\n<p>En primer lugar, me gustar\u00eda agradecer a Dios por Su gracia, que nos ha tra\u00eddo hasta aqu\u00ed. A lo largo de los a\u00f1os, hemos tenido el privilegio de ayudar a muchas empresas a mejorar su desempe\u00f1o mediante soluciones digitales innovadoras para programas de formaci\u00f3n regionales y globales. Ha sido un verdadero honor contribuir a su crecimiento global. Muchos de nuestros clientes conf\u00edan en nosotros para digitalizar y mantener sus programas internos de formaci\u00f3n, incluidos la incorporaci\u00f3n de personal, la gesti\u00f3n de riesgos y cumplimiento, la ciberseguridad y m\u00e1s. Nuestros servicios gestionados les permiten implementar y gestionar estos programas de manera fluida, ya sea como soluciones totalmente digitales o h\u00edbridas, en m\u00faltiples regiones.<\/p>\r\n\r\n\r\n\r\n<p>Desde nuestros humildes comienzos en el a\u00f1o 2000, Verztec ha crecido hasta convertirse en un l\u00edder en soluciones de aprendizaje y ling\u00fc\u00edsticas de alta calidad. Nuestro enfoque principal siempre ha sido empoderar a personas talentosas para que ofrezcan un trabajo excepcional que constantemente supere las expectativas de los clientes.<\/p>\r\n\r\n\r\n\r\n<p>Como empresa comprometida con la innovaci\u00f3n continua, nos complace ofrecer una amplia gama de soluciones asistidas por IA, incluidas la traducci\u00f3n, la transcripci\u00f3n y los servicios de locuci\u00f3n en m\u00e1s de 100 idiomas. Estos servicios impulsados por IA mejoran los activos digitales de nuestros clientes en marketing y formaci\u00f3n, proporcionando tanto eficiencia como ahorro de costos. Sin embargo, entendemos que la IA por s\u00ed sola no siempre puede capturar los matices necesarios para garantizar una calidad impecable. Por eso combinamos soluciones de IA con la supervisi\u00f3n humana: nuestros equipos profesionales realizan revisiones y ediciones exhaustivas para garantizar los mejores resultados. Esta combinaci\u00f3n de IA y experiencia humana nos permite ofrecer servicios excepcionales mientras mantenemos los costos controlados para nuestros clientes.<\/p>\r\n\r\n\r\n\r\n<p>En Verztec, nuestra misi\u00f3n es apoyar a empresas como la suya en su crecimiento y mejorar su desempe\u00f1o en mercados internacionales mediante el aprendizaje digital y servicios ling\u00fc\u00edsticos efectivos. Entendemos la importancia de entregar soluciones precisas, puntuales y rentables. Con m\u00e1s de 10,000 traductores nativos calificados en m\u00e1s de 50 pa\u00edses, aseguramos que sus mensajes se localicen para que se lean como contenido original, revisados y editados minuciosamente, sin importar d\u00f3nde se encuentre su audiencia.<\/p>\r\n\r\n\r\n\r\n<p>Tambi\u00e9n estamos profundamente agradecidos con los miembros del personal dedicados que se han unido a nosotros a lo largo de los a\u00f1os. Su compromiso y arduo trabajo les han brindado experiencias valiosas, ayud\u00e1ndolos a crecer tanto profesional como personalmente, y a avanzar en sus carreras. Nos enorgullece ofrecerles una plataforma donde puedan prosperar.<\/p>\r\n\r\n\r\n\r\n<p>Adem\u00e1s, Verztec es una plataforma que Dios est\u00e1 utilizando para conectar a las personas, acercar culturas y facilitar los negocios internacionales. Estamos agradecidos por los muchos asociados comerciales con los que hemos tenido el privilegio de conectarnos, ayud\u00e1ndoles a formar alianzas y avanzar en sus negocios de formas que no hab\u00edan anticipado.<\/p>\r\n\r\n\r\n\r\n<p>Nuestra visi\u00f3n es ser un socio global de clase mundial reconocido por su consultor\u00eda de calidad y soluciones integrales. Trabajamos de manera colaborativa con nuestros clientes, arremang\u00e1ndonos para ofrecer el mejor valor posible. Esta dedicaci\u00f3n nos ha ganado la confianza de nuestros clientes, como lo demuestra el negocio recurrente de clientes satisfechos.<\/p>\r\n\r\n\r\n\r\n<p>Nos enorgullecen nuestros s\u00f3lidos valores corporativos, que nos han permitido prosperar incluso en tiempos desafiantes. La calidad, la integridad y el compromiso con la excelencia est\u00e1n en el centro de todo lo que hacemos. Nuestro \u00e9xito se basa en una cultura que valora la entrega de un trabajo de alta calidad, respaldada por la infraestructura y experiencia que hemos desarrollado a lo largo de los a\u00f1os. Trabajar con Verztec significa recibir atenci\u00f3n personalizada para sus proyectos de principio a fin. Nos comprometemos a entender sus necesidades y ayudarle a navegar las tendencias y desaf\u00edos del mercado. Nuestros clientes valoran nuestro enfoque centrado en el cliente y el equilibrio de ser lo suficientemente grandes para satisfacer diversas necesidades, pero lo suficientemente cercanos para preocuparse genuinamente por su negocio.<\/p>\r\n\r\n\r\n\r\n<p>Le invito a explorar nuestro sitio web para conocer m\u00e1s sobre nosotros. Gracias nuevamente por su inter\u00e9s. Esperamos tener la oportunidad de colaborar con usted pronto.<\/p>\r\n\r\n\r\n\r\n<p><strong>Atentamente,<\/strong><br>Nicholas Goh<br><\/p>\r\n\r\n\r\n","protected":false},"excerpt":{"rendered":"<p>Hola, soy Nicholas Goh, CEO del Grupo Verztec, y estoy encantado de que se tome el tiempo para explorar nuestro sitio web. En primer lugar, me gustar\u00eda agradecer a Dios&hellip;<\/p>\n","protected":false},"author":1,"featured_media":2024,"parent":0,"menu_order":20,"comment_status":"closed","ping_status":"closed","template":"","meta":{"footnotes":""},"class_list":["post-900","page","type-page","status-publish","has-post-thumbnail","hentry"],"_links":{"self":[{"href":"https:\/\/www.verztec.com\/wp-json\/wp\/v2\/pages\/900"}],"collection":[{"href":"https:\/\/www.verztec.com\/wp-json\/wp\/v2\/pages"}],"about":[{"href":"https:\/\/www.verztec.com\/wp-json\/wp\/v2\/types\/page"}],"author":[{"embeddable":true,"href":"https:\/\/www.verztec.com\/wp-json\/wp\/v2\/users\/1"}],"replies":[{"embeddable":true,"href":"https:\/\/www.verztec.com\/wp-json\/wp\/v2\/comments?post=900"}],"version-history":[{"count":7,"href":"https:\/\/www.verztec.com\/wp-json\/wp\/v2\/pages\/900\/revisions"}],"predecessor-version":[{"id":3994,"href":"https:\/\/www.verztec.com\/wp-json\/wp\/v2\/pages\/900\/revisions\/3994"}],"wp:featuredmedia":[{"embeddable":true,"href":"https:\/\/www.verztec.com\/wp-json\/wp\/v2\/media\/2024"}],"wp:attachment":[{"href":"https:\/\/www.verztec.com\/wp-json\/wp\/v2\/media?parent=900"}],"curies":[{"name":"wp","href":"https:\/\/api.w.org\/{rel}","templated":true}]}}