{"id":1432,"date":"2009-08-07T09:12:51","date_gmt":"2009-08-07T09:12:51","guid":{"rendered":"http:\/\/staging.verztec.com\/verztec\/sitemap\/"},"modified":"2024-12-16T07:04:14","modified_gmt":"2024-12-16T07:04:14","slug":"sitemap","status":"publish","type":"page","link":"https:\/\/www.verztec.com\/sitemap","title":{"rendered":"Plan du site"},"content":{"rendered":"\r\n<h4>Entreprise<\/h4>\r\n<ul class=\"sitemap-wrapper\">\r\n    <li class=\"sitemap-inner-wrapper\">\r\n        <img decoding=\"async\" src=\"https:\/\/www.verztec.com\/wp-content\/uploads\/2024\/10\/1_AboutUs-150x150.png\" \/>\r\n        <a href=\"index.php\/about-us\">\u00c0 propos de nous<\/a>\r\n    <\/li>\r\n    <li class=\"sitemap-inner-wrapper\">\r\n        <img decoding=\"async\" src=\"https:\/\/www.verztec.com\/wp-content\/uploads\/2024\/10\/2_Leadership-150x150.png\" \/>\r\n        <a href=\"index.php\/verztec-leadership\">Notre \u00c9quipe de Direction<\/a>\r\n    <\/li>\r\n    <li class=\"sitemap-inner-wrapper\">\r\n        <img decoding=\"async\" src=\"https:\/\/www.verztec.com\/wp-content\/uploads\/2024\/10\/3_OfficialAPEC-150x150.png\" \/>\r\n        <a href=\"index.php\/official-apec-translation-partner\">Partenaire officiel de traduction de l&#8217;APEC<\/a>\r\n    <\/li>\r\n    <li class=\"sitemap-inner-wrapper\">\r\n        <img decoding=\"async\" src=\"https:\/\/www.verztec.com\/wp-content\/uploads\/2024\/10\/4_CorporateCulture-150x150.png\" \/>\r\n        <a href=\"index.php\/our-corporate-culture\">Notre Culture d&#8217;Entreprise<\/a>\r\n    <\/li>\r\n    <li class=\"sitemap-inner-wrapper\">\r\n        <img decoding=\"async\" src=\"https:\/\/www.verztec.com\/wp-content\/uploads\/2024\/10\/5_MessageFromCEO-150x150.png\" \/>\r\n        <a href=\"index.php\/message-from-our-ceo\">Message de notre PDG de Groupe<\/a>\r\n    <\/li>\r\n    <li class=\"sitemap-inner-wrapper\">\r\n        <img decoding=\"async\" src=\"https:\/\/www.verztec.com\/wp-content\/uploads\/2024\/10\/6_ISO9001-150x150.png\" \/>\r\n        <a href=\"index.php\/iso-90012015\">ISO 9001:2015<\/a>\r\n    <\/li>\r\n    <li class=\"sitemap-inner-wrapper\">\r\n        <img decoding=\"async\" src=\"https:\/\/www.verztec.com\/wp-content\/uploads\/2024\/10\/7_BizSAFE-150x150.png\" \/>\r\n        <a href=\"index.php\/bizsafe-compliant\">Conformit\u00e9 BizSAFE<\/a>\r\n    <\/li>\r\n    <li class=\"sitemap-inner-wrapper\">\r\n        <img decoding=\"async\" src=\"https:\/\/www.verztec.com\/wp-content\/uploads\/2024\/10\/8_BusinessIndustry-150x150.png\" \/>\r\n        <a href=\"index.php\/industry-associations\">Associations professionnelles et industrielles<\/a>\r\n    <\/li>\r\n    <li class=\"sitemap-inner-wrapper\">\r\n        <img decoding=\"async\" src=\"https:\/\/www.verztec.com\/wp-content\/uploads\/2024\/10\/9_CustomerPromise-150x150.png\" \/>\r\n        <a href=\"index.php\/customer-promise\">Notre Promesse \u00e0 nos Clients<\/a>\r\n    <\/li>\r\n    <li class=\"sitemap-inner-wrapper\">\r\n        <img decoding=\"async\" src=\"https:\/\/www.verztec.com\/wp-content\/uploads\/2024\/10\/10_InvestorRelations-150x150.png\" \/>\r\n        <a href=\"index.php\/investors\">Relations avec les Investisseurs<\/a>\r\n    <\/li>\r\n    <li class=\"sitemap-inner-wrapper\">\r\n        <img decoding=\"async\" src=\"https:\/\/www.verztec.com\/wp-content\/uploads\/2024\/10\/11_Exhbitions-150x150.png\" \/>\r\n        <a href=\"index.php\/exhibitions-and-conferences\">Expositions et conf\u00e9rences<\/a>\r\n    <\/li>\r\n    <li class=\"sitemap-inner-wrapper\">\r\n        <img decoding=\"async\" src=\"https:\/\/www.verztec.com\/wp-content\/uploads\/2024\/10\/Media_Release-150x150.png\" \/>\r\n        <a href=\"index.php\/media-release\">Communiqu\u00e9 de Presse<\/a>\r\n    <\/li>\r\n    <li class=\"sitemap-inner-wrapper\">\r\n        <img decoding=\"async\" src=\"https:\/\/www.verztec.com\/wp-content\/uploads\/2024\/10\/13_News-150x150.png\" \/>\r\n        <a href=\"index.php\/news-and-event-1\">Actualit\u00e9s et \u00c9v\u00e9nements<\/a>\r\n    <\/li>\r\n<\/ul>\r\n<br \/>\r\n<h4>Objectif social<\/h4>\r\n<ul class=\"sitemap-wrapper\">\r\n    <li class=\"sitemap-inner-wrapper\">\r\n        <img decoding=\"async\" src=\"https:\/\/www.verztec.com\/wp-content\/uploads\/2024\/10\/1_Commitment-150x150.png\" \/>\r\n        <a href=\"index.php\/social-responsibility\">Notre engagement en mati\u00e8re de RSE (Responsabilit\u00e9 Soci\u00e9tale des Entreprises)<\/a>\r\n    <\/li>\r\n    <li class=\"sitemap-inner-wrapper\">\r\n        <img decoding=\"async\" src=\"https:\/\/www.verztec.com\/wp-content\/uploads\/2024\/10\/2_Charity-150x150.png\" \/>\r\n        <a href=\"index.php\/our-charity-partnerships\">Nos partenariats caritatifs<\/a>\r\n    <\/li>\r\n    <li class=\"sitemap-inner-wrapper\">\r\n        <img decoding=\"async\" src=\"https:\/\/www.verztec.com\/wp-content\/uploads\/2024\/10\/3_Community-150x150.png\" \/>\r\n        <a href=\"index.php\/our-community-involvements\">Nos engagements communautaires<\/a>\r\n    <\/li>\r\n<\/ul>\r\n<br \/>\r\n<h4>Services<\/h4>\r\n<ul class=\"sitemap-wrapper\">\r\n    <li class=\"sitemap-inner-wrapper\">\r\n        <img decoding=\"async\" src=\"https:\/\/www.verztec.com\/wp-content\/uploads\/2024\/10\/1_DigitalLearning-150x150.png\" \/>\r\n        <a href=\"index.php\/digital-learning\">Apprentissage Num\u00e9rique<\/a>\r\n    <\/li>\r\n    <li class=\"sitemap-inner-wrapper\">\r\n        <img decoding=\"async\" src=\"https:\/\/www.verztec.com\/wp-content\/uploads\/2024\/10\/2_Language-150x150.png\" \/>\r\n        <a href=\"index.php\/language-services\">Services Linguistiques<\/a>\r\n    <\/li>\r\n    <li class=\"sitemap-inner-wrapper\">\r\n        <img decoding=\"async\" src=\"https:\/\/www.verztec.com\/wp-content\/uploads\/2024\/10\/3_GlobalCreative-150x150.png\" \/>\r\n        <a href=\"index.php\/design\">Conception Cr\u00e9ative Mondiale<\/a>\r\n    <\/li>\r\n<\/ul>\r\n<br \/>\r\n<h4>Industries<\/h4>\r\n<ul class=\"sitemap-wrapper\">\r\n    <li class=\"sitemap-inner-wrapper\">\r\n        <img decoding=\"async\" src=\"https:\/\/www.verztec.com\/wp-content\/uploads\/2024\/10\/1_DigitalMarketing-150x150.png\" \/>\r\n        <a href=\"index.php\/advertising\">Marketing Digital &amp; Publicit\u00e9<\/a>\r\n    <\/li>\r\n    <li class=\"sitemap-inner-wrapper\">\r\n        <img decoding=\"async\" src=\"https:\/\/www.verztec.com\/wp-content\/uploads\/2024\/10\/2_Areospace-150x150.png\" \/>\r\n        <a href=\"index.php\/aerospace-and-defense\">A\u00e9rospatiale et D\u00e9fense<\/a>\r\n    <\/li>\r\n    <li class=\"sitemap-inner-wrapper\">\r\n        <img decoding=\"async\" src=\"https:\/\/www.verztec.com\/wp-content\/uploads\/2024\/10\/3_Automotive-150x150.png\" \/>\r\n        <a href=\"index.php\/automotive\">Automobile<\/a>\r\n    <\/li>\r\n    <li class=\"sitemap-inner-wrapper\">\r\n        <img decoding=\"async\" src=\"https:\/\/www.verztec.com\/wp-content\/uploads\/2024\/10\/4_Banking-150x150.png\" \/>\r\n        <a href=\"index.php\/banking-and-finance\">Banque et Finance<\/a>\r\n    <\/li>\r\n    <li class=\"sitemap-inner-wrapper\">\r\n        <img decoding=\"async\" src=\"https:\/\/www.verztec.com\/wp-content\/uploads\/2024\/10\/5_Blockchain-150x150.png\" \/>\r\n        <a href=\"index.php\/blockchain-industry-and-start-ups\">Blockchain et Startup<\/a>\r\n    <\/li>\r\n    <li class=\"sitemap-inner-wrapper\">\r\n        <img decoding=\"async\" src=\"https:\/\/www.verztec.com\/wp-content\/uploads\/2024\/10\/6_Pharma-150x150.png\" \/>\r\n        <a href=\"index.php\/healthcare-and-pharmaceuticals\">Pharmaceutique et Sant\u00e9<\/a>\r\n    <\/li>\r\n    <li class=\"sitemap-inner-wrapper\">\r\n        <img decoding=\"async\" src=\"https:\/\/www.verztec.com\/wp-content\/uploads\/2024\/10\/7_Education-150x150.png\" \/>\r\n        <a href=\"index.php\/education\">\u00c9ducation<\/a>\r\n    <\/li>\r\n    <li class=\"sitemap-inner-wrapper\">\r\n        <img decoding=\"async\" src=\"https:\/\/www.verztec.com\/wp-content\/uploads\/2024\/10\/8_Electronics-150x150.png\" \/>\r\n        <a href=\"index.php\/electronics\">\u00c9lectronique<\/a>\r\n    <\/li>\r\n    <li class=\"sitemap-inner-wrapper\">\r\n        <img decoding=\"async\" src=\"https:\/\/www.verztec.com\/wp-content\/uploads\/2024\/10\/9_Energy-150x150.png\" \/>\r\n        <a href=\"index.php\/energy\">\u00c9nergie et Mines<\/a>\r\n    <\/li>\r\n    <li class=\"sitemap-inner-wrapper\">\r\n        <img decoding=\"async\" src=\"https:\/\/www.verztec.com\/wp-content\/uploads\/2024\/10\/10_Government-150x150.png\" \/>\r\n        <a href=\"index.php\/government\">Gouvernement<\/a>\r\n    <\/li>\r\n    <li class=\"sitemap-inner-wrapper\">\r\n        <img decoding=\"async\" src=\"https:\/\/www.verztec.com\/wp-content\/uploads\/2024\/10\/11_Legal-150x150.png\" \/>\r\n        <a href=\"index.php\/legal\">L\u00e9gal<\/a>\r\n    <\/li>\r\n    <li class=\"sitemap-inner-wrapper\">\r\n        <img decoding=\"async\" src=\"https:\/\/www.verztec.com\/wp-content\/uploads\/2024\/10\/12_Medical-150x150.png\" \/>\r\n        <a href=\"index.php\/medical-a-life-sciences\">Dispositifs m\u00e9dicaux<\/a>\r\n    <\/li>\r\n    <li class=\"sitemap-inner-wrapper\">\r\n        <img decoding=\"async\" src=\"https:\/\/www.verztec.com\/wp-content\/uploads\/2024\/10\/13_LifeScience-150x150.png\" \/>\r\n        <a href=\"index.php\/life-sciences\">Sciences de la vie<\/a>\r\n    <\/li>\r\n    <li class=\"sitemap-inner-wrapper\">\r\n        <img decoding=\"async\" src=\"https:\/\/www.verztec.com\/wp-content\/uploads\/2024\/10\/14_Manufacturing-150x150.png\" \/>\r\n        <a href=\"index.php\/manufacturing\">Fabrication<\/a>\r\n    <\/li>\r\n    <li class=\"sitemap-inner-wrapper\">\r\n        <img decoding=\"async\" src=\"https:\/\/www.verztec.com\/wp-content\/uploads\/2024\/10\/15_Petrol-150x150.png\" \/>\r\n        <a href=\"index.php\/petroleum-and-chemicals\">P\u00e9trole et Chimie<\/a>\r\n    <\/li>\r\n    <li class=\"sitemap-inner-wrapper\">\r\n        <img decoding=\"async\" src=\"https:\/\/www.verztec.com\/wp-content\/uploads\/2024\/10\/16_Travel-150x150.png\" \/>\r\n        <a href=\"index.php\/travel-and-hospitality\">Voyage et H\u00f4tellerie<\/a>\r\n    <\/li>\r\n    <li class=\"sitemap-inner-wrapper\">\r\n        <img decoding=\"async\" src=\"https:\/\/www.verztec.com\/wp-content\/uploads\/2024\/10\/17_Tech-150x150.png\" \/>\r\n        <a href=\"index.php\/technology\">Technologie<\/a>\r\n    <\/li>\r\n    <li class=\"sitemap-inner-wrapper\">\r\n        <img decoding=\"async\" src=\"https:\/\/www.verztec.com\/wp-content\/uploads\/2024\/10\/18_Retail-150x150.png\" \/>\r\n        <a href=\"index.php\/retail-e-commerce\">Commerce de d\u00e9tail et E-Commerce<\/a>\r\n    <\/li>\r\n    <li class=\"sitemap-inner-wrapper\">\r\n        <img decoding=\"async\" src=\"https:\/\/www.verztec.com\/wp-content\/uploads\/2024\/10\/21_NonProfit-150x150.png\" \/>\r\n        <a href=\"index.php\/non-profit-agencies\">Organismes \u00e0 but non lucratif<\/a>\r\n    <\/li>\r\n    <li class=\"sitemap-inner-wrapper\">\r\n        <img decoding=\"async\" src=\"https:\/\/www.verztec.com\/wp-content\/uploads\/2024\/10\/22_Food-150x150.png\" \/>\r\n        <a href=\"index.php\/food-beverage\">Alimentation et Boissons<\/a>\r\n    <\/li>\r\n    <li class=\"sitemap-inner-wrapper\">\r\n        <img decoding=\"async\" src=\"https:\/\/www.verztec.com\/wp-content\/uploads\/2024\/10\/19_Gaming-150x150.png\" \/>\r\n        <a href=\"index.php\/gaming\">Jeux vid\u00e9o<\/a>\r\n    <\/li>\r\n    <li class=\"sitemap-inner-wrapper\">\r\n        <img decoding=\"async\" src=\"https:\/\/www.verztec.com\/wp-content\/uploads\/2024\/10\/20_Entertainment-150x150.png\" \/>\r\n        <a href=\"index.php\/entertainment\">Divertissement<\/a>\r\n    <\/li>\r\n<\/ul>\r\n<br \/>\r\n<h4>Avantages<\/h4>\r\n<ul class=\"sitemap-wrapper\">\r\n    <li class=\"sitemap-inner-wrapper\">\r\n        <img decoding=\"async\" src=\"https:\/\/www.verztec.com\/wp-content\/uploads\/2024\/10\/1_Why-150x150.png\" \/>\r\n        <a href=\"index.php\/why-verztec\">Pourquoi choisir Verztec ?<\/a>\r\n    <\/li>\r\n    <li class=\"sitemap-inner-wrapper\">\r\n        <img decoding=\"async\" src=\"https:\/\/www.verztec.com\/wp-content\/uploads\/2024\/10\/2_ProjectManagement-150x150.png\" \/>\r\n        <a href=\"index.php\/project-management\">Gestion de projet<\/a>\r\n    <\/li>\r\n    <li class=\"sitemap-inner-wrapper\">\r\n        <img decoding=\"async\" src=\"https:\/\/www.verztec.com\/wp-content\/uploads\/2024\/10\/3_Vendor-150x150.png\" \/>\r\n        <a href=\"index.php\/vendor-management\">Gestion des fournisseurs<\/a>\r\n    <\/li>\r\n    <li class=\"sitemap-inner-wrapper\">\r\n        <img decoding=\"async\" src=\"https:\/\/www.verztec.com\/wp-content\/uploads\/2024\/10\/4_OnDemand-150x150.png\" \/>\r\n        <a href=\"index.php\/on-demand-scalability\">\u00c9volutivit\u00e9 \u00e0 la demande<\/a>\r\n    <\/li>\r\n    <li class=\"sitemap-inner-wrapper\">\r\n        <img decoding=\"async\" src=\"https:\/\/www.verztec.com\/wp-content\/uploads\/2024\/10\/5_Flexibility-150x150.png\" \/>\r\n        <a href=\"index.php\/flexibility\">Flexibilit\u00e9<\/a>\r\n    <\/li>\r\n    <li class=\"sitemap-inner-wrapper\">\r\n        <img decoding=\"async\" src=\"https:\/\/www.verztec.com\/wp-content\/uploads\/2024\/10\/6_Transparency-150x150.png\" \/>\r\n        <a href=\"index.php\/transparency-integrity\">Transparence et int\u00e9grit\u00e9<\/a>\r\n    <\/li>\r\n    <li class=\"sitemap-inner-wrapper\">\r\n        <img decoding=\"async\" src=\"https:\/\/www.verztec.com\/wp-content\/uploads\/2024\/10\/7_Quality-150x150.png\" \/>\r\n        <a href=\"index.php\/quality-assurance\">Assurance qualit\u00e9<\/a>\r\n    <\/li>\r\n    <li class=\"sitemap-inner-wrapper\">\r\n        <img decoding=\"async\" src=\"https:\/\/www.verztec.com\/wp-content\/uploads\/2024\/10\/8_Confidentiality-150x150.png\" \/>\r\n        <a href=\"index.php\/confidentiality\">Confidentialit\u00e9<\/a>\r\n    <\/li>\r\n<\/ul>\r\n<br \/>\r\n<h4>Histoires de r\u00e9ussite<\/h4>\r\n<ul class=\"sitemap-wrapper\">\r\n    <li class=\"sitemap-inner-wrapper\">\r\n        <img decoding=\"async\" src=\"https:\/\/www.verztec.com\/wp-content\/uploads\/2024\/10\/1_OurAwards-150x150.png\" \/>\r\n        <a href=\"index.php\/our-awards\">Nos prix et distinctions<\/a>\r\n    <\/li>\r\n    <li class=\"sitemap-inner-wrapper\">\r\n        <img decoding=\"async\" src=\"https:\/\/www.verztec.com\/wp-content\/uploads\/2024\/10\/2_NotablePast-150x150.png\" \/>\r\n        <a href=\"index.php\/photo-gallery\">Projets d\u2019interpr\u00e9tation notables pass\u00e9s<\/a>\r\n    <\/li>\r\n    <li class=\"sitemap-inner-wrapper\">\r\n        <img decoding=\"async\" src=\"https:\/\/www.verztec.com\/wp-content\/uploads\/2024\/10\/3_OurValuedClients-150x150.png\" \/>\r\n        <a href=\"index.php\/clients\">Nos clients pr\u00e9cieux<\/a>\r\n    <\/li>\r\n    <li class=\"sitemap-inner-wrapper\">\r\n        <img decoding=\"async\" src=\"https:\/\/www.verztec.com\/wp-content\/uploads\/2024\/10\/4_ClientTestimonials-150x150.png\" \/>\r\n        <a href=\"index.php\/testimonials\">T\u00e9moignages des Clients<\/a>\r\n    <\/li>\r\n    <li class=\"sitemap-inner-wrapper\">\r\n        <img decoding=\"async\" src=\"https:\/\/www.verztec.com\/wp-content\/uploads\/2024\/10\/5_ClientReference-150x150.png\" \/>\r\n        <a href=\"index.php\/client-reference-videos\">Vid\u00e9os de r\u00e9f\u00e9rence client<\/a>\r\n    <\/li>\r\n<\/ul>\r\n<br \/>\r\n<a class=\"main-link\" href=\"index.php\/faq\">Foire aux questions<\/a>\r\n<br \/>\r\n<a class=\"main-link\" href=\"index.php\/e-quote\">Devis \u00e9lectronique<\/a>\r\n<br \/>\r\n<br \/>\r\n<h4>Contactez-nous<\/h4>\r\n<ul class=\"sitemap-wrapper\">\r\n    <li class=\"sitemap-inner-wrapper\">\r\n        <img decoding=\"async\" src=\"https:\/\/www.verztec.com\/wp-content\/uploads\/2024\/10\/1_OurLocations-150x150.png\" \/>\r\n        <a href=\"index.php\/contact-us\">Nos emplacements<\/a>\r\n    <\/li>\r\n    <li class=\"sitemap-inner-wrapper\">\r\n        <img decoding=\"async\" src=\"https:\/\/www.verztec.com\/wp-content\/uploads\/2024\/10\/2_BeOurPartner-150x150.png\" \/>\r\n        <a href=\"index.php\/partner\">Devenez notre partenaire<\/a>\r\n    <\/li>\r\n    <li class=\"sitemap-inner-wrapper\">\r\n        <img decoding=\"async\" src=\"https:\/\/www.verztec.com\/wp-content\/uploads\/2024\/10\/3_Employment-150x150.png\" \/>\r\n        <a href=\"index.php\/employment-opportunities\">Opportunit\u00e9s d&#8217;emploi<\/a>\r\n    <\/li>\r\n    <li class=\"sitemap-inner-wrapper\">\r\n        <img decoding=\"async\" src=\"https:\/\/www.verztec.com\/wp-content\/uploads\/2024\/10\/4_WhyJoin-150x150.png\" \/>\r\n        <a href=\"index.php\/why-join-us\">Pourquoi rejoindre notre \u00e9quipe ?<\/a>\r\n    <\/li>\r\n<\/ul>\r\n","protected":false},"excerpt":{"rendered":"<p>Entreprise \u00c0 propos de nous Notre \u00c9quipe de Direction Partenaire officiel de traduction de l&#8217;APEC Notre Culture d&#8217;Entreprise Message de notre PDG de Groupe ISO 9001:2015 Conformit\u00e9 BizSAFE Associations professionnelles&hellip;<\/p>\n","protected":false},"author":1,"featured_media":2033,"parent":0,"menu_order":9,"comment_status":"closed","ping_status":"closed","template":"","meta":{"footnotes":""},"class_list":["post-1432","page","type-page","status-publish","has-post-thumbnail","hentry"],"_links":{"self":[{"href":"https:\/\/www.verztec.com\/wp-json\/wp\/v2\/pages\/1432"}],"collection":[{"href":"https:\/\/www.verztec.com\/wp-json\/wp\/v2\/pages"}],"about":[{"href":"https:\/\/www.verztec.com\/wp-json\/wp\/v2\/types\/page"}],"author":[{"embeddable":true,"href":"https:\/\/www.verztec.com\/wp-json\/wp\/v2\/users\/1"}],"replies":[{"embeddable":true,"href":"https:\/\/www.verztec.com\/wp-json\/wp\/v2\/comments?post=1432"}],"version-history":[{"count":13,"href":"https:\/\/www.verztec.com\/wp-json\/wp\/v2\/pages\/1432\/revisions"}],"predecessor-version":[{"id":3631,"href":"https:\/\/www.verztec.com\/wp-json\/wp\/v2\/pages\/1432\/revisions\/3631"}],"wp:featuredmedia":[{"embeddable":true,"href":"https:\/\/www.verztec.com\/wp-json\/wp\/v2\/media\/2033"}],"wp:attachment":[{"href":"https:\/\/www.verztec.com\/wp-json\/wp\/v2\/media?parent=1432"}],"curies":[{"name":"wp","href":"https:\/\/api.w.org\/{rel}","templated":true}]}}