{"id":1436,"date":"2009-11-18T11:06:23","date_gmt":"2009-11-18T11:06:23","guid":{"rendered":"http:\/\/staging.verztec.com\/verztec\/why-verztec\/"},"modified":"2024-10-02T01:34:17","modified_gmt":"2024-10-02T01:34:17","slug":"why-verztec","status":"publish","type":"page","link":"https:\/\/www.verztec.com\/why-verztec","title":{"rendered":"Pourquoi choisir Verztec ?"},"content":{"rendered":"<h3 class=\"title-normal\">Pourquoi choisir Verztec comme votre partenaire global pr\u00e9f\u00e9r\u00e9 ? Voici 10 raisons :<\/h3>\n<p><strong>(1) Expertise en apprentissage num\u00e9rique :<\/strong><\/p>\n<p>Verztec excelle dans les solutions d&#8217;apprentissage num\u00e9rique, offrant des plateformes LMS personnalisables, des contenus de formation sous licence pr\u00eats \u00e0 l&#8217;emploi et des services de num\u00e9risation eLearning adapt\u00e9s aux programmes de formation internes de divers secteurs.<\/p>\n<p><strong>(2) eLearning multilingue :<\/strong><\/p>\n<p>Nous sommes sp\u00e9cialis\u00e9s dans la traduction et la localisation de contenus eLearning en plusieurs langues, garantissant l&#8217;accessibilit\u00e9 et l&#8217;efficacit\u00e9 mondiale de vos supports de formation.<\/p>\n<p><strong>(3) Suite de services compl\u00e8te :<\/strong><\/p>\n<p>De la traduction et transcription \u00e0 l&#8217;interpr\u00e9tation sur site, la publication assist\u00e9e par ordinateur, les voix-off et la localisation web\/multim\u00e9dia, Verztec offre un \u00e9ventail complet de services li\u00e9s aux langues.<\/p>\n<p><strong>(4) Certification ISO 9001 :<\/strong><\/p>\n<p>En tant qu&#8217;entreprise certifi\u00e9e ISO 9001, nous maintenons des normes de qualit\u00e9 rigoureuses pour offrir des r\u00e9sultats coh\u00e9rents et de haute qualit\u00e9, r\u00e9pondant aux besoins des organisations internationales.<\/p>\n<p><strong>(5) Talents linguistiques de premier ordre :<\/strong><\/p>\n<p>Nos traducteurs, s\u00e9lectionn\u00e9s pour leur expertise et leurs connaissances sp\u00e9cifiques \u00e0 chaque secteur, assurent des traductions pr\u00e9cises et culturellement adapt\u00e9es qui r\u00e9sonnent aupr\u00e8s de publics vari\u00e9s \u00e0 travers le monde.<\/p>\n<p><strong>(6) Gestion avanc\u00e9e des prestataires :<\/strong><\/p>\n<p>Gr\u00e2ce \u00e0 un syst\u00e8me de gestion des prestataires robuste, nous \u00e9valuons rigoureusement et surveillons en permanence la performance de nos linguistes, garantissant une qualit\u00e9 et une fiabilit\u00e9 exceptionnelles.<\/p>\n<p><strong>(7) Coh\u00e9rence terminologique :<\/strong><\/p>\n<p>Avec des logiciels propri\u00e9taires, nous garantissons la pr\u00e9cision des termes et des pr\u00e9f\u00e9rences stylistiques sur tous les projets, renfor\u00e7ant la clart\u00e9 et la coh\u00e9rence de vos communications globales.<\/p>\n<p><strong>(8) Partenariat \u00e0 long terme :<\/strong><\/p>\n<p>Verztec s&#8217;engage \u00e0 \u00e9tablir des relations durables avec ses clients, offrant un soutien continu et s&#8217;appuyant sur notre r\u00e9seau mondial d&#8217;experts linguistiques et techniques.<\/p>\n<p><strong>(9) Confidentialit\u00e9 et s\u00e9curit\u00e9 :<\/strong><\/p>\n<p>Nous priorisons la confidentialit\u00e9 et la s\u00e9curit\u00e9 de vos donn\u00e9es, en assurant le respect strict des droits de propri\u00e9t\u00e9 intellectuelle et des r\u00e9glementations en mati\u00e8re de confidentialit\u00e9.<\/p>\n<p><strong>(10) Gestion de projet transparente :<\/strong><\/p>\n<p>Avec un engagement envers la transparence et l&#8217;int\u00e9grit\u00e9, Verztec offre une visibilit\u00e9 compl\u00e8te sur l&#8217;\u00e9tat des projets, les probl\u00e8mes et les pr\u00e9visions tout au long de notre collaboration.<\/p>\n<p>Collaborez avec Verztec d\u00e8s aujourd&#8217;hui pour exploiter notre expertise en solutions d&#8217;apprentissage num\u00e9rique et en services linguistiques complets. Contactez-nous \u00e0 <a href=\"mailto:enquiry@verztec.com\">enquiry@verztec.com<\/a> pour discuter de la mani\u00e8re dont nous pouvons r\u00e9pondre efficacement \u00e0 vos besoins en mati\u00e8re de communication et de formation \u00e0 l&#8217;\u00e9chelle mondiale.<\/p>\n","protected":false},"excerpt":{"rendered":"<p>Pourquoi choisir Verztec comme votre partenaire global pr\u00e9f\u00e9r\u00e9 ? Voici 10 raisons : (1) Expertise en apprentissage num\u00e9rique : Verztec excelle dans les solutions d&#8217;apprentissage num\u00e9rique, offrant des plateformes LMS&hellip;<\/p>\n","protected":false},"author":1,"featured_media":2031,"parent":0,"menu_order":1,"comment_status":"closed","ping_status":"closed","template":"","meta":{"footnotes":""},"class_list":["post-1436","page","type-page","status-publish","has-post-thumbnail","hentry"],"_links":{"self":[{"href":"https:\/\/www.verztec.com\/wp-json\/wp\/v2\/pages\/1436"}],"collection":[{"href":"https:\/\/www.verztec.com\/wp-json\/wp\/v2\/pages"}],"about":[{"href":"https:\/\/www.verztec.com\/wp-json\/wp\/v2\/types\/page"}],"author":[{"embeddable":true,"href":"https:\/\/www.verztec.com\/wp-json\/wp\/v2\/users\/1"}],"replies":[{"embeddable":true,"href":"https:\/\/www.verztec.com\/wp-json\/wp\/v2\/comments?post=1436"}],"version-history":[{"count":1,"href":"https:\/\/www.verztec.com\/wp-json\/wp\/v2\/pages\/1436\/revisions"}],"predecessor-version":[{"id":2032,"href":"https:\/\/www.verztec.com\/wp-json\/wp\/v2\/pages\/1436\/revisions\/2032"}],"wp:featuredmedia":[{"embeddable":true,"href":"https:\/\/www.verztec.com\/wp-json\/wp\/v2\/media\/2031"}],"wp:attachment":[{"href":"https:\/\/www.verztec.com\/wp-json\/wp\/v2\/media?parent=1436"}],"curies":[{"name":"wp","href":"https:\/\/api.w.org\/{rel}","templated":true}]}}