{"id":1439,"date":"2010-02-08T08:55:48","date_gmt":"2010-02-08T08:55:48","guid":{"rendered":"http:\/\/staging.verztec.com\/verztec\/automotive\/"},"modified":"2025-02-03T08:28:43","modified_gmt":"2025-02-03T08:28:43","slug":"automotive","status":"publish","type":"page","link":"https:\/\/www.verztec.com\/automotive","title":{"rendered":"Automobile"},"content":{"rendered":"<p>L&#8217;industrie automobile \u00e9volue rapidement, int\u00e9grant de nouvelles technologies telles que les v\u00e9hicules \u00e9lectriques (VE) et le gaz naturel comprim\u00e9 (GNC) pour am\u00e9liorer les performances et r\u00e9duire l&#8217;empreinte carbone, tout en am\u00e9liorant les normes de s\u00e9curit\u00e9.<\/p>\r\n<p>Rester en t\u00eate dans le secteur automobile n\u00e9cessite une innovation continue pour r\u00e9pondre aux diverses demandes des march\u00e9s et aux pr\u00e9f\u00e9rences des consommateurs \u00e0 travers le monde. Comment cr\u00e9er des produits exceptionnels qui r\u00e9sonnent dans diff\u00e9rentes r\u00e9gions ? La localisation est la cl\u00e9.<\/p>\r\n<p>Verztec se sp\u00e9cialise dans la localisation de manuels techniques, de manuels d&#8217;utilisateur, de brochures marketing et de contenus web pour diverses r\u00e9gions, distinguant ainsi votre marque sur les march\u00e9s mondiaux comp\u00e9titifs. Nos outils avanc\u00e9s de m\u00e9moire de traduction et nos experts du secteur automobile garantissent une gestion pr\u00e9cise de la terminologie et du jargon sp\u00e9cifique \u00e0 l&#8217;industrie, en maintenant la coh\u00e9rence et la clart\u00e9.<\/p>\r\n<p>Les capacit\u00e9s de Verztec couvrent une gamme compl\u00e8te de documents essentiels pour l&#8217;industrie automobile, y compris les campagnes de vente et de marketing, les brochures de gamme de produits, les supports de formation en vente\/service client, les manuels techniques, les bulletins diagnostiques, les garanties et les syst\u00e8mes CRM des concessionnaires.<\/p>\r\n<p>Au-del\u00e0 de la localisation traditionnelle, Verztec soutient les entreprises automobiles dans les initiatives d&#8217;apprentissage num\u00e9rique. Nous excellons dans la conversion de programmes de formation en modules en ligne et le d\u00e9ploiement de syst\u00e8mes de gestion de l&#8217;apprentissage (LMS) pour une mise en \u0153uvre efficace de la formation r\u00e9gionale ou mondiale. Que vous ayez besoin d&#8217;une traduction de documents minutieuse ou de solutions d&#8217;apprentissage num\u00e9rique innovantes, Verztec offre une source flexible et tout-en-un pour vos besoins dans l&#8217;industrie automobile.<\/p>\r\n<p>Notre engagement envers la qualit\u00e9 et la pertinence culturelle garantit que votre contenu r\u00e9sonne efficacement sur les march\u00e9s internationaux, facilitant une entr\u00e9e sur le march\u00e9 sans heurts et une excellence op\u00e9rationnelle.<\/p>\r\n<p>D\u00e9couvrez comment Verztec peut renforcer votre strat\u00e9gie mondiale dans l&#8217;industrie automobile. Contactez-nous aujourd&#8217;hui pour explorer notre gamme compl\u00e8te de services et solutions innovantes.<\/p>\r\n\r\n<hr style=\"margin-top: 20px; margin-bottom: 20px; border: 0; border-top: 1px solid #eee;\" \/>\n<p style=\"margin-bottom: 0;\"><a href=\"https:\/\/www.verztec.com\/fr\/testimonials\/\" target=\"_blank\" rel=\"noopener\">T\u00e9moignages de clients<\/a> &nbsp; : D\u00e9couvrez ce que nos clients disent de nous !<\/p>\n<p><a href=\"https:\/\/www.verztec.com\/fr\/clients\/\" target=\"_blank\" rel=\"noopener\">Nos Clients Pr\u00e9cieux<\/a> &nbsp; : Consultez la liste de nos clients estim\u00e9s.<\/p>\n\r\n","protected":false},"excerpt":{"rendered":"<p>L&#8217;industrie automobile \u00e9volue rapidement, int\u00e9grant de nouvelles technologies telles que les v\u00e9hicules \u00e9lectriques (VE) et le gaz naturel comprim\u00e9 (GNC) pour am\u00e9liorer les performances et r\u00e9duire l&#8217;empreinte carbone, tout en&hellip;<\/p>\n","protected":false},"author":1,"featured_media":4027,"parent":0,"menu_order":22,"comment_status":"closed","ping_status":"closed","template":"","meta":{"footnotes":""},"class_list":["post-1439","page","type-page","status-publish","has-post-thumbnail","hentry"],"_links":{"self":[{"href":"https:\/\/www.verztec.com\/wp-json\/wp\/v2\/pages\/1439"}],"collection":[{"href":"https:\/\/www.verztec.com\/wp-json\/wp\/v2\/pages"}],"about":[{"href":"https:\/\/www.verztec.com\/wp-json\/wp\/v2\/types\/page"}],"author":[{"embeddable":true,"href":"https:\/\/www.verztec.com\/wp-json\/wp\/v2\/users\/1"}],"replies":[{"embeddable":true,"href":"https:\/\/www.verztec.com\/wp-json\/wp\/v2\/comments?post=1439"}],"version-history":[{"count":3,"href":"https:\/\/www.verztec.com\/wp-json\/wp\/v2\/pages\/1439\/revisions"}],"predecessor-version":[{"id":3151,"href":"https:\/\/www.verztec.com\/wp-json\/wp\/v2\/pages\/1439\/revisions\/3151"}],"wp:featuredmedia":[{"embeddable":true,"href":"https:\/\/www.verztec.com\/wp-json\/wp\/v2\/media\/4027"}],"wp:attachment":[{"href":"https:\/\/www.verztec.com\/wp-json\/wp\/v2\/media?parent=1439"}],"curies":[{"name":"wp","href":"https:\/\/api.w.org\/{rel}","templated":true}]}}