{"id":1440,"date":"2010-02-08T08:59:02","date_gmt":"2010-02-08T08:59:02","guid":{"rendered":"http:\/\/staging.verztec.com\/verztec\/travel-and-hospitality\/"},"modified":"2025-02-03T08:31:07","modified_gmt":"2025-02-03T08:31:07","slug":"travel-and-hospitality","status":"publish","type":"page","link":"https:\/\/www.verztec.com\/travel-and-hospitality","title":{"rendered":"Voyage et H\u00f4tellerie"},"content":{"rendered":"<p>L&#8217;industrie du voyage et de l&#8217;h\u00f4tellerie est un pilier du commerce mondial, servant de lien vital entre les personnes et les cultures \u00e0 travers le monde. Des stations baln\u00e9aires de luxe aux h\u00e9bergements \u00e9conomiques, des compagnies a\u00e9riennes internationales aux op\u00e9rateurs de circuits locaux, cette industrie dynamique r\u00e9pond aux pr\u00e9f\u00e9rences et aux demandes vari\u00e9es des voyageurs.<\/p>\r\n<p>\u00c0 mesure que les voyages mondiaux continuent de cro\u00eetre, la n\u00e9cessit\u00e9 d&#8217;une communication efficace \u00e0 travers les barri\u00e8res linguistiques et culturelles devient de plus en plus importante. Les entreprises de voyage et d&#8217;h\u00f4tellerie doivent offrir des exp\u00e9riences sans faille \u00e0 leurs invit\u00e9s venus de diff\u00e9rents coins du monde, en s&#8217;assurant que leurs messages r\u00e9sonnent authentiquement aupr\u00e8s de chaque public.<\/p>\r\n<p>Dans ce paysage concurrentiel, les entreprises de ce secteur exploitent les technologies avanc\u00e9es et des strat\u00e9gies marketing innovantes pour rester en t\u00eate. Beaucoup d&#8217;entre elles s&#8217;\u00e9tendent vers de nouveaux march\u00e9s internationaux, n\u00e9cessitant l&#8217;adaptation des supports marketing et des documents op\u00e9rationnels aux langues et aux coutumes locales.<\/p>\r\n<p>Verztec se sp\u00e9cialise dans la fourniture de solutions de traduction et de localisation compl\u00e8tes adapt\u00e9es \u00e0 l&#8217;industrie du voyage et de l&#8217;h\u00f4tellerie. Notre \u00e9quipe de traducteurs exp\u00e9riment\u00e9s et d&#8217;experts en localisation garantit que vos contenus sont traduits de mani\u00e8re pr\u00e9cise et culturellement adapt\u00e9s pour am\u00e9liorer la satisfaction des invit\u00e9s et la fid\u00e9lit\u00e9 \u00e0 la marque sur les march\u00e9s mondiaux.<\/p>\r\n<p>Les capacit\u00e9s de Verztec couvrent un large \u00e9ventail de documents cl\u00e9s pour l&#8217;industrie du voyage et de l&#8217;h\u00f4tellerie :<\/p>\r\n<ul>\r\n<li><b>Brochures d&#8217;h\u00f4tels et de stations baln\u00e9aires<\/b><\/li>\r\n<li><b>Guides de voyage et informations sur les destinations<\/b><\/li>\r\n<li><b>Plateformes de r\u00e9servation et syst\u00e8mes de r\u00e9servations<\/b><\/li>\r\n<li><b>Services aux invit\u00e9s et commodit\u00e9s<\/b><\/li>\r\n<li><b>Campagnes marketing (impression, num\u00e9rique, r\u00e9seaux sociaux)<\/b><\/li>\r\n<li><b>Mat\u00e9riel pour \u00e9v\u00e9nements et conf\u00e9rences<\/b><\/li>\r\n<li><b>Manuels de formation pour le personnel<\/b><\/li>\r\n<li><b>Communications d&#8217;entreprise<\/b><\/li>\r\n<li><b>Localisation de sites Web<\/b><\/li>\r\n<li><b>Support client multilingue<\/b><\/li>\r\n<\/ul>\r\n<p>En plus des services de traduction traditionnels, Verztec propose des solutions d&#8217;apprentissage num\u00e9rique avanc\u00e9es adapt\u00e9es aux besoins sp\u00e9cifiques du secteur du voyage et de l&#8217;h\u00f4tellerie. Ces solutions facilitent la formation du personnel, am\u00e9liorent la prestation des services clients et assurent une communication coh\u00e9rente de la marque \u00e0 travers diff\u00e9rentes op\u00e9rations mondiales.<\/p>\r\n<p>Partenaire avec Verztec pour optimiser vos strat\u00e9gies de communication mondiales, am\u00e9liorer l&#8217;exp\u00e9rience des invit\u00e9s et atteindre l&#8217;excellence op\u00e9rationnelle dans l&#8217;industrie du voyage et de l&#8217;h\u00f4tellerie. Contactez-nous d\u00e8s aujourd&#8217;hui pour d\u00e9couvrir comment nos services sp\u00e9cialis\u00e9s peuvent soutenir la croissance et le succ\u00e8s de votre entreprise \u00e0 l&#8217;\u00e9chelle mondiale.<\/p>\r\n\r\n<hr style=\"margin-top: 20px; margin-bottom: 20px; border: 0; border-top: 1px solid #eee;\" \/>\n<p style=\"margin-bottom: 0;\"><a href=\"https:\/\/www.verztec.com\/fr\/testimonials\/\" target=\"_blank\" rel=\"noopener\">T\u00e9moignages de clients<\/a> &nbsp; : D\u00e9couvrez ce que nos clients disent de nous !<\/p>\n<p><a href=\"https:\/\/www.verztec.com\/fr\/clients\/\" target=\"_blank\" rel=\"noopener\">Nos Clients Pr\u00e9cieux<\/a> &nbsp; : Consultez la liste de nos clients estim\u00e9s.<\/p>\n\r\n","protected":false},"excerpt":{"rendered":"<p>L&#8217;industrie du voyage et de l&#8217;h\u00f4tellerie est un pilier du commerce mondial, servant de lien vital entre les personnes et les cultures \u00e0 travers le monde. Des stations baln\u00e9aires de&hellip;<\/p>\n","protected":false},"author":1,"featured_media":4027,"parent":0,"menu_order":21,"comment_status":"closed","ping_status":"closed","template":"","meta":{"footnotes":""},"class_list":["post-1440","page","type-page","status-publish","has-post-thumbnail","hentry"],"_links":{"self":[{"href":"https:\/\/www.verztec.com\/wp-json\/wp\/v2\/pages\/1440"}],"collection":[{"href":"https:\/\/www.verztec.com\/wp-json\/wp\/v2\/pages"}],"about":[{"href":"https:\/\/www.verztec.com\/wp-json\/wp\/v2\/types\/page"}],"author":[{"embeddable":true,"href":"https:\/\/www.verztec.com\/wp-json\/wp\/v2\/users\/1"}],"replies":[{"embeddable":true,"href":"https:\/\/www.verztec.com\/wp-json\/wp\/v2\/comments?post=1440"}],"version-history":[{"count":2,"href":"https:\/\/www.verztec.com\/wp-json\/wp\/v2\/pages\/1440\/revisions"}],"predecessor-version":[{"id":2872,"href":"https:\/\/www.verztec.com\/wp-json\/wp\/v2\/pages\/1440\/revisions\/2872"}],"wp:featuredmedia":[{"embeddable":true,"href":"https:\/\/www.verztec.com\/wp-json\/wp\/v2\/media\/4027"}],"wp:attachment":[{"href":"https:\/\/www.verztec.com\/wp-json\/wp\/v2\/media?parent=1440"}],"curies":[{"name":"wp","href":"https:\/\/api.w.org\/{rel}","templated":true}]}}