{"id":1465,"date":"2010-08-26T06:25:52","date_gmt":"2010-08-26T06:25:52","guid":{"rendered":"http:\/\/staging.verztec.com\/verztec\/verztec-leadership\/"},"modified":"2025-01-14T01:23:13","modified_gmt":"2025-01-14T01:23:13","slug":"verztec-leadership","status":"publish","type":"page","link":"https:\/\/www.verztec.com\/verztec-leadership","title":{"rendered":"Notre \u00c9quipe de Direction"},"content":{"rendered":"\r\n<div class=\"page-header clearfix\">\r\n<p>Notre \u00e9quipe de direction est compos\u00e9e de professionnels accomplis avec une grande exp\u00e9rience et une passion pour l&#8217;excellence. Gr\u00e2ce \u00e0 leurs divers parcours et expertises, ils apportent une perspective unique \u00e0 notre organisation et nous guident vers le succ\u00e8s.<\/p>\r\n<p>Ils s&#8217;engagent \u00e0 offrir un service exceptionnel, \u00e0 favoriser l&#8217;innovation et \u00e0 avoir un impact positif sur nos clients et nos communaut\u00e9s. Nous sommes fiers de les avoir \u00e0 la t\u00eate de notre organisation, nous menant vers de nouveaux sommets de r\u00e9ussite. Rencontrez notre \u00e9quipe de direction et d\u00e9couvrez comment leur expertise peut b\u00e9n\u00e9ficier \u00e0 votre entreprise.<\/p>\r\n<\/div>\r\n\r\n\r\n\r\n<div class=\"leader-wrapper\">\r\n<div class=\"lead_container2\">\r\n<figure><img loading=\"lazy\" decoding=\"async\" class=\"size-full wp-image-1452\" title=\"Nicholas Goh, Group CEO\" src=\"https:\/\/www.verztec.com\/wp-content\/uploads\/2010\/08\/nicholas.jpg\" alt=\"\" width=\"112\" height=\"145\" border=\"0\"><\/figure>\r\n<div class=\"lead_image\"><\/div>\r\n<div class=\"lead_profile\">\r\n<h3 class=\"title-normal\">Nicholas Goh<br>PDG du Groupe<\/h3>\r\n<div><a class=\"openDetail\" href=\"#\">En savoir plus<\/a><\/div>\r\n<div class=\"lead_detail\" style=\"display: none;\">\r\n<p>Nicholas a fond\u00e9 Verztec en l&#8217;an 2000, transformant l&#8217;entreprise d&#8217;une \u00e9quipe de trois personnes en une organisation internationale.<\/p>\r\n<p>Nicholas travaille en \u00e9troite collaboration avec l&#8217;\u00e9quipe Verztec \u00e0 l&#8217;\u00e9chelle mondiale pour aider les clients \u00e0 d\u00e9finir et \u00e0 atteindre leurs objectifs en mati\u00e8re de technologie de communication multilingue. Ensemble, ils pr\u00e9sentent aux clients actuels et potentiels l&#8217;ensemble des services propos\u00e9s par Verztec. Avant de cr\u00e9er Verztec, Nicholas a occup\u00e9 des postes techniques et de gestion dans plusieurs multinationales et a offert des services de conseil en informatique et en affaires \u00e0 titre externe.<\/p>\r\n<p>Nicholas est titulaire d&#8217;un dipl\u00f4me avec mention en informatique avec gestion de l&#8217;Universit\u00e9 de Bradford, Royaume-Uni, et il est passionn\u00e9 par les cultures, les langues \u00e9trang\u00e8res et la technologie.<\/p>\r\n<p>Nicholas a dirig\u00e9 Verztec pour remporter plusieurs prix d&#8217;entreprise. Il a re\u00e7u le prix Spirit of Enterprise en 2010, le prix Asie-Pacifique de l&#8217;entrepreneuriat dans la cat\u00e9gorie exceptionnelle, ainsi que le prix de l&#8217;Entrepreneur de l&#8217;ann\u00e9e (EYA) en 2014 dans la cat\u00e9gorie Entrepreneur \u00e9tabli avec des m\u00e9rites sp\u00e9ciaux pour la contribution sociale.<\/p>\r\n<p>Actuellement, Nicholas est pr\u00e9sident de la Life Community Services Society (LCSS), membre du conseil d&#8217;administration du comit\u00e9 de la tour Sim Lim, membre du comit\u00e9 des finances du National Volunteer &#038; Philanthropy Center (NVPC), membre du conseil de la Workforce Advancement Federation (WAF) et membre du conseil de la Global Cultural Alliance (GCA).<\/p>\r\n<p>Les fonctions pr\u00e9c\u00e9demment occup\u00e9es par Nicholas incluent membre du conseil d&#8217;administration et vice-pr\u00e9sident du Spirit of Enterprise (2010-2015), pr\u00e9sident du SEP pour Spirit of Enterprise, membre du comit\u00e9 d&#8217;organisation des ASME Singapore Prestige Brand Awards (2015) et membre du conseil de l&#8217;IYAE (International Young Artist Exchange).<\/p>\r\n<\/div>\r\n<\/div>\r\n<\/div>\r\n\r\n\r\n\r\n<div class=\"lead_container2\">\r\n<figure><img loading=\"lazy\" decoding=\"async\" class=\"size-full wp-image-1453\" title=\"Jenny Woon, Chief Operating Officer\" src=\"https:\/\/www.verztec.com\/wp-content\/uploads\/2010\/08\/jenny.jpg\" alt=\"\" width=\"112\" height=\"145\" border=\"0\"><\/figure>\r\n<div class=\"lead_image\"><\/div>\r\n<div class=\"lead_profile\">\r\n<h3 class=\"title-normal\">Jenny Woon<br>Directrice des op\u00e9rations<\/h3>\r\n<div><a class=\"openDetail\" href=\"#\">En savoir plus<\/a><\/div>\r\n<div class=\"lead_detail\" style=\"display: none;\">\r\n<p>Jenny supervise toutes les fonctions financi\u00e8res, de ressources humaines et op\u00e9rationnelles des bureaux de Verztec. Elle dirige \u00e9galement le comit\u00e9 de pilotage ISO chez Verztec pour s&#8217;assurer que tous les processus et politiques de qualit\u00e9 sont conformes aux normes ISO 9001:2015. En outre, elle et son \u00e9quipe ont mis en \u0153uvre diverses technologies dans l&#8217;entreprise pour garantir que les processus de flux de travail soient fluides, efficaces et que les donn\u00e9es soient facilement r\u00e9cup\u00e9rables et archiv\u00e9es.<\/p>\r\n<p>Avant de rejoindre Verztec, Jenny a travaill\u00e9 comme consultante dans plusieurs entreprises technologiques internationales et poss\u00e8de de nombreuses ann\u00e9es d&#8217;exp\u00e9rience dans la gestion de projets de localisation.<\/p>\r\n<p>Jenny est titulaire d&#8217;un baccalaur\u00e9at en informatique de l&#8217;Universit\u00e9 nationale de Singapour.<\/p>\r\n<\/div>\r\n<\/div>\r\n<\/div>\r\n\r\n\r\n\r\n<div class=\"lead_container2\">\r\n<figure><img loading=\"lazy\" decoding=\"async\" class=\"size-full wp-image-1454\" title=\"Irene Pounder, Senior Operations Manager\" src=\"https:\/\/www.verztec.com\/wp-content\/uploads\/2010\/08\/irene.jpg\" alt=\"\" width=\"112\" height=\"145\" border=\"0\"><\/figure>\r\n<div class=\"lead_image\"><\/div>\r\n<div class=\"lead_profile\">\r\n<h3 class=\"title-normal\">Irene Pounder<br>Responsable des op\u00e9rations senior<\/h3>\r\n<div><a class=\"openDetail\" href=\"#\">En savoir plus<\/a><\/div>\r\n<div class=\"lead_detail\" style=\"display: none;\">\r\n<p>Irene administre et veille \u00e0 ce que les politiques de ressources humaines soient respect\u00e9es chez Verztec. En tant qu&#8217;organisation ax\u00e9e sur la qualit\u00e9, Irene a pour r\u00f4le important de garantir que les proc\u00e9dures de qualit\u00e9 conformes \u00e0 la norme ISO 9001:2015 soient efficacement appliqu\u00e9es dans tous les d\u00e9partements.<\/p>\r\n<p>Avant de rejoindre Verztec, Irene a travaill\u00e9 dans le sourcing mondial aux c\u00f4t\u00e9s du directeur mondial du sourcing d&#8217;une entreprise norv\u00e9gienne. Elle est particuli\u00e8rement fi\u00e8re d&#8217;avoir aid\u00e9 l&#8217;entreprise \u00e0 r\u00e9aliser des \u00e9conomies de co\u00fbts d&#8217;environ 5 millions USD par an gr\u00e2ce \u00e0 un travail d&#8217;\u00e9quipe. Les ann\u00e9es d&#8217;exp\u00e9rience d&#8217;Irene dans de nombreuses entreprises internationales lui ont permis de mieux comprendre comment les diff\u00e9rentes cultures et origines influencent les modes de travail.<\/p>\r\n<p>Irene est titulaire d&#8217;un baccalaur\u00e9at en commerce international de l&#8217;Universit\u00e9 Griffith, \u00e0 Brisbane, en Australie.<\/p>\r\n<\/div>\r\n<\/div>\r\n<\/div>\r\n<\/div>\r\n\r\n\r\n\r\n<div style=\"clear: both; border-bottom: 1px solid #eee; margin-bottom: 40px;\">&nbsp;<\/div>\r\n\r\n\r\n\r\n<div class=\"leader-wrapper\">\r\n<div class=\"lead_container2\">\r\n<figure><img loading=\"lazy\" decoding=\"async\" class=\" size-full wp-image-1455\" title=\"E-Lynn Tan, Director, Project Management\" src=\"https:\/\/www.verztec.com\/wp-content\/uploads\/2010\/08\/elynn.jpg\" alt=\"\" width=\"112\" height=\"145\" border=\"0\"><\/figure><div class=\"lead_image\"><\/div>\r\n<div class=\"lead_profile\">\r\n<h3 class=\"title-normal\">E-Lynn Tan<br>Directrice, Gestion de Projets<\/h3>\r\n<div><a class=\"openDetail\" href=\"#\">En savoir plus<\/a><\/div>\r\n<div class=\"lead_detail\" style=\"display: none;\">\r\n<p>E-Lynn est la Directrice Adjointe de l&#8217;\u00e9quipe de gestion de projets de Verztec. Elle inspire son \u00e9quipe \u00e0 fournir un service impeccable et des projets d&#8217;une qualit\u00e9 constante.<\/p>\r\n<p>Sa compr\u00e9hension approfondie des proc\u00e9dures de gestion de projets lui permet de collaborer \u00e9troitement avec l&#8217;\u00e9quipe de direction pour mettre en \u0153uvre des processus qui am\u00e9liorent consid\u00e9rablement l&#8217;efficacit\u00e9 globale de l&#8217;\u00e9quipe et la qualit\u00e9 des livrables.<\/p>\r\n<p>E-Lynn est \u00e9galement responsable de l&#8217;assurance qualit\u00e9 globale des projets et veille \u00e0 ce que les communications avec les clients restent transparentes et efficaces en tout temps.<\/p>\r\n<p>Elle est titulaire d&#8217;un dipl\u00f4me en Informatique (Commerce) de l&#8217;Universit\u00e9 Nationale de Singapour.<\/p>\r\n<\/div>\r\n<\/div>\r\n<\/div>\r\n\r\n\r\n\r\n<div class=\"lead_container2\">\r\n<figure><img loading=\"lazy\" decoding=\"async\" class=\" size-full wp-image-1456\" title=\"Karen Bunger, Vice President, Localization and Client Account Management, USA\" src=\"https:\/\/www.verztec.com\/wp-content\/uploads\/2010\/08\/karen.jpg\" alt=\"\" width=\"112\" height=\"145\" border=\"0\"><\/figure><div class=\"lead_image\"><\/div>\r\n<div class=\"lead_profile\">\r\n<h3 class=\"title-normal\">Karen Bunger<br>Vice-pr\u00e9sidente, Localisation et Gestion des Comptes Clients, USA<\/h3>\r\n<div><a class=\"openDetail\" href=\"#\">En savoir plus<\/a><\/div>\r\n<div class=\"lead_detail\" style=\"display: none;\">\r\n<p>Karen est responsable de la gestion de projets, du d\u00e9veloppement commercial et des relations clients aux \u00c9tats-Unis.<\/p>\r\n<p>Karen est une professionnelle chevronn\u00e9e de la gestion de projets avec une vaste exp\u00e9rience dans les industries de la localisation et de l&#8217;e-learning. En tant que directrice de projets, elle est responsable de la gestion des \u00e9quipes de projet, de la prestation de services et de l&#8217;administration pour divers clients. Pour les projets qui lui sont assign\u00e9s, elle est le principal contact client et est responsable de la livraison d&#8217;un projet de haute qualit\u00e9 dans les d\u00e9lais et dans le budget. Karen travaille en \u00e9troite collaboration avec les clients et prospects pour identifier leurs besoins sp\u00e9cifiques en mati\u00e8re de localisation et leurs objectifs industriels.<\/p>\r\n<\/div>\r\n<\/div>\r\n<\/div>\r\n\r\n\r\n\r\n<div class=\"lead_container2\">\r\n<figure><img loading=\"lazy\" decoding=\"async\" class=\" size-full wp-image-1457\" title=\"Jae Ahn, Senior Strategic Advisor, USA\" src=\"https:\/\/www.verztec.com\/wp-content\/uploads\/2010\/08\/jae_ahn.jpg\" alt=\"\" width=\"112\" height=\"145\" border=\"0\"><\/figure><div class=\"lead_image\"><\/div>\r\n<div class=\"lead_profile\">\r\n<h3 class=\"title-normal\">Jae Ahn<br>Conseiller Strat\u00e9gique Principal, USA<\/h3>\r\n<div><a class=\"openDetail\" href=\"#\">En savoir plus<\/a><\/div>\r\n<div class=\"lead_detail\" style=\"display: none;\">\r\n<p>Jae est un conseiller principal et consultant en d\u00e9veloppement strat\u00e9gique des affaires. Il poss\u00e8de plus de 25 ans d&#8217;exp\u00e9rience dans l&#8217;industrie financi\u00e8re et les march\u00e9s mondiaux de capitaux, notamment dans la recherche, les investissements principaux, le marketing, l&#8217;\u00e9laboration de strat\u00e9gies commerciales et la gestion.<\/p>\r\n<p>Sa carri\u00e8re aux \u00c9tats-Unis et en Asie s&#8217;est d\u00e9roul\u00e9e avec BNY Mellon Bank, Moody&#8217;s Investors Service, Credit Suisse, Barclays Capital, et il a ensuite consult\u00e9 pour ainsi que fond\u00e9 des start-ups dans le conseil financier et la gestion d&#8217;investissements.<\/p>\r\n<p>Jae est dipl\u00f4m\u00e9 de l&#8217;Universit\u00e9 George Washington et titulaire d&#8217;un Master de l&#8217;Universit\u00e9 de Pennsylvanie. Jae est actuellement bas\u00e9 \u00e0 New York, aux \u00c9tats-Unis.<\/p>\r\n<\/div>\r\n<\/div>\r\n<\/div>\r\n<\/div>\r\n\r\n\r\n\r\n<div style=\"clear: both; border-bottom: 1px solid #eee; margin-bottom: 40px;\">&nbsp;<\/div>\r\n\r\n\r\n\r\n<p><\/p>\r\n\r\n\r\n\r\n<div class=\"leader-wrapper\">\r\n<div class=\"lead_container2\">\r\n<figure><img loading=\"lazy\" decoding=\"async\" class=\"size-full wp-image-1455\" title=\"E-Lynn Tan, Director, Project Management\" src=\"https:\/\/www.verztec.com\/wp-content\/uploads\/2010\/08\/elynn.jpg\" alt=\"\" width=\"112\" height=\"145\" border=\"0\"><\/figure>\r\n<div class=\"lead_image\"><\/div>\r\n<div class=\"lead_profile\">\r\n<h3 class=\"title-normal\">E-Lynn Tan<br>Directrice, Gestion de Projets<\/h3>\r\n<div><a class=\"openDetail\" href=\"#\">En savoir plus<\/a><\/div>\r\n<div class=\"lead_detail\" style=\"display: none;\">\r\n<p>E-Lynn est la directrice adjointe de l&#8217;\u00e9quipe de gestion de projets de Verztec. Elle inspire son \u00e9quipe \u00e0 fournir un service impeccable et des projets d&#8217;une qualit\u00e9 constante.<\/p>\r\n<p>Sa compr\u00e9hension approfondie des proc\u00e9dures de gestion de projets lui permet de travailler en \u00e9troite collaboration avec l&#8217;\u00e9quipe de direction pour mettre en \u0153uvre des processus visant \u00e0 am\u00e9liorer consid\u00e9rablement l&#8217;efficacit\u00e9 de l&#8217;\u00e9quipe et la qualit\u00e9 des livrables.<\/p>\r\n<p>E-Lynn est \u00e9galement responsable de l&#8217;assurance qualit\u00e9 globale des projets et veille \u00e0 ce que la communication avec les clients reste toujours transparente et efficace.<\/p>\r\n<p>Elle est titulaire d&#8217;un dipl\u00f4me en informatique (Business) de l&#8217;Universit\u00e9 nationale de Singapour.<\/p>\r\n<\/div>\r\n<\/div>\r\n<\/div>\r\n\r\n\r\n\r\n<div class=\"lead_container2\">\r\n<figure><img loading=\"lazy\" decoding=\"async\" class=\"size-full wp-image-1456\" title=\"Karen Bunger, Vice President, Localization and Client Account Management, USA\" src=\"https:\/\/www.verztec.com\/wp-content\/uploads\/2010\/08\/karen.jpg\" alt=\"\" width=\"112\" height=\"145\" border=\"0\"><\/figure>\r\n<div class=\"lead_image\"><\/div>\r\n<div class=\"lead_profile\">\r\n<h3 class=\"title-normal\">Karen Bunger<br>Vice-Pr\u00e9sidente, Localisation et Gestion des Comptes Clients, USA<\/h3>\r\n<div><a class=\"openDetail\" href=\"#\">En savoir plus<\/a><\/div>\r\n<div class=\"lead_detail\" style=\"display: none;\">\r\n<p>Karen est responsable de la gestion de projets, du d\u00e9veloppement commercial et des relations clients aux \u00c9tats-Unis.<\/p>\r\n<p>Professionnelle chevronn\u00e9e de la gestion de projets, elle poss\u00e8de une vaste exp\u00e9rience dans les industries de la localisation et du e-learning. En tant que directrice de projets, elle est en charge de la gestion des \u00e9quipes, de la livraison des services et de l&#8217;administration pour divers clients. Pour les projets qui lui sont confi\u00e9s, elle est le principal contact client et veille \u00e0 la r\u00e9alisation de projets de haute qualit\u00e9, dans les d\u00e9lais et le respect du budget. Karen travaille en \u00e9troite collaboration avec les clients et les prospects pour identifier leurs besoins sp\u00e9cifiques en mati\u00e8re de localisation et leurs objectifs sectoriels.<\/p>\r\n<\/div>\r\n<\/div>\r\n<\/div>\r\n\r\n\r\n\r\n<div class=\"lead_container2\">\r\n<figure><img loading=\"lazy\" decoding=\"async\" class=\"size-full wp-image-1457\" title=\"Jae Ahn, Senior Strategic Advisor, USA\" src=\"https:\/\/www.verztec.com\/wp-content\/uploads\/2010\/08\/jae_ahn.jpg\" alt=\"\" width=\"112\" height=\"145\" border=\"0\"><\/figure>\r\n<div class=\"lead_image\"><\/div>\r\n<div class=\"lead_profile\">\r\n<h3 class=\"title-normal\">Jae Ahn<br>Conseiller Strat\u00e9gique Principal, USA<\/h3>\r\n<div><a class=\"openDetail\" href=\"#\">En savoir plus<\/a><\/div>\r\n<div class=\"lead_detail\" style=\"display: none;\">\r\n<p>Jae est un conseiller principal et consultant en d\u00e9veloppement strat\u00e9gique des affaires. Il poss\u00e8de plus de 25 ans d&#8217;exp\u00e9rience dans l&#8217;industrie financi\u00e8re et les march\u00e9s de capitaux mondiaux, y compris la recherche, les investissements principaux, le marketing, ainsi que le d\u00e9veloppement et la gestion de strat\u00e9gies commerciales.<\/p>\r\n<p>Sa carri\u00e8re aux \u00c9tats-Unis et en Asie comprend des postes chez BNY Mellon Bank, Moody&#8217;s Investors Service, Credit Suisse, Barclays Capital, et plus tard il a consult\u00e9 pour des start-ups dans le domaine du conseil financier et de la gestion d&#8217;investissements, qu&#8217;il a \u00e9galement fond\u00e9es.<\/p>\r\n<p>Jae est dipl\u00f4m\u00e9 de l&#8217;Universit\u00e9 George Washington et titulaire d&#8217;un Master de l&#8217;Universit\u00e9 de Pennsylvanie. Il est actuellement bas\u00e9 \u00e0 New York, aux \u00c9tats-Unis.<\/p>\r\n<\/div>\r\n<\/div>\r\n<\/div>\r\n<\/div>\r\n\r\n\r\n\r\n<div style=\"clear: both; border-bottom: 1px solid #eee; margin-bottom: 40px;\">&nbsp;<\/div>\r\n\r\n\r\n\r\n<div class=\"leader-wrapper last\">\r\n<div class=\"lead_container2\">\r\n<figure><img loading=\"lazy\" decoding=\"async\" class=\"size-full wp-image-1463\" title=\"Tran Tran, Deputy General Manager, Vietnam\" src=\"https:\/\/www.verztec.com\/wp-content\/uploads\/2010\/08\/tran.jpg\" alt=\"\" width=\"112\" height=\"145\" border=\"0\"><\/figure>\r\n<div class=\"lead_image\"><\/div>\r\n<div class=\"lead_profile\">\r\n<h3 class=\"title-normal\">Tran Tran<br>Directrice G\u00e9n\u00e9rale Adjointe, Vietnam<\/h3>\r\n<div><a class=\"openDetail\" href=\"#\">En savoir plus<\/a><\/div>\r\n<div class=\"lead_detail\" style=\"display: none;\">\r\n<p>Tran Tran supervise les op\u00e9rations du bureau de Verztec au Vietnam, situ\u00e9 \u00e0 Ho Chi Minh-Ville. Elle est responsable de toutes les fonctions : ventes, ressources humaines, administration et gestion de projets. Elle travaille en \u00e9troite collaboration avec l&#8217;\u00e9quipe de Singapour pour superviser et contr\u00f4ler la qualit\u00e9 des projets r\u00e9alis\u00e9s par l&#8217;\u00e9quipe vietnamienne, conform\u00e9ment aux normes ISO 9001:2015.<\/p>\r\n<p>Elle d\u00e9tient deux licences, l&#8217;une en comptabilit\u00e9 et l&#8217;autre en droit \u00e9conomique. Avant de rejoindre Verztec, elle a travaill\u00e9 pour U&amp;I Auditing Company et AFE Solutions \u2013 une entreprise internationale de technologie.<\/p>\r\n<p>Tran Tran et son \u00e9quipe veillent \u00e0 ce que leur d\u00e9veloppement soit une partie int\u00e9grante de Verztec et qu&#8217;ils \u00e9voluent ensemble avec l&#8217;entreprise.<\/p>\r\n<\/div>\r\n<\/div>\r\n<\/div>\r\n\r\n\r\n\r\n<div class=\"lead_container2\">\r\n<figure><img loading=\"lazy\" decoding=\"async\" class=\"size-full wp-image-1464\" title=\"Theresia Hosianna, Operations Director, Indonesia\" src=\"https:\/\/www.verztec.com\/wp-content\/uploads\/2010\/08\/theresia.jpg\" alt=\"\" width=\"112\" height=\"145\" border=\"0\"><\/figure>\r\n<div class=\"lead_image\"><\/div>\r\n<div class=\"lead_profile\">\r\n<h3 class=\"title-normal\">Theresia Hosianna<br>Directrice des Op\u00e9rations, Indon\u00e9sie<\/h3>\r\n<div><a class=\"openDetail\" href=\"#\">En savoir plus<\/a><\/div>\r\n<div class=\"lead_detail\" style=\"display: none;\">\r\n<p>Theresia supervise les op\u00e9rations du bureau de Verztec en Indon\u00e9sie, situ\u00e9 \u00e0 Jakarta. Elle assume un r\u00f4le de supervision et est responsable de la direction des op\u00e9rations globales de Verztec Indon\u00e9sie, qui inclut la gestion des ressources humaines, des finances, du d\u00e9veloppement commercial, des relations clients ainsi que des ventes et du marketing. Elle collabore \u00e9troitement avec l&#8217;\u00e9quipe de direction bas\u00e9e au si\u00e8ge de Verztec \u00e0 Singapour pour garantir que toutes les fonctions soient ex\u00e9cut\u00e9es de mani\u00e8re appropri\u00e9e, efficace et en accord avec les valeurs, la mission et la vision de Verztec.<\/p>\r\n<p>Avant de rejoindre Verztec, Theresia a acquis une vaste exp\u00e9rience dans le domaine des op\u00e9rations en travaillant pour PT Bulk Commodities Indonesia &#8211; le pionnier de l&#8217;extraction et du commerce de charbon en Indon\u00e9sie. Elle a d\u00e9velopp\u00e9 de solides comp\u00e9tences en gestion, couvrant l&#8217;emploi, les normes \u00e9thiques, la collaboration en \u00e9quipe, les n\u00e9gociations, la r\u00e9solution des conflits, la planification strat\u00e9gique et la budg\u00e9tisation, ainsi que le d\u00e9veloppement et la motivation des employ\u00e9s pour des performances accrues.<\/p>\r\n<p>Theresia est dipl\u00f4m\u00e9e en \u00e9conomie de l&#8217;Universit\u00e9 d&#8217;Indon\u00e9sie.<\/p>\r\n<\/div>\r\n<\/div>\r\n<\/div>\r\n<\/div>\r\n\r\n\r\n<script>\r\n    \/\/ Select all 'More Details' buttons\r\n    document.querySelectorAll('.openDetail').forEach(button => {\r\n        button.addEventListener('click', function(event) {\r\n            event.preventDefault(); \/\/ Prevent default link behavior\r\n\r\n            \/\/ Find the corresponding detail section\r\n            const detailSection = this.closest('.lead_profile').querySelector('.lead_detail');\r\n\r\n            \/\/ Toggle visibility\r\n            if (detailSection.style.display === 'none' || !detailSection.style.display) {\r\n                detailSection.style.display = 'block';\r\n            } else {\r\n                detailSection.style.display = 'none';\r\n            }\r\n        });\r\n    });\r\n<\/script>","protected":false},"excerpt":{"rendered":"<p>Notre \u00e9quipe de direction est compos\u00e9e de professionnels accomplis avec une grande exp\u00e9rience et une passion pour l&#8217;excellence. Gr\u00e2ce \u00e0 leurs divers parcours et expertises, ils apportent une perspective unique&hellip;<\/p>\n","protected":false},"author":1,"featured_media":2024,"parent":0,"menu_order":10,"comment_status":"closed","ping_status":"closed","template":"","meta":{"footnotes":""},"class_list":["post-1465","page","type-page","status-publish","has-post-thumbnail","hentry"],"_links":{"self":[{"href":"https:\/\/www.verztec.com\/wp-json\/wp\/v2\/pages\/1465"}],"collection":[{"href":"https:\/\/www.verztec.com\/wp-json\/wp\/v2\/pages"}],"about":[{"href":"https:\/\/www.verztec.com\/wp-json\/wp\/v2\/types\/page"}],"author":[{"embeddable":true,"href":"https:\/\/www.verztec.com\/wp-json\/wp\/v2\/users\/1"}],"replies":[{"embeddable":true,"href":"https:\/\/www.verztec.com\/wp-json\/wp\/v2\/comments?post=1465"}],"version-history":[{"count":8,"href":"https:\/\/www.verztec.com\/wp-json\/wp\/v2\/pages\/1465\/revisions"}],"predecessor-version":[{"id":3975,"href":"https:\/\/www.verztec.com\/wp-json\/wp\/v2\/pages\/1465\/revisions\/3975"}],"wp:featuredmedia":[{"embeddable":true,"href":"https:\/\/www.verztec.com\/wp-json\/wp\/v2\/media\/2024"}],"wp:attachment":[{"href":"https:\/\/www.verztec.com\/wp-json\/wp\/v2\/media?parent=1465"}],"curies":[{"name":"wp","href":"https:\/\/api.w.org\/{rel}","templated":true}]}}