{"id":1481,"date":"2011-01-31T10:18:11","date_gmt":"2011-01-31T10:18:11","guid":{"rendered":"http:\/\/staging.verztec.com\/verztec\/our-awards\/"},"modified":"2024-11-01T03:13:13","modified_gmt":"2024-11-01T03:13:13","slug":"our-awards","status":"publish","type":"page","link":"https:\/\/www.verztec.com\/our-awards","title":{"rendered":"Nos prix et distinctions"},"content":{"rendered":"<div class=\"awards-container\">\n<p>Au fil des ann\u00e9es, nous avons eu le privil\u00e8ge de recevoir de nombreux prix gr\u00e2ce aux efforts et \u00e0 l&#8217;engagement de notre \u00e9quipe pour offrir des services de qualit\u00e9 \u00e0 tous nos clients.<\/p>\n<div class=\"award-item\">\n<div class=\"award-image\">\n            <img decoding=\"async\" src=\"https:\/\/www.verztec.com\/wp-content\/uploads\/2011\/01\/championsOfGood.png\" alt=\"\" width=\"120px\" \/><\/div>\n<div class=\"award-content\">\n<p>Les &#8220;Champions of Good&#8221; repr\u00e9sentent la plus haute distinction d\u00e9cern\u00e9e aux entreprises qui non seulement excellent dans leurs efforts de philanthropie, mais qui influencent \u00e9galement et inspirent d&#8217;autres acteurs en engageant leurs partenaires et parties prenantes dans un parcours collaboratif de g\u00e9n\u00e9rosit\u00e9. Verztec est fier d&#8217;avoir \u00e9t\u00e9 reconnu comme Champions of Good en novembre 2017.<\/p>\n<\/div>\n<\/div>\n<div class=\"award-item\">\n<div class=\"award-image\">\n            <img decoding=\"async\" src=\"https:\/\/www.verztec.com\/wp-content\/uploads\/2011\/01\/TDA.jpg\" alt=\"\" width=\"130px\" \/><\/div>\n<div class=\"award-content\">\n<p>Le prix &#8220;NS Advocate Award 2016&#8221; r\u00e9compense les \u00e9tablissements \u00e9ducatifs ainsi que les organisations familiales et communautaires qui soutiennent fortement le service national. Les organisations qui font des efforts suppl\u00e9mentaires se voient attribuer ce prix en reconnaissance de leur soutien et de leurs politiques et r\u00f4les proactifs.<\/p>\n<p>Le prix est \u00e9valu\u00e9 par le Conseil consultatif sur les relations communautaires en mati\u00e8re de d\u00e9fense (ACCORD).<\/p>\n<\/div>\n<\/div>\n<div class=\"award-item\">\n<div class=\"award-image\">\n            <img decoding=\"async\" class=\" size-full wp-image-1468\" src=\"https:\/\/www.verztec.com\/wp-content\/uploads\/2011\/01\/cogl.jpg\" alt=\"\" width=\"100px\" border=\"0\" \/><br \/>\n<img decoding=\"async\" class=\" size-full wp-image-1469\" src=\"https:\/\/www.verztec.com\/wp-content\/uploads\/2011\/01\/nvpc.jpg\" alt=\"\" width=\"100px\" border=\"0\" \/><\/div>\n<div class=\"award-content\">\n<p>Lanc\u00e9 le 2 juin 2016, &#8220;The Company of Good&#8221; est un programme qui permet aux entreprises de contribuer de mani\u00e8re plus efficace et plus globale. Il a \u00e9t\u00e9 d\u00e9velopp\u00e9 par le Centre national du b\u00e9n\u00e9volat et de la philanthropie (NVPC), en partenariat avec la Fondation de la F\u00e9d\u00e9ration des entreprises de Singapour (SBFF) et soutenu par le Minist\u00e8re de la Culture, de la Communaut\u00e9 et de la Jeunesse (MCCY). Verztec est fier d&#8217;\u00eatre un membre fondateur de &#8220;The Company of Good&#8221; depuis 2016.<\/p>\n<\/div>\n<\/div>\n<div class=\"award-item\">\n<div class=\"award-image\">\n            <img decoding=\"async\" class=\" size-full wp-image-317\" src=\"https:\/\/www.verztec.com\/wp-content\/uploads\/2009\/06\/common_sense_2016.png\" alt=\"\" width=\"120px\" border=\"0\" \/><br \/>\n<img decoding=\"async\" class=\" size-full wp-image-1470\" src=\"https:\/\/www.verztec.com\/wp-content\/uploads\/2011\/01\/csa2013.png\" alt=\"\" width=\"120px\" border=\"0\" \/><\/div>\n<div class=\"award-content\">\n<p>Verztec est honor\u00e9 d&#8217;avoir \u00e9t\u00e9 class\u00e9 parmi les 50 meilleurs fournisseurs de services linguistiques au monde en 2013 et 2016 par Common Sense Advisory.<\/p>\n<p>Common Sense Advisory est une soci\u00e9t\u00e9 de recherche ind\u00e9pendante bas\u00e9e au Massachusetts.<\/p>\n<\/div>\n<\/div>\n<div class=\"award-item\">\n<div class=\"award-image\">\n            <img loading=\"lazy\" decoding=\"async\" class=\" size-full wp-image-1471\" src=\"https:\/\/www.verztec.com\/wp-content\/uploads\/2011\/01\/s1000_family.jpg\" alt=\"\" width=\"206\" height=\"187\" border=\"0\" \/><\/div>\n<div class=\"award-content\">\n<p>La famille de classements &#8220;Singapore 1000&#8221; (Singapore 1000, Singapore SME 1000, Singapore International 100 et Fastest Growing 50) est un guide prestigieux qui classe chaque ann\u00e9e les principales entreprises du pays depuis pr\u00e8s de trois d\u00e9cennies.<\/p>\n<p>Elle s&#8217;engage \u00e0 mettre en lumi\u00e8re le succ\u00e8s des entreprises sur la base d&#8217;indicateurs financiers tels que les revenus, le b\u00e9n\u00e9fice net, le rendement des capitaux propres et les revenus \u00e0 l&#8217;\u00e9tranger. En prenant en compte toutes les entreprises et sans exiger de nominations payantes, le Singapore 1000 analyse chaque ann\u00e9e plus de 70 000 bilans financiers pour identifier les 1000 meilleures entreprises et PME de Singapour.<\/p>\n<\/div>\n<\/div>\n<div class=\"award-item\">\n<div class=\"award-image\">\n            <img loading=\"lazy\" decoding=\"async\" class=\" size-full wp-image-1472\" src=\"https:\/\/www.verztec.com\/wp-content\/uploads\/2011\/01\/topbrand.jpg\" alt=\"\" width=\"206\" height=\"102\" border=\"0\" \/><\/div>\n<div class=\"award-content\">\n<p>Le programme de r\u00e9compenses &#8220;InfluentialBrands\u2122&#8221; repose sur les avis des consommateurs concernant les pr\u00e9f\u00e9rences de marque dans un segment donn\u00e9, les principaux facteurs qui influencent leurs comportements d&#8217;achat et les moyens pour les marques de mieux engager les consommateurs.<\/p>\n<p>Verztec est fier d&#8217;avoir remport\u00e9 le prix InfluentialBrands\u2122 &#8211; Top Brand 2015 dans la cat\u00e9gorie des services professionnels aux entreprises.<\/p>\n<\/div>\n<\/div>\n<div class=\"award-item\">\n<div class=\"award-image\">\n            <img loading=\"lazy\" decoding=\"async\" class=\" size-full wp-image-1473\" src=\"https:\/\/www.verztec.com\/wp-content\/uploads\/2011\/01\/superbrands_logo_small.png\" alt=\"\" width=\"133\" height=\"135\" border=\"0\" \/><\/div>\n<div class=\"award-content\">\n<p>Les &#8220;Superbrands&#8221; promeuvent la discipline du branding et c\u00e9l\u00e8brent le succ\u00e8s des principales marques internationales et locales \u00e0 Singapour. C&#8217;est une reconnaissance unique accord\u00e9e aux marques \u00e9tablies dans le domaine du B2B qui r\u00e9pondent \u00e0 des normes mondiales rigoureuses fix\u00e9es par l&#8217;organisation Superbrands. Verztec est fier d&#8217;avoir re\u00e7u le prix Superbrands en 2014.<\/p>\n<\/div>\n<\/div>\n<div class=\"award-item\">\n<div class=\"award-image\">\n            <img loading=\"lazy\" decoding=\"async\" class=\" size-full wp-image-1474\" src=\"https:\/\/www.verztec.com\/wp-content\/uploads\/2011\/01\/EE_Logo_small.jpg\" alt=\"\" width=\"150\" height=\"76\" border=\"0\" \/><\/div>\n<div class=\"award-content\">\n<p>Le prix &#8220;Emerging Enterprise&#8221; est la seule r\u00e9compense annuelle locale pour les entreprises ayant un chiffre d&#8217;affaires annuel allant jusqu&#8217;\u00e0 15 millions de dollars. Inaugur\u00e9 en 2008, il est pr\u00e9sent\u00e9 conjointement par The Business Times et OCBC Bank, avec le soutien de SPRING Singapore, NUS Extension, Acorn Marketing &#038; Research Consultants, SingTel, MasterCard et RSM Chio Lim, qui agit \u00e9galement en tant qu&#8217;auditeur officiel.<\/p>\n<p>Les crit\u00e8res de jugement reposent sur la vision et la mission de l&#8217;organisation, le mod\u00e8le d&#8217;affaires, les capacit\u00e9s de gestion, les \u00e9tapes cl\u00e9s et les r\u00e9alisations, ainsi que l&#8217;utilisation des prix re\u00e7us.<\/p>\n<\/div>\n<\/div>\n<div class=\"award-item\">\n<div class=\"award-image\">\n            <img loading=\"lazy\" decoding=\"async\" class=\" size-full wp-image-1475\" src=\"https:\/\/www.verztec.com\/wp-content\/uploads\/2011\/01\/spba2014_small.jpg\" alt=\"\" width=\"110\" height=\"88\" border=\"0\" \/><br \/>\n<img loading=\"lazy\" decoding=\"async\" class=\" size-full wp-image-1476\" src=\"https:\/\/www.verztec.com\/wp-content\/uploads\/2011\/01\/SPBA-logo_2013_.jpg\" alt=\"\" width=\"110\" height=\"87\" border=\"0\" \/><br \/>\n<img loading=\"lazy\" decoding=\"async\" class=\" size-full wp-image-1477\" src=\"https:\/\/www.verztec.com\/wp-content\/uploads\/2011\/01\/SPBA-logo.jpg\" alt=\"\" width=\"110\" height=\"89\" border=\"0\" \/><\/div>\n<div class=\"award-content\">\n<p>Co-organis\u00e9 par l&#8217;Association des petites et moyennes entreprises et Lianhe Zaobao, le prix Singapore Prestige Brand Award (SPBA) a \u00e9t\u00e9 cr\u00e9\u00e9 pour reconna\u00eetre les marques singapouriennes m\u00e9ritantes qui se sont distingu\u00e9es par diverses initiatives de branding. Ce prix r\u00e9compense les marques qui ont \u00e9t\u00e9 d\u00e9velopp\u00e9es et g\u00e9r\u00e9es gr\u00e2ce \u00e0 des strat\u00e9gies de branding efficaces.<\/p>\n<p>Verztec est fier d&#8217;avoir remport\u00e9 trois fois le prix SPBA \u2013 SPBA Promising Brands en 2010, SPBA Established Brands en 2013 et 2014.<\/p>\n<\/div>\n<\/div>\n<div class=\"award-item\">\n<div class=\"award-image\">\n            <img loading=\"lazy\" decoding=\"async\" class=\" size-full wp-image-1478\" src=\"https:\/\/www.verztec.com\/wp-content\/uploads\/2011\/01\/SME_small2.jpg\" alt=\"\" width=\"150\" height=\"106\" border=\"0\" \/><\/div>\n<div class=\"award-content\">\n<p>Les &#8220;SME1 Asia Awards 2012&#8221; r\u00e9compensent les petites et moyennes entreprises (PME) prosp\u00e8res \u00e0 Singapour et en Asie qui sont socialement responsables. Ce prix reconna\u00eet les efforts des entreprises dans les aspects \u00e9conomiques, sociaux et environnementaux durables. Les SME1 Asia Awards visent \u00e0 cr\u00e9er une communaut\u00e9 active de leaders d&#8217;entreprises socialement responsables pour partager des id\u00e9es commerciales et des meilleures pratiques pour une croissance durable.<\/p>\n<p>Verztec a re\u00e7u le prix g\u00e9n\u00e9ral de la cat\u00e9gorie &#8220;Prominent&#8221; des SME1 Asia Awards 2012.<\/p>\n<\/div>\n<\/div>\n<div class=\"award-item\">\n<div class=\"award-image\">\n            <img decoding=\"async\" class=\" size-full wp-image-1479\" src=\"https:\/\/www.verztec.com\/wp-content\/uploads\/2011\/01\/SOE-logo.jpg\" alt=\"\" width=\"100px\" border=\"0\" \/><\/div>\n<div class=\"award-content\">\n<p>Le prix &#8220;Spirit of Enterprise&#8221; (SOE) promeut et renforce l&#8217;esprit entrepreneurial \u00e0 Singapour en honorant des entrepreneurs locaux autonomes qui font preuve d&#8217;excellence et de dynamisme dans leur domaine d&#8217;activit\u00e9. D\u00e9cern\u00e9s par le conseil d&#8217;administration du SOE ainsi que par les votes du public, les laur\u00e9ats sont s\u00e9lectionn\u00e9s pour leur esprit entrepreneurial exceptionnel.<\/p>\n<\/div>\n<\/div>\n<div class=\"award-item\">\n<div class=\"award-image\">\n            <img decoding=\"async\" class=\" size-full wp-image-1480\" src=\"https:\/\/www.verztec.com\/wp-content\/uploads\/2011\/01\/SME500-logo.jpg\" alt=\"\" width=\"100px\" border=\"0\" \/><\/div>\n<div class=\"award-content\">\n<p>Le prix &#8220;Promising SME 500&#8221; r\u00e9compense l&#8217;excellence des entreprises en Asie. Les laur\u00e9ats sont s\u00e9lectionn\u00e9s sur la base de crit\u00e8res de jugement stricts, comprenant l&#8217;\u00e9valuation du leadership avis\u00e9, l&#8217;utilisation de l&#8217;innovation pour cr\u00e9er plus de valeur pour l&#8217;entreprise et les clients, des performances commerciales constantes, des avis positifs et le potentiel de croissance future.<\/p>\n<\/div>\n<\/div>\n<\/div>\n","protected":false},"excerpt":{"rendered":"<p>Au fil des ann\u00e9es, nous avons eu le privil\u00e8ge de recevoir de nombreux prix gr\u00e2ce aux efforts et \u00e0 l&#8217;engagement de notre \u00e9quipe pour offrir des services de qualit\u00e9 \u00e0&hellip;<\/p>\n","protected":false},"author":1,"featured_media":2020,"parent":0,"menu_order":9,"comment_status":"closed","ping_status":"closed","template":"","meta":{"footnotes":""},"class_list":["post-1481","page","type-page","status-publish","has-post-thumbnail","hentry"],"_links":{"self":[{"href":"https:\/\/www.verztec.com\/wp-json\/wp\/v2\/pages\/1481"}],"collection":[{"href":"https:\/\/www.verztec.com\/wp-json\/wp\/v2\/pages"}],"about":[{"href":"https:\/\/www.verztec.com\/wp-json\/wp\/v2\/types\/page"}],"author":[{"embeddable":true,"href":"https:\/\/www.verztec.com\/wp-json\/wp\/v2\/users\/1"}],"replies":[{"embeddable":true,"href":"https:\/\/www.verztec.com\/wp-json\/wp\/v2\/comments?post=1481"}],"version-history":[{"count":5,"href":"https:\/\/www.verztec.com\/wp-json\/wp\/v2\/pages\/1481\/revisions"}],"predecessor-version":[{"id":2903,"href":"https:\/\/www.verztec.com\/wp-json\/wp\/v2\/pages\/1481\/revisions\/2903"}],"wp:featuredmedia":[{"embeddable":true,"href":"https:\/\/www.verztec.com\/wp-json\/wp\/v2\/media\/2020"}],"wp:attachment":[{"href":"https:\/\/www.verztec.com\/wp-json\/wp\/v2\/media?parent=1481"}],"curies":[{"name":"wp","href":"https:\/\/api.w.org\/{rel}","templated":true}]}}