{"id":1485,"date":"2011-02-16T08:12:38","date_gmt":"2011-02-16T08:12:38","guid":{"rendered":"http:\/\/staging.verztec.com\/verztec\/publish\/"},"modified":"2025-02-14T06:38:53","modified_gmt":"2025-02-14T06:38:53","slug":"design","status":"publish","type":"page","link":"https:\/\/www.verztec.com\/design","title":{"rendered":"Conception Cr\u00e9ative Mondiale"},"content":{"rendered":"\r\n<div class=\"services\">\r\n    <div class=\"educate\"><a href=\"digital-learning\"><img loading=\"lazy\" decoding=\"async\" class=\" size-full wp-image-1483\" src=\"https:\/\/www.verztec.com\/wp-content\/uploads\/2011\/02\/educate_icon.png\" alt=\"\" width=\"36\" height=\"34\" \/> Apprentissage Num\u00e9rique<\/a><\/div>\r\n    <div class=\"communicate\"><a href=\"language-services\"><img loading=\"lazy\" decoding=\"async\" class=\" size-full wp-image-1482\" src=\"https:\/\/www.verztec.com\/wp-content\/uploads\/2011\/02\/communicate_icon.png\" alt=\"\" width=\"36\" height=\"34\" \/> Services Linguistiques<\/a><\/div>\r\n    <div class=\"publish active\"><a href=\"design\"><img loading=\"lazy\" decoding=\"async\" class=\" size-full wp-image-1484\" src=\"https:\/\/www.verztec.com\/wp-content\/uploads\/2011\/02\/publish_icon.png\" alt=\"\" width=\"36\" height=\"34\" \/> Design Cr\u00e9atif Mondial<\/a><\/div>\r\n    <\/div>\r\n    <p>Les solides capacit\u00e9s de design cr\u00e9atif de Verztec, combin\u00e9es \u00e0 notre expertise technologique et multilingue, font de nous le partenaire id\u00e9al pour les entreprises globales cherchant \u00e0 \u00e9tendre la port\u00e9e de leurs marques sur des march\u00e9s \u00e9trangers.<\/p>\r\n    <p>Gr\u00e2ce \u00e0 notre expertise en localisation et \u00e0 notre exp\u00e9rience, nous comprenons les exigences culturelles et les pr\u00e9f\u00e9rences sp\u00e9cifiques d\u2019un public international diversifi\u00e9. Chaque projet de conception et de conceptualisation est r\u00e9alis\u00e9 en tenant compte de l\u2019identit\u00e9 culturelle du march\u00e9 cible.<\/p>\r\n    <p>Les services de d\u00e9veloppement et de publication tout-en-un de Verztec sont soutenus par notre \u00e9quipe interne de sp\u00e9cialistes en multim\u00e9dia et logiciels, coordonn\u00e9s par nos \u00e9quipes de gestion de projet et de gestion des comptes hautement exp\u00e9riment\u00e9es.<\/p>\r\n    <p>En g\u00e9rant impeccablement les diff\u00e9rents processus impliqu\u00e9s dans des projets comprenant design cr\u00e9atif, d\u00e9veloppement multim\u00e9dia et impression, nous offrons commodit\u00e9, \u00e9conomies et tranquillit\u00e9 d\u2019esprit \u00e0 nos clients.<\/p>\r\n    <p>Notre gamme de services de Design Cr\u00e9atif Mondial comprend :<\/p>\r\n    <div class=\"dt-row\" style=\"row-gap: 4rem; margin: 2rem 0;\">\r\n        <div class=\"dt-col-md-3 dt-col-xs-12\" style=\"display: flex; flex-direction: column; row-gap: 8px;\"><img decoding=\"async\" src=\"https:\/\/www.verztec.com\/wp-content\/uploads\/2025\/Publish\/1_CreativeDesign.png\" alt=\"Creative Design\" style=\"margin: 0 auto; height: 100px;\"\/><p style=\"text-align: center; font-weight: bold\">Design Cr\u00e9atif<\/p><\/div>\r\n        <div class=\"dt-col-md-3 dt-col-xs-12\" style=\"display: flex; flex-direction: column; row-gap: 8px;\"><img decoding=\"async\" src=\"https:\/\/www.verztec.com\/wp-content\/uploads\/2025\/Publish\/2_WebDevelopment.png\" alt=\"Web Development\" style=\"margin: 0 auto; height: 100px;\"\/><p style=\"text-align: center; font-weight: bold\">D\u00e9veloppement Web<\/p><\/div>\r\n        <div class=\"dt-col-md-3 dt-col-xs-12\" style=\"display: flex; flex-direction: column; row-gap: 8px;\"><img decoding=\"async\" src=\"https:\/\/www.verztec.com\/wp-content\/uploads\/2025\/Publish\/3_Exhibition.png\" alt=\"Exhibition Design\" style=\"margin: 0 auto; height: 100px;\"\/><p style=\"text-align: center; font-weight: bold\">Design d&#8217;Exposition<\/p><\/div>\r\n        <div class=\"dt-col-md-3 dt-col-xs-12\" style=\"display: flex; flex-direction: column; row-gap: 8px;\"><img decoding=\"async\" src=\"https:\/\/www.verztec.com\/wp-content\/uploads\/2025\/Publish\/4_WebContent.png\" alt=\"Web Content Management System\" style=\"margin: 0 auto; height: 100px;\"\/><p style=\"text-align: center; font-weight: bold\">Syst\u00e8me de Gestion de Contenu Web<\/p><\/div>\r\n    <\/div>\r\n    <div class=\"dt-row\" style=\"row-gap: 4rem; margin: 2rem 0;\">\r\n        <div class=\"dt-col-md-4 dt-col-xs-12\" style=\"display: flex; flex-direction: column; row-gap: 8px;\"><img decoding=\"async\" src=\"https:\/\/www.verztec.com\/wp-content\/uploads\/2025\/Publish\/5_Video.png\" alt=\"Video Production &amp; Photography\" style=\"margin: 0 auto; height: 100px;\"\/><p style=\"text-align: center; font-weight: bold\">Production Vid\u00e9o et Photographie<\/p><\/div>\r\n        <div class=\"dt-col-md-4 dt-col-xs-12\" style=\"display: flex; flex-direction: column; row-gap: 8px;\"><img decoding=\"async\" src=\"https:\/\/www.verztec.com\/wp-content\/uploads\/2025\/Publish\/6_Print.png\" alt=\"Print and International Distribution\" style=\"margin: 0 auto; height: 100px;\"\/><p style=\"text-align: center; font-weight: bold\">Impression et Distribution Internationale<\/p><\/div>\r\n        <div class=\"dt-col-md-4 dt-col-xs-12\" style=\"display: flex; flex-direction: column; row-gap: 8px;\"><img decoding=\"async\" src=\"https:\/\/www.verztec.com\/wp-content\/uploads\/2025\/Publish\/7_EDM.png\" alt=\"Electronic Direct Mail (EDMs) and Email Marketing\" style=\"margin: 0 auto; height: 100px;\"\/><p style=\"text-align: center; font-weight: bold\">Emails Marketing (EDM) et Marketing par Email<\/p><\/div>\r\n    <\/div>\r\n    <p>En plus des services d&#8217;Apprentissage Num\u00e9rique et de Services Linguistiques, Verztec aide \u00e9galement les entreprises \u00e0 concevoir, d\u00e9velopper et publier leurs rapports annuels, livres blancs, bulletins d&#8217;information, catalogues produits, brochures, rapports de durabilit\u00e9 et sites web dans plus de 100 langues.<\/p>\r\n    <p><strong>Pour en savoir plus sur les services de Design Cr\u00e9atif Mondial de Verztec, visitez <a href=\"https:\/\/www.verztecpublish.com\/our-services\" target=\"_blank\" rel=\"noopener\">www.verztecpublish.com<\/a><\/strong><\/p>\r\n    \r\n    ","protected":false},"excerpt":{"rendered":"<p>Apprentissage Num\u00e9rique Services Linguistiques Design Cr\u00e9atif Mondial Les solides capacit\u00e9s de design cr\u00e9atif de Verztec, combin\u00e9es \u00e0 notre expertise technologique et multilingue, font de nous le partenaire id\u00e9al pour les&hellip;<\/p>\n","protected":false},"author":1,"featured_media":2018,"parent":0,"menu_order":1,"comment_status":"closed","ping_status":"closed","template":"","meta":{"footnotes":""},"class_list":["post-1485","page","type-page","status-publish","has-post-thumbnail","hentry"],"_links":{"self":[{"href":"https:\/\/www.verztec.com\/wp-json\/wp\/v2\/pages\/1485"}],"collection":[{"href":"https:\/\/www.verztec.com\/wp-json\/wp\/v2\/pages"}],"about":[{"href":"https:\/\/www.verztec.com\/wp-json\/wp\/v2\/types\/page"}],"author":[{"embeddable":true,"href":"https:\/\/www.verztec.com\/wp-json\/wp\/v2\/users\/1"}],"replies":[{"embeddable":true,"href":"https:\/\/www.verztec.com\/wp-json\/wp\/v2\/comments?post=1485"}],"version-history":[{"count":11,"href":"https:\/\/www.verztec.com\/wp-json\/wp\/v2\/pages\/1485\/revisions"}],"predecessor-version":[{"id":4153,"href":"https:\/\/www.verztec.com\/wp-json\/wp\/v2\/pages\/1485\/revisions\/4153"}],"wp:featuredmedia":[{"embeddable":true,"href":"https:\/\/www.verztec.com\/wp-json\/wp\/v2\/media\/2018"}],"wp:attachment":[{"href":"https:\/\/www.verztec.com\/wp-json\/wp\/v2\/media?parent=1485"}],"curies":[{"name":"wp","href":"https:\/\/api.w.org\/{rel}","templated":true}]}}