{"id":1490,"date":"2011-02-16T08:26:10","date_gmt":"2011-02-16T08:26:10","guid":{"rendered":"http:\/\/staging.verztec.com\/verztec\/educate\/"},"modified":"2025-03-11T03:51:02","modified_gmt":"2025-03-11T03:51:02","slug":"digital-learning","status":"publish","type":"page","link":"https:\/\/www.verztec.com\/digital-learning","title":{"rendered":"Apprentissage Num\u00e9rique"},"content":{"rendered":"\r\n<div class=\"services\">\r\n    <div class=\"educate active\"><a href=\"digital-learning\"><img loading=\"lazy\" decoding=\"async\" class=\" size-full wp-image-1483\"\r\n                src=\"https:\/\/www.verztec.com\/wp-content\/uploads\/2011\/02\/educate_icon.png\" alt=\"\" width=\"36\" height=\"34\">\r\n            Apprentissage Num\u00e9rique<\/a><\/div>\r\n    <div class=\"communicate\"><a href=\"language-services\"><img loading=\"lazy\" decoding=\"async\" class=\" size-full wp-image-1482\"\r\n                src=\"https:\/\/www.verztec.com\/wp-content\/uploads\/2011\/02\/communicate_icon.png\" alt=\"\" width=\"36\"\r\n                height=\"34\"> Services Linguistiques<\/a><\/div>\r\n    <div class=\"publish\"><a href=\"design\"><img loading=\"lazy\" decoding=\"async\" class=\" size-full wp-image-1484\"\r\n                src=\"https:\/\/www.verztec.com\/wp-content\/uploads\/2011\/02\/publish_icon.png\" alt=\"\" width=\"36\" height=\"34\">\r\n            Conception Cr\u00e9ative Mondiale<\/a><\/div>\r\n<\/div>\r\n<div class=\"skillsoft row\" style=\"padding: 0 0 30px\">\r\n    <div class=\"col-md-10 col-sm-9 col-xs-12\">\r\n        <p style=\"font-size: 17px; font-weight: bold\">\r\n            En partenariat avec des partenaires de connaissances tels que Udemy et Skillsoft,\r\n            Verztec propose d\u00e9sormais plus de 200 000 cours en ligne, vid\u00e9os et livres \u00e9lectroniques.\r\n            Nos contenus couvrent des domaines cl\u00e9s tels que le d\u00e9veloppement du leadership, les comp\u00e9tences\r\n            informatiques, la cybers\u00e9curit\u00e9,\r\n            les comp\u00e9tences commerciales, la finance et la comptabilit\u00e9, la transformation num\u00e9rique, la conformit\u00e9 et\r\n            la sant\u00e9, s\u00e9curit\u00e9 et environnement.\r\n            Profitez de tarifs d&#8217;abonnement abordables, avec des r\u00e9ductions de volume disponibles pour les utilisateurs\r\n            en groupe.\r\n            <a href=\"contact-us\">Contactez-nous<\/a> pour en savoir plus.\r\n        <\/p>\r\n    <\/div>\r\n    <div class=\"skillsoft-inner-box\">\r\n        <figure style=\"min-width: 100px;\">\r\n            <img decoding=\"async\" src=\"https:\/\/www.verztec.com\/wp-content\/uploads\/2024\/10\/udemybiz.jpg\" alt=\"udemy\" width=\"100px\" \/>\r\n        <\/figure>\r\n        <figure style=\"min-width: 120px;\">\r\n            <a href=\"https:\/\/www.skillsoft.com\/\" target=\"_blank\" rel=\"noopener\"><img decoding=\"async\"\r\n                    src=\"https:\/\/www.verztec.com\/wp-content\/uploads\/2011\/02\/skillsoftpartner.jpg\" alt=\"skillsoft\"\r\n                    width=\"120px\" \/><\/a>\r\n        <\/figure>\r\n    <\/div>\r\n    <div class=\"col-md-2 col-sm-3 col-xs-12 text-center\"><\/div>\r\n<\/div>\r\n\r\n<p>Verztec est un leader mondial des solutions d&#8217;apprentissage. Nous nous sp\u00e9cialisons dans l&#8217;apprentissage num\u00e9rique,\r\n    desservant pr\u00e8s de 80 % de notre client\u00e8le diversifi\u00e9e.<\/p>\r\n<p>Transformez les formations traditionnelles en programmes dynamiques en ligne gr\u00e2ce \u00e0 nos solutions compl\u00e8tes, en\r\n    \u00e9largissant leur port\u00e9e et en am\u00e9liorant leur accessibilit\u00e9.<\/p>\r\n<p>Adoptez la transformation num\u00e9rique dans l&#8217;apprentissage et le d\u00e9veloppement gr\u00e2ce \u00e0 l&#8217;apprentissage mobile, au\r\n    micro-apprentissage, \u00e0 la gamification, aux simulations en VR\/AR, aux parcours d&#8217;apprentissage personnalis\u00e9s et aux\r\n    analyses bas\u00e9es sur les donn\u00e9es, garantissant une exp\u00e9rience de formation moderne, efficace et interactive pour vos\r\n    \u00e9quipes. Notre \u00e9quipe d&#8217;experts con\u00e7oit des exp\u00e9riences interactives et immersives, garantissant que chaque cours en\r\n    ligne transmet des connaissances percutantes, encourage la pens\u00e9e critique et engage les apprenants de mani\u00e8re\r\n    significative. Nous comprenons \u00e9galement que l&#8217;apprentissage n&#8217;est pas universel. C&#8217;est pourquoi nous proposons des\r\n    services de localisation sur mesure pour vos supports de formation et cours en ligne, en veillant \u00e0 ce que votre\r\n    contenu trouve un \u00e9cho aupr\u00e8s de divers publics \u00e0 l&#8217;\u00e9chelle mondiale. Nous adaptons votre contenu pour respecter les\r\n    nuances culturelles, linguistiques et r\u00e9gionales, rendant vos cours plus pertinents, engageants et efficaces.<\/p>\r\n<p>De plus, notre syst\u00e8me de gestion de l&#8217;apprentissage (LMS) \u00e0 la pointe de la technologie simplifie votre processus de\r\n    formation, offrant une plateforme tout-en-un pour la diffusion de contenu, l&#8217;engagement des apprenants et le suivi\r\n    des performances.<\/p>\r\n<p>Adoptez l&#8217;avenir de l&#8217;apprentissage avec nous. Transformez, localisez et g\u00e9rez votre parcours d&#8217;apprentissage\r\n    num\u00e9rique avec efficacit\u00e9, engagement et pertinence au c\u0153ur de l&#8217;exp\u00e9rience. Faites un pas vers l&#8217;avenir et faites\r\n    de l&#8217;apprentissage sans fronti\u00e8res une r\u00e9alit\u00e9.<\/p>\r\n<p>Nos services d&#8217;apprentissage num\u00e9rique incluent :<\/p>\r\n<div class=\"dt-row\" style=\"row-gap: 4rem; margin: 2rem 0;\">\r\n    <div class=\"dt-col-md-3 dt-col-xs-12\" style=\"display: flex; flex-direction: column; row-gap: 8px;\"><img decoding=\"async\"\r\n            src=\"https:\/\/www.verztec.com\/wp-content\/uploads\/2025\/Educate\/1_CustomElearning.png\"\r\n            alt=\"Custom eLearning Development\" style=\"margin: 0 auto; height: 120px;\" \/>\r\n        <p style=\"text-align: center; font-weight: bold\">D\u00e9veloppement eLearning personnalis\u00e9<\/p>\r\n    <\/div>\r\n    <div class=\"dt-col-md-3 dt-col-xs-12\" style=\"display: flex; flex-direction: column; row-gap: 8px;\"><img decoding=\"async\"\r\n            src=\"https:\/\/www.verztec.com\/wp-content\/uploads\/2025\/Educate\/2_Translation.png\"\r\n            alt=\"Translation and Localization of eLearning Courseware\" style=\"margin: 0 auto; height: 120px;\" \/>\r\n        <p style=\"text-align: center; font-weight: bold\">Traduction et localisation de contenus eLearning<\/p>\r\n    <\/div>\r\n    <div class=\"dt-col-md-3 dt-col-xs-12\" style=\"display: flex; flex-direction: column; row-gap: 8px;\"><img decoding=\"async\"\r\n            src=\"https:\/\/www.verztec.com\/wp-content\/uploads\/2025\/Educate\/3_LMS.png\" alt=\"LMS &amp; eLearning Hosting\"\r\n            style=\"margin: 0 auto; height: 120px;\" \/>\r\n        <p style=\"text-align: center; font-weight: bold\">Syst\u00e8me de gestion de l&#8217;apprentissage (LMS) et h\u00e9bergement\r\n            eLearning<\/p>\r\n    <\/div>\r\n    <div class=\"dt-col-md-3 dt-col-xs-12\" style=\"display: flex; flex-direction: column; row-gap: 8px;\"><img decoding=\"async\"\r\n            src=\"https:\/\/www.verztec.com\/wp-content\/uploads\/2025\/Educate\/4_CustomOffShelf.png\"\r\n            alt=\"Custom Off-The-Shelf (OTS) Training Courses\" style=\"margin: 0 auto; height: 120px;\" \/>\r\n        <p style=\"text-align: center; font-weight: bold\">Cours de formation sur \u00e9tag\u00e8re personnalis\u00e9s (OTS)<\/p>\r\n    <\/div>\r\n<\/div>\r\n<div class=\"dt-row\" style=\"row-gap: 4rem; margin: 2rem 0;\">\r\n    <div class=\"dt-col-md-4 dt-col-xs-12\" style=\"display: flex; flex-direction: column; row-gap: 8px;\"><img decoding=\"async\"\r\n            src=\"https:\/\/www.verztec.com\/wp-content\/uploads\/2025\/Educate\/5_ProfessionalDevelopment.png\"\r\n            alt=\"Professional Development Courses\" style=\"margin: 0 auto; height: 120px;\" \/>\r\n        <p style=\"text-align: center; font-weight: bold\">Cours de d\u00e9veloppement professionnel<\/p>\r\n    <\/div>\r\n    <div class=\"dt-col-md-4 dt-col-xs-12\" style=\"display: flex; flex-direction: column; row-gap: 8px;\"><img decoding=\"async\"\r\n            src=\"https:\/\/www.verztec.com\/wp-content\/uploads\/2025\/Educate\/6_CustomInCompany.png\"\r\n            alt=\"Custom In-Company Training\" style=\"margin: 0 auto; height: 120px;\" \/>\r\n        <p style=\"text-align: center; font-weight: bold\">Formation en entreprise sur mesure<\/p>\r\n    <\/div>\r\n    <div class=\"dt-col-md-4 dt-col-xs-12\" style=\"display: flex; flex-direction: column; row-gap: 8px;\"><img decoding=\"async\"\r\n            src=\"https:\/\/www.verztec.com\/wp-content\/uploads\/2025\/Educate\/7_CustomLearningManagement.png\"\r\n            alt=\"Custom Learning Management System (LMS)\" style=\"margin: 0 auto; height: 120px;\" \/>\r\n        <p style=\"text-align: center; font-weight: bold\">Syst\u00e8me de gestion de l&#8217;apprentissage (LMS) sur mesure<\/p>\r\n    <\/div>\r\n<\/div>\r\n<p><strong>Pour en savoir plus sur les services d&#8217;apprentissage num\u00e9rique de Verztec, visitez <a\r\n            href=\"https:\/\/www.verzteclearning.com\/\" target=\"_blank\" rel=\"noopener\">www.verzteclearning.com<\/a><\/strong>\r\n<\/p>\r\n","protected":false},"excerpt":{"rendered":"<p>Apprentissage Num\u00e9rique Services Linguistiques Conception Cr\u00e9ative Mondiale En partenariat avec des partenaires de connaissances tels que Udemy et Skillsoft, Verztec propose d\u00e9sormais plus de 200 000 cours en ligne, vid\u00e9os&hellip;<\/p>\n","protected":false},"author":1,"featured_media":2018,"parent":0,"menu_order":1,"comment_status":"closed","ping_status":"closed","template":"","meta":{"footnotes":""},"class_list":["post-1490","page","type-page","status-publish","has-post-thumbnail","hentry"],"_links":{"self":[{"href":"https:\/\/www.verztec.com\/wp-json\/wp\/v2\/pages\/1490"}],"collection":[{"href":"https:\/\/www.verztec.com\/wp-json\/wp\/v2\/pages"}],"about":[{"href":"https:\/\/www.verztec.com\/wp-json\/wp\/v2\/types\/page"}],"author":[{"embeddable":true,"href":"https:\/\/www.verztec.com\/wp-json\/wp\/v2\/users\/1"}],"replies":[{"embeddable":true,"href":"https:\/\/www.verztec.com\/wp-json\/wp\/v2\/comments?post=1490"}],"version-history":[{"count":40,"href":"https:\/\/www.verztec.com\/wp-json\/wp\/v2\/pages\/1490\/revisions"}],"predecessor-version":[{"id":4224,"href":"https:\/\/www.verztec.com\/wp-json\/wp\/v2\/pages\/1490\/revisions\/4224"}],"wp:featuredmedia":[{"embeddable":true,"href":"https:\/\/www.verztec.com\/wp-json\/wp\/v2\/media\/2018"}],"wp:attachment":[{"href":"https:\/\/www.verztec.com\/wp-json\/wp\/v2\/media?parent=1490"}],"curies":[{"name":"wp","href":"https:\/\/api.w.org\/{rel}","templated":true}]}}