{"id":1531,"date":"2011-06-06T02:44:14","date_gmt":"2011-06-06T02:44:14","guid":{"rendered":"http:\/\/staging.verztec.com\/verztec\/executive-search-and-multilingual-staffing-solutions\/"},"modified":"2025-01-22T01:58:56","modified_gmt":"2025-01-22T01:58:56","slug":"outsourcing-offshore-staffing","status":"publish","type":"page","link":"https:\/\/www.verztec.com\/outsourcing-offshore-staffing","title":{"rendered":"Externalisation et recrutement offshore"},"content":{"rendered":"<p>Verztec propose des solutions compl\u00e8tes et rentables de recrutement offshore, permettant aux entreprises de se d\u00e9velopper efficacement dans le march\u00e9 mondial comp\u00e9titif d\u2019aujourd\u2019hui. Nous sommes sp\u00e9cialis\u00e9s dans la mise \u00e0 disposition de professionnels d\u00e9di\u00e9s qui travaillent exclusivement pour votre entreprise, tout en prenant en charge tous les aspects du recrutement, des ressources humaines, de la paie, des services informatiques et de la conformit\u00e9. Cela vous permet de vous concentrer sur vos op\u00e9rations principales. Nos services sont disponibles \u00e0 Singapour et dans d&#8217;autres localisations internationales, offrant des solutions flexibles adapt\u00e9es \u00e0 vos besoins sp\u00e9cifiques.<\/p>\r\n<h4 class=\"title-normal\">Avantages cl\u00e9s du recrutement offshore\u00a0:<\/h4>\r\n<ul>\r\n<li><strong>Rentabilit\u00e9\u00a0:<\/strong> Le recrutement offshore r\u00e9duit consid\u00e9rablement les co\u00fbts d&#8217;exploitation par rapport \u00e0 la gestion d\u2019un bureau interne avec une \u00e9quipe RH. En externalisant les fonctions non essentielles telles que la paie, le recrutement et les services informatiques, vous pouvez consacrer vos ressources \u00e0 la croissance et \u00e0 l\u2019innovation sans avoir besoin d&#8217;une infrastructure co\u00fbteuse.<\/li>\r\n<li><strong>Contr\u00f4le total\u00a0:<\/strong> Bien que Verztec g\u00e8re les t\u00e2ches administratives, vous conservez un contr\u00f4le total sur la gestion quotidienne et l&#8217;orientation strat\u00e9gique de vos op\u00e9rations. Vous pouvez superviser les performances, d\u00e9finir les priorit\u00e9s et prendre des d\u00e9cisions strat\u00e9giques avec un minimum de distractions op\u00e9rationnelles.<\/li>\r\n<li><strong>Acc\u00e8s \u00e0 des talents mondiaux\u00a0:<\/strong> Le recrutement offshore \u00e9largit votre acc\u00e8s \u00e0 une main-d&#8217;\u0153uvre diversifi\u00e9e et qualifi\u00e9e souvent indisponible localement. Cela vous donne la flexibilit\u00e9 de recruter des experts dans des domaines tels que la technologie, le marketing num\u00e9rique, l&#8217;intelligence artificielle et plus encore, sans contraintes g\u00e9ographiques.<\/li>\r\n<li><strong>Expertise multilingue\u00a0:<\/strong> Alors que les entreprises deviennent de plus en plus mondiales, une communication multilingue efficace devient un atout strat\u00e9gique. Les solutions de Verztec garantissent que vous pouvez collaborer facilement avec des partenaires, clients et prospects internationaux, am\u00e9liorant ainsi vos communications internes et externes.<\/li>\r\n<\/ul>\r\n<h4 class=\"title-normal\">Nos services complets de recrutement offshore incluent\u00a0:<\/h4>\r\n<ul>\r\n<li><strong>Recherche de cadres\u00a0:<\/strong> Gr\u00e2ce \u00e0 notre r\u00e9seau mondial \u00e9tendu, Verztec identifie et recrute des professionnels de haut niveau pour des postes contractuels et permanents. Que vous ayez besoin de sp\u00e9cialistes en IA, en marketing num\u00e9rique, de chefs de projet ou d&#8217;autres experts qualifi\u00e9s, nous trouvons des candidats align\u00e9s avec la culture et les objectifs strat\u00e9giques de votre entreprise.<\/li>\r\n<li><strong>Personnel temporaire et contractuel\u00a0:<\/strong> Verztec propose des solutions de recrutement flexibles pour des projets \u00e0 court et long terme. Que vous n\u00e9cessitiez un expert pour une t\u00e2che sp\u00e9cifique ou une \u00e9quipe compl\u00e8te pour un projet prolong\u00e9, nous g\u00e9rons l\u2019ensemble du processus de recrutement pour vous fournir les talents ad\u00e9quats.<\/li>\r\n<li><strong>Recrutement \u00e0 la demande\u00a0:<\/strong> Pour des projets n\u00e9cessitant une intervention imm\u00e9diate, Verztec offre des services de recrutement \u00e0 la demande. Nos professionnels qualifi\u00e9s, tels que des administrateurs informatiques, ing\u00e9nieurs logiciels et experts linguistiques, peuvent rapidement s&#8217;int\u00e9grer \u00e0 votre \u00e9quipe, vous permettant de vous adapter sans le fardeau administratif d\u2019un recrutement traditionnel.<\/li>\r\n<li><strong>Soutien et gestion complets\u00a0:<\/strong> Verztec g\u00e8re tous les aspects des ressources humaines, y compris la paie, les taxes, l\u2019administration des avantages et la conformit\u00e9 juridique. Nous prenons \u00e9galement en charge l\u2019int\u00e9gration, la formation et la gestion des performances pour garantir une int\u00e9gration fluide dans vos processus de travail.<\/li>\r\n<\/ul>\r\n<h4 class=\"title-normal\">Mod\u00e8le de tarification transparent<\/h4>\r\n<p>Le mod\u00e8le de tarification de Verztec est simple et transparent. Nous proposons un tarif mensuel tout compris qui couvre le salaire du personnel ainsi que les frais de service. Ces frais incluent le recrutement, les ressources humaines, les services informatiques, la gestion des installations et des op\u00e9rations. Sans frais cach\u00e9s, vous pouvez planifier votre budget en toute confiance en connaissant les co\u00fbts \u00e0 l&#8217;avance.<\/p>\r\n<ul>\r\n<li><strong>Tarif mensuel\u00a0:<\/strong> Le tarif combine le salaire de l&#8217;employ\u00e9 et les frais de service, couvrant tous les services RH et op\u00e9rationnels n\u00e9cessaires. Cela garantit que vous ne faites face \u00e0 aucune d\u00e9pense impr\u00e9vue.<\/li>\r\n<li><strong>Recrutement et int\u00e9gration\u00a0:<\/strong> Dans le cadre de notre service, Verztec g\u00e8re tout le processus de recrutement. Nous s\u00e9lectionnons, interviewons et testons les candidats pour garantir qu\u2019ils r\u00e9pondent \u00e0 vos exigences sp\u00e9cifiques. Une fois votre candidat id\u00e9al s\u00e9lectionn\u00e9, nous prenons en charge toutes les formalit\u00e9s d&#8217;embauche, y compris les contrats et accords d\u2019emploi.<\/li>\r\n<\/ul>\r\n<h4 class=\"title-normal\">Placement diversifi\u00e9 de personnel externalis\u00e9\u00a0:<\/h4>\r\n<p>Verztec offre des solutions de placement adapt\u00e9es \u00e0 une large gamme de postes pour r\u00e9pondre \u00e0 vos besoins sp\u00e9cifiques. Que vous ayez besoin d\u2019une expertise sp\u00e9cialis\u00e9e ou d\u2019un support multilingue, nous proposons des solutions flexibles et \u00e9volutives \u00e0 Singapour, en Tha\u00eflande, en Indon\u00e9sie et ailleurs\u00a0:<\/p>\r\n<ul>\r\n<li><strong>Sp\u00e9cialistes en IA\u00a0:<\/strong> Experts en intelligence artificielle et apprentissage automatique pour stimuler l\u2019innovation technologique et l\u2019automatisation des processus.<\/li>\r\n<li><strong>Sp\u00e9cialistes en marketing num\u00e9rique\u00a0:<\/strong> Professionnels exp\u00e9riment\u00e9s dans la cr\u00e9ation et l&#8217;ex\u00e9cution de strat\u00e9gies adapt\u00e9es \u00e0 un public international, augmentant la pr\u00e9sence en ligne et la notori\u00e9t\u00e9 de la marque.<\/li>\r\n<li><strong>Chefs de projet\u00a0:<\/strong> Gestionnaires de projet exp\u00e9riment\u00e9s supervisant des projets multilingues, garantissant des r\u00e9sultats de haute qualit\u00e9 et des livraisons dans les d\u00e9lais.<\/li>\r\n<li><strong>D\u00e9veloppeurs de sites Web\u00a0:<\/strong> Experts dans la conception, le d\u00e9veloppement et l\u2019optimisation de sites Web conviviaux et adapt\u00e9s \u00e0 un public mondial.<\/li>\r\n<li><strong>Ing\u00e9nieurs logiciels\u00a0:<\/strong> D\u00e9veloppeurs qui con\u00e7oivent, d\u00e9veloppent et maintiennent des logiciels performants dans diff\u00e9rents contextes linguistiques et g\u00e9ographiques.<\/li>\r\n<li><strong>Interpr\u00e8tes\u00a0:<\/strong> Interpr\u00e8tes professionnels facilitant la communication dans divers contextes tels que les domaines m\u00e9dical, technique, juridique et commercial.<\/li>\r\n<li><strong>Linguistes natifs\u00a0:<\/strong> Linguistes soutenant des fonctions telles que les \u00e9tudes de march\u00e9, le service client, la surveillance des m\u00e9dias sociaux, l\u2019assistance technique et le t\u00e9l\u00e9marketing, aidant ainsi \u00e0 mieux engager un public international.<\/li>\r\n<\/ul>\r\n<h3>Contactez-nous d\u00e8s aujourd\u2019hui<\/h3>\r\n<p><strong>D\u00e9couvrez comment les solutions de recrutement offshore de Verztec peuvent rationaliser vos op\u00e9rations, am\u00e9liorer l\u2019efficacit\u00e9 et augmenter les performances de votre entreprise. Que vous recrutiez \u00e0 Singapour ou dans d&#8217;autres localisations internationales, Verztec peut vous aider \u00e0 \u00e9voluer en toute confiance. Contactez-nous d\u00e8s aujourd\u2019hui \u00e0 <a href=\"mailto:enquiry@verztec.com\" target=\"_blank\" rel=\"noopener\">enquiry@verztec.com<\/a> pour discuter de vos besoins en recrutement et exploiter le potentiel des talents offshore pour votre entreprise.<\/strong><\/p>\r\n\r\n<hr style=\"margin-top: 20px; margin-bottom: 20px; border: 0; border-top: 1px solid #eee;\" \/>\n<p style=\"margin-bottom: 0;\">\n  <img decoding=\"async\" src=\"https:\/\/www.verztec.com\/wp-content\/images\/home\/more.png\" alt=\"\" \/>\n  &nbsp;<a href=\"https:\/\/www.verztec.com\/fr\/language-services\/\" target=\"_blank\" rel=\"noopener\">Voir tous les &#8220;Services linguistiques&#8221;<\/a>\n<\/p>\r\n","protected":false},"excerpt":{"rendered":"<p>Verztec propose des solutions compl\u00e8tes et rentables de recrutement offshore, permettant aux entreprises de se d\u00e9velopper efficacement dans le march\u00e9 mondial comp\u00e9titif d\u2019aujourd\u2019hui. Nous sommes sp\u00e9cialis\u00e9s dans la mise \u00e0&hellip;<\/p>\n","protected":false},"author":1,"featured_media":2018,"parent":0,"menu_order":8,"comment_status":"closed","ping_status":"closed","template":"","meta":{"footnotes":""},"class_list":["post-1531","page","type-page","status-publish","has-post-thumbnail","hentry"],"_links":{"self":[{"href":"https:\/\/www.verztec.com\/wp-json\/wp\/v2\/pages\/1531"}],"collection":[{"href":"https:\/\/www.verztec.com\/wp-json\/wp\/v2\/pages"}],"about":[{"href":"https:\/\/www.verztec.com\/wp-json\/wp\/v2\/types\/page"}],"author":[{"embeddable":true,"href":"https:\/\/www.verztec.com\/wp-json\/wp\/v2\/users\/1"}],"replies":[{"embeddable":true,"href":"https:\/\/www.verztec.com\/wp-json\/wp\/v2\/comments?post=1531"}],"version-history":[{"count":5,"href":"https:\/\/www.verztec.com\/wp-json\/wp\/v2\/pages\/1531\/revisions"}],"predecessor-version":[{"id":4007,"href":"https:\/\/www.verztec.com\/wp-json\/wp\/v2\/pages\/1531\/revisions\/4007"}],"wp:featuredmedia":[{"embeddable":true,"href":"https:\/\/www.verztec.com\/wp-json\/wp\/v2\/media\/2018"}],"wp:attachment":[{"href":"https:\/\/www.verztec.com\/wp-json\/wp\/v2\/media?parent=1531"}],"curies":[{"name":"wp","href":"https:\/\/api.w.org\/{rel}","templated":true}]}}