{"id":1563,"date":"2011-06-28T09:15:50","date_gmt":"2011-06-28T09:15:50","guid":{"rendered":"http:\/\/staging.verztec.com\/verztec\/our-charity-partnerships\/"},"modified":"2025-03-18T07:45:31","modified_gmt":"2025-03-18T07:45:31","slug":"our-charity-partnerships","status":"publish","type":"page","link":"https:\/\/www.verztec.com\/our-charity-partnerships","title":{"rendered":"Nos partenariats caritatifs"},"content":{"rendered":"\r\n<p>En tant qu&#8217;organisation responsable, une partie essentielle de notre strat\u00e9gie consiste \u00e0 \u00e9tablir des partenariats caritatifs efficaces et durables, en particulier avec les associations caritatives qui aident les jeunes de notre soci\u00e9t\u00e9.<\/p>\r\n\r\n\r\n\r\n<p>Nous croyons fermement que, gr\u00e2ce \u00e0 des partenariats r\u00e9ussis avec des associations caritatives partageant les m\u00eames valeurs, Verztec pourra am\u00e9liorer la vie des enfants et des jeunes.<\/p>\r\n\r\n\r\n\r\n<p>Pour devenir partenaire et nous rejoindre dans le soutien de nos partenaires caritatifs, veuillez nous contacter \u00e0 <a href=\"mailto:charity@verztec.com\">charity@verztec.com<\/a>.<\/p>\r\n\r\n\r\n\r\n<p><strong>1. Life Community Services Society<\/strong><\/p>\r\n\r\n\r\n\r\n<figure><a href=\"http:\/\/life-community.org\/\" target=\"_blank\" rel=\"noopener\"><img decoding=\"async\" src=\"https:\/\/www.verztec.com\/wp-content\/uploads\/2011\/06\/lcss-logo.jpg\" alt=\"lcss-logo\" title=\"LCSS Logo\"\/><\/a><\/figure>\r\n\r\n\r\n\r\n<p><\/p>\r\n\r\n\r\n\r\n<p>La Life Community Services Society (LCSS) a \u00e9t\u00e9 enregistr\u00e9e en tant qu&#8217;organisation caritative \u00e0 but non lucratif en 1996. LCSS est membre du National Council of Social Service (NCSS). Depuis ao\u00fbt 2003, LCSS a \u00e9t\u00e9 attribu\u00e9 le statut d&#8217;Institution de caract\u00e8re public (IPC). En 2005, LCSS a \u00e9t\u00e9 reconnue pour ses efforts visant \u00e0 combler le foss\u00e9 interg\u00e9n\u00e9rationnel en remportant le prix pr\u00e9sent\u00e9 par SM Goh Chok Tong pour le &#8220;Meilleur programme de grand-parenting et de lien interg\u00e9n\u00e9rationnel&#8221; organis\u00e9 par MCYS.<\/p>\r\n\r\n\r\n\r\n<p>LCSS propose quatre services principaux et compte plus de 950 clients.<\/p>\r\n\r\n\r\n\r\n<ol class=\"wp-block-list\">\r\n<li>Le programme Life Student Care (LSC) aide les enfants des \u00e9coles primaires des quartiers populaires (sans distinction de race, langue ou religion) en leur offrant des services de garde d&#8217;enfants de qualit\u00e9. Actuellement, LCSS dispose de 3 centres de garde d&#8217;enfants situ\u00e9s \u00e0 Hougang, Sengkang et Yishun. La priorit\u00e9 est donn\u00e9e aux enfants des familles pauvres et n\u00e9cessiteuses.<\/li>\r\n\r\n\r\n\r\n<li>Le programme MightyKids, Families &#038; Community (MKFC) vise \u00e0 instiller la confiance en chaque enfant et \u00e0 l&#8217;encourager \u00e0 mener une vie intentionnelle, fructueuse et autonome.<\/li>\r\n\r\n\r\n\r\n<li>Le programme Friends of Youth (FOY) cherche \u00e0 \u00e9tablir des liens d&#8217;amiti\u00e9 et de mentorat avec des jeunes (de 12 \u00e0 19 ans) ayant des parents actuellement ou pr\u00e9c\u00e9demment incarc\u00e9r\u00e9s.<\/li>\r\n\r\n\r\n\r\n<li>Le programme Friends of Children (FOC) adopte une approche d&#8217;intervention en offrant des soins et un soutien aux enfants (de 7 \u00e0 13 ans) ayant des parents actuellement ou pr\u00e9c\u00e9demment incarc\u00e9r\u00e9s.<\/li>\r\n<\/ol>\r\n\r\n\r\n\r\n<ul>\r\n    <li style=\"list-style-type: none;\">\r\n        <p><span style=\"color: #000000;\"><strong><strong>2023 &#8211; LCSS \u00e0 Kiztopia<\/strong><\/strong><\/span><\/p>\r\n        <div id=\"gallery\" class=\"small\">\r\n            <a href=\"https:\/\/www.verztec.com\/wp-content\/uploads\/events\/kiztopia\/2.jpg\" class=\"gallery-item\">\r\n                <img decoding=\"async\" src=\"https:\/\/www.verztec.com\/wp-content\/uploads\/events\/kiztopia\/2.jpg\" alt=\"LCSS at Kiztopia\" \/>\r\n            <\/a>\r\n            <a href=\"https:\/\/www.verztec.com\/wp-content\/uploads\/events\/kiztopia\/4.jpg\" class=\"gallery-item\">\r\n                <img decoding=\"async\" src=\"https:\/\/www.verztec.com\/wp-content\/uploads\/events\/kiztopia\/4.jpg\" alt=\"LCSS at Kiztopia\" \/>\r\n            <\/a>\r\n            <a href=\"https:\/\/www.verztec.com\/wp-content\/uploads\/events\/kiztopia\/6.jpg\" class=\"gallery-item\">\r\n                <img decoding=\"async\" src=\"https:\/\/www.verztec.com\/wp-content\/uploads\/events\/kiztopia\/6.jpg\" alt=\"LCSS at Kiztopia\" \/>\r\n            <\/a>\r\n        <\/div>\r\n    <\/li>\r\n    <li style=\"list-style-type: none;\">\r\n        <p><span style=\"color: #000000;\"><strong><strong>2019 &#8211; LCSS \u00e0 PastaMania<\/strong><\/strong><\/span><\/p>\r\n        <div id=\"gallery\" class=\"small\">\r\n            <a href=\"https:\/\/www.verztec.com\/wp-content\/uploads\/events\/pastamania\/2.jpg\" class=\"gallery-item\">\r\n                <img decoding=\"async\" src=\"https:\/\/www.verztec.com\/wp-content\/uploads\/events\/pastamania\/2.jpg\" alt=\"LCSS at PastaMania\" \/>\r\n            <\/a>\r\n            <a href=\"https:\/\/www.verztec.com\/wp-content\/uploads\/events\/pastamania\/4.jpg\" class=\"gallery-item\">\r\n                <img decoding=\"async\" src=\"https:\/\/www.verztec.com\/wp-content\/uploads\/events\/pastamania\/4.jpg\" alt=\"LCSS at PastaMania\" \/>\r\n            <\/a>\r\n            <a href=\"https:\/\/www.verztec.com\/wp-content\/uploads\/events\/pastamania\/6.jpg\" class=\"gallery-item\">\r\n                <img decoding=\"async\" src=\"https:\/\/www.verztec.com\/wp-content\/uploads\/events\/pastamania\/6.jpg\" alt=\"LCSS at PastaMania\" \/>\r\n            <\/a>\r\n        <\/div>\r\n    <\/li>\r\n    <li style=\"list-style-type: none;\">\r\n        <p><span style=\"color: #000000;\"><strong><strong>2018 &#8211; LCSS \u00e0 AMPED<\/strong><\/strong><\/span><\/p>\r\n        <div id=\"gallery\" class=\"small\">\r\n            <a href=\"https:\/\/www.verztec.com\/wp-content\/uploads\/events\/lcss2018\/1.jpg\" class=\"gallery-item\">\r\n                <img decoding=\"async\" src=\"https:\/\/www.verztec.com\/wp-content\/uploads\/events\/lcss2018\/1.jpg\" alt=\"LCSS at AMPED\" \/>\r\n            <\/a>\r\n            <a href=\"https:\/\/www.verztec.com\/wp-content\/uploads\/events\/lcss2018\/3.jpg\" class=\"gallery-item\">\r\n                <img decoding=\"async\" src=\"https:\/\/www.verztec.com\/wp-content\/uploads\/events\/lcss2018\/3.jpg\" alt=\"LCSS at AMPED\" \/>\r\n            <\/a>\r\n            <a href=\"https:\/\/www.verztec.com\/wp-content\/uploads\/events\/lcss2018\/8.jpg\" class=\"gallery-item\">\r\n                <img decoding=\"async\" src=\"https:\/\/www.verztec.com\/wp-content\/uploads\/events\/lcss2018\/8.jpg\" alt=\"LCSS at AMPED\" \/>\r\n            <\/a>\r\n        <\/div>\r\n    <\/li>\r\n    <li style=\"list-style-type: none;\">\r\n        <p><span style=\"color: #000000;\"><strong><strong>2017 &#8211; LCSS Christmas Extravaganza<\/strong><\/strong><\/span><\/p>\r\n        <div id=\"gallery\" class=\"small\">\r\n            <a href=\"https:\/\/www.verztec.com\/wp-content\/uploads\/events\/lcssxmas2017\/8.jpg\" class=\"gallery-item\">\r\n                <img decoding=\"async\" src=\"https:\/\/www.verztec.com\/wp-content\/uploads\/events\/lcssxmas2017\/8.jpg\" alt=\"LCSS Christmas Extravaganza\" \/>\r\n            <\/a>\r\n            <a href=\"https:\/\/www.verztec.com\/wp-content\/uploads\/events\/lcssxmas2017\/3.jpg\" class=\"gallery-item\">\r\n                <img decoding=\"async\" src=\"https:\/\/www.verztec.com\/wp-content\/uploads\/events\/lcssxmas2017\/3.jpg\" alt=\"LCSS Christmas Extravaganza\" \/>\r\n            <\/a>\r\n            <a href=\"https:\/\/www.verztec.com\/wp-content\/uploads\/events\/lcssxmas2017\/7.jpg\" class=\"gallery-item\">\r\n                <img decoding=\"async\" src=\"https:\/\/www.verztec.com\/wp-content\/uploads\/events\/lcssxmas2017\/7.jpg\" alt=\"LCSS Christmas Extravaganza\" \/>\r\n            <\/a>\r\n        <\/div>\r\n    <\/li>\r\n<\/ul>\r\n\r\n\r\n\r\n<p>Pour en savoir plus sur LCSS ou pour nous rejoindre dans notre engagement \u00e0 aider les d\u00e9favoris\u00e9s, veuillez visiter le <a title=\"LCSS Website\" href=\"http:\/\/life-community.org\/\" target=\"_blank\" rel=\"noopener\">site web de LCSS<\/a>.<\/p>\r\n\r\n\r\n\r\n<p><strong>2. Intercultural Theatre Institute<br><\/strong><\/p>\r\n\r\n\r\n\r\n<figure><a href=\"http:\/\/iti.edu.sg\" target=\"_blank\" rel=\"noopener\"><img decoding=\"async\" src=\"https:\/\/www.verztec.com\/wp-content\/uploads\/2011\/06\/iti-logo.jpg\" alt=\"iti-logo\" title=\"ITI Logo\"\/><\/a><\/figure>\r\n\r\n\r\n\r\n<p><\/p>\r\n\r\n\r\n\r\n<p>L&#8217;Intercultural Theatre Institute a \u00e9t\u00e9 fond\u00e9 en 2000. Il s&#8217;agit d&#8217;une \u00e9cole de th\u00e9\u00e2tre ind\u00e9pendante pour artistes contemporains, con\u00e7ue comme une entreprise unique et sans pr\u00e9c\u00e9dent dans la formation th\u00e9\u00e2trale, l&#8217;interaction sociale et culturelle, ainsi que la compr\u00e9hension humaine.<\/p>\r\n\r\n\r\n\r\n<p>Cette organisation artistique propose actuellement un programme de formation professionnelle d&#8217;acteurs bas\u00e9 sur la pratique &#8211; le Dipl\u00f4me Professionnel en Th\u00e9\u00e2tre Interculturel (Acting).<\/p>\r\n\r\n\r\n\r\n<p>Bas\u00e9 sur la vision du cofondateur Kuo Pao Kun, il s&#8217;agit du seul programme au monde fond\u00e9 sur une m\u00e9thodologie d&#8217;apprentissage interculturel rigoureuse, dans le but de produire du th\u00e9\u00e2tre contemporain original. Les \u00e9tudiants sont s\u00e9lectionn\u00e9s parmi les meilleurs talents d&#8217;Asie et d&#8217;ailleurs.<\/p>\r\n\r\n\r\n\r\n<p>Verztec est fier d&#8217;\u00eatre partenaire de l&#8217;Intercultural Theatre Institute.<\/p>\r\n\r\n\r\n\r\n\r\n        <div id=\"gallery\" class=\"small\">\r\n            <a href=\"https:\/\/www.verztec.com\/wp-content\/uploads\/events\/2012\/2012_1.jpg\" class=\"gallery-item\">\r\n                <img decoding=\"async\" src=\"https:\/\/www.verztec.com\/wp-content\/uploads\/events\/2012\/2012_1.jpg\" alt=\"The Water Station by Ota Shogo, final year production directed by Philip B. Zarrilli, 2004, at Esplanade Theatre Studio\" \/>\r\n            <\/a>\r\n            <a href=\"https:\/\/www.verztec.com\/wp-content\/uploads\/events\/2012\/2012_2.jpg\" class=\"gallery-item\">\r\n                <img decoding=\"async\" src=\"https:\/\/www.verztec.com\/wp-content\/uploads\/events\/2012\/2012_2.jpg\" alt=\"Campus of The Intercultural Theatre Institute is located at Emily Hill - Singapore's first independent cooperative for arts and the creative industries\" \/>\r\n            <\/a>\r\n            <a href=\"https:\/\/www.verztec.com\/wp-content\/uploads\/events\/2012\/2012_3.jpg\" class=\"gallery-item\">\r\n                <img decoding=\"async\" src=\"https:\/\/www.verztec.com\/wp-content\/uploads\/events\/2012\/2012_3.jpg\" alt=\"T. Sasitharan, Director and co-founder of ITI teaching an Acting class\" \/>\r\n            <\/a>\r\n        <\/div>\r\n    \r\n\r\n\r\n\r\n<p>Pour en savoir plus sur l&#8217;Intercultural Theatre Institute ou pour nous rejoindre dans notre engagement \u00e0 pr\u00e9server les meilleurs talents, veuillez visiter le <a href=\"http:\/\/iti.edu.sg\/\" target=\"_blank\" rel=\"noopener\">site web de l&#8217;Intercultural Theatre Institute<\/a>.<\/p>\r\n\r\n\r\n\r\n<p><strong>3. St. Vincent Home<br><\/strong><\/p>\r\n\r\n\r\n\r\n<div style=\"display: flex;\"><figure><a href=\"https:\/\/catholicwelfare.org.sg\/\" target=\"_blank\" rel=\"noopener\"><img decoding=\"async\" src=\"https:\/\/www.verztec.com\/wp-content\/uploads\/2011\/06\/svh1.jpg\" alt=\"St. Vincent Home\" title=\"St. Vincent Home Logo\"\/><\/a><\/figure>\r\n<figure><a href=\"https:\/\/catholicwelfare.org.sg\/\" target=\"_blank\" rel=\"noopener\"><img decoding=\"async\" src=\"https:\/\/www.verztec.com\/wp-content\/uploads\/2011\/06\/svh2.jpg\" alt=\"St. Vincent Home\" title=\"St. Vincent Home Logo\"\/><\/a><\/figure><\/div>\r\n\r\n\r\n\r\n<p><\/p>\r\n\r\n\r\n\r\n<p>St. Vincent Home est une organisation caritative \u00e0 but non lucratif enregistr\u00e9e sous Catholic Welfare Services Singapore.<\/p>\r\n\r\n\r\n\r\n<p>St. Vincent Home est un foyer prot\u00e9g\u00e9 dans un am\u00e9nagement r\u00e9sidentiel qui offre des services de base \u00e0 ses r\u00e9sidents \u00e2g\u00e9s ambulants. Les r\u00e9sidents \u00e2g\u00e9s g\u00e8rent leurs activit\u00e9s quotidiennes afin de maintenir leur ind\u00e9pendance au sein de la communaut\u00e9. Les r\u00e9sidents du foyer ont plus de 60 ans et d\u00e9pendent de l&#8217;assistance publique car ils n&#8217;ont pas de famille imm\u00e9diate pour prendre soin d&#8217;eux.<\/p>\r\n\r\n\r\n\r\n<div id=\"gallery\" class=\"small\">\r\n    <a href=\"https:\/\/www.verztec.com\/wp-content\/uploads\/events\/stvincent2020\/3.jpg\" class=\"gallery-item\">\r\n        <img decoding=\"async\" src=\"https:\/\/www.verztec.com\/wp-content\/uploads\/events\/stvincent2020\/3.jpg\" alt=\"St Vincent 2020\" \/>\r\n    <\/a>\r\n    <a href=\"https:\/\/www.verztec.com\/wp-content\/uploads\/events\/stvincent2020\/4.jpg\" class=\"gallery-item\">\r\n        <img decoding=\"async\" src=\"https:\/\/www.verztec.com\/wp-content\/uploads\/events\/stvincent2020\/4.jpg\" alt=\"St Vincent 2020\" \/>\r\n    <\/a>\r\n    <a href=\"https:\/\/www.verztec.com\/wp-content\/uploads\/events\/stvincent2020\/5.jpg\" class=\"gallery-item\">\r\n        <img decoding=\"async\" src=\"https:\/\/www.verztec.com\/wp-content\/uploads\/events\/stvincent2020\/5.jpg\" alt=\"St Vincent 2020\" \/>\r\n    <\/a>\r\n    <a href=\"https:\/\/www.verztec.com\/wp-content\/uploads\/events\/stvincent2020\/6.jpg\" class=\"gallery-item\">\r\n        <img decoding=\"async\" src=\"https:\/\/www.verztec.com\/wp-content\/uploads\/events\/stvincent2020\/6.jpg\" alt=\"St Vincent 2020\" \/>\r\n    <\/a>\r\n    <a href=\"https:\/\/www.verztec.com\/wp-content\/uploads\/events\/stvincent2018\/1.jpg\" class=\"gallery-item\">\r\n        <img decoding=\"async\" src=\"https:\/\/www.verztec.com\/wp-content\/uploads\/events\/stvincent2018\/1.jpg\" alt=\"St Vincent 2018\" \/>\r\n    <\/a>\r\n    <a href=\"https:\/\/www.verztec.com\/wp-content\/uploads\/events\/stvincent2018\/2.jpg\" class=\"gallery-item\">\r\n        <img decoding=\"async\" src=\"https:\/\/www.verztec.com\/wp-content\/uploads\/events\/stvincent2018\/2.jpg\" alt=\"St Vincent 2018\" \/>\r\n    <\/a>\r\n    <a href=\"https:\/\/www.verztec.com\/wp-content\/uploads\/events\/2016\/charity-1.jpg\" class=\"gallery-item\">\r\n        <img decoding=\"async\" src=\"https:\/\/www.verztec.com\/wp-content\/uploads\/events\/2016\/charity-1.jpg\" alt=\"St Vincent 2016\" \/>\r\n    <\/a>\r\n    <a href=\"https:\/\/www.verztec.com\/wp-content\/uploads\/events\/2016\/charity-2.jpg\" class=\"gallery-item\">\r\n        <img decoding=\"async\" src=\"https:\/\/www.verztec.com\/wp-content\/uploads\/events\/2016\/charity-2.jpg\" alt=\"St Vincent 2016\" \/>\r\n    <\/a>\r\n    <a href=\"https:\/\/www.verztec.com\/wp-content\/uploads\/events\/2016\/charity-3.jpg\" class=\"gallery-item\">\r\n        <img decoding=\"async\" src=\"https:\/\/www.verztec.com\/wp-content\/uploads\/events\/2016\/charity-3.jpg\" alt=\"St Vincent 2016\" \/>\r\n    <\/a>\r\n    <a href=\"https:\/\/www.verztec.com\/wp-content\/uploads\/events\/2015\/charity-4.jpg\" class=\"gallery-item\">\r\n        <img decoding=\"async\" src=\"https:\/\/www.verztec.com\/wp-content\/uploads\/events\/2015\/charity-4.jpg\" alt=\"St Vincent 2056\" \/>\r\n    <\/a>\r\n    <a href=\"https:\/\/www.verztec.com\/wp-content\/uploads\/events\/2015\/charity-5.jpg\" class=\"gallery-item\">\r\n        <img decoding=\"async\" src=\"https:\/\/www.verztec.com\/wp-content\/uploads\/events\/2015\/charity-5.jpg\" alt=\"St Vincent 2015\" \/>\r\n    <\/a>\r\n    <a href=\"https:\/\/www.verztec.com\/wp-content\/uploads\/events\/2015\/charity-6.jpg\" class=\"gallery-item\">\r\n        <img decoding=\"async\" src=\"https:\/\/www.verztec.com\/wp-content\/uploads\/events\/2015\/charity-6.jpg\" alt=\"St Vincent 2015\" \/>\r\n    <\/a>\r\n<\/div>\r\n\r\n\r\n\r\n<p>Pour en savoir plus sur St. Vincent Home ou pour nous rejoindre dans le soutien de cette cause, veuillez visiter le <a href=\"https:\/\/catholicwelfare.org.sg\/\" target=\"_blank\" rel=\"noopener\">site web de St. Vincent Home<\/a>.<\/p>\r\n\r\n","protected":false},"excerpt":{"rendered":"<p>En tant qu&#8217;organisation responsable, une partie essentielle de notre strat\u00e9gie consiste \u00e0 \u00e9tablir des partenariats caritatifs efficaces et durables, en particulier avec les associations caritatives qui aident les jeunes de&hellip;<\/p>\n","protected":false},"author":1,"featured_media":2011,"parent":0,"menu_order":7,"comment_status":"closed","ping_status":"closed","template":"","meta":{"footnotes":""},"class_list":["post-1563","page","type-page","status-publish","has-post-thumbnail","hentry"],"_links":{"self":[{"href":"https:\/\/www.verztec.com\/wp-json\/wp\/v2\/pages\/1563"}],"collection":[{"href":"https:\/\/www.verztec.com\/wp-json\/wp\/v2\/pages"}],"about":[{"href":"https:\/\/www.verztec.com\/wp-json\/wp\/v2\/types\/page"}],"author":[{"embeddable":true,"href":"https:\/\/www.verztec.com\/wp-json\/wp\/v2\/users\/1"}],"replies":[{"embeddable":true,"href":"https:\/\/www.verztec.com\/wp-json\/wp\/v2\/comments?post=1563"}],"version-history":[{"count":21,"href":"https:\/\/www.verztec.com\/wp-json\/wp\/v2\/pages\/1563\/revisions"}],"predecessor-version":[{"id":4251,"href":"https:\/\/www.verztec.com\/wp-json\/wp\/v2\/pages\/1563\/revisions\/4251"}],"wp:featuredmedia":[{"embeddable":true,"href":"https:\/\/www.verztec.com\/wp-json\/wp\/v2\/media\/2011"}],"wp:attachment":[{"href":"https:\/\/www.verztec.com\/wp-json\/wp\/v2\/media?parent=1563"}],"curies":[{"name":"wp","href":"https:\/\/api.w.org\/{rel}","templated":true}]}}