{"id":1564,"date":"2011-06-30T02:50:08","date_gmt":"2011-06-30T02:50:08","guid":{"rendered":"http:\/\/staging.verztec.com\/verztec\/transcreation\/"},"modified":"2025-01-22T01:24:42","modified_gmt":"2025-01-22T01:24:42","slug":"transcreation","status":"publish","type":"page","link":"https:\/\/www.verztec.com\/transcreation","title":{"rendered":"Transcr\u00e9ation"},"content":{"rendered":"<p>Lors de la cr\u00e9ation de supports marketing ou publicitaires pour un march\u00e9 \u00e9tranger, la traduction peut parfois \u00eatre trop litt\u00e9rale, ce qui entra\u00eene un contenu peu percutant. Les m\u00e9taphores et autres nuances culturelles perdent souvent leur essence dans une traduction directe. C&#8217;est pourquoi, pour le contenu marketing, la transcr\u00e9ation est une approche bien sup\u00e9rieure.<\/p>\r\n<p>Si vous disposez d&#8217;un contenu \u00e9prouv\u00e9 ayant rencontr\u00e9 un succ\u00e8s consid\u00e9rable et souhaitez reproduire ce succ\u00e8s sur d&#8217;autres march\u00e9s cibles, le service de transcr\u00e9ation de Verztec est exactement ce qu&#8217;il vous faut.<\/p>\r\n<br \/>\r\n<h3>Qu&#8217;est-ce que la transcr\u00e9ation ?<\/h3>\r\n<br \/>\r\n<p>La transcr\u00e9ation consiste \u00e0 adapter un contenu \u00e0 un march\u00e9 cible diff\u00e9rent tout en se r\u00e9f\u00e9rant \u00e0 un document source existant.<\/p>\r\n<br \/>\r\n<h3>Pourquoi choisir nos services de transcr\u00e9ation ?<\/h3>\r\n<br \/>\r\n<h4 class=\"title-normal\">Sp\u00e9cialistes en langue et culture :<\/h4>\r\n<p>Notre \u00e9quipe de transcr\u00e9ation est compos\u00e9e d&#8217;experts en langue et culture qui comprennent la psychologie et les pr\u00e9f\u00e9rences de votre public cible. Ils extraient les points forts de votre contenu original et cr\u00e9ent un nouveau contenu parfaitement adapt\u00e9 \u00e0 votre nouveau march\u00e9.<\/p>\r\n<h4 class=\"title-normal\">Sens du marketing :<\/h4>\r\n<p>Nos linguistes ne sont pas seulement des sp\u00e9cialistes de la langue, mais aussi des r\u00e9dacteurs qualifi\u00e9s en marketing. Ils affinent le ton et le style du contenu final pour un impact et un attrait maximum, garantissant ainsi que votre message touche juste.<\/p>\r\n<h4 class=\"title-normal\">Localisation culturelle :<\/h4>\r\n<p>Les r\u00e9f\u00e9rences culturelles sont localis\u00e9es pour garantir que le contenu r\u00e9sonne avec le public cible. De cette mani\u00e8re, vous obtenez le meilleur des deux mondes : un contenu adapt\u00e9 au march\u00e9 cible tout en conservant l&#8217;essence de l&#8217;original.<\/p>\r\n<h4 class=\"title-normal\">\u00c9limination des erreurs :<\/h4>\r\n<p>En adaptant le contenu sp\u00e9cifiquement pour le public cible, nous \u00e9liminons les erreurs linguistiques et culturelles embarrassantes qui pourraient nuire \u00e0 la cr\u00e9dibilit\u00e9 de votre marque.<\/p>\r\n<h4 class=\"title-normal\">Transcr\u00e9ation multilingue :<\/h4>\r\n<p>Nous proposons des services de transcr\u00e9ation multilingue, ce qui vous permet d&#8217;adapter votre contenu \u00e0 plusieurs march\u00e9s en toute simplicit\u00e9. Notre vaste r\u00e9seau d&#8217;experts garantit l&#8217;efficacit\u00e9 de votre message, quelle que soit la langue.<\/p>\r\n<h4 class=\"title-normal\">Traduction inverse pour assurance :<\/h4>\r\n<p>Si vous avez des pr\u00e9occupations concernant le contenu final, vous pouvez opter pour nos services de traduction inverse. Cela vous permettra de v\u00e9rifier que tous les points pertinents sont intacts et que le contenu r\u00e9pond \u00e0 vos attentes.<\/p>\r\n<br \/>\r\n<h3>Lancez votre prochaine campagne marketing r\u00e9ussie<\/h3>\r\n<br \/>\r\n<p><strong>Travaillez avec les sp\u00e9cialistes de la transcr\u00e9ation de Verztec d\u00e8s aujourd&#8217;hui pour lancer votre prochaine campagne marketing r\u00e9ussie. D\u00e9couvrez la puissance d&#8217;un contenu marketing culturellement adapt\u00e9 et percutant, con\u00e7u pour votre public cible. Contactez-nous d\u00e8s aujourd&#8217;hui \u00e0 <a href=\"mailto:enquiry@verztec.com\" target=\"_blank\" rel=\"noopener\">enquiry@verztec.com<\/a> pour en savoir plus sur nos services et comment nous pouvons vous aider \u00e0 r\u00e9ussir \u00e0 l&#8217;\u00e9chelle mondiale.<\/strong><\/p>\r\n\r\n<hr style=\"margin-top: 20px; margin-bottom: 20px; border: 0; border-top: 1px solid #eee;\" \/>\n<p style=\"margin-bottom: 0;\">\n  <img decoding=\"async\" src=\"https:\/\/www.verztec.com\/wp-content\/images\/home\/more.png\" alt=\"\" \/>\n  &nbsp;<a href=\"https:\/\/www.verztec.com\/fr\/language-services\/\" target=\"_blank\" rel=\"noopener\">Voir tous les &#8220;Services linguistiques&#8221;<\/a>\n<\/p>","protected":false},"excerpt":{"rendered":"<p>Lors de la cr\u00e9ation de supports marketing ou publicitaires pour un march\u00e9 \u00e9tranger, la traduction peut parfois \u00eatre trop litt\u00e9rale, ce qui entra\u00eene un contenu peu percutant. Les m\u00e9taphores et&hellip;<\/p>\n","protected":false},"author":1,"featured_media":2018,"parent":0,"menu_order":7,"comment_status":"closed","ping_status":"closed","template":"","meta":{"footnotes":""},"class_list":["post-1564","page","type-page","status-publish","has-post-thumbnail","hentry"],"_links":{"self":[{"href":"https:\/\/www.verztec.com\/wp-json\/wp\/v2\/pages\/1564"}],"collection":[{"href":"https:\/\/www.verztec.com\/wp-json\/wp\/v2\/pages"}],"about":[{"href":"https:\/\/www.verztec.com\/wp-json\/wp\/v2\/types\/page"}],"author":[{"embeddable":true,"href":"https:\/\/www.verztec.com\/wp-json\/wp\/v2\/users\/1"}],"replies":[{"embeddable":true,"href":"https:\/\/www.verztec.com\/wp-json\/wp\/v2\/comments?post=1564"}],"version-history":[{"count":6,"href":"https:\/\/www.verztec.com\/wp-json\/wp\/v2\/pages\/1564\/revisions"}],"predecessor-version":[{"id":3996,"href":"https:\/\/www.verztec.com\/wp-json\/wp\/v2\/pages\/1564\/revisions\/3996"}],"wp:featuredmedia":[{"embeddable":true,"href":"https:\/\/www.verztec.com\/wp-json\/wp\/v2\/media\/2018"}],"wp:attachment":[{"href":"https:\/\/www.verztec.com\/wp-json\/wp\/v2\/media?parent=1564"}],"curies":[{"name":"wp","href":"https:\/\/api.w.org\/{rel}","templated":true}]}}