{"id":1565,"date":"2011-09-08T03:41:55","date_gmt":"2011-09-08T03:41:55","guid":{"rendered":"http:\/\/staging.verztec.com\/verztec\/education\/"},"modified":"2025-02-03T08:34:29","modified_gmt":"2025-02-03T08:34:29","slug":"education","status":"publish","type":"page","link":"https:\/\/www.verztec.com\/education","title":{"rendered":"\u00c9ducation"},"content":{"rendered":"<p>Le rythme rapide du changement dans la soci\u00e9t\u00e9 et l&#8217;\u00e9conomie exige que les organisations r\u00e9\u00e9valuent et adaptent en permanence les comp\u00e9tences pertinentes pour r\u00e9pondre aux besoins \u00e9volutifs.<\/p>\r\n<p>\u00c0 mesure que les syst\u00e8mes \u00e9ducatifs s&#8217;ouvrent \u00e0 un public mondial, les agences sont confront\u00e9es au d\u00e9fi de fournir des services \u00e9ducatifs \u00e0 une client\u00e8le croissante. Il est imp\u00e9ratif que les mat\u00e9riaux \u00e9ducatifs soient disponibles en plusieurs langues et que les programmes soient culturellement appropri\u00e9s.<\/p>\r\n<p>Les \u00e9diteurs \u00e9ducatifs et les agences gouvernementales de l&#8217;\u00e9ducation doivent livrer du contenu sp\u00e9cifique \u00e0 la langue de mani\u00e8re rapide et rentable, faisant souvent appel \u00e0 des partenaires externes pour aider \u00e0 la cr\u00e9ation de contenu.<\/p>\r\n<p>Verztec se sp\u00e9cialise dans l&#8217;accompagnement des entreprises avec une expertise durable dans l&#8217;apprentissage en ligne, les voix-off int\u00e9gr\u00e9es et les capacit\u00e9s d&#8217;ing\u00e9nierie multim\u00e9dia pour la cr\u00e9ation de syst\u00e8mes d&#8217;apprentissage en ligne traduits et localis\u00e9s dans diverses langues.<\/p>\r\n<p>Les capacit\u00e9s de Verztec couvrent une large gamme de programmes d&#8217;apprentissage en ligne :<\/p>\r\n<ul>\r\n<li>Formation en ligne (web-based)<\/li>\r\n<li>Formation assist\u00e9e par ordinateur<\/li>\r\n<li>Mat\u00e9riel p\u00e9dagogique en pr\u00e9sentiel<\/li>\r\n<li>Applications multim\u00e9dia<\/li>\r\n<li>Syst\u00e8mes de gestion de l&#8217;apprentissage (LMS)<\/li>\r\n<li>Objets d&#8217;apprentissage r\u00e9utilisables bas\u00e9s sur XML<\/li>\r\n<li>Programmes de certification et d&#8217;\u00e9valuation en auto-apprentissage<\/li>\r\n<li>D\u00e9veloppement de contenu multilingue<\/li>\r\n<\/ul>\r\n<p>Partenaire avec Verztec pour am\u00e9liorer vos initiatives d&#8217;\u00e9ducation mondiales.<\/p>\r\n<p>D\u00e9couvrez comment nos services linguistiques complets et nos solutions d&#8217;apprentissage num\u00e9rique innovantes peuvent soutenir la mission de votre organisation. Contactez-nous aujourd&#8217;hui pour explorer toute la gamme de services que nous proposons.<\/p>\r\n\r\n<hr style=\"margin-top: 20px; margin-bottom: 20px; border: 0; border-top: 1px solid #eee;\" \/>\n<p style=\"margin-bottom: 0;\"><a href=\"https:\/\/www.verztec.com\/fr\/testimonials\/\" target=\"_blank\" rel=\"noopener\">T\u00e9moignages de clients<\/a> &nbsp; : D\u00e9couvrez ce que nos clients disent de nous !<\/p>\n<p><a href=\"https:\/\/www.verztec.com\/fr\/clients\/\" target=\"_blank\" rel=\"noopener\">Nos Clients Pr\u00e9cieux<\/a> &nbsp; : Consultez la liste de nos clients estim\u00e9s.<\/p>\n\r\n","protected":false},"excerpt":{"rendered":"<p>Le rythme rapide du changement dans la soci\u00e9t\u00e9 et l&#8217;\u00e9conomie exige que les organisations r\u00e9\u00e9valuent et adaptent en permanence les comp\u00e9tences pertinentes pour r\u00e9pondre aux besoins \u00e9volutifs. \u00c0 mesure que&hellip;<\/p>\n","protected":false},"author":1,"featured_media":4027,"parent":0,"menu_order":19,"comment_status":"closed","ping_status":"closed","template":"","meta":{"footnotes":""},"class_list":["post-1565","page","type-page","status-publish","has-post-thumbnail","hentry"],"_links":{"self":[{"href":"https:\/\/www.verztec.com\/wp-json\/wp\/v2\/pages\/1565"}],"collection":[{"href":"https:\/\/www.verztec.com\/wp-json\/wp\/v2\/pages"}],"about":[{"href":"https:\/\/www.verztec.com\/wp-json\/wp\/v2\/types\/page"}],"author":[{"embeddable":true,"href":"https:\/\/www.verztec.com\/wp-json\/wp\/v2\/users\/1"}],"replies":[{"embeddable":true,"href":"https:\/\/www.verztec.com\/wp-json\/wp\/v2\/comments?post=1565"}],"version-history":[{"count":2,"href":"https:\/\/www.verztec.com\/wp-json\/wp\/v2\/pages\/1565\/revisions"}],"predecessor-version":[{"id":2875,"href":"https:\/\/www.verztec.com\/wp-json\/wp\/v2\/pages\/1565\/revisions\/2875"}],"wp:featuredmedia":[{"embeddable":true,"href":"https:\/\/www.verztec.com\/wp-json\/wp\/v2\/media\/4027"}],"wp:attachment":[{"href":"https:\/\/www.verztec.com\/wp-json\/wp\/v2\/media?parent=1565"}],"curies":[{"name":"wp","href":"https:\/\/api.w.org\/{rel}","templated":true}]}}