{"id":1566,"date":"2011-09-08T03:48:37","date_gmt":"2011-09-08T03:48:37","guid":{"rendered":"http:\/\/staging.verztec.com\/verztec\/advertising\/"},"modified":"2025-02-03T08:07:41","modified_gmt":"2025-02-03T08:07:41","slug":"advertising","status":"publish","type":"page","link":"https:\/\/www.verztec.com\/advertising","title":{"rendered":"Marketing Digital & Publicit\u00e9"},"content":{"rendered":"<p>Dans les secteurs du marketing digital et de la publicit\u00e9 en constante \u00e9volution, une communication efficace et une diffusion rapide des messages essentiels sont indispensables. \u00c0 mesure que les entreprises s&#8217;\u00e9tendent sur les march\u00e9s internationaux, le besoin de contenu multilingue et de services de localisation devient de plus en plus crucial.<\/p>\r\n<p>Verztec est votre partenaire strat\u00e9gique pour atteindre vos objectifs de marketing digital et de publicit\u00e9 gr\u00e2ce \u00e0 des solutions innovantes dans les applications m\u00e9diatiques et t\u00e9l\u00e9communications. Au-del\u00e0 des services traditionnels de localisation, Verztec excelle dans le soutien aux clients dans l&#8217;apprentissage num\u00e9rique, y compris la transformation de programmes de formation en modules dynamiques en ligne utilisant des syst\u00e8mes de gestion de l&#8217;apprentissage (LMS) pour des initiatives de formation r\u00e9gionales ou mondiales.<\/p>\r\n<p>Nos services complets couvrent la communication marketing multilingue, la localisation de sites web, les campagnes publicitaires adaptatives sur toutes les plateformes num\u00e9riques, la localisation du publipostage et de l&#8217;emballage, les campagnes en points de vente et les affiches, ainsi que l&#8217;adaptation des scripts de doublage (VO). Verztec simplifie la complexit\u00e9 et r\u00e9duit les co\u00fbts en offrant une source unifi\u00e9e et flexible pour tous vos besoins en contenu marketing digital et en localisation.<\/p>\r\n<p>Que vous lanciez des campagnes num\u00e9riques \u00e0 l&#8217;\u00e9chelle mondiale ou que vous renforciez votre pr\u00e9sence en ligne, Verztec fournit des solutions de haute qualit\u00e9, culturellement nuanc\u00e9es, qui r\u00e9sonnent avec des audiences diversifi\u00e9es.<\/p>\r\n<p>D\u00e9couvrez comment Verztec peut dynamiser votre strat\u00e9gie de marketing digital mondial et renforcer vos initiatives publicitaires d\u00e8s aujourd&#8217;hui. Contactez-nous pour explorer notre gamme compl\u00e8te de services et de solutions innovantes.<\/p>\r\n\r\n<hr style=\"margin-top: 20px; margin-bottom: 20px; border: 0; border-top: 1px solid #eee;\" \/>\n<p style=\"margin-bottom: 0;\"><a href=\"https:\/\/www.verztec.com\/fr\/testimonials\/\" target=\"_blank\" rel=\"noopener\">T\u00e9moignages de clients<\/a> &nbsp; : D\u00e9couvrez ce que nos clients disent de nous !<\/p>\n<p><a href=\"https:\/\/www.verztec.com\/fr\/clients\/\" target=\"_blank\" rel=\"noopener\">Nos Clients Pr\u00e9cieux<\/a> &nbsp; : Consultez la liste de nos clients estim\u00e9s.<\/p>\n\r\n\r\n\r\n<p><\/p>\r\n\r\n\r\n\r\n<p><\/p>\r\n\r\n","protected":false},"excerpt":{"rendered":"<p>Dans les secteurs du marketing digital et de la publicit\u00e9 en constante \u00e9volution, une communication efficace et une diffusion rapide des messages essentiels sont indispensables. \u00c0 mesure que les entreprises&hellip;<\/p>\n","protected":false},"author":1,"featured_media":4027,"parent":0,"menu_order":18,"comment_status":"closed","ping_status":"closed","template":"","meta":{"footnotes":""},"class_list":["post-1566","page","type-page","status-publish","has-post-thumbnail","hentry"],"_links":{"self":[{"href":"https:\/\/www.verztec.com\/wp-json\/wp\/v2\/pages\/1566"}],"collection":[{"href":"https:\/\/www.verztec.com\/wp-json\/wp\/v2\/pages"}],"about":[{"href":"https:\/\/www.verztec.com\/wp-json\/wp\/v2\/types\/page"}],"author":[{"embeddable":true,"href":"https:\/\/www.verztec.com\/wp-json\/wp\/v2\/users\/1"}],"replies":[{"embeddable":true,"href":"https:\/\/www.verztec.com\/wp-json\/wp\/v2\/comments?post=1566"}],"version-history":[{"count":6,"href":"https:\/\/www.verztec.com\/wp-json\/wp\/v2\/pages\/1566\/revisions"}],"predecessor-version":[{"id":2862,"href":"https:\/\/www.verztec.com\/wp-json\/wp\/v2\/pages\/1566\/revisions\/2862"}],"wp:featuredmedia":[{"embeddable":true,"href":"https:\/\/www.verztec.com\/wp-json\/wp\/v2\/media\/4027"}],"wp:attachment":[{"href":"https:\/\/www.verztec.com\/wp-json\/wp\/v2\/media?parent=1566"}],"curies":[{"name":"wp","href":"https:\/\/api.w.org\/{rel}","templated":true}]}}