{"id":1567,"date":"2011-09-09T09:39:36","date_gmt":"2011-09-09T09:39:36","guid":{"rendered":"http:\/\/staging.verztec.com\/verztec\/banking-and-finance\/"},"modified":"2025-02-03T08:29:25","modified_gmt":"2025-02-03T08:29:25","slug":"banking-and-finance","status":"publish","type":"page","link":"https:\/\/www.verztec.com\/banking-and-finance","title":{"rendered":"Banque et Finance"},"content":{"rendered":"<p>L&#8217;avenir de la banque et de la finance semble prometteur, soutenu par une croissance \u00e9conomique robuste, une rentabilit\u00e9 d&#8217;entreprise solide et des fondamentaux macro\u00e9conomiques renforc\u00e9s.<\/p>\r\n<p>Pour tirer parti des sentiments favorables des investisseurs et renforcer les performances macro\u00e9conomiques structurelles, les organisations du secteur bancaire et financier exploitent leurs avantages comparatifs. Cela inclut la gestion des d\u00e9fis tels que l&#8217;augmentation des r\u00e9gulations gouvernementales et la diversification des canaux de service.<\/p>\r\n<p>En r\u00e9ponse \u00e0 l&#8217;\u00e9volution des demandes des clients, les entreprises adoptent de nouvelles technologies telles que les architectures orient\u00e9es services (SOA) et les plateformes bas\u00e9es sur le web pour rationaliser les processus et am\u00e9liorer l&#8217;accessibilit\u00e9 aux informations financi\u00e8res.<\/p>\r\n<p>D\u00e9couvrez comment Verztec soutient les parties prenantes commerciales dans la navigation des complexit\u00e9s et des risques li\u00e9s au lancement de services internationaux. Nous offrons une suite compl\u00e8te de solutions pour faciliter une communication claire et efficace \u00e0 travers plusieurs langues tout en maintenant les normes de la marque de l&#8217;entreprise.<\/p>\r\n<p>Verztec se sp\u00e9cialise dans la localisation d&#8217;une large gamme de documents critiques essentiels pour l&#8217;industrie bancaire et financi\u00e8re, y compris les rapports d&#8217;analystes du march\u00e9 boursier, l&#8217;analyse des risques, les rapports de notation de cr\u00e9dit, les recherches sur les actions, les plans d&#8217;options sur actions, les contrats et accords financiers, les communications marketing, les sites web, les extranets, les intranets, la documentation de formation, les communications internes, le service client, les syst\u00e8mes logiciels ainsi que les documents d&#8217;\u00e9thique, de conformit\u00e9 et r\u00e9glementaires.<\/p>\r\n<p>Au-del\u00e0 de la localisation traditionnelle, Verztec excelle dans les solutions d&#8217;apprentissage num\u00e9rique. Nous assistons les organisations dans la conversion des programmes de formation en modules en ligne et le d\u00e9ploiement de syst\u00e8mes de gestion de l&#8217;apprentissage (LMS) pour faciliter les initiatives de formation r\u00e9gionales ou mondiales.<\/p>\r\n<p>Notre engagement envers la qualit\u00e9 et le respect des normes de l&#8217;industrie garantit que votre contenu r\u00e9sonne efficacement sur les march\u00e9s internationaux, permettant une entr\u00e9e sur le march\u00e9 fluide et une excellence op\u00e9rationnelle.<\/p>\r\n<p>Explorez comment Verztec peut \u00e9lever votre strat\u00e9gie mondiale dans le secteur bancaire et financier. Contactez-nous d\u00e8s aujourd&#8217;hui pour en savoir plus sur notre gamme compl\u00e8te de services et de solutions innovantes.<\/p>\r\n\r\n<hr style=\"margin-top: 20px; margin-bottom: 20px; border: 0; border-top: 1px solid #eee;\" \/>\n<p style=\"margin-bottom: 0;\"><a href=\"https:\/\/www.verztec.com\/fr\/testimonials\/\" target=\"_blank\" rel=\"noopener\">T\u00e9moignages de clients<\/a> &nbsp; : D\u00e9couvrez ce que nos clients disent de nous !<\/p>\n<p><a href=\"https:\/\/www.verztec.com\/fr\/clients\/\" target=\"_blank\" rel=\"noopener\">Nos Clients Pr\u00e9cieux<\/a> &nbsp; : Consultez la liste de nos clients estim\u00e9s.<\/p>\n\r\n","protected":false},"excerpt":{"rendered":"<p>L&#8217;avenir de la banque et de la finance semble prometteur, soutenu par une croissance \u00e9conomique robuste, une rentabilit\u00e9 d&#8217;entreprise solide et des fondamentaux macro\u00e9conomiques renforc\u00e9s. Pour tirer parti des sentiments&hellip;<\/p>\n","protected":false},"author":1,"featured_media":4027,"parent":0,"menu_order":17,"comment_status":"closed","ping_status":"closed","template":"","meta":{"footnotes":""},"class_list":["post-1567","page","type-page","status-publish","has-post-thumbnail","hentry"],"_links":{"self":[{"href":"https:\/\/www.verztec.com\/wp-json\/wp\/v2\/pages\/1567"}],"collection":[{"href":"https:\/\/www.verztec.com\/wp-json\/wp\/v2\/pages"}],"about":[{"href":"https:\/\/www.verztec.com\/wp-json\/wp\/v2\/types\/page"}],"author":[{"embeddable":true,"href":"https:\/\/www.verztec.com\/wp-json\/wp\/v2\/users\/1"}],"replies":[{"embeddable":true,"href":"https:\/\/www.verztec.com\/wp-json\/wp\/v2\/comments?post=1567"}],"version-history":[{"count":2,"href":"https:\/\/www.verztec.com\/wp-json\/wp\/v2\/pages\/1567\/revisions"}],"predecessor-version":[{"id":2869,"href":"https:\/\/www.verztec.com\/wp-json\/wp\/v2\/pages\/1567\/revisions\/2869"}],"wp:featuredmedia":[{"embeddable":true,"href":"https:\/\/www.verztec.com\/wp-json\/wp\/v2\/media\/4027"}],"wp:attachment":[{"href":"https:\/\/www.verztec.com\/wp-json\/wp\/v2\/media?parent=1567"}],"curies":[{"name":"wp","href":"https:\/\/api.w.org\/{rel}","templated":true}]}}