{"id":1697,"date":"2012-04-04T07:48:42","date_gmt":"2012-04-04T07:48:42","guid":{"rendered":"http:\/\/staging.verztec.com\/verztec\/aerospace-and-defense\/"},"modified":"2025-02-03T08:27:35","modified_gmt":"2025-02-03T08:27:35","slug":"aerospace-and-defense","status":"publish","type":"page","link":"https:\/\/www.verztec.com\/aerospace-and-defense","title":{"rendered":"A\u00e9rospatiale et D\u00e9fense"},"content":{"rendered":"<p>L&#8217;industrie de l&#8217;a\u00e9rospatiale et de la d\u00e9fense (A&#038;D) a connu une croissance significative ces derni\u00e8res ann\u00e9es, port\u00e9e par les avanc\u00e9es dans la production d&#8217;avions commerciaux, bien que les revenus de la d\u00e9fense aient \u00e9t\u00e9 confront\u00e9s \u00e0 des d\u00e9fis en raison de la r\u00e9duction des d\u00e9penses militaires dans les r\u00e9gions cl\u00e9s. \u00c0 mesure que la concurrence mondiale s&#8217;intensifie et que la demande de voyages augmente, le secteur A&#038;D devient de plus en plus globalis\u00e9, offrant des opportunit\u00e9s commerciales expansives \u00e0 travers le monde.<\/p>\r\n<p>Cependant, naviguer dans les march\u00e9s internationaux dans le secteur A&#038;D peut \u00eatre complexe, exacerb\u00e9 par les barri\u00e8res linguistiques et les complexit\u00e9s de la documentation technique. Chez Verztec, nous nous sp\u00e9cialisons dans la r\u00e9solution de ces d\u00e9fis gr\u00e2ce \u00e0 notre expertise en localisation et traduction, sp\u00e9cialement adapt\u00e9e pour le secteur A&#038;D.<\/p>\r\n<p>Les capacit\u00e9s de Verztec couvrent un large \u00e9ventail de documents source essentiels pour l&#8217;industrie A&#038;D, y compris les documents commerciaux et techniques, le mat\u00e9riel marketing, les fiches de donn\u00e9es de s\u00e9curit\u00e9 des mat\u00e9riaux (MSDS), les fiches techniques, les livres blancs, les sites web, les extranets, les intranets, les documents de formation, les documents de conformit\u00e9 et r\u00e9glementaires, ainsi que les documents \u00e9thiques d&#8217;entreprise tels que les manuels de code de conduite et les modules de formation \u00e9thique.<\/p>\r\n<p>De plus, Verztec excelle au-del\u00e0 des services traditionnels de localisation. Nous soutenons \u00e9galement nos clients dans les initiatives d&#8217;apprentissage num\u00e9rique, y compris la conversion de programmes de formation en modules en ligne et le d\u00e9ploiement de syst\u00e8mes de gestion de l&#8217;apprentissage (LMS) pour des besoins de formation r\u00e9gionaux ou mondiaux. Que vous ayez besoin de traduction pr\u00e9cise de documents, de localisation technique complexe ou de solutions compl\u00e8tes d&#8217;apprentissage num\u00e9rique, Verztec propose une source unique et adaptable pour tous vos besoins dans l&#8217;industrie A&#038;D.<\/p>\r\n<p>Notre engagement envers la qualit\u00e9 et la sensibilit\u00e9 culturelle garantit que votre contenu r\u00e9sonne efficacement sur divers march\u00e9s, facilitant ainsi une entr\u00e9e sur le march\u00e9 plus fluide et un succ\u00e8s op\u00e9rationnel.<\/p>\r\n<p>D\u00e9couvrez comment Verztec peut renforcer votre strat\u00e9gie mondiale dans l&#8217;industrie de l&#8217;a\u00e9rospatiale et de la d\u00e9fense. Contactez-nous d\u00e8s aujourd&#8217;hui pour explorer notre gamme compl\u00e8te de services et solutions innovantes.<\/p>\r\n\r\n<hr style=\"margin-top: 20px; margin-bottom: 20px; border: 0; border-top: 1px solid #eee;\" \/>\n<p style=\"margin-bottom: 0;\"><a href=\"https:\/\/www.verztec.com\/fr\/testimonials\/\" target=\"_blank\" rel=\"noopener\">T\u00e9moignages de clients<\/a> &nbsp; : D\u00e9couvrez ce que nos clients disent de nous !<\/p>\n<p><a href=\"https:\/\/www.verztec.com\/fr\/clients\/\" target=\"_blank\" rel=\"noopener\">Nos Clients Pr\u00e9cieux<\/a> &nbsp; : Consultez la liste de nos clients estim\u00e9s.<\/p>\n\r\n","protected":false},"excerpt":{"rendered":"<p>L&#8217;industrie de l&#8217;a\u00e9rospatiale et de la d\u00e9fense (A&#038;D) a connu une croissance significative ces derni\u00e8res ann\u00e9es, port\u00e9e par les avanc\u00e9es dans la production d&#8217;avions commerciaux, bien que les revenus de&hellip;<\/p>\n","protected":false},"author":1,"featured_media":4027,"parent":0,"menu_order":16,"comment_status":"closed","ping_status":"closed","template":"","meta":{"footnotes":""},"class_list":["post-1697","page","type-page","status-publish","has-post-thumbnail","hentry"],"_links":{"self":[{"href":"https:\/\/www.verztec.com\/wp-json\/wp\/v2\/pages\/1697"}],"collection":[{"href":"https:\/\/www.verztec.com\/wp-json\/wp\/v2\/pages"}],"about":[{"href":"https:\/\/www.verztec.com\/wp-json\/wp\/v2\/types\/page"}],"author":[{"embeddable":true,"href":"https:\/\/www.verztec.com\/wp-json\/wp\/v2\/users\/1"}],"replies":[{"embeddable":true,"href":"https:\/\/www.verztec.com\/wp-json\/wp\/v2\/comments?post=1697"}],"version-history":[{"count":2,"href":"https:\/\/www.verztec.com\/wp-json\/wp\/v2\/pages\/1697\/revisions"}],"predecessor-version":[{"id":2865,"href":"https:\/\/www.verztec.com\/wp-json\/wp\/v2\/pages\/1697\/revisions\/2865"}],"wp:featuredmedia":[{"embeddable":true,"href":"https:\/\/www.verztec.com\/wp-json\/wp\/v2\/media\/4027"}],"wp:attachment":[{"href":"https:\/\/www.verztec.com\/wp-json\/wp\/v2\/media?parent=1697"}],"curies":[{"name":"wp","href":"https:\/\/api.w.org\/{rel}","templated":true}]}}