{"id":1698,"date":"2012-04-04T08:42:15","date_gmt":"2012-04-04T08:42:15","guid":{"rendered":"http:\/\/staging.verztec.com\/verztec\/electronics\/"},"modified":"2025-02-03T08:35:57","modified_gmt":"2025-02-03T08:35:57","slug":"electronics","status":"publish","type":"page","link":"https:\/\/www.verztec.com\/electronics","title":{"rendered":"\u00c9lectronique"},"content":{"rendered":"<p>L&#8217;industrie de l&#8217;\u00e9lectronique a connu une croissance r\u00e9guli\u00e8re, en particulier dans les produits \u00e9lectroniques grand public tels que les t\u00e9l\u00e9phones portables, les appareils GPS et les dispositifs portables. Les entreprises investissent un temps et des ressources consid\u00e9rables dans la recherche et le d\u00e9veloppement de produits \u00e9lectroniques afin de r\u00e9ussir dans ce march\u00e9 mondial concurrentiel.<\/p>\r\n<p>Pour se diff\u00e9rencier et capter des march\u00e9s mondiaux, les entreprises \u00e9lectroniques doivent communiquer efficacement leur message de marque, les informations sur leurs produits et leurs manuels \u00e0 travers des cultures diverses. Le besoin de localisation qui r\u00e9sonne avec les publics internationaux n&#8217;a jamais \u00e9t\u00e9 aussi crucial.<\/p>\r\n<p>Verztec se sp\u00e9cialise dans la fourniture de solutions de localisation rentables adapt\u00e9es \u00e0 l&#8217;industrie \u00e9lectronique. Notre \u00e9quipe d&#8217;experts en localisation veille \u00e0 ce que votre interface utilisateur graphique (GUI), vos fichiers d&#8217;aide logiciels, vos emballages de produits, vos manuels techniques, vos documents de formation, vos mat\u00e9riaux de conformit\u00e9, la formation \u00e9thique, vos supports marketing (brochures, pamphlets, bulletins), vos modules de formation en ligne, vos sites web, intranets et extranets soient traduits avec pr\u00e9cision et adapt\u00e9s culturellement.<\/p>\r\n<p>Les capacit\u00e9s de Verztec couvrent une large gamme de documents sp\u00e9cifiques \u00e0 l&#8217;industrie \u00e9lectronique, y compris :<\/p>\r\n<ul>\r\n<li>Interface utilisateur graphique (GUI) de logiciels<\/li>\r\n<li>Fichiers d&#8217;aide logiciels<\/li>\r\n<li>Emballages de produits<\/li>\r\n<li>Fiches de donn\u00e9es de s\u00e9curit\u00e9 des mat\u00e9riaux<\/li>\r\n<li>Manuels techniques<\/li>\r\n<li>Documents de formation<\/li>\r\n<li>Documents de conformit\u00e9 et r\u00e9glementaires sp\u00e9cifiques \u00e0 l&#8217;industrie<\/li>\r\n<li>Documents \u00e9thiques d&#8217;entreprise tels que les manuels de code de conduite et la formation \u00e9thique<\/li>\r\n<li>Supports marketing (brochures, pamphlets, bulletins)<\/li>\r\n<li>D\u00e9veloppement et localisation de la formation en ligne<\/li>\r\n<li>Sites web, sites extranet et intranet<\/li>\r\n<li>Logiciels et syst\u00e8mes<\/li>\r\n<li>Traduction de supports de pr\u00e9sentation d&#8217;entreprise (Flash, PowerPoint, etc.)<\/li>\r\n<\/ul>\r\n<p>Partenariat avec Verztec pour rationaliser votre strat\u00e9gie de communication mondiale dans l&#8217;industrie \u00e9lectronique. D\u00e9couvrez comment nos services linguistiques complets et nos solutions d&#8217;apprentissage num\u00e9rique peuvent soutenir votre expansion sur de nouveaux march\u00e9s de mani\u00e8re efficace. Contactez-nous aujourd&#8217;hui pour en savoir plus sur nos solutions sur mesure et notre expertise sectorielle.<\/p>\r\n\r\n<hr style=\"margin-top: 20px; margin-bottom: 20px; border: 0; border-top: 1px solid #eee;\" \/>\n<p style=\"margin-bottom: 0;\"><a href=\"https:\/\/www.verztec.com\/fr\/testimonials\/\" target=\"_blank\" rel=\"noopener\">T\u00e9moignages de clients<\/a> &nbsp; : D\u00e9couvrez ce que nos clients disent de nous !<\/p>\n<p><a href=\"https:\/\/www.verztec.com\/fr\/clients\/\" target=\"_blank\" rel=\"noopener\">Nos Clients Pr\u00e9cieux<\/a> &nbsp; : Consultez la liste de nos clients estim\u00e9s.<\/p>\n\r\n","protected":false},"excerpt":{"rendered":"<p>L&#8217;industrie de l&#8217;\u00e9lectronique a connu une croissance r\u00e9guli\u00e8re, en particulier dans les produits \u00e9lectroniques grand public tels que les t\u00e9l\u00e9phones portables, les appareils GPS et les dispositifs portables. Les entreprises&hellip;<\/p>\n","protected":false},"author":1,"featured_media":4027,"parent":0,"menu_order":14,"comment_status":"closed","ping_status":"closed","template":"","meta":{"footnotes":""},"class_list":["post-1698","page","type-page","status-publish","has-post-thumbnail","hentry"],"_links":{"self":[{"href":"https:\/\/www.verztec.com\/wp-json\/wp\/v2\/pages\/1698"}],"collection":[{"href":"https:\/\/www.verztec.com\/wp-json\/wp\/v2\/pages"}],"about":[{"href":"https:\/\/www.verztec.com\/wp-json\/wp\/v2\/types\/page"}],"author":[{"embeddable":true,"href":"https:\/\/www.verztec.com\/wp-json\/wp\/v2\/users\/1"}],"replies":[{"embeddable":true,"href":"https:\/\/www.verztec.com\/wp-json\/wp\/v2\/comments?post=1698"}],"version-history":[{"count":2,"href":"https:\/\/www.verztec.com\/wp-json\/wp\/v2\/pages\/1698\/revisions"}],"predecessor-version":[{"id":2877,"href":"https:\/\/www.verztec.com\/wp-json\/wp\/v2\/pages\/1698\/revisions\/2877"}],"wp:featuredmedia":[{"embeddable":true,"href":"https:\/\/www.verztec.com\/wp-json\/wp\/v2\/media\/4027"}],"wp:attachment":[{"href":"https:\/\/www.verztec.com\/wp-json\/wp\/v2\/media?parent=1698"}],"curies":[{"name":"wp","href":"https:\/\/api.w.org\/{rel}","templated":true}]}}