{"id":1699,"date":"2012-04-04T08:51:44","date_gmt":"2012-04-04T08:51:44","guid":{"rendered":"http:\/\/staging.verztec.com\/verztec\/energy\/"},"modified":"2025-02-03T08:37:06","modified_gmt":"2025-02-03T08:37:06","slug":"energy","status":"publish","type":"page","link":"https:\/\/www.verztec.com\/energy","title":{"rendered":"\u00c9nergie et Mines"},"content":{"rendered":"<p>Ces derni\u00e8res ann\u00e9es, la consommation d&#8217;\u00e9nergie et les co\u00fbts des ressources ont consid\u00e9rablement augment\u00e9, stimul\u00e9s par la demande mondiale en sources d&#8217;\u00e9nergie. Cette croissance a entra\u00een\u00e9 des efforts de recherche et de d\u00e9veloppement intensifs \u00e0 l&#8217;\u00e9chelle mondiale pour r\u00e9pondre \u00e0 ces besoins croissants. De nombreuses entreprises du secteur de l&#8217;\u00e9nergie s&#8217;agrandissent sur de nouveaux march\u00e9s r\u00e9gionaux ou d\u00e9placent leurs op\u00e9rations vers des pays \u00e0 co\u00fbts d&#8217;exploitation plus bas afin de capitaliser sur les opportunit\u00e9s de croissance.<\/p>\r\n<p>Une communication efficace et coh\u00e9rente \u00e0 travers divers m\u00e9dias et langues est essentielle pour maintenir la croissance dans le secteur de l&#8217;\u00e9nergie. Verztec propose des solutions compl\u00e8tes de traduction, de localisation et d&#8217;apprentissage num\u00e9rique, adapt\u00e9es pour garantir que vos supports marketing, documents techniques, sites Web et pr\u00e9sentations de vente sont pr\u00e9par\u00e9s avec pr\u00e9cision et efficacit\u00e9. Nous comprenons la complexit\u00e9 de la terminologie et des concepts propres au secteur de l&#8217;\u00e9nergie, garantissant une traduction pr\u00e9cise et une livraison des documents aux publics cibles.<\/p>\r\n<p>Les capacit\u00e9s de Verztec couvrent un large \u00e9ventail de documents essentiels pour l&#8217;industrie de l&#8217;\u00e9nergie et des mines, y compris les manuels de sant\u00e9 et de s\u00e9curit\u00e9, les manuels techniques, les supports marketing (brochures, newsletters, pamphlets), les documents juridiques, les mat\u00e9riaux de conformit\u00e9 et de r\u00e9glementation sp\u00e9cifiques au secteur, les mat\u00e9riaux \u00e9thiques de l&#8217;entreprise, tels que les manuels de code de conduite et la formation \u00e9thique, les manuels d&#8217;exploitation pour la production d&#8217;\u00e9nergie et les machines, les documents de formation et le d\u00e9veloppement et la localisation des programmes de formation en ligne.<\/p>\r\n<p>En plus des services traditionnels de localisation, Verztec est sp\u00e9cialis\u00e9e dans les solutions d&#8217;apprentissage num\u00e9rique. Nous aidons les entreprises \u00e9nerg\u00e9tiques \u00e0 convertir leurs programmes de formation en modules en ligne et \u00e0 d\u00e9ployer des syst\u00e8mes de gestion de l&#8217;apprentissage (LMS) pour des initiatives de formation efficaces \u00e0 l&#8217;\u00e9chelle r\u00e9gionale ou mondiale. Notre expertise en ing\u00e9nierie multim\u00e9dia garantit que votre formation en ligne est engageante, efficace et culturellement pertinente dans divers march\u00e9s.<\/p>\r\n<p>Partenariat avec Verztec pour optimiser vos strat\u00e9gies de communication et naviguer dans les complexit\u00e9s de l&#8217;expansion mondiale dans le secteur de l&#8217;\u00e9nergie et des mines.<\/p>\r\n<p>Contactez-nous d\u00e8s aujourd&#8217;hui pour d\u00e9couvrir comment nos services linguistiques sp\u00e9cialis\u00e9s et nos solutions num\u00e9riques innovantes peuvent am\u00e9liorer votre comp\u00e9titivit\u00e9 et votre efficacit\u00e9 op\u00e9rationnelle.<\/p>\r\n\r\n<hr style=\"margin-top: 20px; margin-bottom: 20px; border: 0; border-top: 1px solid #eee;\" \/>\n<p style=\"margin-bottom: 0;\"><a href=\"https:\/\/www.verztec.com\/fr\/testimonials\/\" target=\"_blank\" rel=\"noopener\">T\u00e9moignages de clients<\/a> &nbsp; : D\u00e9couvrez ce que nos clients disent de nous !<\/p>\n<p><a href=\"https:\/\/www.verztec.com\/fr\/clients\/\" target=\"_blank\" rel=\"noopener\">Nos Clients Pr\u00e9cieux<\/a> &nbsp; : Consultez la liste de nos clients estim\u00e9s.<\/p>\n\r\n","protected":false},"excerpt":{"rendered":"<p>Ces derni\u00e8res ann\u00e9es, la consommation d&#8217;\u00e9nergie et les co\u00fbts des ressources ont consid\u00e9rablement augment\u00e9, stimul\u00e9s par la demande mondiale en sources d&#8217;\u00e9nergie. Cette croissance a entra\u00een\u00e9 des efforts de recherche&hellip;<\/p>\n","protected":false},"author":1,"featured_media":4027,"parent":0,"menu_order":13,"comment_status":"closed","ping_status":"closed","template":"","meta":{"footnotes":""},"class_list":["post-1699","page","type-page","status-publish","has-post-thumbnail","hentry"],"_links":{"self":[{"href":"https:\/\/www.verztec.com\/wp-json\/wp\/v2\/pages\/1699"}],"collection":[{"href":"https:\/\/www.verztec.com\/wp-json\/wp\/v2\/pages"}],"about":[{"href":"https:\/\/www.verztec.com\/wp-json\/wp\/v2\/types\/page"}],"author":[{"embeddable":true,"href":"https:\/\/www.verztec.com\/wp-json\/wp\/v2\/users\/1"}],"replies":[{"embeddable":true,"href":"https:\/\/www.verztec.com\/wp-json\/wp\/v2\/comments?post=1699"}],"version-history":[{"count":2,"href":"https:\/\/www.verztec.com\/wp-json\/wp\/v2\/pages\/1699\/revisions"}],"predecessor-version":[{"id":2879,"href":"https:\/\/www.verztec.com\/wp-json\/wp\/v2\/pages\/1699\/revisions\/2879"}],"wp:featuredmedia":[{"embeddable":true,"href":"https:\/\/www.verztec.com\/wp-json\/wp\/v2\/media\/4027"}],"wp:attachment":[{"href":"https:\/\/www.verztec.com\/wp-json\/wp\/v2\/media?parent=1699"}],"curies":[{"name":"wp","href":"https:\/\/api.w.org\/{rel}","templated":true}]}}