{"id":1700,"date":"2012-04-04T08:54:27","date_gmt":"2012-04-04T08:54:27","guid":{"rendered":"http:\/\/staging.verztec.com\/verztec\/government\/"},"modified":"2025-02-03T08:43:43","modified_gmt":"2025-02-03T08:43:43","slug":"government","status":"publish","type":"page","link":"https:\/\/www.verztec.com\/government","title":{"rendered":"Gouvernement"},"content":{"rendered":"<p>Une communication bidirectionnelle efficace entre les gouvernements et les citoyens est essentielle pour le progr\u00e8s national. Assurer la sensibilisation du public aux politiques et initiatives gouvernementales, tout en restant \u00e0 l\u2019\u00e9coute du sentiment public, est crucial pour favoriser la confiance et la responsabilit\u00e9.<\/p>\r\n<p>Dans le domaine de la communication multilingue, les gouvernements sont souvent confront\u00e9s au d\u00e9fi de traduire d&#8217;\u00e9normes quantit\u00e9s de donn\u00e9es collect\u00e9es aupr\u00e8s du public. Verztec comprend les complexit\u00e9s de ce processus, en offrant des services de traduction et de localisation efficaces pour franchir les barri\u00e8res linguistiques et atteindre rapidement et efficacement les divers groupes linguistiques.<\/p>\r\n<p>De plus, les gouvernements doivent diffuser l&#8217;information de mani\u00e8re pr\u00e9cise et en temps utile. Verztec soutient ce besoin avec nos capacit\u00e9s compl\u00e8tes en mati\u00e8re de traduction et de localisation d&#8217;une large gamme de documents gouvernementaux, y compris les enqu\u00eates publiques, les documents r\u00e9glementaires, les lignes directrices sur l&#8217;\u00e9thique des entreprises, les documents juridiques, les mat\u00e9riaux RH, et bien plus encore.<\/p>\r\n<p>En plus des services linguistiques traditionnels, Verztec se sp\u00e9cialise dans les solutions d&#8217;apprentissage num\u00e9rique qui peuvent r\u00e9volutionner les programmes de formation et d&#8217;\u00e9ducation des gouvernements. Voici quelques domaines o\u00f9 l&#8217;apprentissage num\u00e9rique peut \u00eatre particuli\u00e8rement utile dans le secteur gouvernemental :<\/p>\r\n<ol>\r\n<li><b>Documents de formation :<\/b> D\u00e9velopper et localiser des modules de formation en ligne pour les employ\u00e9s du gouvernement sur les politiques, les proc\u00e9dures et la conformit\u00e9.<\/li>\r\n<li><b>Services gouvernementaux \u00e9lectroniques :<\/b> Am\u00e9liorer l&#8217;accessibilit\u00e9 et l&#8217;utilisabilit\u00e9 des portails gouvernementaux \u00e9lectroniques gr\u00e2ce \u00e0 des interfaces multilingues et des tutoriels en ligne conviviaux.<\/li>\r\n<li><b>Campagnes de sensibilisation publique :<\/b> Cr\u00e9er du contenu num\u00e9rique interactif pour \u00e9duquer les citoyens sur les programmes gouvernementaux, les initiatives sanitaires et les responsabilit\u00e9s civiques.<\/li>\r\n<li><b>Formation en \u00e9thique et en conformit\u00e9 :<\/b> Mettre en place des cours en ligne pour \u00e9duquer le personnel gouvernemental sur les normes \u00e9thiques, le code de conduite et la conformit\u00e9 r\u00e9glementaire.<\/li>\r\n<li><b>D\u00e9veloppement des comp\u00e9tences linguistiques :<\/b> Offrir des programmes d&#8217;apprentissage des langues pour les fonctionnaires afin d&#8217;am\u00e9liorer leurs capacit\u00e9s de communication dans des environnements multiculturels.<\/li>\r\n<\/ol>\r\n<p>L&#8217;expertise de Verztec va au-del\u00e0 de la traduction pour inclure des solutions num\u00e9riques strat\u00e9giques qui soutiennent les gouvernements dans la promotion de la transparence, de l&#8217;efficacit\u00e9 et de l&#8217;engagement citoyen.<\/p>\r\n<p>Associez-vous \u00e0 Verztec pour am\u00e9liorer vos strat\u00e9gies de communication gouvernementale et r\u00e9pondre aux besoins en constante \u00e9volution d&#8217;une soci\u00e9t\u00e9 diversifi\u00e9e et interconnect\u00e9e. Contactez-nous d\u00e8s aujourd&#8217;hui pour explorer comment nos services sp\u00e9cialis\u00e9s peuvent soutenir vos initiatives de gouvernance.<\/p>\r\n\r\n<hr style=\"margin-top: 20px; margin-bottom: 20px; border: 0; border-top: 1px solid #eee;\" \/>\n<p style=\"margin-bottom: 0;\"><a href=\"https:\/\/www.verztec.com\/fr\/testimonials\/\" target=\"_blank\" rel=\"noopener\">T\u00e9moignages de clients<\/a> &nbsp; : D\u00e9couvrez ce que nos clients disent de nous !<\/p>\n<p><a href=\"https:\/\/www.verztec.com\/fr\/clients\/\" target=\"_blank\" rel=\"noopener\">Nos Clients Pr\u00e9cieux<\/a> &nbsp; : Consultez la liste de nos clients estim\u00e9s.<\/p>\n\r\n","protected":false},"excerpt":{"rendered":"<p>Une communication bidirectionnelle efficace entre les gouvernements et les citoyens est essentielle pour le progr\u00e8s national. Assurer la sensibilisation du public aux politiques et initiatives gouvernementales, tout en restant \u00e0&hellip;<\/p>\n","protected":false},"author":1,"featured_media":4027,"parent":0,"menu_order":12,"comment_status":"closed","ping_status":"closed","template":"","meta":{"footnotes":""},"class_list":["post-1700","page","type-page","status-publish","has-post-thumbnail","hentry"],"_links":{"self":[{"href":"https:\/\/www.verztec.com\/wp-json\/wp\/v2\/pages\/1700"}],"collection":[{"href":"https:\/\/www.verztec.com\/wp-json\/wp\/v2\/pages"}],"about":[{"href":"https:\/\/www.verztec.com\/wp-json\/wp\/v2\/types\/page"}],"author":[{"embeddable":true,"href":"https:\/\/www.verztec.com\/wp-json\/wp\/v2\/users\/1"}],"replies":[{"embeddable":true,"href":"https:\/\/www.verztec.com\/wp-json\/wp\/v2\/comments?post=1700"}],"version-history":[{"count":2,"href":"https:\/\/www.verztec.com\/wp-json\/wp\/v2\/pages\/1700\/revisions"}],"predecessor-version":[{"id":2881,"href":"https:\/\/www.verztec.com\/wp-json\/wp\/v2\/pages\/1700\/revisions\/2881"}],"wp:featuredmedia":[{"embeddable":true,"href":"https:\/\/www.verztec.com\/wp-json\/wp\/v2\/media\/4027"}],"wp:attachment":[{"href":"https:\/\/www.verztec.com\/wp-json\/wp\/v2\/media?parent=1700"}],"curies":[{"name":"wp","href":"https:\/\/api.w.org\/{rel}","templated":true}]}}