{"id":1708,"date":"2012-07-26T07:50:28","date_gmt":"2012-07-26T07:50:28","guid":{"rendered":"http:\/\/staging.verztec.com\/verztec\/healthcare-and-pharmaceuticals\/"},"modified":"2025-02-03T08:31:30","modified_gmt":"2025-02-03T08:31:30","slug":"healthcare-and-pharmaceuticals","status":"publish","type":"page","link":"https:\/\/www.verztec.com\/healthcare-and-pharmaceuticals","title":{"rendered":"Pharmaceutique et Sant\u00e9"},"content":{"rendered":"<p>Les industries pharmaceutiques et de la sant\u00e9 ont connu une croissance significative, aliment\u00e9e par une demande croissante de produits m\u00e9dicaux de haute qualit\u00e9 et des exigences r\u00e9glementaires strictes. Avec une multitude de m\u00e9dicaments approuv\u00e9s disponibles \u00e0 l&#8217;\u00e9chelle mondiale, la concurrence entre les entreprises offrant des produits similaires s&#8217;intensifie. \u00c0 mesure que les entreprises se d\u00e9veloppent \u00e0 l&#8217;\u00e9chelle mondiale, le besoin de supports marketing culturellement appropri\u00e9s n&#8217;a jamais \u00e9t\u00e9 aussi crucial.<\/p>\r\n<p>Pour garantir l&#8217;efficacit\u00e9 des produits, les entreprises investissent massivement dans la recherche sur le march\u00e9 de la sant\u00e9 et l&#8217;analyse pharmaceutique. Dans ce paysage mondialis\u00e9, les documents de recherche sont produits dans plusieurs langues \u00e0 travers le monde. Une traduction pr\u00e9cise de ces documents est essentielle pour obtenir un avantage concurrentiel. Chez Verztec, nous reconnaissons l&#8217;importance de fournir des services de traduction pr\u00e9cis et efficaces, en particulier pour des industries aussi r\u00e9glement\u00e9es et exigeantes que celles-ci.<\/p>\r\n<p>De plus, introduire un m\u00e9dicament sur un nouveau march\u00e9 implique de naviguer dans des processus r\u00e9glementaires complexes. L&#8217;\u00e9quipe d\u00e9di\u00e9e de traducteurs et de sp\u00e9cialistes de la localisation de Verztec soutient votre organisation \u00e0 chaque \u00e9tape du cycle de vie du produit, de la recherche pharmaceutique et des soumissions r\u00e9glementaires \u00e0 la fabrication, au marketing et \u00e0 l&#8217;emballage. Notre expertise garantit que votre contenu respecte les normes r\u00e9glementaires et r\u00e9sonne efficacement aupr\u00e8s des audiences locales dans le monde entier.<\/p>\r\n<p>Les capacit\u00e9s compl\u00e8tes de Verztec couvrent une large gamme de documents essentiels pour l&#8217;industrie pharmaceutique et de la sant\u00e9, y compris les documents des essais cliniques, les documents d&#8217;enregistrement des m\u00e9dicaments, les manuels pharmaceutiques, les livres de r\u00e9f\u00e9rence, les mat\u00e9riaux d&#8217;emballage (\u00e9tiquettes, insertions), les papiers scientifiques, les essais acad\u00e9miques, les protocoles cliniques, les dossiers, les documents marketing (tracts, brochures, bulletins), les informations pour les patients, les enqu\u00eates, les documents juridiques, les rapports de toxicologie, les formulaires de rapport de cas (CRF), les fiches techniques et les sites Web (intranet et extranet).<\/p>\r\n<p>En plus des services de localisation traditionnels, Verztec excelle dans les solutions d&#8217;apprentissage num\u00e9rique. Nous nous sp\u00e9cialisons dans la conversion des mat\u00e9riaux de formation en modules en ligne et le d\u00e9ploiement de syst\u00e8mes de gestion de l&#8217;apprentissage (LMS) pour des initiatives de formation r\u00e9gionales ou mondiales efficaces.<\/p>\r\n<p>Partenaire de Verztec pour am\u00e9liorer votre strat\u00e9gie mondiale dans l&#8217;industrie pharmaceutique et de la sant\u00e9. Contactez-nous d\u00e8s aujourd&#8217;hui pour d\u00e9couvrir notre gamme compl\u00e8te de services linguistiques et de solutions innovantes.<\/p>\r\n\r\n<hr style=\"margin-top: 20px; margin-bottom: 20px; border: 0; border-top: 1px solid #eee;\" \/>\n<p style=\"margin-bottom: 0;\"><a href=\"https:\/\/www.verztec.com\/fr\/testimonials\/\" target=\"_blank\" rel=\"noopener\">T\u00e9moignages de clients<\/a> &nbsp; : D\u00e9couvrez ce que nos clients disent de nous !<\/p>\n<p><a href=\"https:\/\/www.verztec.com\/fr\/clients\/\" target=\"_blank\" rel=\"noopener\">Nos Clients Pr\u00e9cieux<\/a> &nbsp; : Consultez la liste de nos clients estim\u00e9s.<\/p>\n\r\n","protected":false},"excerpt":{"rendered":"<p>Les industries pharmaceutiques et de la sant\u00e9 ont connu une croissance significative, aliment\u00e9e par une demande croissante de produits m\u00e9dicaux de haute qualit\u00e9 et des exigences r\u00e9glementaires strictes. Avec une&hellip;<\/p>\n","protected":false},"author":1,"featured_media":4027,"parent":0,"menu_order":9,"comment_status":"closed","ping_status":"closed","template":"","meta":{"footnotes":""},"class_list":["post-1708","page","type-page","status-publish","has-post-thumbnail","hentry"],"_links":{"self":[{"href":"https:\/\/www.verztec.com\/wp-json\/wp\/v2\/pages\/1708"}],"collection":[{"href":"https:\/\/www.verztec.com\/wp-json\/wp\/v2\/pages"}],"about":[{"href":"https:\/\/www.verztec.com\/wp-json\/wp\/v2\/types\/page"}],"author":[{"embeddable":true,"href":"https:\/\/www.verztec.com\/wp-json\/wp\/v2\/users\/1"}],"replies":[{"embeddable":true,"href":"https:\/\/www.verztec.com\/wp-json\/wp\/v2\/comments?post=1708"}],"version-history":[{"count":2,"href":"https:\/\/www.verztec.com\/wp-json\/wp\/v2\/pages\/1708\/revisions"}],"predecessor-version":[{"id":2873,"href":"https:\/\/www.verztec.com\/wp-json\/wp\/v2\/pages\/1708\/revisions\/2873"}],"wp:featuredmedia":[{"embeddable":true,"href":"https:\/\/www.verztec.com\/wp-json\/wp\/v2\/media\/4027"}],"wp:attachment":[{"href":"https:\/\/www.verztec.com\/wp-json\/wp\/v2\/media?parent=1708"}],"curies":[{"name":"wp","href":"https:\/\/api.w.org\/{rel}","templated":true}]}}