{"id":1709,"date":"2012-07-26T08:10:50","date_gmt":"2012-07-26T08:10:50","guid":{"rendered":"http:\/\/staging.verztec.com\/verztec\/petroleum-and-chemicals\/"},"modified":"2025-02-03T08:29:51","modified_gmt":"2025-02-03T08:29:51","slug":"petroleum-and-chemicals","status":"publish","type":"page","link":"https:\/\/www.verztec.com\/petroleum-and-chemicals","title":{"rendered":"P\u00e9trole et Chimie"},"content":{"rendered":"<p>Les industries p\u00e9troli\u00e8re et chimique sont des secteurs mondiaux cl\u00e9s qui relient certaines des plus grandes \u00e9conomies du monde. Le p\u00e9trole sert de mati\u00e8re premi\u00e8re essentielle pour divers produits chimiques, y compris les engrais, les produits pharmaceutiques et les plastiques. Son utilisation g\u00e9n\u00e9ralis\u00e9e dans les industries influence consid\u00e9rablement les modes de consommation mondiaux. De m\u00eame, les produits chimiques jouent un r\u00f4le essentiel dans l\u2019agriculture, la fabrication, la construction et les services dans le monde entier.<\/p>\r\n<p>Malgr\u00e9 les d\u00e9fis r\u00e9cents tels que la baisse de la production chimique mondiale et la fluctuation de la demande depuis la fin des ann\u00e9es 2000, les entreprises de ces secteurs adoptent des mesures agressives de r\u00e9duction des co\u00fbts et adoptent des technologies avanc\u00e9es pour maintenir leur comp\u00e9titivit\u00e9. Beaucoup s\u2019\u00e9tendent \u00e9galement dans les r\u00e9gions \u00e0 faible co\u00fbt, n\u00e9cessitant des strat\u00e9gies de marketing robustes adapt\u00e9es aux bases de consommateurs locales et des services de traduction de documents \u00e9tendus.<\/p>\r\n<p>Verztec se sp\u00e9cialise dans la satisfaction des besoins de traduction et de localisation des entreprises p\u00e9troli\u00e8res et chimiques. Notre \u00e9quipe de traducteurs et linguistes exp\u00e9riment\u00e9s garantit la livraison de documents traduits avec pr\u00e9cision et de qualit\u00e9 \u00e0 un large public mondial. Nos sp\u00e9cialistes en localisation assurent que votre contenu r\u00e9sonne efficacement avec des publics issus de diff\u00e9rentes cultures, am\u00e9liorant ainsi l\u2019engagement et la compr\u00e9hension.<\/p>\r\n<p>Les capacit\u00e9s de Verztec couvrent une large gamme de documents cl\u00e9s pour l\u2019industrie p\u00e9troli\u00e8re et chimique, y compris les \u00e9valuations d\u2019impact environnemental (EIA), les \u00e9valuations d&#8217;impact social (SIA), les manuels d\u2019op\u00e9ration et de maintenance, les manuels techniques\/\u00e9quipements, les rapports d&#8217;exp\u00e9dition de forage, les donn\u00e9es de performance des installations, les propositions techniques\/sp\u00e9cifications, les documents d&#8217;appel d&#8217;offres, les polices d\u2019assurance, les documents RH, les documents juridiques, les documents marketing (brochures, d\u00e9pliants, newsletters), les enqu\u00eates et les sites Web, intranets et extranets.<\/p>\r\n<p>En plus des services traditionnels de traduction, Verztec propose des solutions d&#8217;apprentissage num\u00e9rique avanc\u00e9es adapt\u00e9es aux besoins sp\u00e9cifiques du secteur p\u00e9trolier et chimique. Ces solutions am\u00e9liorent l&#8217;efficacit\u00e9 de la formation des employ\u00e9s, garantissent la conformit\u00e9 aux r\u00e9glementations et optimisent les processus op\u00e9rationnels au sein des \u00e9quipes mondiales.<\/p>\r\n<p>Partenaire avec Verztec pour rationaliser vos strat\u00e9gies de communication mondiales, maintenir la conformit\u00e9 r\u00e9glementaire et atteindre efficacement les march\u00e9s diversifi\u00e9s de l&#8217;industrie p\u00e9troli\u00e8re et chimique. Contactez-nous d\u00e8s aujourd&#8217;hui pour d\u00e9couvrir comment nos services sp\u00e9cialis\u00e9s peuvent soutenir la croissance et le succ\u00e8s de votre entreprise sur la sc\u00e8ne mondiale.<\/p>\r\n\r\n<hr style=\"margin-top: 20px; margin-bottom: 20px; border: 0; border-top: 1px solid #eee;\" \/>\n<p style=\"margin-bottom: 0;\"><a href=\"https:\/\/www.verztec.com\/fr\/testimonials\/\" target=\"_blank\" rel=\"noopener\">T\u00e9moignages de clients<\/a> &nbsp; : D\u00e9couvrez ce que nos clients disent de nous !<\/p>\n<p><a href=\"https:\/\/www.verztec.com\/fr\/clients\/\" target=\"_blank\" rel=\"noopener\">Nos Clients Pr\u00e9cieux<\/a> &nbsp; : Consultez la liste de nos clients estim\u00e9s.<\/p>\n\r\n","protected":false},"excerpt":{"rendered":"<p>Les industries p\u00e9troli\u00e8re et chimique sont des secteurs mondiaux cl\u00e9s qui relient certaines des plus grandes \u00e9conomies du monde. Le p\u00e9trole sert de mati\u00e8re premi\u00e8re essentielle pour divers produits chimiques,&hellip;<\/p>\n","protected":false},"author":1,"featured_media":4027,"parent":0,"menu_order":8,"comment_status":"closed","ping_status":"closed","template":"","meta":{"footnotes":""},"class_list":["post-1709","page","type-page","status-publish","has-post-thumbnail","hentry"],"_links":{"self":[{"href":"https:\/\/www.verztec.com\/wp-json\/wp\/v2\/pages\/1709"}],"collection":[{"href":"https:\/\/www.verztec.com\/wp-json\/wp\/v2\/pages"}],"about":[{"href":"https:\/\/www.verztec.com\/wp-json\/wp\/v2\/types\/page"}],"author":[{"embeddable":true,"href":"https:\/\/www.verztec.com\/wp-json\/wp\/v2\/users\/1"}],"replies":[{"embeddable":true,"href":"https:\/\/www.verztec.com\/wp-json\/wp\/v2\/comments?post=1709"}],"version-history":[{"count":2,"href":"https:\/\/www.verztec.com\/wp-json\/wp\/v2\/pages\/1709\/revisions"}],"predecessor-version":[{"id":2870,"href":"https:\/\/www.verztec.com\/wp-json\/wp\/v2\/pages\/1709\/revisions\/2870"}],"wp:featuredmedia":[{"embeddable":true,"href":"https:\/\/www.verztec.com\/wp-json\/wp\/v2\/media\/4027"}],"wp:attachment":[{"href":"https:\/\/www.verztec.com\/wp-json\/wp\/v2\/media?parent=1709"}],"curies":[{"name":"wp","href":"https:\/\/api.w.org\/{rel}","templated":true}]}}