{"id":1710,"date":"2013-03-13T11:18:55","date_gmt":"2013-03-13T11:18:55","guid":{"rendered":"http:\/\/staging.verztec.com\/verztec\/why-join-us\/"},"modified":"2025-03-11T03:43:56","modified_gmt":"2025-03-11T03:43:56","slug":"why-join-us","status":"publish","type":"page","link":"https:\/\/www.verztec.com\/why-join-us","title":{"rendered":"Pourquoi rejoindre notre \u00e9quipe ?"},"content":{"rendered":"<h3 class=\"title-normal\">Rejoignez-nous dans notre mission<\/h3>\n<p>Chez Verztec, notre mission est d&#8217;aider les entreprises \u00e0 se d\u00e9velopper \u00e0 l&#8217;international et \u00e0 r\u00e9ussir leur expansion \u00e0 l&#8217;\u00e9tranger. Nous nous concentrons sur l&#8217;am\u00e9lioration de l&#8217;apprentissage en milieu de travail et le d\u00e9veloppement des comp\u00e9tences pour nos clients dans de nombreux secteurs gr\u00e2ce \u00e0 des solutions d&#8217;apprentissage num\u00e9rique. Nos services de traduction et de localisation, v\u00e9rifi\u00e9s par des professionnels, am\u00e9liorent les communications transfrontali\u00e8res, soutenant l&#8217;exportation de produits et services dans le monde entier. En am\u00e9liorant la communication, nous favorisons les partenariats, r\u00e9duisons les malentendus et cr\u00e9ons un monde plus heureux pour tous.<\/p>\n<p>\u00a0<\/p>\n<h3 class=\"title-normal\">Notre impact positif en tant qu&#8217;\u00e9quipe<\/h3>\n<p>Depuis ses d\u00e9buts modestes en 2000, Verztec est devenue l&#8217;une des principales soci\u00e9t\u00e9s de conseil dans le domaine des solutions d&#8217;apprentissage et linguistiques de qualit\u00e9. Nous sommes l&#8217;une des plus grandes et des plus dynamiques entreprises de conseil en Asie, offrant des solutions d&#8217;apprentissage num\u00e9rique, des services de traduction professionnelle, de localisation de logiciels et des conceptions cr\u00e9atives innovantes dans plus de 100 langues.<\/p>\n<p>Au fil des ans, nous avons aid\u00e9 de nombreuses entreprises \u00e0 entrer sur de nouveaux march\u00e9s mondiaux, \u00e0 cr\u00e9er des flux de revenus durables et \u00e0 \u00e9tablir des niveaux d&#8217;engagement plus \u00e9lev\u00e9s avec leurs clients, partenaires et employ\u00e9s. Nous soutenons un tiers des entreprises du Fortune 500, notamment IBM, HP, Microsoft, Citibank, Rolls Royce Motors, P&#038;G, Honeywell, McDonald\u2019s Corporation, UBS et Unilever.<\/p>\n<p>Verztec est \u00e9galement une entreprise socialement responsable, engag\u00e9e envers ses employ\u00e9s, ses clients, ses fournisseurs, la communaut\u00e9 et l&#8217;environnement. D\u00e9couvrez nos <strong><a href=\"our-community-involvements\" target=\"_blank\" rel=\"noopener\">engagements communautaires<\/a><\/strong> pour voir comment nous redonnons \u00e0 la soci\u00e9t\u00e9.<\/p>\n<p>\u00a0<\/p>\n<h3 class=\"title-normal\">Votre bien-\u00eatre est important pour nous<\/h3>\n<p>Chez Verztec, nous mettons l&#8217;accent sur les valeurs familiales et le soutien mutuel en cas de d\u00e9fis. Le travail d&#8217;\u00e9quipe est crucial et nous nous concentrons sur la fourniture du meilleur service possible \u00e0 nos clients. Nous cherchons continuellement des moyens innovants d&#8217;am\u00e9liorer nos processus et nous engageons pleinement envers ceux qui nous font confiance.<\/p>\n<p>Nous valorisons l&#8217;engagement et la loyaut\u00e9, comme en t\u00e9moignent les nombreux collaborateurs qui travaillent avec nous depuis des ann\u00e9es. Nos r\u00e9compenses pour anciennet\u00e9, nos \u00e9v\u00e9nements d&#8217;entreprise et nos programmes de reconnaissance des employ\u00e9s sont des marques de gratitude envers nos membres d&#8217;\u00e9quipe d\u00e9vou\u00e9s qui excellent dans leur travail et servent bien nos clients.<\/p>\n<p>\u00a0<\/p>\n<h3 class=\"title-normal\">Votre avenir compte avec nous<\/h3>\n<p>Chez Verztec, le succ\u00e8s repose sur le m\u00e9rite et non sur les relations. Toute personne capable et motiv\u00e9e peut atteindre les sommets. Nous croyons fermement aux 3 C du succ\u00e8s : Comp\u00e9tence, Coh\u00e9rence et Caract\u00e8re.<\/p>\n<p>\u00a0<\/p>\n<p>Pour plus d&#8217;informations sur nos opportunit\u00e9s d&#8217;emploi, veuillez visiter <a href=\"employment-opportunities\" target=\"_blank\" rel=\"noopener\">Opportunit\u00e9s d&#8217;emploi<\/a><\/p>\n<p>Rejoignez Verztec et faites partie d&#8217;une \u00e9quipe qui a un impact mondial gr\u00e2ce \u00e0 une communication fluide et des solutions innovantes. Nous avons h\u00e2te de vous accueillir\u00a0!<\/p>\n","protected":false},"excerpt":{"rendered":"<p>Rejoignez-nous dans notre mission Chez Verztec, notre mission est d&#8217;aider les entreprises \u00e0 se d\u00e9velopper \u00e0 l&#8217;international et \u00e0 r\u00e9ussir leur expansion \u00e0 l&#8217;\u00e9tranger. Nous nous concentrons sur l&#8217;am\u00e9lioration de&hellip;<\/p>\n","protected":false},"author":1,"featured_media":2033,"parent":0,"menu_order":4,"comment_status":"closed","ping_status":"closed","template":"","meta":{"footnotes":""},"class_list":["post-1710","page","type-page","status-publish","has-post-thumbnail","hentry"],"_links":{"self":[{"href":"https:\/\/www.verztec.com\/wp-json\/wp\/v2\/pages\/1710"}],"collection":[{"href":"https:\/\/www.verztec.com\/wp-json\/wp\/v2\/pages"}],"about":[{"href":"https:\/\/www.verztec.com\/wp-json\/wp\/v2\/types\/page"}],"author":[{"embeddable":true,"href":"https:\/\/www.verztec.com\/wp-json\/wp\/v2\/users\/1"}],"replies":[{"embeddable":true,"href":"https:\/\/www.verztec.com\/wp-json\/wp\/v2\/comments?post=1710"}],"version-history":[{"count":3,"href":"https:\/\/www.verztec.com\/wp-json\/wp\/v2\/pages\/1710\/revisions"}],"predecessor-version":[{"id":4222,"href":"https:\/\/www.verztec.com\/wp-json\/wp\/v2\/pages\/1710\/revisions\/4222"}],"wp:featuredmedia":[{"embeddable":true,"href":"https:\/\/www.verztec.com\/wp-json\/wp\/v2\/media\/2033"}],"wp:attachment":[{"href":"https:\/\/www.verztec.com\/wp-json\/wp\/v2\/media?parent=1710"}],"curies":[{"name":"wp","href":"https:\/\/api.w.org\/{rel}","templated":true}]}}