{"id":1723,"date":"2014-09-09T03:21:57","date_gmt":"2014-09-09T03:21:57","guid":{"rendered":"http:\/\/staging.verztec.com\/verztec\/bizsafe-compliant\/"},"modified":"2024-10-02T01:30:39","modified_gmt":"2024-10-02T01:30:39","slug":"bizsafe-compliant","status":"publish","type":"page","link":"https:\/\/www.verztec.com\/bizsafe-compliant","title":{"rendered":"Conformit\u00e9 BizSAFE"},"content":{"rendered":"<p><img decoding=\"async\" class=\" size-full wp-image-1722\" src=\"https:\/\/www.verztec.com\/wp-content\/uploads\/2014\/09\/bizsafe.jpg\" alt=\"\" width=\"190\" border=\"0\" \/><\/p>\n<p>L&#8217;engagement de Verztec en faveur de la s\u00e9curit\u00e9 sur le lieu de travail : Obtention de la certification bizSAFE niveau 3<\/p>\n<p>Chez Verztec, nous accordons la priorit\u00e9 \u00e0 la s\u00e9curit\u00e9 et au bien-\u00eatre de nos employ\u00e9s et de nos clients, c&#8217;est pourquoi nous sommes fiers d&#8217;avoir obtenu la certification bizSAFE de niveau 3 depuis le 3 septembre 2014. Le programme bizSAFE, initi\u00e9 par le Conseil pour la s\u00e9curit\u00e9 et la sant\u00e9 au travail (WSH), promeut la s\u00e9curit\u00e9 et la sant\u00e9 au travail en reconnaissant les entreprises qui font preuve d&#8217;efforts soutenus en mati\u00e8re de s\u00e9curit\u00e9. Cette certification refl\u00e8te notre engagement \u00e0 maintenir un environnement de travail s\u00fbr et sain.<\/p>\n<p>Le processus d&#8217;obtention de cette certification a impliqu\u00e9 un audit approfondi de notre mise en \u0153uvre de la gestion des risques par un auditeur externe, garantissant que Verztec se conforme \u00e0 toutes les exigences n\u00e9cessaires. En adh\u00e9rant aux normes bizSAFE, nous am\u00e9liorons non seulement la s\u00e9curit\u00e9 sur le lieu de travail, mais nous encourageons \u00e9galement une culture de la responsabilit\u00e9 et de la gestion proactive des risques au sein de notre personnel.<\/p>\n<p>Pour nos employ\u00e9s, cet engagement se traduit par un environnement de travail s\u00fbr, r\u00e9duisant consid\u00e9rablement le risque d&#8217;accidents et les probl\u00e8mes de sant\u00e9. Un lieu de travail s\u00fbr am\u00e9liore le moral et la satisfaction au travail, permettant \u00e0 notre \u00e9quipe de se concentrer sur son r\u00f4le sans se soucier des dangers potentiels. En outre, nos initiatives de formation continue permettent au personnel d&#8217;acqu\u00e9rir des connaissances et des comp\u00e9tences essentielles en mati\u00e8re de pratiques de s\u00e9curit\u00e9, ce qui garantit que chacun joue un r\u00f4le dans le maintien de normes de s\u00e9curit\u00e9 \u00e9lev\u00e9es.<\/p>\n<p>Pour nos clients, la certification bizSAFE de niveau 3 est une marque de fiabilit\u00e9 et de professionnalisme. Elle leur garantit que nous appliquons des normes de s\u00e9curit\u00e9 rigoureuses, ce qui peut conduire \u00e0 des r\u00e9sultats de meilleure qualit\u00e9 et \u00e0 une ex\u00e9cution plus harmonieuse des projets. Les clients peuvent \u00eatre s\u00fbrs que notre approche proactive de la gestion des risques minimise les perturbations et garantit la conformit\u00e9 de l&#8217;ensemble de nos op\u00e9rations.<\/p>\n<p>Chez Verztec, l&#8217;obtention de la certification bizSAFE de niveau 3 n&#8217;est pas seulement une \u00e9tape importante ; elle repr\u00e9sente notre engagement permanent en faveur de l&#8217;excellence dans le domaine de la s\u00e9curit\u00e9 et de la sant\u00e9 sur le lieu de travail. En am\u00e9liorant continuellement nos protocoles de s\u00e9curit\u00e9, nous visons \u00e0 \u00e9tablir une r\u00e9f\u00e9rence dans l&#8217;industrie, avec un impact positif sur nos employ\u00e9s, nos clients et la communaut\u00e9.<\/p>\n","protected":false},"excerpt":{"rendered":"<p>L&#8217;engagement de Verztec en faveur de la s\u00e9curit\u00e9 sur le lieu de travail : Obtention de la certification bizSAFE niveau 3 Chez Verztec, nous accordons la priorit\u00e9 \u00e0 la s\u00e9curit\u00e9&hellip;<\/p>\n","protected":false},"author":1,"featured_media":2024,"parent":0,"menu_order":1,"comment_status":"closed","ping_status":"closed","template":"","meta":{"footnotes":""},"class_list":["post-1723","page","type-page","status-publish","has-post-thumbnail","hentry"],"_links":{"self":[{"href":"https:\/\/www.verztec.com\/wp-json\/wp\/v2\/pages\/1723"}],"collection":[{"href":"https:\/\/www.verztec.com\/wp-json\/wp\/v2\/pages"}],"about":[{"href":"https:\/\/www.verztec.com\/wp-json\/wp\/v2\/types\/page"}],"author":[{"embeddable":true,"href":"https:\/\/www.verztec.com\/wp-json\/wp\/v2\/users\/1"}],"replies":[{"embeddable":true,"href":"https:\/\/www.verztec.com\/wp-json\/wp\/v2\/comments?post=1723"}],"version-history":[{"count":1,"href":"https:\/\/www.verztec.com\/wp-json\/wp\/v2\/pages\/1723\/revisions"}],"predecessor-version":[{"id":2025,"href":"https:\/\/www.verztec.com\/wp-json\/wp\/v2\/pages\/1723\/revisions\/2025"}],"wp:featuredmedia":[{"embeddable":true,"href":"https:\/\/www.verztec.com\/wp-json\/wp\/v2\/media\/2024"}],"wp:attachment":[{"href":"https:\/\/www.verztec.com\/wp-json\/wp\/v2\/media?parent=1723"}],"curies":[{"name":"wp","href":"https:\/\/api.w.org\/{rel}","templated":true}]}}