{"id":1793,"date":"2018-05-03T01:36:05","date_gmt":"2018-05-03T01:36:05","guid":{"rendered":"http:\/\/staging.verztec.com\/verztec\/blockchain-industry-and-start-ups\/"},"modified":"2025-02-03T08:30:45","modified_gmt":"2025-02-03T08:30:45","slug":"blockchain-industry-and-start-ups","status":"publish","type":"page","link":"https:\/\/www.verztec.com\/blockchain-industry-and-start-ups","title":{"rendered":"Blockchain et Startup"},"content":{"rendered":"<p>\u00c0 mesure que l&#8217;industrie de la blockchain et les startups continuent de se d\u00e9velopper \u00e0 l&#8217;\u00e9chelle mondiale, il est crucial pour les entreprises de fournir des traductions de contenu multilingues pour les ICO, les livres blancs et les sites Web.<\/p>\r\n<p>Verztec vous aide \u00e0 vous connecter avec un public plus large d&#8217;investisseurs potentiels dans le monde entier, facilitant ainsi le financement en capital-risque et divers tours de financement (s\u00e9ries A, B, C, etc.). Nous engageons les principales parties prenantes en offrant des traductions de haute qualit\u00e9 et efficaces dans plus de 100 langues.<\/p>\r\n<p>Dans le monde florissant de la blockchain, Verztec recommande de traduire les 5 principaux mat\u00e9riaux marketing pour ICO :<\/p>\r\n<ol>\r\n<li><b>Votre site web :<\/b> Traduire votre site web ICO est essentiel pour attirer les investisseurs \u00e9trangers. Fournir des informations sur votre projet, vos produits\/services et votre \u00e9quipe dans plusieurs langues am\u00e9liore l&#8217;accessibilit\u00e9 et la cr\u00e9dibilit\u00e9.<\/li>\r\n<li><b>Votre livre blanc :<\/b> Avec votre site web, votre livre blanc est crucial car il fournit des informations essentielles sur le marketing, les finances et la technique de votre projet. Le traduire dans la langue maternelle de vos investisseurs renforce la confiance et la compr\u00e9hension.<\/li>\r\n<li><b>Votre e-r\u00e9putation :<\/b> Un marketing ICO efficace dans plusieurs langues est crucial pour la communication internationale. Le lancement de votre ICO consiste \u00e0 l&#8217;annoncer de mani\u00e8re strat\u00e9gique sur des plateformes telles que les r\u00e9seaux sociaux (Slack, Telegram, Reddit, LinkedIn Groups) et les calendriers ICO.<\/li>\r\n<li><b>Vid\u00e9os explicatives (vid\u00e9os tableau blanc ou animation 2D) :<\/b> Les vid\u00e9os explicatives sont des outils puissants pour pr\u00e9senter visuellement la proposition de valeur de votre ICO. Elles am\u00e9liorent l&#8217;engagement et la compr\u00e9hension, tout en boostant consid\u00e9rablement l&#8217;identit\u00e9 de votre marque et votre strat\u00e9gie SEO lorsqu&#8217;elles sont localis\u00e9es.<\/li>\r\n<li><b>Banni\u00e8res :<\/b> Le marketing par banni\u00e8res engageantes est essentiel pour vos efforts de branding. Des banni\u00e8res multilingues avec des appels \u00e0 l&#8217;action clairs attirent efficacement les investisseurs internationaux.<\/li>\r\n<\/ol>\r\n<p>Verztec s&#8217;assure que votre contenu est non seulement traduit de mani\u00e8re pr\u00e9cise, mais aussi culturellement adapt\u00e9 pour r\u00e9sonner avec des publics divers \u00e0 travers le monde. Notre expertise dans les secteurs de la blockchain et des startups nous permet de soutenir vos strat\u00e9gies de marketing global de mani\u00e8re compl\u00e8te.<\/p>\r\n<p>D\u00e9couvrez comment Verztec peut am\u00e9liorer la visibilit\u00e9 mondiale de votre ICO et l&#8217;engagement des investisseurs. Contactez-nous d\u00e8s aujourd&#8217;hui pour explorer notre gamme compl\u00e8te de services linguistiques et de solutions de marketing digital.<\/p>\r\n\r\n<hr style=\"margin-top: 20px; margin-bottom: 20px; border: 0; border-top: 1px solid #eee;\" \/>\n<p style=\"margin-bottom: 0;\"><a href=\"https:\/\/www.verztec.com\/fr\/testimonials\/\" target=\"_blank\" rel=\"noopener\">T\u00e9moignages de clients<\/a> &nbsp; : D\u00e9couvrez ce que nos clients disent de nous !<\/p>\n<p><a href=\"https:\/\/www.verztec.com\/fr\/clients\/\" target=\"_blank\" rel=\"noopener\">Nos Clients Pr\u00e9cieux<\/a> &nbsp; : Consultez la liste de nos clients estim\u00e9s.<\/p>\n\r\n","protected":false},"excerpt":{"rendered":"<p>\u00c0 mesure que l&#8217;industrie de la blockchain et les startups continuent de se d\u00e9velopper \u00e0 l&#8217;\u00e9chelle mondiale, il est crucial pour les entreprises de fournir des traductions de contenu multilingues&hellip;<\/p>\n","protected":false},"author":1,"featured_media":4027,"parent":0,"menu_order":6,"comment_status":"closed","ping_status":"closed","template":"","meta":{"footnotes":""},"class_list":["post-1793","page","type-page","status-publish","has-post-thumbnail","hentry"],"_links":{"self":[{"href":"https:\/\/www.verztec.com\/wp-json\/wp\/v2\/pages\/1793"}],"collection":[{"href":"https:\/\/www.verztec.com\/wp-json\/wp\/v2\/pages"}],"about":[{"href":"https:\/\/www.verztec.com\/wp-json\/wp\/v2\/types\/page"}],"author":[{"embeddable":true,"href":"https:\/\/www.verztec.com\/wp-json\/wp\/v2\/users\/1"}],"replies":[{"embeddable":true,"href":"https:\/\/www.verztec.com\/wp-json\/wp\/v2\/comments?post=1793"}],"version-history":[{"count":2,"href":"https:\/\/www.verztec.com\/wp-json\/wp\/v2\/pages\/1793\/revisions"}],"predecessor-version":[{"id":2871,"href":"https:\/\/www.verztec.com\/wp-json\/wp\/v2\/pages\/1793\/revisions\/2871"}],"wp:featuredmedia":[{"embeddable":true,"href":"https:\/\/www.verztec.com\/wp-json\/wp\/v2\/media\/4027"}],"wp:attachment":[{"href":"https:\/\/www.verztec.com\/wp-json\/wp\/v2\/media?parent=1793"}],"curies":[{"name":"wp","href":"https:\/\/api.w.org\/{rel}","templated":true}]}}