{"id":1800,"date":"2020-04-17T07:03:54","date_gmt":"2020-04-17T07:03:54","guid":{"rendered":"http:\/\/staging.verztec.com\/verztec\/remote-interpretation\/"},"modified":"2025-02-04T04:22:29","modified_gmt":"2025-02-04T04:22:29","slug":"remote-interpretation","status":"publish","type":"page","link":"https:\/\/www.verztec.com\/remote-interpretation","title":{"rendered":"Interpr\u00e9tation \u00e0 distance"},"content":{"rendered":"<p>L\u2019interpr\u00e9tation cons\u00e9cutive (CI) et simultan\u00e9e (SI) ont longtemps \u00e9t\u00e9 des \u00e9l\u00e9ments cl\u00e9s des grandes conf\u00e9rences, ateliers et salons professionnels, n\u00e9cessitant g\u00e9n\u00e9ralement la pr\u00e9sence physique de traducteurs professionnels sur les lieux de l\u2019\u00e9v\u00e9nement.<\/p>\r\n<p>Dans le paysage actuel, la mont\u00e9e des webinaires, r\u00e9unions virtuelles et s\u00e9minaires a favoris\u00e9 l\u2019adoption de l\u2019interpr\u00e9tation \u00e0 distance (RI). Cela permet \u00e0 des interpr\u00e8tes qualifi\u00e9s du monde entier de se connecter facilement \u00e0 des plateformes de visioconf\u00e9rence en ligne, \u00e9liminant ainsi les barri\u00e8res linguistiques pour les participants, quelle que soit leur localisation.<\/p>\r\n<h4 class=\"title-normal\">Le r\u00f4le de l\u2019interpr\u00e9tation \u00e0 distance<\/h4>\r\n<p>L\u2019interpr\u00e9tation \u00e0 distance (RI) pour l\u2019interpr\u00e9tation simultan\u00e9e et cons\u00e9cutive est facilit\u00e9e via des logiciels de visioconf\u00e9rence populaires tels que Zoom, Webex, Google Meet, Skype et GoToMeeting. Cette flexibilit\u00e9 garantit un support linguistique disponible pour les engagements virtuels de toutes tailles et envergures.<\/p>\r\n<h4 class=\"title-normal\">Applications de l\u2019interpr\u00e9tation \u00e0 distance<\/h4>\r\n<p>Webinaires et s\u00e9minaires de formation\u00a0: Le transfert efficace de connaissances sur des sujets techniques ou sp\u00e9cialis\u00e9s d\u00e9pend d\u2019une compr\u00e9hension linguistique pr\u00e9cise. L\u2019int\u00e9gration de RI garantit que les participants aux s\u00e9minaires virtuels saisissent pleinement le contenu, am\u00e9liorant ainsi les r\u00e9sultats d\u2019apprentissage.<\/p>\r\n<p>R\u00e9unions internes et virtuelles avec des clients\u00a0: RI favorise une communication productive en permettant aux membres de l\u2019\u00e9quipe r\u00e9gionale de contribuer avec confiance dans leur langue maternelle. Cela am\u00e9liore non seulement l\u2019efficacit\u00e9 sur le lieu de travail, mais \u00e9galement les interactions avec les clients, les interpr\u00e8tes facilitant des discussions fluides dans les langues pr\u00e9f\u00e9r\u00e9es des clients.<\/p>\r\n<h4 class=\"title-normal\">Am\u00e9lioration de l\u2019image organisationnelle<\/h4>\r\n<p>RI joue un r\u00f4le crucial dans la formation d\u2019une image organisationnelle positive. En fournissant une interpr\u00e9tation professionnelle lors de r\u00e9unions virtuelles, les entreprises d\u00e9montrent leur engagement envers l\u2019inclusivit\u00e9 et la satisfaction client. Une communication claire et pr\u00e9cise renforce les relations et la cr\u00e9dibilit\u00e9 professionnelle.<\/p>\r\n<h4 class=\"title-normal\">Soutien r\u00e9cent de Verztec en interpr\u00e9tation \u00e0 distance<\/h4>\r\n<p>Verztec a r\u00e9cemment soutenu un webinaire avec des services d\u2019interpr\u00e9tation simultan\u00e9e \u00e0 distance, garantissant une communication fluide entre des participants issus de milieux linguistiques divers. Nos interpr\u00e8tes exp\u00e9riment\u00e9s ont utilis\u00e9 des technologies avanc\u00e9es pour fournir des traductions pr\u00e9cises, renfor\u00e7ant ainsi l\u2019efficacit\u00e9 et l\u2019engagement des participants au webinaire.<\/p>\r\n<br \/>\r\n<h3 style=\"line-height: 1.25;\">Exemple r\u00e9cent de webinaire soutenu par Verztec avec des services d\u2019interpr\u00e9tation simultan\u00e9e \u00e0 distance<\/h3>\r\n<br \/>\r\n<p><img decoding=\"async\" class=\" size-full wp-image-1794\" src=\"https:\/\/www.verztec.com\/wp-content\/uploads\/2020\/04\/world-citiesRI_2.jpg\" alt=\"Exemple r\u00e9cent de webinaire soutenu par Verztec avec des services d\u2019interpr\u00e9tation simultan\u00e9e \u00e0 distance\" width=\"600px\" border=\"0\" srcset=\"https:\/\/www.verztec.com\/wp-content\/uploads\/2020\/04\/world-citiesRI_2.jpg 800w, https:\/\/www.verztec.com\/wp-content\/uploads\/2020\/04\/world-citiesRI_2-300x166.jpg 300w, https:\/\/www.verztec.com\/wp-content\/uploads\/2020\/04\/world-citiesRI_2-768x425.jpg 768w\" sizes=\"(max-width: 800px) 100vw, 800px\" \/><\/p>\r\n<p><img decoding=\"async\" class=\" size-full wp-image-1795\" src=\"https:\/\/www.verztec.com\/wp-content\/uploads\/2020\/04\/bca_ri.jpg\" alt=\"\" width=\"600\" srcset=\"https:\/\/www.verztec.com\/wp-content\/uploads\/2020\/04\/bca_ri.jpg 800w, https:\/\/www.verztec.com\/wp-content\/uploads\/2020\/04\/bca_ri-300x166.jpg 300w, https:\/\/www.verztec.com\/wp-content\/uploads\/2020\/04\/bca_ri-768x425.jpg 768w\" sizes=\"(max-width: 800px) 100vw, 800px\" \/><\/p>\r\n<p><img decoding=\"async\" class=\" size-full wp-image-1796\" src=\"https:\/\/www.verztec.com\/wp-content\/uploads\/2020\/04\/clc_ri.jpg\" alt=\"\" width=\"600\" srcset=\"https:\/\/www.verztec.com\/wp-content\/uploads\/2020\/04\/clc_ri.jpg 800w, https:\/\/www.verztec.com\/wp-content\/uploads\/2020\/04\/clc_ri-300x166.jpg 300w, https:\/\/www.verztec.com\/wp-content\/uploads\/2020\/04\/clc_ri-768x425.jpg 768w\" sizes=\"(max-width: 800px) 100vw, 800px\" \/><\/p>\r\n<p><img decoding=\"async\" class=\" size-full wp-image-1797\" src=\"https:\/\/www.verztec.com\/wp-content\/uploads\/2020\/04\/eurochem.jpg\" alt=\"\" width=\"600\" srcset=\"https:\/\/www.verztec.com\/wp-content\/uploads\/2020\/04\/eurochem.jpg 800w, https:\/\/www.verztec.com\/wp-content\/uploads\/2020\/04\/eurochem-300x166.jpg 300w, https:\/\/www.verztec.com\/wp-content\/uploads\/2020\/04\/eurochem-768x425.jpg 768w\" sizes=\"(max-width: 800px) 100vw, 800px\" \/><\/p>\r\n<p><img decoding=\"async\" class=\" size-full wp-image-1798\" src=\"https:\/\/www.verztec.com\/wp-content\/uploads\/2020\/04\/gpsnr_ri_v2.jpg\" alt=\"\" width=\"600\" srcset=\"https:\/\/www.verztec.com\/wp-content\/uploads\/2020\/04\/gpsnr_ri_v2.jpg 800w, https:\/\/www.verztec.com\/wp-content\/uploads\/2020\/04\/gpsnr_ri_v2-300x166.jpg 300w, https:\/\/www.verztec.com\/wp-content\/uploads\/2020\/04\/gpsnr_ri_v2-768x425.jpg 768w\" sizes=\"(max-width: 800px) 100vw, 800px\" \/><\/p>\r\n<br \/>\r\n<h3>Une communication fluide o\u00f9 que vous soyez. Devenez partenaire de Verztec d\u00e8s aujourd\u2019hui.<\/h3>\r\n<br \/>\r\n<p><a href=\"photo-gallery\" target=\"_blank\" rel=\"noopener\"><img decoding=\"async\" style=\"width: 80%;\" src=\"https:\/\/www.verztec.com\/wp-content\/uploads\/2020\/04\/remote-banner-1-scaled.jpg\" alt=\"\" \/><\/a><\/p>\r\n<p><strong>Que vous organisiez un webinaire mondial, conduisiez des r\u00e9unions internes ou interagissiez avec des clients internationaux, Verztec propose des services complets d\u2019interpr\u00e9tation \u00e0 distance adapt\u00e9s \u00e0 vos besoins. Contactez-nous d\u00e8s aujourd\u2019hui \u00e0 <a href=\"mailto:enquiry@verztec.com\" target=\"_blank\" rel=\"noopener\">enquiry@verztec.com<\/a> pour discuter de la mani\u00e8re dont notre expertise en solutions linguistiques peut am\u00e9liorer vos engagements virtuels et permettre une communication fluide dans le monde entier. Faites confiance \u00e0 Verztec pour des services d\u2019interpr\u00e9tation fiables et professionnels, qui favorisent la collaboration mondiale et le succ\u00e8s.<\/strong><\/p>\r\n\r\n<hr style=\"margin-top: 20px; margin-bottom: 20px; border: 0; border-top: 1px solid #eee;\" \/>\n<p style=\"margin-bottom: 0;\">\n  <img decoding=\"async\" src=\"https:\/\/www.verztec.com\/wp-content\/images\/home\/more.png\" alt=\"\" \/>\n  &nbsp;<a href=\"https:\/\/www.verztec.com\/fr\/language-services\/\" target=\"_blank\" rel=\"noopener\">Voir tous les &#8220;Services linguistiques&#8221;<\/a>\n<\/p>\r\n","protected":false},"excerpt":{"rendered":"<p>L\u2019interpr\u00e9tation cons\u00e9cutive (CI) et simultan\u00e9e (SI) ont longtemps \u00e9t\u00e9 des \u00e9l\u00e9ments cl\u00e9s des grandes conf\u00e9rences, ateliers et salons professionnels, n\u00e9cessitant g\u00e9n\u00e9ralement la pr\u00e9sence physique de traducteurs professionnels sur les lieux&hellip;<\/p>\n","protected":false},"author":1,"featured_media":2018,"parent":0,"menu_order":1,"comment_status":"closed","ping_status":"closed","template":"","meta":{"footnotes":""},"class_list":["post-1800","page","type-page","status-publish","has-post-thumbnail","hentry"],"_links":{"self":[{"href":"https:\/\/www.verztec.com\/wp-json\/wp\/v2\/pages\/1800"}],"collection":[{"href":"https:\/\/www.verztec.com\/wp-json\/wp\/v2\/pages"}],"about":[{"href":"https:\/\/www.verztec.com\/wp-json\/wp\/v2\/types\/page"}],"author":[{"embeddable":true,"href":"https:\/\/www.verztec.com\/wp-json\/wp\/v2\/users\/1"}],"replies":[{"embeddable":true,"href":"https:\/\/www.verztec.com\/wp-json\/wp\/v2\/comments?post=1800"}],"version-history":[{"count":6,"href":"https:\/\/www.verztec.com\/wp-json\/wp\/v2\/pages\/1800\/revisions"}],"predecessor-version":[{"id":4037,"href":"https:\/\/www.verztec.com\/wp-json\/wp\/v2\/pages\/1800\/revisions\/4037"}],"wp:featuredmedia":[{"embeddable":true,"href":"https:\/\/www.verztec.com\/wp-json\/wp\/v2\/media\/2018"}],"wp:attachment":[{"href":"https:\/\/www.verztec.com\/wp-json\/wp\/v2\/media?parent=1800"}],"curies":[{"name":"wp","href":"https:\/\/api.w.org\/{rel}","templated":true}]}}