{"id":1802,"date":"2023-02-27T02:52:15","date_gmt":"2023-02-27T02:52:15","guid":{"rendered":"http:\/\/staging.verztec.com\/verztec\/machine-ai-translation-post-edit-services\/"},"modified":"2025-09-23T07:19:41","modified_gmt":"2025-09-23T07:19:41","slug":"machine-ai-translation-post-edit-services","status":"publish","type":"page","link":"https:\/\/www.verztec.com\/machine-ai-translation-post-edit-services","title":{"rendered":"Traduction assist\u00e9e par IA avec services de post-\u00e9dition"},"content":{"rendered":"<p>Verztec propose des services de traduction assist\u00e9e par IA avec post-\u00e9dition aux entreprises du monde entier. Nous pouvons vous aider \u00e0 trouver le parfait \u00e9quilibre entre rapidit\u00e9, pr\u00e9cision et rentabilit\u00e9.<\/p>\r\n<p>Si vous ne savez pas ce que sont les services de traduction assist\u00e9e par IA avec post-\u00e9dition ou comment ils diff\u00e8rent de la traduction automatique, nos consultants peuvent vous guider \u00e0 travers le processus et les options disponibles. Ci-dessous, nous explorons ces services en d\u00e9tail pour vous aider \u00e0 d\u00e9terminer ceux dont votre entreprise pourrait avoir besoin.<\/p>\r\n<br \/>\r\n<h3>Qu&#8217;est-ce que la traduction assist\u00e9e par IA avec post-\u00e9dition de Verztec ?<\/h3>\r\n<br \/>\r\n<p>Notre service de traduction assist\u00e9e par IA avec post-\u00e9dition (ATPE) est un hybride de traduction automatis\u00e9e suivie de v\u00e9rifications et d&#8217;\u00e9ditions par des traducteurs humains. La machine effectue le processus de traduction initial, puis une \u00e9quipe de traducteurs qualifi\u00e9s examine et am\u00e9liore le contenu pour garantir une qualit\u00e9 optimale.<\/p>\r\n<p>Si votre entreprise a un volume important de contenu \u00e0 traduire et un budget limit\u00e9, nos services de post-\u00e9dition de traduction automatique peuvent \u00eatre une solution id\u00e9ale.<\/p>\r\n<p>Bien que les langues puissent \u00eatre complexes et qu&#8217;il y ait de nombreux aspects \u00e0 v\u00e9rifier, pour ce service en particulier, notre \u00e9quipe de traducteurs s&#8217;efforce d&#8217;am\u00e9liorer la qualit\u00e9 des traductions g\u00e9n\u00e9r\u00e9es par IA en se concentrant sur le ton, le flux, la grammaire, la clart\u00e9, la pr\u00e9cision et la pertinence culturelle locale. Ils prennent le travail de la machine et l&#8217;am\u00e9liorent gr\u00e2ce \u00e0 leur expertise nuanc\u00e9e en traduction.<\/p>\r\n<br \/>\r\n<h3>Confidentialit\u00e9 avant tout. Chaque mot, \u00e0 chaque fois.<\/h3>\r\n<p>Chez Verztec, nous interdisons l\u2019utilisation d\u2019outils d\u2019IA publics pour le contenu des clients afin d\u2019\u00e9viter tout risque de fuite de donn\u00e9es. Tous les travaux sont r\u00e9alis\u00e9s dans nos environnements de traduction s\u00e9curis\u00e9s et approuv\u00e9s, et chaque linguiste est li\u00e9 par des accords de confidentialit\u00e9.<\/p>\r\n<p>Lorsque des technologies d\u2019IA d\u2019entreprise ou des outils de TAO (traduction assist\u00e9e par ordinateur) sont utilis\u00e9s, elles ne fonctionnent que dans des syst\u00e8mes ferm\u00e9s et conformes, et toutes les productions font l\u2019objet d\u2019un contr\u00f4le qualit\u00e9 humain. Cela garantit que vos informations restent enti\u00e8rement prot\u00e9g\u00e9es et que les traductions r\u00e9pondent aux normes les plus \u00e9lev\u00e9es.<\/p>\r\n<br \/>\r\n<h3>Pourquoi votre entreprise devrait-elle utiliser des services de traduction assist\u00e9e par IA avec post-\u00e9dition ?<\/h3>\r\n<br \/>\r\n<p>Les services de traduction assist\u00e9e par IA avec post-\u00e9dition de Verztec sont id\u00e9aux pour traduire rapidement de gros volumes de documents tout en maintenant des co\u00fbts abordables.<\/p>\r\n<p>Si votre entreprise doit communiquer un grand volume de contenu dans plusieurs langues, utiliser ces services est une bien meilleure approche que de s&#8217;appuyer uniquement sur des sites de traduction automatique publics.<\/p>\r\n<p>Vous pouvez obtenir des traductions de qualit\u00e9 \u00e0 un co\u00fbt bien inf\u00e9rieur \u00e0 celui d&#8217;un service de traduction humaine professionnel complet.<\/p>\r\n<p>L&#8217;un des principaux avantages d&#8217;utiliser les services de traduction assist\u00e9e par IA avec post-\u00e9dition de Verztec, par rapport \u00e0 une simple utilisation de Google Translate, ChatGPT, Amazon Translate ou d&#8217;autres outils de traduction IA, r\u00e9side dans l&#8217;exploitation de jeux de donn\u00e9es sectoriels sp\u00e9cialis\u00e9s, offrant des r\u00e9sultats plus pr\u00e9cis.<\/p>\r\n<p>Ensuite, notre \u00e9quipe de traducteurs professionnels examine et affine soigneusement le contenu, en tenant compte du contexte linguistique, des terminologies et des sensibilit\u00e9s culturelles. Cela garantit que vos traductions ne contiennent pas d&#8217;erreurs graves ou d&#8217;inexactitudes ni ne risquent d&#8217;offenser des sensibilit\u00e9s locales.<\/p>\r\n<br \/>\r\n<h3>Comment nos services de traduction assist\u00e9e par IA avec post-\u00e9dition peuvent-ils aider votre entreprise ?<\/h3>\r\n<br \/>\r\n<p>Nos consultants travailleront en partenariat avec vous pour identifier les services dont vous avez besoin en fonction de vos priorit\u00e9s op\u00e9rationnelles. Nous veillons \u00e0 ce que tout soit trait\u00e9 de mani\u00e8re appropri\u00e9e et rentable, tout en respectant les exigences en mati\u00e8re de confidentialit\u00e9 et de s\u00e9curit\u00e9 des donn\u00e9es.<\/p>\r\n<p>Si votre entreprise est nouvelle dans l&#8217;utilisation des services de traduction assist\u00e9e par IA avec post-\u00e9dition, nous pouvons expliquer comment ce processus peut vous \u00eatre b\u00e9n\u00e9fique. Chaque entreprise est unique, et nous nous effor\u00e7ons de personnaliser nos services pour vous aider \u00e0 atteindre un \u00e9quilibre optimal entre rapidit\u00e9, co\u00fbt et qualit\u00e9, r\u00e9pondant ainsi \u00e0 vos objectifs.<\/p>\r\n<p>Vous pouvez choisir parmi diff\u00e9rentes options de traduction assist\u00e9e par IA avec post-\u00e9dition.<\/p>\r\n<br \/>\r\n<h4>2 options de services de traduction assist\u00e9e par IA avec post-\u00e9dition propos\u00e9es par Verztec<\/h4>\r\n<div class=\"aipe\">\r\n<div class=\"logo\"><img decoding=\"async\" src=\"https:\/\/www.verztec.com\/wp-content\/uploads\/2025\/02\/Icon1.png\" alt=\"icon 1\" \/><\/div>\r\n<div class=\"text\">\r\n<h4 class=\"title-normal\">1. Traduction assist\u00e9e par IA avec post-\u00e9dition standard<\/h4>\r\n<p>Notre service de traduction assist\u00e9e par IA avec post-\u00e9dition standard garantit une traduction pr\u00e9cise et de bonne qualit\u00e9. Nos traducteurs, ayant g\u00e9n\u00e9ralement entre 5 et 7 ans d&#8217;exp\u00e9rience, corrigent les erreurs de traduction et traitent les ajouts ou omissions provenant de la traduction automatique. L&#8217;\u00e9quipe am\u00e9liore \u00e9galement l&#8217;orthographe, la ponctuation et la grammaire, affine le ton et le flux, garantit la coh\u00e9rence, corrige les erreurs et effectue les ajustements stylistiques ou de mise en page n\u00e9cessaires. Les nuances culturelles et ethniques sont soigneusement prises en compte pour aligner le contenu avec votre public cible.<\/p>\r\n<\/div>\r\n<\/div>\r\n<div class=\"aipe\">\r\n<div class=\"logo\"><img decoding=\"async\" src=\"https:\/\/www.verztec.com\/wp-content\/uploads\/2025\/02\/Icon2.png\" alt=\"icon 2\" \/><\/div>\r\n<div class=\"text\">\r\n<h4 class=\"title-normal\">2. Traduction assist\u00e9e par IA avec post-\u00e9dition premium<\/h4>\r\n<p>Pour ceux qui recherchent la plus haute qualit\u00e9, notre service de traduction assist\u00e9e par IA avec post-\u00e9dition premium est le choix id\u00e9al. L&#8217;\u00e9quipe assign\u00e9e \u00e0 votre projet est compos\u00e9e de professionnels exp\u00e9riment\u00e9s ayant entre 10 et 20 ans d&#8217;exp\u00e9rience, dot\u00e9s des comp\u00e9tences et des connaissances sp\u00e9cifiques \u00e0 votre secteur d&#8217;activit\u00e9. Ce service garantit un traitement pr\u00e9cis des terminologies et concepts sp\u00e9cialis\u00e9s. Le r\u00e9sultat est une traduction de haute qualit\u00e9 comparable \u00e0 un service de traduction humaine professionnelle, tout en offrant des \u00e9conomies pour vos projets.<\/p>\r\n<\/div>\r\n<\/div>\r\n\r\n<hr style=\"margin-top: 20px; margin-bottom: 20px; border: 0; border-top: 1px solid #eee;\" \/>\n<p style=\"margin-bottom: 0;\">\n  <img decoding=\"async\" src=\"https:\/\/www.verztec.com\/wp-content\/images\/home\/more.png\" alt=\"\" \/>\n  &nbsp;<a href=\"https:\/\/www.verztec.com\/fr\/language-services\/\" target=\"_blank\" rel=\"noopener\">Voir tous les &#8220;Services linguistiques&#8221;<\/a>\n<\/p>","protected":false},"excerpt":{"rendered":"<p>Verztec propose des services de traduction assist\u00e9e par IA avec post-\u00e9dition aux entreprises du monde entier. Nous pouvons vous aider \u00e0 trouver le parfait \u00e9quilibre entre rapidit\u00e9, pr\u00e9cision et rentabilit\u00e9.&hellip;<\/p>\n","protected":false},"author":1,"featured_media":2018,"parent":0,"menu_order":0,"comment_status":"closed","ping_status":"closed","template":"","meta":{"footnotes":""},"class_list":["post-1802","page","type-page","status-publish","has-post-thumbnail","hentry"],"_links":{"self":[{"href":"https:\/\/www.verztec.com\/wp-json\/wp\/v2\/pages\/1802"}],"collection":[{"href":"https:\/\/www.verztec.com\/wp-json\/wp\/v2\/pages"}],"about":[{"href":"https:\/\/www.verztec.com\/wp-json\/wp\/v2\/types\/page"}],"author":[{"embeddable":true,"href":"https:\/\/www.verztec.com\/wp-json\/wp\/v2\/users\/1"}],"replies":[{"embeddable":true,"href":"https:\/\/www.verztec.com\/wp-json\/wp\/v2\/comments?post=1802"}],"version-history":[{"count":18,"href":"https:\/\/www.verztec.com\/wp-json\/wp\/v2\/pages\/1802\/revisions"}],"predecessor-version":[{"id":4271,"href":"https:\/\/www.verztec.com\/wp-json\/wp\/v2\/pages\/1802\/revisions\/4271"}],"wp:featuredmedia":[{"embeddable":true,"href":"https:\/\/www.verztec.com\/wp-json\/wp\/v2\/media\/2018"}],"wp:attachment":[{"href":"https:\/\/www.verztec.com\/wp-json\/wp\/v2\/media?parent=1802"}],"curies":[{"name":"wp","href":"https:\/\/api.w.org\/{rel}","templated":true}]}}