{"id":1803,"date":"2024-02-27T06:46:44","date_gmt":"2024-02-27T06:46:44","guid":{"rendered":"http:\/\/staging.verztec.com\/verztec\/thank-you-for-your-e-quote-submission\/"},"modified":"2025-01-07T06:49:15","modified_gmt":"2025-01-07T06:49:15","slug":"thank-you-for-your-e-quote-submission","status":"publish","type":"page","link":"https:\/\/www.verztec.com\/thank-you-for-your-e-quote-submission","title":{"rendered":"Merci pour votre soumission de devis \u00e9lectronique"},"content":{"rendered":"<p>Votre demande a \u00e9t\u00e9 transmise \u00e0 nos consultants.<br \/>\nNous comprenons l\u2019importance de votre demande et nous vous r\u00e9pondrons d\u00e8s que possible.<br \/>\nPour plus d&#8217;informations, vous pouvez nous envoyer un e-mail \u00e0 <a class=\"blue\" href=\"mailto:enquiry@verztec.com\">enquiry@verztec.com<\/a> ou nous appeler directement au +65 6577 4646 (si\u00e8ge social).<br \/>\nPour les d\u00e9tails de nos bureaux mondiaux, veuillez visiter le lien <a href=\"contact-us\">Nous contacter<\/a>.<\/p>\n<p><!-- Extrait d\u2019\u00e9v\u00e9nement pour la page de conversion du formulaire de devis \u00e9lectronique --> <script>\/\/ <![CDATA[ gtag('event', 'conversion', {'send_to': 'AW-1006834328\/_lmvCO3SpowZEJiljOAD'}); \/\/ ]]><\/script><\/p>\n","protected":false},"excerpt":{"rendered":"<p>Votre demande a \u00e9t\u00e9 transmise \u00e0 nos consultants. Nous comprenons l\u2019importance de votre demande et nous vous r\u00e9pondrons d\u00e8s que possible. Pour plus d&#8217;informations, vous pouvez nous envoyer un e-mail&hellip;<\/p>\n","protected":false},"author":1,"featured_media":2033,"parent":0,"menu_order":1,"comment_status":"closed","ping_status":"closed","template":"","meta":{"footnotes":""},"class_list":["post-1803","page","type-page","status-publish","has-post-thumbnail","hentry"],"_links":{"self":[{"href":"https:\/\/www.verztec.com\/wp-json\/wp\/v2\/pages\/1803"}],"collection":[{"href":"https:\/\/www.verztec.com\/wp-json\/wp\/v2\/pages"}],"about":[{"href":"https:\/\/www.verztec.com\/wp-json\/wp\/v2\/types\/page"}],"author":[{"embeddable":true,"href":"https:\/\/www.verztec.com\/wp-json\/wp\/v2\/users\/1"}],"replies":[{"embeddable":true,"href":"https:\/\/www.verztec.com\/wp-json\/wp\/v2\/comments?post=1803"}],"version-history":[{"count":2,"href":"https:\/\/www.verztec.com\/wp-json\/wp\/v2\/pages\/1803\/revisions"}],"predecessor-version":[{"id":3966,"href":"https:\/\/www.verztec.com\/wp-json\/wp\/v2\/pages\/1803\/revisions\/3966"}],"wp:featuredmedia":[{"embeddable":true,"href":"https:\/\/www.verztec.com\/wp-json\/wp\/v2\/media\/2033"}],"wp:attachment":[{"href":"https:\/\/www.verztec.com\/wp-json\/wp\/v2\/media?parent=1803"}],"curies":[{"name":"wp","href":"https:\/\/api.w.org\/{rel}","templated":true}]}}