{"id":1804,"date":"2024-07-15T07:56:16","date_gmt":"2024-07-15T07:56:16","guid":{"rendered":"http:\/\/staging.verztec.com\/verztec\/life-sciences\/"},"modified":"2025-02-03T08:27:10","modified_gmt":"2025-02-03T08:27:10","slug":"life-sciences","status":"publish","type":"page","link":"https:\/\/www.verztec.com\/life-sciences","title":{"rendered":"Sciences de la vie"},"content":{"rendered":"<p>Les d\u00e9veloppements dans les sciences de la vie et le domaine m\u00e9dical progressent \u00e0 un rythme sans pr\u00e9c\u00e9dent. \u00c0 mesure que la recherche devient de plus en plus technique et multidisciplinaire, les organisations font face \u00e0 des d\u00e9fis pour acc\u00e9der \u00e0 des informations compl\u00e8tes et collaborer efficacement avec des partenaires mondiaux.<\/p>\r\n<p>L&#8217;expansion dans de nouveaux march\u00e9s entra\u00eene des complexit\u00e9s suppl\u00e9mentaires, y compris des exigences r\u00e9glementaires strictes et la n\u00e9cessit\u00e9 de communiquer des informations complexes sur les produits dans plusieurs langues. Ces facteurs sont cruciaux pour maintenir la conformit\u00e9 et garantir une p\u00e9n\u00e9tration efficace sur le march\u00e9 mondial dans le secteur des sciences de la vie.<\/p>\r\n<p>Verztec se sp\u00e9cialise dans le soutien des principales organisations des sciences de la vie et du secteur m\u00e9dical gr\u00e2ce \u00e0 un m\u00e9lange unique d&#8217;excellence linguistique, de comp\u00e9tence technique, de syst\u00e8mes robustes de gestion de la qualit\u00e9 et de pratiques efficaces de coordination des projets.<\/p>\r\n<p>Les capacit\u00e9s de Verztec couvrent une large gamme de documents sources essentiels pour le secteur des sciences de la vie :<\/p>\r\n<ul>\r\n<li>Applications logicielles m\u00e9dicales et cliniques<\/li>\r\n<li>Interfaces utilisateur pour dispositifs m\u00e9dicaux<\/li>\r\n<li>Fiches d&#8217;information sur les patients<\/li>\r\n<li>Brevet<\/li>\r\n<li>Essais cliniques<\/li>\r\n<li>Fiches de donn\u00e9es de s\u00e9curit\u00e9 des mat\u00e9riaux (MSDS)<\/li>\r\n<li>Appels d&#8217;offres scientifiques<\/li>\r\n<li>Rapports et litt\u00e9rature m\u00e9dicales<\/li>\r\n<li>Communication marketing<\/li>\r\n<li>Sites web, extranet et intranet<\/li>\r\n<li>Guides utilisateur et manuels<\/li>\r\n<li>Formulaires de dossiers m\u00e9dicaux<\/li>\r\n<li>Proc\u00e9dures op\u00e9rationnelles standard<\/li>\r\n<li>Contrats et accords<\/li>\r\n<li>Transcriptions des essais m\u00e9dicaux<\/li>\r\n<li>Services d&#8217;interpr\u00e9tation<\/li>\r\n<li>Documentation \u00e9thique, de conformit\u00e9 et r\u00e9glementaire<\/li>\r\n<li>Rapports de recherche m\u00e9dicale et protocoles d&#8217;essais cliniques<\/li>\r\n<li>Documents d&#8217;information pour les patients<\/li>\r\n<li>Papiers de psychologie<\/li>\r\n<li>Prescriptions et diagnostics m\u00e9dicaux<\/li>\r\n<li>Guides utilisateur pour le personnel m\u00e9dical et les patients<\/li>\r\n<li>Manuels d&#8217;instructions, brochures et logiciels pour \u00e9quipements m\u00e9dicaux<\/li>\r\n<li>Documents cliniques, toxicologiques, pharmacologiques et biologiques<\/li>\r\n<li>Questionnaires m\u00e9dicaux et glossaires de termes m\u00e9dicaux<\/li>\r\n<\/ul>\r\n<p>En plus de la traduction et de la localisation de documents, Verztec fournit des solutions num\u00e9riques sp\u00e9cialis\u00e9es adapt\u00e9es aux sciences de la vie. Nos services incluent le d\u00e9veloppement de modules de formation en ligne multilingues, l&#8217;am\u00e9lioration des canaux de communication et la conformit\u00e9 avec les normes r\u00e9glementaires mondiales.<\/p>\r\n<p>Partenaire avec Verztec pour rationaliser vos strat\u00e9gies de communication mondiales, acc\u00e9l\u00e9rer les approbations r\u00e9glementaires et am\u00e9liorer la pr\u00e9paration du march\u00e9 pour vos innovations en sciences de la vie.<\/p>\r\n<p>Contactez-nous d\u00e8s aujourd&#8217;hui pour d\u00e9couvrir comment nos services sp\u00e9cialis\u00e9s peuvent soutenir la croissance et le succ\u00e8s de votre organisation dans le domaine dynamique des sciences de la vie.<\/p>\r\n\r\n<hr style=\"margin-top: 20px; margin-bottom: 20px; border: 0; border-top: 1px solid #eee;\" \/>\n<p style=\"margin-bottom: 0;\"><a href=\"https:\/\/www.verztec.com\/fr\/testimonials\/\" target=\"_blank\" rel=\"noopener\">T\u00e9moignages de clients<\/a> &nbsp; : D\u00e9couvrez ce que nos clients disent de nous !<\/p>\n<p><a href=\"https:\/\/www.verztec.com\/fr\/clients\/\" target=\"_blank\" rel=\"noopener\">Nos Clients Pr\u00e9cieux<\/a> &nbsp; : Consultez la liste de nos clients estim\u00e9s.<\/p>\n\r\n","protected":false},"excerpt":{"rendered":"<p>Les d\u00e9veloppements dans les sciences de la vie et le domaine m\u00e9dical progressent \u00e0 un rythme sans pr\u00e9c\u00e9dent. \u00c0 mesure que la recherche devient de plus en plus technique et&hellip;<\/p>\n","protected":false},"author":1,"featured_media":4027,"parent":0,"menu_order":5,"comment_status":"closed","ping_status":"closed","template":"","meta":{"footnotes":""},"class_list":["post-1804","page","type-page","status-publish","has-post-thumbnail","hentry"],"_links":{"self":[{"href":"https:\/\/www.verztec.com\/wp-json\/wp\/v2\/pages\/1804"}],"collection":[{"href":"https:\/\/www.verztec.com\/wp-json\/wp\/v2\/pages"}],"about":[{"href":"https:\/\/www.verztec.com\/wp-json\/wp\/v2\/types\/page"}],"author":[{"embeddable":true,"href":"https:\/\/www.verztec.com\/wp-json\/wp\/v2\/users\/1"}],"replies":[{"embeddable":true,"href":"https:\/\/www.verztec.com\/wp-json\/wp\/v2\/comments?post=1804"}],"version-history":[{"count":2,"href":"https:\/\/www.verztec.com\/wp-json\/wp\/v2\/pages\/1804\/revisions"}],"predecessor-version":[{"id":2866,"href":"https:\/\/www.verztec.com\/wp-json\/wp\/v2\/pages\/1804\/revisions\/2866"}],"wp:featuredmedia":[{"embeddable":true,"href":"https:\/\/www.verztec.com\/wp-json\/wp\/v2\/media\/4027"}],"wp:attachment":[{"href":"https:\/\/www.verztec.com\/wp-json\/wp\/v2\/media?parent=1804"}],"curies":[{"name":"wp","href":"https:\/\/api.w.org\/{rel}","templated":true}]}}