{"id":1805,"date":"2024-07-15T08:42:00","date_gmt":"2024-07-15T08:42:00","guid":{"rendered":"http:\/\/staging.verztec.com\/verztec\/retail-e-commerce\/"},"modified":"2025-02-03T08:34:59","modified_gmt":"2025-02-03T08:34:59","slug":"retail-e-commerce","status":"publish","type":"page","link":"https:\/\/www.verztec.com\/retail-e-commerce","title":{"rendered":"Commerce de d\u00e9tail et E-Commerce"},"content":{"rendered":"<p>Le paysage du commerce de d\u00e9tail et du e-commerce \u00e9volue \u00e0 un rythme rapide, propuls\u00e9 par les avanc\u00e9es technologiques et les changements de comportement des consommateurs. \u00c0 mesure que la concurrence s&#8217;intensifie, les entreprises sont confront\u00e9es au d\u00e9fi d&#8217;innover en continu et de se diff\u00e9rencier sur le march\u00e9.<\/p>\r\n<p>Dans cet environnement dynamique, des strat\u00e9gies marketing efficaces sont cruciales pour capter et maintenir l&#8217;int\u00e9r\u00eat des clients \u00e0 l&#8217;\u00e9chelle mondiale. Les d\u00e9taillants doivent naviguer entre des pr\u00e9f\u00e9rences culturelles diversifi\u00e9es et des exigences r\u00e9glementaires tout en garantissant une communication de marque coh\u00e9rente sur plusieurs canaux.<\/p>\r\n<p>Verztec comprend les complexit\u00e9s des op\u00e9rations de d\u00e9tail mondiales et propose des solutions de localisation et de marketing num\u00e9rique sur mesure pour aider les entreprises \u00e0 prosp\u00e9rer sur les march\u00e9s internationaux. De la traduction des descriptions de produits et des campagnes marketing \u00e0 l&#8217;adaptation des sites web et des plateformes e-commerce pour les publics locaux, notre expertise garantit que votre marque r\u00e9sonne efficacement dans le monde entier.<\/p>\r\n<p>Les solutions d&#8217;apprentissage num\u00e9rique jouent un r\u00f4le cl\u00e9 dans l&#8217;am\u00e9lioration de la formation des employ\u00e9s et de l&#8217;\u00e9ducation des clients dans le secteur de la vente au d\u00e9tail. Verztec fournit des cours eLearning interactifs, des vid\u00e9os de formation et du contenu multim\u00e9dia pour doter vos \u00e9quipes des connaissances et des comp\u00e9tences n\u00e9cessaires pour offrir une exp\u00e9rience client exceptionnelle.<\/p>\r\n<p>En tirant parti de nos services de localisation complets et de nos solutions d&#8217;apprentissage num\u00e9rique, les d\u00e9taillants peuvent rationaliser leurs op\u00e9rations, am\u00e9liorer l&#8217;engagement des clients et stimuler la croissance des ventes \u00e0 l&#8217;\u00e9chelle mondiale. Partenaires avec Verztec pour optimiser votre strat\u00e9gie d&#8217;expansion internationale et atteindre un succ\u00e8s durable dans le secteur comp\u00e9titif du commerce de d\u00e9tail et du e-commerce.<\/p>\r\n<p>Les capacit\u00e9s de Verztec comprennent :<\/p>\r\n<ul>\r\n<li>Traduction et localisation des descriptions de produits, des supports marketing et des sites web<\/li>\r\n<li>Campagnes de marketing num\u00e9rique adapt\u00e9es aux audiences mondiales<\/li>\r\n<li>D\u00e9veloppement de plateformes de e-commerce et d&#8217;applications mobiles<\/li>\r\n<li>Cours eLearning interactifs et vid\u00e9os de formation pour la formation des employ\u00e9s<\/li>\r\n<li>Localisation des supports de point de vente, des emballages et des \u00e9tiquettes<\/li>\r\n<li>Documentation de conformit\u00e9 et r\u00e9glementaire pour les march\u00e9s internationaux<\/li>\r\n<li>Support client multilingue et services d&#8217;assistance<\/li>\r\n<\/ul>\r\n<p>Restez en t\u00eate du march\u00e9 mondial du commerce de d\u00e9tail avec l&#8217;expertise de Verztec en mati\u00e8re de localisation et de solutions d&#8217;apprentissage num\u00e9rique. Contactez-nous aujourd&#8217;hui pour d\u00e9couvrir comment nous pouvons soutenir vos objectifs commerciaux et am\u00e9liorer la pr\u00e9sence de votre marque dans le monde entier.<\/p>\r\n\r\n<hr style=\"margin-top: 20px; margin-bottom: 20px; border: 0; border-top: 1px solid #eee;\" \/>\n<p style=\"margin-bottom: 0;\"><a href=\"https:\/\/www.verztec.com\/fr\/testimonials\/\" target=\"_blank\" rel=\"noopener\">T\u00e9moignages de clients<\/a> &nbsp; : D\u00e9couvrez ce que nos clients disent de nous !<\/p>\n<p><a href=\"https:\/\/www.verztec.com\/fr\/clients\/\" target=\"_blank\" rel=\"noopener\">Nos Clients Pr\u00e9cieux<\/a> &nbsp; : Consultez la liste de nos clients estim\u00e9s.<\/p>\n\r\n","protected":false},"excerpt":{"rendered":"<p>Le paysage du commerce de d\u00e9tail et du e-commerce \u00e9volue \u00e0 un rythme rapide, propuls\u00e9 par les avanc\u00e9es technologiques et les changements de comportement des consommateurs. \u00c0 mesure que la&hellip;<\/p>\n","protected":false},"author":1,"featured_media":4027,"parent":0,"menu_order":4,"comment_status":"closed","ping_status":"closed","template":"","meta":{"footnotes":""},"class_list":["post-1805","page","type-page","status-publish","has-post-thumbnail","hentry"],"_links":{"self":[{"href":"https:\/\/www.verztec.com\/wp-json\/wp\/v2\/pages\/1805"}],"collection":[{"href":"https:\/\/www.verztec.com\/wp-json\/wp\/v2\/pages"}],"about":[{"href":"https:\/\/www.verztec.com\/wp-json\/wp\/v2\/types\/page"}],"author":[{"embeddable":true,"href":"https:\/\/www.verztec.com\/wp-json\/wp\/v2\/users\/1"}],"replies":[{"embeddable":true,"href":"https:\/\/www.verztec.com\/wp-json\/wp\/v2\/comments?post=1805"}],"version-history":[{"count":2,"href":"https:\/\/www.verztec.com\/wp-json\/wp\/v2\/pages\/1805\/revisions"}],"predecessor-version":[{"id":2876,"href":"https:\/\/www.verztec.com\/wp-json\/wp\/v2\/pages\/1805\/revisions\/2876"}],"wp:featuredmedia":[{"embeddable":true,"href":"https:\/\/www.verztec.com\/wp-json\/wp\/v2\/media\/4027"}],"wp:attachment":[{"href":"https:\/\/www.verztec.com\/wp-json\/wp\/v2\/media?parent=1805"}],"curies":[{"name":"wp","href":"https:\/\/api.w.org\/{rel}","templated":true}]}}