{"id":1806,"date":"2024-07-15T08:46:27","date_gmt":"2024-07-15T08:46:27","guid":{"rendered":"http:\/\/staging.verztec.com\/verztec\/gaming\/"},"modified":"2025-02-03T08:48:43","modified_gmt":"2025-02-03T08:48:43","slug":"gaming","status":"publish","type":"page","link":"https:\/\/www.verztec.com\/gaming","title":{"rendered":"Jeux vid\u00e9o"},"content":{"rendered":"<p>L&#8217;industrie du jeu est \u00e0 la pointe de l&#8217;innovation en mati\u00e8re de divertissement, captivant un public mondial gr\u00e2ce \u00e0 des exp\u00e9riences immersives et \u00e0 des technologies de pointe. Alors que la demande pour le divertissement interactif continue de cro\u00eetre, les entreprises de jeux font face au d\u00e9fi de toucher des publics divers \u00e0 travers diff\u00e9rentes langues et cultures.<\/p>\r\n<p>Dans cet environnement comp\u00e9titif, une localisation efficace des jeux et du contenu associ\u00e9 est essentielle pour engager les joueurs du monde entier. De la traduction des scripts de jeux et des interfaces utilisateur \u00e0 l&#8217;adaptation des campagnes marketing et du contenu communautaire, une localisation pr\u00e9cise garantit que l&#8217;exp\u00e9rience de jeu r\u00e9sonne avec les joueurs locaux.<\/p>\r\n<p>Verztec se sp\u00e9cialise dans les services de localisation complets pour l&#8217;industrie du jeu, aidant les d\u00e9veloppeurs et les \u00e9diteurs \u00e0 naviguer sans heurts \u00e0 travers les nuances linguistiques et culturelles. Notre \u00e9quipe de linguistes exp\u00e9riment\u00e9s et de passionn\u00e9s de jeux garantit des traductions de haute qualit\u00e9 qui pr\u00e9servent l&#8217;intention originale et l&#8217;excitation de vos jeux.<\/p>\r\n<p>Les solutions d&#8217;apprentissage num\u00e9rique sont \u00e9galement cruciales dans le secteur du jeu, en am\u00e9liorant l&#8217;int\u00e9gration des utilisateurs, les tutoriels et le contenu \u00e9ducatif en jeu. Verztec propose des modules d&#8217;e-learning interactifs, des vid\u00e9os de formation et des exp\u00e9riences d&#8217;apprentissage gamifi\u00e9es pour autonomiser les joueurs et am\u00e9liorer l&#8217;engagement.<\/p>\r\n<p>Que vous lanciez un nouveau jeu, que vous vous d\u00e9veloppiez sur des march\u00e9s internationaux ou que vous am\u00e9lioriez l&#8217;engagement des utilisateurs gr\u00e2ce \u00e0 l&#8217;apprentissage num\u00e9rique, Verztec propose des solutions personnalis\u00e9es pour r\u00e9pondre \u00e0 vos besoins. Notre expertise s&#8217;\u00e9tend \u00e0 :<\/p>\r\n<ul>\r\n<li>Localisation des scripts de jeu, dialogues et interfaces utilisateur<\/li>\r\n<li>Traduction des mat\u00e9riaux marketing, sites web et contenu communautaire<\/li>\r\n<li>Adaptation des tutoriels en jeu, guides d&#8217;aide et contenu \u00e9ducatif<\/li>\r\n<li>D\u00e9veloppement de cours d&#8217;e-learning interactifs et de vid\u00e9os de formation<\/li>\r\n<li>Support client multilingue et gestion de communaut\u00e9<\/li>\r\n<li>Documentation de conformit\u00e9 et r\u00e9glementaire pour les sorties mondiales<\/li>\r\n<\/ul>\r\n<p>Partenaire de Verztec pour lib\u00e9rer tout le potentiel de vos projets de jeux sur les march\u00e9s mondiaux. Am\u00e9liorez l&#8217;exp\u00e9rience des joueurs, \u00e9tendez votre port\u00e9e et r\u00e9ussissez avec nos solutions sp\u00e9cialis\u00e9es en localisation et en apprentissage num\u00e9rique. Contactez-nous d\u00e8s aujourd&#8217;hui pour explorer comment nous pouvons \u00e9lever votre contenu de jeu pour un public international.<\/p>\r\n\r\n<hr style=\"margin-top: 20px; margin-bottom: 20px; border: 0; border-top: 1px solid #eee;\" \/>\n<p style=\"margin-bottom: 0;\"><a href=\"https:\/\/www.verztec.com\/fr\/testimonials\/\" target=\"_blank\" rel=\"noopener\">T\u00e9moignages de clients<\/a> &nbsp; : D\u00e9couvrez ce que nos clients disent de nous !<\/p>\n<p><a href=\"https:\/\/www.verztec.com\/fr\/clients\/\" target=\"_blank\" rel=\"noopener\">Nos Clients Pr\u00e9cieux<\/a> &nbsp; : Consultez la liste de nos clients estim\u00e9s.<\/p>\n\r\n","protected":false},"excerpt":{"rendered":"<p>L&#8217;industrie du jeu est \u00e0 la pointe de l&#8217;innovation en mati\u00e8re de divertissement, captivant un public mondial gr\u00e2ce \u00e0 des exp\u00e9riences immersives et \u00e0 des technologies de pointe. Alors que&hellip;<\/p>\n","protected":false},"author":1,"featured_media":4027,"parent":0,"menu_order":3,"comment_status":"closed","ping_status":"closed","template":"","meta":{"footnotes":""},"class_list":["post-1806","page","type-page","status-publish","has-post-thumbnail","hentry"],"_links":{"self":[{"href":"https:\/\/www.verztec.com\/wp-json\/wp\/v2\/pages\/1806"}],"collection":[{"href":"https:\/\/www.verztec.com\/wp-json\/wp\/v2\/pages"}],"about":[{"href":"https:\/\/www.verztec.com\/wp-json\/wp\/v2\/types\/page"}],"author":[{"embeddable":true,"href":"https:\/\/www.verztec.com\/wp-json\/wp\/v2\/users\/1"}],"replies":[{"embeddable":true,"href":"https:\/\/www.verztec.com\/wp-json\/wp\/v2\/comments?post=1806"}],"version-history":[{"count":2,"href":"https:\/\/www.verztec.com\/wp-json\/wp\/v2\/pages\/1806\/revisions"}],"predecessor-version":[{"id":2882,"href":"https:\/\/www.verztec.com\/wp-json\/wp\/v2\/pages\/1806\/revisions\/2882"}],"wp:featuredmedia":[{"embeddable":true,"href":"https:\/\/www.verztec.com\/wp-json\/wp\/v2\/media\/4027"}],"wp:attachment":[{"href":"https:\/\/www.verztec.com\/wp-json\/wp\/v2\/media?parent=1806"}],"curies":[{"name":"wp","href":"https:\/\/api.w.org\/{rel}","templated":true}]}}