{"id":1807,"date":"2024-07-15T08:51:12","date_gmt":"2024-07-15T08:51:12","guid":{"rendered":"http:\/\/staging.verztec.com\/verztec\/entertainment\/"},"modified":"2025-02-03T08:49:47","modified_gmt":"2025-02-03T08:49:47","slug":"entertainment","status":"publish","type":"page","link":"https:\/\/www.verztec.com\/entertainment","title":{"rendered":"Divertissement"},"content":{"rendered":"<p>Dans le monde dynamique du divertissement, captiver le public et rester pertinent n\u00e9cessite plus que de la cr\u00e9ativit\u00e9 \u2014 cela exige une communication efficace \u00e0 travers diverses cultures et langues. Des films et \u00e9missions de t\u00e9l\u00e9vision \u00e0 la musique et aux \u00e9v\u00e9nements en direct, l&#8217;industrie du divertissement prosp\u00e8re gr\u00e2ce \u00e0 sa capacit\u00e9 \u00e0 se connecter avec un public mondial.<\/p>\r\n<p>Chez Verztec, nous comprenons le r\u00f4le crucial de la localisation pour am\u00e9liorer l&#8217;engagement du public et \u00e9tendre la port\u00e9e du march\u00e9. Nos services sp\u00e9cialis\u00e9s r\u00e9pondent aux besoins uniques des entreprises de divertissement, en veillant \u00e0 ce que le contenu r\u00e9sonne authentiquement avec les spectateurs, auditeurs et participants locaux \u00e0 travers le monde.<\/p>\r\n<p>Les services de localisation chez Verztec couvrent un large \u00e9ventail de m\u00e9dias de divertissement :<\/p>\r\n<p><b>Films et t\u00e9l\u00e9vision :<\/b> Nous localisons les sous-titres, les scripts de doublage et les mat\u00e9riaux promotionnels pour garantir des exp\u00e9riences de visionnage fluides dans diff\u00e9rentes langues et cultures. Nos linguistes experts et sp\u00e9cialistes audiovisuels pr\u00e9servent l&#8217;int\u00e9grit\u00e9 artistique de vos productions tout en les rendant accessibles aux publics mondiaux.<\/p>\r\n<p><b>Musique et arts de la sc\u00e8ne :<\/b> De la traduction des paroles de chansons et des notes de l&#8217;album \u00e0 l&#8217;adaptation des programmes de concert et du contenu promotionnel, Verztec soutient les artistes et les labels dans leur objectif de toucher des m\u00e9lomanes et des spectateurs de th\u00e9\u00e2tre \u00e0 travers le monde. Nous nous assurons que vos expressions cr\u00e9atives sont transmises avec pr\u00e9cision dans chaque langue.<\/p>\r\n<p><b>\u00c9v\u00e9nements en direct et festivals :<\/b> Pour les \u00e9v\u00e9nements internationaux et les festivals, Verztec fournit des solutions compl\u00e8tes de localisation. Nous traduisons les horaires des \u00e9v\u00e9nements, les supports marketing et les communications avec les participants pour faciliter les interactions fluides et am\u00e9liorer l&#8217;exp\u00e9rience des participants \u00e0 travers les fronti\u00e8res.<\/p>\r\n<p><b>Plateformes num\u00e9riques et de streaming :<\/b> \u00c0 l&#8217;\u00e8re num\u00e9rique, les services de streaming et les plateformes en ligne sont les moteurs de la consommation de divertissement \u00e0 l&#8217;\u00e9chelle mondiale. Verztec propose la localisation de contenu num\u00e9rique, y compris les interfaces des applications, le contenu des sites Web et les m\u00e9dias en streaming, pour optimiser l&#8217;engagement et la fid\u00e9lisation des utilisateurs dans le monde entier.<\/p>\r\n<p><b>Solutions d&#8217;apprentissage num\u00e9rique :<\/b> Renforcer l&#8217;engagement du public et la fid\u00e9lisation des utilisateurs est essentiel dans l&#8217;industrie du divertissement. Verztec d\u00e9veloppe des modules e-learning interactifs, des vid\u00e9os de formation et des exp\u00e9riences gamifi\u00e9es pour \u00e9duquer les fans, renforcer la fid\u00e9lit\u00e9 des spectateurs et \u00e9lever l&#8217;exp\u00e9rience globale du divertissement.<\/p>\r\n<p>Que vous lanciez un nouveau film, produisiez un album de musique, organisiez un \u00e9v\u00e9nement mondial ou d\u00e9veloppiez votre pr\u00e9sence num\u00e9rique, Verztec propose des solutions de localisation et d&#8217;apprentissage num\u00e9rique sur mesure pour vous aider \u00e0 vous connecter avec les publics du monde entier.<\/p>\r\n<p>Partenaires avec nous pour am\u00e9liorer votre contenu de divertissement et r\u00e9ussir \u00e0 l&#8217;\u00e9chelle mondiale. Contactez Verztec d\u00e8s aujourd&#8217;hui pour en savoir plus sur nos services sp\u00e9cialis\u00e9s pour l&#8217;industrie du divertissement.<\/p>\r\n\r\n<hr style=\"margin-top: 20px; margin-bottom: 20px; border: 0; border-top: 1px solid #eee;\" \/>\n<p style=\"margin-bottom: 0;\"><a href=\"https:\/\/www.verztec.com\/fr\/testimonials\/\" target=\"_blank\" rel=\"noopener\">T\u00e9moignages de clients<\/a> &nbsp; : D\u00e9couvrez ce que nos clients disent de nous !<\/p>\n<p><a href=\"https:\/\/www.verztec.com\/fr\/clients\/\" target=\"_blank\" rel=\"noopener\">Nos Clients Pr\u00e9cieux<\/a> &nbsp; : Consultez la liste de nos clients estim\u00e9s.<\/p>\n\r\n","protected":false},"excerpt":{"rendered":"<p>Dans le monde dynamique du divertissement, captiver le public et rester pertinent n\u00e9cessite plus que de la cr\u00e9ativit\u00e9 \u2014 cela exige une communication efficace \u00e0 travers diverses cultures et langues.&hellip;<\/p>\n","protected":false},"author":1,"featured_media":4027,"parent":0,"menu_order":2,"comment_status":"closed","ping_status":"closed","template":"","meta":{"footnotes":""},"class_list":["post-1807","page","type-page","status-publish","has-post-thumbnail","hentry"],"_links":{"self":[{"href":"https:\/\/www.verztec.com\/wp-json\/wp\/v2\/pages\/1807"}],"collection":[{"href":"https:\/\/www.verztec.com\/wp-json\/wp\/v2\/pages"}],"about":[{"href":"https:\/\/www.verztec.com\/wp-json\/wp\/v2\/types\/page"}],"author":[{"embeddable":true,"href":"https:\/\/www.verztec.com\/wp-json\/wp\/v2\/users\/1"}],"replies":[{"embeddable":true,"href":"https:\/\/www.verztec.com\/wp-json\/wp\/v2\/comments?post=1807"}],"version-history":[{"count":2,"href":"https:\/\/www.verztec.com\/wp-json\/wp\/v2\/pages\/1807\/revisions"}],"predecessor-version":[{"id":2884,"href":"https:\/\/www.verztec.com\/wp-json\/wp\/v2\/pages\/1807\/revisions\/2884"}],"wp:featuredmedia":[{"embeddable":true,"href":"https:\/\/www.verztec.com\/wp-json\/wp\/v2\/media\/4027"}],"wp:attachment":[{"href":"https:\/\/www.verztec.com\/wp-json\/wp\/v2\/media?parent=1807"}],"curies":[{"name":"wp","href":"https:\/\/api.w.org\/{rel}","templated":true}]}}