{"id":1808,"date":"2024-07-15T08:53:53","date_gmt":"2024-07-15T08:53:53","guid":{"rendered":"http:\/\/staging.verztec.com\/verztec\/non-profit-agencies\/"},"modified":"2025-02-03T08:36:37","modified_gmt":"2025-02-03T08:36:37","slug":"non-profit-agencies","status":"publish","type":"page","link":"https:\/\/www.verztec.com\/non-profit-agencies","title":{"rendered":"Organismes \u00e0 but non lucratif"},"content":{"rendered":"<p>Dans le domaine des organismes \u00e0 but non lucratif, une communication efficace est essentielle pour favoriser des connexions significatives et mener des initiatives \u00e0 fort impact. \u00c0 mesure que les organisations s&#8217;efforcent de r\u00e9soudre des probl\u00e8mes sociaux urgents et de plaider en faveur du changement, la n\u00e9cessit\u00e9 de mobiliser diverses communaut\u00e9s et parties prenantes devient de plus en plus primordiale.<\/p>\r\n<p>Chez Verztec, nous comprenons les d\u00e9fis uniques auxquels sont confront\u00e9s les organismes \u00e0 but non lucratif pour communiquer leurs missions, valeurs et initiatives \u00e0 travers les barri\u00e8res culturelles et linguistiques. Nos services sp\u00e9cialis\u00e9s de localisation et de communication permettent aux organismes \u00e0 but non lucratif de toucher un public mondial, d&#8217;amplifier leurs messages et d&#8217;inspirer l&#8217;action \u00e0 l&#8217;\u00e9chelle mondiale.<\/p>\r\n<p><b>Campagnes de plaidoyer et de sensibilisation :<\/b> Nous collaborons avec les organismes \u00e0 but non lucratif pour localiser les campagnes de plaidoyer, en nous assurant que les messages cl\u00e9s r\u00e9sonnent de mani\u00e8re authentique avec les publics cibles dans diff\u00e9rentes r\u00e9gions. De la traduction des supports de campagne \u00e0 l&#8217;adaptation des contenus multim\u00e9dias, Verztec soutient les organisations pour sensibiliser le public et mobiliser un soutien pour des causes sociales essentielles dans le monde entier.<\/p>\r\n<p><b>Collecte de fonds et engagement des donateurs :<\/b> Un engagement efficace des donateurs est essentiel pour maintenir les op\u00e9rations des organismes \u00e0 but non lucratif et stimuler les efforts de collecte de fonds. Verztec fournit la localisation des appels \u00e0 dons, des communications avec les donateurs et des supports d&#8217;\u00e9v\u00e9nements de collecte de fonds pour am\u00e9liorer l&#8217;efficacit\u00e9 des actions et cultiver des relations avec les donateurs \u00e0 travers des communaut\u00e9s linguistiques diverses.<\/p>\r\n<p><b>Programmes \u00e9ducatifs et de formation :<\/b> Les organismes \u00e0 but non lucratif m\u00e8nent souvent des initiatives \u00e9ducatives pour autonomiser les communaut\u00e9s et les parties prenantes. Verztec d\u00e9veloppe des supports \u00e9ducatifs multilingues, des modules de formation et des plateformes d&#8217;e-learning pour faciliter la diffusion des connaissances et le d\u00e9veloppement des comp\u00e9tences \u00e0 l&#8217;\u00e9chelle mondiale. Nos solutions d&#8217;apprentissage num\u00e9rique garantissent que le contenu \u00e9ducatif est accessible et impactant au-del\u00e0 des fronti\u00e8res.<\/p>\r\n<p><b>Renforcement des capacit\u00e9s et partenariats mondiaux :<\/b> Pour renforcer les capacit\u00e9s organisationnelles et favoriser les collaborations mondiales, Verztec propose la traduction et la localisation des accords de partenariat, des propositions de subventions et des documents programmatiques. Nous aidons les organismes \u00e0 but non lucratif \u00e0 surmonter les d\u00e9fis de la communication interculturelle et \u00e0 \u00e9tablir des partenariats strat\u00e9giques qui g\u00e9n\u00e8rent un impact durable.<\/p>\r\n<p><b>Relations publiques et sensibilisation :<\/b> Des communiqu\u00e9s de presse et kits m\u00e9diatiques aux contenus de sites web et campagnes sur les r\u00e9seaux sociaux, Verztec aide les organismes \u00e0 but non lucratif \u00e0 cr\u00e9er des r\u00e9cits convaincants qui r\u00e9sonnent avec les audiences internationales. Nos services complets de localisation renforcent la visibilit\u00e9, la cr\u00e9dibilit\u00e9 et l&#8217;engagement, permettant aux organisations d&#8217;amplifier leurs efforts de sensibilisation et d&#8217;atteindre une plus grande influence.<\/p>\r\n<p><b>Solutions d&#8217;apprentissage num\u00e9rique :<\/b> \u00c0 l&#8217;\u00e8re num\u00e9rique, les organismes \u00e0 but non lucratif exploitent les plateformes num\u00e9riques pour l&#8217;engagement communautaire et le plaidoyer. Verztec d\u00e9veloppe des modules interactifs d&#8217;e-learning, des webinaires et des contenus multim\u00e9dias pour \u00e9duquer les parties prenantes, promouvoir des causes sociales et favoriser une meilleure compr\u00e9hension des enjeux complexes.<\/p>\r\n<p>Associez-vous \u00e0 Verztec pour amplifier l&#8217;impact de votre organisme \u00e0 but non lucratif gr\u00e2ce \u00e0 des solutions d&#8217;experts en localisation et en apprentissage num\u00e9rique. Ensemble, nous pouvons briser les barri\u00e8res linguistiques, autonomiser les communaut\u00e9s et promouvoir un changement positif \u00e0 l&#8217;\u00e9chelle mondiale. Contactez Verztec d\u00e8s aujourd&#8217;hui pour en savoir plus sur la fa\u00e7on dont nous pouvons soutenir la mission de votre organisation gr\u00e2ce \u00e0 des solutions linguistiques sur mesure.<\/p>\r\n\r\n<hr style=\"margin-top: 20px; margin-bottom: 20px; border: 0; border-top: 1px solid #eee;\" \/>\n<p style=\"margin-bottom: 0;\"><a href=\"https:\/\/www.verztec.com\/fr\/testimonials\/\" target=\"_blank\" rel=\"noopener\">T\u00e9moignages de clients<\/a> &nbsp; : D\u00e9couvrez ce que nos clients disent de nous !<\/p>\n<p><a href=\"https:\/\/www.verztec.com\/fr\/clients\/\" target=\"_blank\" rel=\"noopener\">Nos Clients Pr\u00e9cieux<\/a> &nbsp; : Consultez la liste de nos clients estim\u00e9s.<\/p>\n\r\n","protected":false},"excerpt":{"rendered":"<p>Dans le domaine des organismes \u00e0 but non lucratif, une communication efficace est essentielle pour favoriser des connexions significatives et mener des initiatives \u00e0 fort impact. \u00c0 mesure que les&hellip;<\/p>\n","protected":false},"author":1,"featured_media":4027,"parent":0,"menu_order":1,"comment_status":"closed","ping_status":"closed","template":"","meta":{"footnotes":""},"class_list":["post-1808","page","type-page","status-publish","has-post-thumbnail","hentry"],"_links":{"self":[{"href":"https:\/\/www.verztec.com\/wp-json\/wp\/v2\/pages\/1808"}],"collection":[{"href":"https:\/\/www.verztec.com\/wp-json\/wp\/v2\/pages"}],"about":[{"href":"https:\/\/www.verztec.com\/wp-json\/wp\/v2\/types\/page"}],"author":[{"embeddable":true,"href":"https:\/\/www.verztec.com\/wp-json\/wp\/v2\/users\/1"}],"replies":[{"embeddable":true,"href":"https:\/\/www.verztec.com\/wp-json\/wp\/v2\/comments?post=1808"}],"version-history":[{"count":2,"href":"https:\/\/www.verztec.com\/wp-json\/wp\/v2\/pages\/1808\/revisions"}],"predecessor-version":[{"id":2878,"href":"https:\/\/www.verztec.com\/wp-json\/wp\/v2\/pages\/1808\/revisions\/2878"}],"wp:featuredmedia":[{"embeddable":true,"href":"https:\/\/www.verztec.com\/wp-json\/wp\/v2\/media\/4027"}],"wp:attachment":[{"href":"https:\/\/www.verztec.com\/wp-json\/wp\/v2\/media?parent=1808"}],"curies":[{"name":"wp","href":"https:\/\/api.w.org\/{rel}","templated":true}]}}